{"id":3614,"date":"2021-04-23T19:57:25","date_gmt":"2021-04-23T17:57:25","guid":{"rendered":"https:\/\/ccoo.app\/towa-pharmaceutical-europe\/?page_id=3614"},"modified":"2022-06-14T15:56:20","modified_gmt":"2022-06-14T13:56:20","slug":"acuerdos-y-propuestas","status":"publish","type":"page","link":"https:\/\/ccoo.app\/towa-pharmaceutical-europe\/acuerdos-y-propuestas\/","title":{"rendered":"Acuerdos y propuestas"},"content":{"rendered":"\n<h2 class=\"wp-block-heading\"><a href=\"https:\/\/ccoo.app\/towa-pharmaceutical-europe\/recopilacion-de-acuerdos\/\" class=\"ek-link\">Recopilaci\u00f3n de acuerdos y condiciones laborales<\/a> Towa<\/h2>\n\n\n\n<h2 class=\"gb-headline gb-headline-28817061 gb-headline-text\"><a href=\"https:\/\/ccoo.app\/towa-pharmaceutical-europe\/wp-content\/blogs.dir\/6\/files\/sites\/76\/2022\/06\/recopilacion_acuerdos_2019-docx.pdf\" class=\"ek-link\">Recopilaci\u00f3n de acuerdos y condiciones laborales Pensa<\/a><\/h2>\n\n\n\n<h2 class=\"wp-block-heading\"><a href=\"https:\/\/ccoo.app\/towa-pharmaceutical-europe\/propuesta-retribucion-flexible-2\/\" class=\"ek-link\">Propuesta Retribuci\u00f3n Flexible<\/a><\/h2>\n\n\n\n<h2 class=\"wp-block-heading\"><a href=\"https:\/\/ccoo.app\/towa-pharmaceutical-europe\/propuesta-teletrabajo\/\" class=\"ek-link\">Acuerdo teletrabajo<\/a><\/h2>\n\n\n\n<h2 class=\"wp-block-heading\"><a href=\"https:\/\/ccoo.app\/towa-pharmaceutical-europe\/acuerdo-covid-19\/\" class=\"ek-link\">Acuerdo COVID-19<\/a><\/h2>\n\n\n\n<p><\/p>\n\n\n\n<p><\/p>\n\n\n\n<p><\/p>\n\n\n<div class=\"wp-block-image\">\n<figure class=\"aligncenter size-large\"><img loading=\"lazy\" decoding=\"async\" width=\"720\" height=\"377\" src=\"https:\/\/ccoo.app\/towa-pharmaceutical-europe\/wp-content\/blogs.dir\/6\/files\/sites\/76\/2021\/04\/1577091690_835102_1577091846_rrss_normal.jpg\" alt=\"1577091690 835102 1577091846 Rrss Normal\" class=\"wp-image-3615\" srcset=\"https:\/\/ccoo.app\/towa-pharmaceutical-europe\/wp-content\/blogs.dir\/6\/files\/sites\/76\/2021\/04\/1577091690_835102_1577091846_rrss_normal.jpg 720w, https:\/\/ccoo.app\/towa-pharmaceutical-europe\/wp-content\/blogs.dir\/6\/files\/sites\/76\/2021\/04\/1577091690_835102_1577091846_rrss_normal-300x157.jpg 300w\" sizes=\"auto, (max-width: 720px) 100vw, 720px\" \/><\/figure>\n<\/div>","protected":false},"excerpt":{"rendered":"<p>Recopilaci\u00f3n de acuerdos y condiciones laborales Towa Recopilaci\u00f3n de acuerdos y condiciones laborales Pensa Propuesta Retribuci\u00f3n Flexible Acuerdo teletrabajo Acuerdo COVID-19<\/p>\n","protected":false},"author":59,"featured_media":0,"parent":0,"menu_order":0,"comment_status":"closed","ping_status":"closed","template":"","meta":{"footnotes":""},"class_list":["post-3614","page","type-page","status-publish"],"_links":{"self":[{"href":"https:\/\/ccoo.app\/towa-pharmaceutical-europe\/wp-json\/wp\/v2\/pages\/3614","targetHints":{"allow":["GET"]}}],"collection":[{"href":"https:\/\/ccoo.app\/towa-pharmaceutical-europe\/wp-json\/wp\/v2\/pages"}],"about":[{"href":"https:\/\/ccoo.app\/towa-pharmaceutical-europe\/wp-json\/wp\/v2\/types\/page"}],"author":[{"embeddable":true,"href":"https:\/\/ccoo.app\/towa-pharmaceutical-europe\/wp-json\/wp\/v2\/users\/59"}],"replies":[{"embeddable":true,"href":"https:\/\/ccoo.app\/towa-pharmaceutical-europe\/wp-json\/wp\/v2\/comments?post=3614"}],"version-history":[{"count":5,"href":"https:\/\/ccoo.app\/towa-pharmaceutical-europe\/wp-json\/wp\/v2\/pages\/3614\/revisions"}],"predecessor-version":[{"id":5424,"href":"https:\/\/ccoo.app\/towa-pharmaceutical-europe\/wp-json\/wp\/v2\/pages\/3614\/revisions\/5424"}],"wp:attachment":[{"href":"https:\/\/ccoo.app\/towa-pharmaceutical-europe\/wp-json\/wp\/v2\/media?parent=3614"}],"curies":[{"name":"wp","href":"https:\/\/api.w.org\/{rel}","templated":true}]}}