{"id":25,"date":"2020-02-13T13:17:50","date_gmt":"2020-02-13T12:17:50","guid":{"rendered":"https:\/\/gpsites.co\/read\/?page_id=25"},"modified":"2021-11-08T11:40:03","modified_gmt":"2021-11-08T10:40:03","slug":"home","status":"publish","type":"page","link":"https:\/\/ccoo.app\/stellantis-vigo\/","title":{"rendered":"Inicio"},"content":{"rendered":"\n<div class=\"wp-block-cover alignfull\" style=\"min-height:400px;aspect-ratio:unset;\"><img loading=\"lazy\" decoding=\"async\" width=\"1440\" height=\"400\" class=\"wp-block-cover__image-background wp-image-2637\" alt=\"\" src=\"http:\/\/ccoo.app\/migrar\/wp-content\/blogs.dir\/6\/files\/sites\/14\/2021\/02\/fond-cabecera-ccoo-1-1.jpg\" data-object-fit=\"cover\" srcset=\"https:\/\/ccoo.app\/stellantis-vigo\/wp-content\/blogs.dir\/6\/files\/sites\/117\/2021\/02\/fond-cabecera-ccoo-1-1.jpg 1440w, https:\/\/ccoo.app\/stellantis-vigo\/wp-content\/blogs.dir\/6\/files\/sites\/117\/2021\/02\/fond-cabecera-ccoo-1-1-300x83.jpg 300w, https:\/\/ccoo.app\/stellantis-vigo\/wp-content\/blogs.dir\/6\/files\/sites\/117\/2021\/02\/fond-cabecera-ccoo-1-1-1024x284.jpg 1024w, https:\/\/ccoo.app\/stellantis-vigo\/wp-content\/blogs.dir\/6\/files\/sites\/117\/2021\/02\/fond-cabecera-ccoo-1-1-768x213.jpg 768w\" sizes=\"auto, (max-width: 1440px) 100vw, 1440px\" \/><div class=\"wp-block-cover__inner-container is-layout-flow wp-block-cover-is-layout-flow\">\n<div class=\"wp-block-cover\" style=\"min-height:300px;aspect-ratio:unset;\"><img decoding=\"async\" class=\"wp-block-cover__image-background wp-image-2343\" alt=\"\" src=\"http:\/\/ccoo.app\/wp-content\/blogs.dir\/6\/files\/2021\/01\/Elementos-CCOO-cabecera.png\" data-object-fit=\"cover\" \/><div class=\"wp-block-cover__inner-container is-layout-flow wp-block-cover-is-layout-flow\">\n<div class=\"wp-block-group\"><div class=\"wp-block-group__inner-container is-layout-flow wp-block-group-is-layout-flow\">\n<h1 class=\"has-text-align-center has-black-color has-text-color wp-block-heading\" style=\"font-size:44px\">Secci\u00f3n Sindical de STELLANTIS Vigo<\/h1>\n\n\n\n<div class=\"wp-block-columns is-layout-flex wp-container-core-columns-is-layout-9d6595d7 wp-block-columns-is-layout-flex\">\n<div class=\"wp-block-column is-layout-flow wp-block-column-is-layout-flow\" style=\"flex-basis:15%\"><\/div>\n\n\n\n<div class=\"wp-block-column is-layout-flow wp-block-column-is-layout-flow\" style=\"flex-basis:70%\">\n<p><mark class=\"has-inline-color has-black-color\">Trabajadores y trabajadoras, y especialmente Afiliados y Afiliadas a CCOO, os damos la bienvenida a nuestra web, con informaci\u00f3n de vuestro inter\u00e9s y de la forma m\u00e1s \u00fatil, de acuerdo con vuestro perfil y que os permitir\u00e1 participar.<br>Nuevos tiempos, nuevas necesidades, nuevas v\u00edas y las CCOO de siempre, ahora en tu bolsillo.<\/mark><\/p>\n<\/div>\n\n\n\n<div class=\"wp-block-column is-layout-flow wp-block-column-is-layout-flow\" style=\"flex-basis:15%\"><\/div>\n<\/div>\n<\/div><\/div>\n<\/div><\/div>\n<\/div><\/div>\n\n\n\n<div style=\"height:42px\" aria-hidden=\"true\" class=\"wp-block-spacer\"><\/div>\n\n\n\n<div class=\"wp-block-columns is-layout-flex wp-container-core-columns-is-layout-9d6595d7 wp-block-columns-is-layout-flex\">\n<div class=\"wp-block-column is-layout-flow wp-block-column-is-layout-flow\">\n<div class=\"wp-block-image\"><figure class=\"aligncenter size-large\"><img decoding=\"async\" src=\"https:\/\/ccoo.app\/wp-content\/blogs.dir\/6\/files\/2021\/01\/ACUERDOS-Y-CONVENIOS.svg\" alt=\"\" class=\"wp-image-2351\" \/><\/figure><\/div>\n\n\n\n<h2 class=\"has-text-align-center wp-block-heading\">Acuerdos y Convenios<\/h2>\n\n\n\n<p>Tu convenio, acuerdos y pactos firmados.<\/p>\n<\/div>\n\n\n\n<div class=\"wp-block-column is-layout-flow wp-block-column-is-layout-flow\">\n<div class=\"wp-block-image\"><figure class=\"aligncenter size-large\"><img decoding=\"async\" src=\"https:\/\/ccoo.app\/wp-content\/blogs.dir\/6\/files\/2021\/01\/PERMISOS.svg\" alt=\"\" class=\"wp-image-2352\" \/><\/figure><\/div>\n\n\n\n<h2 class=\"has-text-align-center wp-block-heading\">Permisos<\/h2>\n\n\n\n<p>Licencias, grado de consanguinidad, permisos retribu\u00eddos, ayudas, conciliaci\u00f3n familiar.<\/p>\n<\/div>\n\n\n\n<div class=\"wp-block-column is-layout-flow wp-block-column-is-layout-flow\">\n<div class=\"wp-block-image\"><figure class=\"aligncenter size-large\"><img decoding=\"async\" src=\"https:\/\/ccoo.app\/wp-content\/blogs.dir\/6\/files\/2021\/01\/AYUDAS-SOCIALES.svg\" alt=\"\" class=\"wp-image-2353\" \/><\/figure><\/div>\n\n\n\n<h2 class=\"has-text-align-center wp-block-heading\">Ayudas Sociales<\/h2>\n\n\n\n<p>Ventajas y beneficios sociales, descuentos<\/p>\n<\/div>\n<\/div>\n\n\n\n<div class=\"wp-block-cover alignfull\" style=\"min-height:380px;aspect-ratio:unset;\"><img decoding=\"async\" class=\"wp-block-cover__image-background wp-image-2356\" alt=\"\" src=\"https:\/\/ccoo.app\/wp-content\/blogs.dir\/6\/files\/2021\/01\/fond-hero.svg\" data-object-fit=\"cover\" \/><div class=\"wp-block-cover__inner-container is-layout-flow wp-block-cover-is-layout-flow\">\n<div class=\"wp-block-group\"><div class=\"wp-block-group__inner-container is-layout-flow wp-block-group-is-layout-flow\">\n<div class=\"wp-block-columns is-layout-flex wp-container-core-columns-is-layout-9d6595d7 wp-block-columns-is-layout-flex\">\n<div class=\"wp-block-column is-layout-flow wp-block-column-is-layout-flow\">\n<div class=\"wp-block-image\"><figure class=\"aligncenter size-large is-resized\"><img loading=\"lazy\" decoding=\"async\" src=\"https:\/\/ccoo.app\/wp-content\/blogs.dir\/6\/files\/2021\/01\/noticias-ccoo.jpg\" alt=\"\" class=\"wp-image-2358\" width=\"397\" height=\"313\" \/><\/figure><\/div>\n<\/div>\n\n\n\n<div class=\"wp-block-column is-layout-flow wp-block-column-is-layout-flow\">\n<h2 class=\"titulo-noticias has-black-color has-text-color wp-block-heading\">Descubre nuestras<br>\u00faltimas noticias<\/h2>\n\n\n\n<figure class=\"wp-block-image size-large is-resized barra-decoracion\"><img loading=\"lazy\" decoding=\"async\" src=\"https:\/\/ccoo.app\/wp-content\/blogs.dir\/6\/files\/2021\/01\/Rectangle-126.svg\" alt=\"\" class=\"wp-image-2357\" width=\"281\" height=\"6\" \/><\/figure>\n\n\n\n<p class=\"has-black-color has-text-color\">Estar\u00e1s informado de lo m\u00e1s relevante del sector, del grupo y de tu centro de trabajo.<\/p>\n\n\n\n<div class=\"wp-block-buttons is-content-justification-left is-layout-flex wp-block-buttons-is-layout-flex\">\n<div class=\"wp-block-button\"><a class=\"wp-block-button__link has-white-color has-black-background-color has-text-color has-background no-border-radius\" href=\"https:\/\/ccoo.app\/plantilla\/category\/noticias\/\">ACTUALIDAD<\/a><\/div>\n<\/div>\n\n\n\n<p class=\"has-black-color has-text-color\"><br><\/p>\n<\/div>\n<\/div>\n<\/div><\/div>\n<\/div><\/div>\n\n\n\n<div style=\"height:40px\" aria-hidden=\"true\" class=\"wp-block-spacer\"><\/div>\n\n\n<ul class=\"wp-block-latest-posts__list is-grid columns-3 has-dates wp-block-latest-posts\"><li><div class=\"wp-block-latest-posts__featured-image aligncenter\"><img loading=\"lazy\" decoding=\"async\" width=\"300\" height=\"169\" src=\"https:\/\/ccoo.app\/stellantis-vigo\/wp-content\/blogs.dir\/6\/files\/sites\/117\/2021\/07\/pareja-de-hecho-y-matrimonio-300x169.jpeg\" class=\"attachment-medium size-medium wp-post-image\" alt=\"Pareja De Hecho Y Matrimonio\" style=\"\" srcset=\"https:\/\/ccoo.app\/stellantis-vigo\/wp-content\/blogs.dir\/6\/files\/sites\/117\/2021\/07\/pareja-de-hecho-y-matrimonio-300x169.jpeg 300w, https:\/\/ccoo.app\/stellantis-vigo\/wp-content\/blogs.dir\/6\/files\/sites\/117\/2021\/07\/pareja-de-hecho-y-matrimonio-768x432.jpeg 768w, https:\/\/ccoo.app\/stellantis-vigo\/wp-content\/blogs.dir\/6\/files\/sites\/117\/2021\/07\/pareja-de-hecho-y-matrimonio.jpeg 1024w\" sizes=\"auto, (max-width: 300px) 100vw, 300px\" \/><\/div><a class=\"wp-block-latest-posts__post-title\" href=\"https:\/\/ccoo.app\/stellantis-vigo\/pareja-de-hecho\/\">Pareja de hecho.<\/a><time datetime=\"2021-07-07T10:27:17+02:00\" class=\"wp-block-latest-posts__post-date\">7 de julio de 2021<\/time><\/li>\n<li><div class=\"wp-block-latest-posts__featured-image aligncenter\"><img loading=\"lazy\" decoding=\"async\" width=\"250\" height=\"250\" src=\"https:\/\/ccoo.app\/stellantis-vigo\/wp-content\/blogs.dir\/6\/files\/sites\/117\/2021\/07\/cursos-parto.png\" class=\"attachment-medium size-medium wp-post-image\" alt=\"Cursos Parto\" style=\"\" srcset=\"https:\/\/ccoo.app\/stellantis-vigo\/wp-content\/blogs.dir\/6\/files\/sites\/117\/2021\/07\/cursos-parto.png 250w, https:\/\/ccoo.app\/stellantis-vigo\/wp-content\/blogs.dir\/6\/files\/sites\/117\/2021\/07\/cursos-parto-150x150.png 150w\" sizes=\"auto, (max-width: 250px) 100vw, 250px\" \/><\/div><a class=\"wp-block-latest-posts__post-title\" href=\"https:\/\/ccoo.app\/stellantis-vigo\/examenes-prenatales-y-tecnicas-de-preparacion-al-parto\/\">Ex\u00e1menes prenatales y t\u00e9cnicas de preparaci\u00f3n al parto.<\/a><time datetime=\"2021-07-07T10:01:51+02:00\" class=\"wp-block-latest-posts__post-date\">7 de julio de 2021<\/time><\/li>\n<li><div class=\"wp-block-latest-posts__featured-image aligncenter\"><img loading=\"lazy\" decoding=\"async\" width=\"300\" height=\"150\" src=\"https:\/\/ccoo.app\/stellantis-vigo\/wp-content\/blogs.dir\/6\/files\/sites\/117\/2021\/07\/hijo-medico-300x150.jpg\" class=\"attachment-medium size-medium wp-post-image\" alt=\"Hijo Medico\" style=\"\" srcset=\"https:\/\/ccoo.app\/stellantis-vigo\/wp-content\/blogs.dir\/6\/files\/sites\/117\/2021\/07\/hijo-medico-300x150.jpg 300w, https:\/\/ccoo.app\/stellantis-vigo\/wp-content\/blogs.dir\/6\/files\/sites\/117\/2021\/07\/hijo-medico.jpg 589w\" sizes=\"auto, (max-width: 300px) 100vw, 300px\" \/><\/div><a class=\"wp-block-latest-posts__post-title\" href=\"https:\/\/ccoo.app\/stellantis-vigo\/acompanar-a-hijos-al-medico-especialista-o-urgencias-medicas\/\">Acompa\u00f1ar a hijos al m\u00e9dico especialista o urgencias m\u00e9dicas<\/a><time datetime=\"2021-07-07T09:46:32+02:00\" class=\"wp-block-latest-posts__post-date\">7 de julio de 2021<\/time><\/li>\n<\/ul>","protected":false},"excerpt":{"rendered":"<p>Acuerdos y Convenios Tu convenio, acuerdos y pactos firmados. Permisos Licencias, grado de consanguinidad, permisos retribu\u00eddos, ayudas, conciliaci\u00f3n familiar. Ayudas Sociales Ventajas y beneficios sociales, descuentos<\/p>\n","protected":false},"author":10,"featured_media":0,"parent":0,"menu_order":0,"comment_status":"closed","ping_status":"closed","template":"","meta":{"footnotes":""},"class_list":["post-25","page","type-page","status-publish"],"_links":{"self":[{"href":"https:\/\/ccoo.app\/stellantis-vigo\/wp-json\/wp\/v2\/pages\/25","targetHints":{"allow":["GET"]}}],"collection":[{"href":"https:\/\/ccoo.app\/stellantis-vigo\/wp-json\/wp\/v2\/pages"}],"about":[{"href":"https:\/\/ccoo.app\/stellantis-vigo\/wp-json\/wp\/v2\/types\/page"}],"author":[{"embeddable":true,"href":"https:\/\/ccoo.app\/stellantis-vigo\/wp-json\/wp\/v2\/users\/10"}],"replies":[{"embeddable":true,"href":"https:\/\/ccoo.app\/stellantis-vigo\/wp-json\/wp\/v2\/comments?post=25"}],"version-history":[{"count":4,"href":"https:\/\/ccoo.app\/stellantis-vigo\/wp-json\/wp\/v2\/pages\/25\/revisions"}],"predecessor-version":[{"id":2907,"href":"https:\/\/ccoo.app\/stellantis-vigo\/wp-json\/wp\/v2\/pages\/25\/revisions\/2907"}],"wp:attachment":[{"href":"https:\/\/ccoo.app\/stellantis-vigo\/wp-json\/wp\/v2\/media?parent=25"}],"curies":[{"name":"wp","href":"https:\/\/api.w.org\/{rel}","templated":true}]}}