{"id":25,"date":"2022-07-07T11:44:32","date_gmt":"2022-07-07T09:44:32","guid":{"rendered":"https:\/\/gpsites.co\/read\/?page_id=25"},"modified":"2023-05-16T10:22:29","modified_gmt":"2023-05-16T08:22:29","slug":"home","status":"publish","type":"page","link":"https:\/\/ccoo.app\/sempsa\/","title":{"rendered":"Inicio"},"content":{"rendered":"<div class=\"wp-block-image\">\n<figure class=\"aligncenter size-full\"><img loading=\"lazy\" decoding=\"async\" width=\"505\" height=\"480\" src=\"https:\/\/ccoo.app\/sempsa\/wp-content\/blogs.dir\/6\/files\/sites\/127\/2022\/01\/image.png\" alt=\"Image\" class=\"wp-image-4142\" srcset=\"https:\/\/ccoo.app\/sempsa\/wp-content\/blogs.dir\/6\/files\/sites\/127\/2022\/01\/image.png 505w, https:\/\/ccoo.app\/sempsa\/wp-content\/blogs.dir\/6\/files\/sites\/127\/2022\/01\/image-300x285.png 300w\" sizes=\"auto, (max-width: 505px) 100vw, 505px\" \/><\/figure>\n<\/div>\n\n\n<p><\/p>\n\n\n\n<div class=\"wp-block-group\"><div class=\"wp-block-group__inner-container is-layout-flow wp-block-group-is-layout-flow\">\n<h1 class=\"wp-block-heading has-text-align-center has-black-color has-text-color\" id=\"seccion-sindical-sempsa\" style=\"font-size:44px\">Secci\u00f3n <a aria-label=\"Sindical .... (opens in a new tab)\" href=\"http:\/\/ccoo.app\/sepmsa\/check-list\/\" target=\"_blank\" rel=\"noreferrer noopener nofollow\" class=\"ek-link\">Sindical SEMPSA<\/a><\/h1>\n\n\n\n<div class=\"wp-block-columns is-layout-flex wp-container-core-columns-is-layout-9d6595d7 wp-block-columns-is-layout-flex\">\n<div class=\"wp-block-column is-layout-flow wp-block-column-is-layout-flow\" style=\"flex-basis:15%\"><\/div>\n\n\n\n<div class=\"wp-block-column is-layout-flow wp-block-column-is-layout-flow\" style=\"flex-basis:70%\">\n<p style=\"text-align: justify\">Desde que fuera constituida en los a\u00f1os 60, la Secci\u00f3n Sindical de CCOO en Sempsa ha abanderado la lucha por los derechos laborales en la empresa. Desde hace 60 a\u00f1os CCOO ha obtenido la mayor\u00eda de la representaci\u00f3n sindical en el Comit\u00e9 de Empresa, siendo durante d\u00e9cadas el \u00fanico sindicato con representaci\u00f3n en la empresa. A\u00f1os de conquistas en todos los \u00e1mbitos de la negociaci\u00f3n colectiva, respaldados por un gran nivel de afiliaci\u00f3n y una plantilla comprometida con la acci\u00f3n sindical avalan a esta Secci\u00f3n Sindical.<\/p>\n<p style=\"text-align: justify\">Queremos daros la bienvenida a este espacio, donde encontrareis informaci\u00f3n de vuestro inter\u00e9s en relaci\u00f3n con nuestra empresa, vuestros derechos y vuestra afiliaci\u00f3n.<\/p>\n<p style=\"text-align: justify\">Y por \u00faltimo queremos invitaros a hacernos llegar vuestras sugerencias, dudas o cr\u00edticas. Vuestras implicaci\u00f3n y compromiso son la base sobre la que se sustentan todos los logros alcanzados y por alcanzar.<\/p>\n<p style=\"text-align: justify\">Muchas gracias a todos\/as.<\/p>\n<\/div>\n\n\n\n<div class=\"wp-block-column is-layout-flow wp-block-column-is-layout-flow\" style=\"flex-basis:15%\"><\/div>\n<\/div>\n\n\n<div class=\"wp-block-image\">\n<figure class=\"aligncenter size-large\"><img loading=\"lazy\" decoding=\"async\" width=\"1024\" height=\"413\" src=\"https:\/\/ccoo.app\/sempsa\/wp-content\/blogs.dir\/6\/files\/sites\/127\/2021\/11\/sempsa-1024x413.png\" alt=\"Sempsa\" class=\"wp-image-3245\" srcset=\"https:\/\/ccoo.app\/sempsa\/wp-content\/blogs.dir\/6\/files\/sites\/127\/2021\/11\/sempsa-1024x413.png 1024w, https:\/\/ccoo.app\/sempsa\/wp-content\/blogs.dir\/6\/files\/sites\/127\/2021\/11\/sempsa-300x121.png 300w, https:\/\/ccoo.app\/sempsa\/wp-content\/blogs.dir\/6\/files\/sites\/127\/2021\/11\/sempsa-768x309.png 768w, https:\/\/ccoo.app\/sempsa\/wp-content\/blogs.dir\/6\/files\/sites\/127\/2021\/11\/sempsa.png 1055w\" sizes=\"auto, (max-width: 1024px) 100vw, 1024px\" \/><\/figure>\n<\/div>\n\n<div class=\"wp-block-image\">\n<figure class=\"aligncenter size-full\"><img loading=\"lazy\" decoding=\"async\" width=\"454\" height=\"208\" src=\"https:\/\/ccoo.app\/sempsa\/wp-content\/blogs.dir\/6\/files\/sites\/127\/2021\/10\/fabrica.jpg\" alt=\"Fabrica\" class=\"wp-image-2805\" srcset=\"https:\/\/ccoo.app\/sempsa\/wp-content\/blogs.dir\/6\/files\/sites\/127\/2021\/10\/fabrica.jpg 454w, https:\/\/ccoo.app\/sempsa\/wp-content\/blogs.dir\/6\/files\/sites\/127\/2021\/10\/fabrica-300x137.jpg 300w\" sizes=\"auto, (max-width: 454px) 100vw, 454px\" \/><\/figure>\n<\/div><\/div><\/div>\n\n\n\n<div style=\"height:42px\" aria-hidden=\"true\" class=\"wp-block-spacer\"><\/div>\n\n\n\n<div class=\"wp-block-columns is-layout-flex wp-container-core-columns-is-layout-9d6595d7 wp-block-columns-is-layout-flex\">\n<div class=\"wp-block-column ek-linked-block is-layout-flow wp-block-column-is-layout-flow\"><div class=\"wp-block-image\">\n<figure class=\"aligncenter size-large\"><a href=\"https:\/\/ccoo.app\/sempsa\/convenio-pdf\"><img decoding=\"async\" src=\"https:\/\/ccoo.app\/wp-content\/blogs.dir\/6\/files\/2021\/01\/AYUDAS-SOCIALES.svg\" alt=\"\" class=\"wp-image-2353\" \/><\/a><\/figure>\n<\/div>\n\n\n<h2 class=\"wp-block-heading has-text-align-center\" id=\"xix-convenio\">XX CONVENIO<\/h2>\n\n\n\n<p><a href=\"https:\/\/ccoo.app\/sempsa\/convenio-pdf\/\" class=\"ek-link\">https:\/\/ccoo.app\/sempsa\/convenio-pdf<\/a><\/p>\n<\/div>\n<\/div>\n\n\n\n<div class=\"wp-block-cover alignfull is-light\" style=\"min-height:380px\"><span aria-hidden=\"true\" class=\"has-background-dim-0 wp-block-cover__gradient-background has-background-dim\"><\/span><img decoding=\"async\" class=\"wp-block-cover__image-background wp-image-2356\" alt=\"\" src=\"https:\/\/ccoo.app\/wp-content\/blogs.dir\/6\/files\/2021\/01\/fond-hero.svg\" data-object-fit=\"cover\"><div class=\"wp-block-cover__inner-container\"><\/div><\/div>\n\n\n\n<div style=\"height:40px\" aria-hidden=\"true\" class=\"wp-block-spacer\"><\/div>\n","protected":false},"excerpt":{"rendered":"<p>Secci\u00f3n Sindical SEMPSA Desde que fuera constituida en los a\u00f1os 60, la Secci\u00f3n Sindical de CCOO en Sempsa ha abanderado la lucha por los derechos laborales en la empresa. Desde &#8230; <\/p>\n<p class=\"read-more-container\"><a title=\"Inicio\" class=\"read-more button\" href=\"https:\/\/ccoo.app\/sempsa\/#more-25\" aria-label=\"Leer m\u00e1s sobre Inicio\">Leer m\u00e1s<\/a><\/p>\n","protected":false},"author":5184,"featured_media":0,"parent":0,"menu_order":0,"comment_status":"closed","ping_status":"closed","template":"","meta":{"footnotes":""},"class_list":["post-25","page","type-page","status-publish"],"_links":{"self":[{"href":"https:\/\/ccoo.app\/sempsa\/wp-json\/wp\/v2\/pages\/25","targetHints":{"allow":["GET"]}}],"collection":[{"href":"https:\/\/ccoo.app\/sempsa\/wp-json\/wp\/v2\/pages"}],"about":[{"href":"https:\/\/ccoo.app\/sempsa\/wp-json\/wp\/v2\/types\/page"}],"author":[{"embeddable":true,"href":"https:\/\/ccoo.app\/sempsa\/wp-json\/wp\/v2\/users\/5184"}],"replies":[{"embeddable":true,"href":"https:\/\/ccoo.app\/sempsa\/wp-json\/wp\/v2\/comments?post=25"}],"version-history":[{"count":4,"href":"https:\/\/ccoo.app\/sempsa\/wp-json\/wp\/v2\/pages\/25\/revisions"}],"predecessor-version":[{"id":6209,"href":"https:\/\/ccoo.app\/sempsa\/wp-json\/wp\/v2\/pages\/25\/revisions\/6209"}],"wp:attachment":[{"href":"https:\/\/ccoo.app\/sempsa\/wp-json\/wp\/v2\/media?parent=25"}],"curies":[{"name":"wp","href":"https:\/\/api.w.org\/{rel}","templated":true}]}}