{"id":25,"date":"2020-02-13T13:17:50","date_gmt":"2020-02-13T18:17:50","guid":{"rendered":"https:\/\/gpsites.co\/read\/?page_id=25"},"modified":"2023-04-20T14:25:35","modified_gmt":"2023-04-20T12:25:35","slug":"home","status":"publish","type":"page","link":"https:\/\/ccoo.app\/renault\/","title":{"rendered":""},"content":{"rendered":"\n<div class=\"wp-block-columns is-layout-flex wp-container-core-columns-is-layout-9d6595d7 wp-block-columns-is-layout-flex\">\n<div class=\"wp-block-column is-layout-flow wp-block-column-is-layout-flow\" style=\"flex-basis:100%\">\n<div class=\"wp-block-cover is-light\" style=\"min-height:100vh;aspect-ratio:unset;\"><span aria-hidden=\"true\" class=\"wp-block-cover__background has-background-dim\"><\/span><div class=\"wp-block-cover__inner-container is-layout-flow wp-block-cover-is-layout-flow\">\n<div class=\"wp-block-columns is-layout-flex wp-container-core-columns-is-layout-9d6595d7 wp-block-columns-is-layout-flex\">\n<div class=\"wp-block-column is-layout-flow wp-block-column-is-layout-flow\" style=\"flex-basis:100%\">\n<div class=\"wp-block-group\"><div class=\"wp-block-group__inner-container is-layout-constrained wp-block-group-is-layout-constrained\">\n<div class=\"wp-block-columns is-layout-flex wp-container-core-columns-is-layout-9d6595d7 wp-block-columns-is-layout-flex\">\n<div class=\"wp-block-column is-vertically-aligned-top is-layout-flow wp-block-column-is-layout-flow\" style=\"flex-basis:100%\">\n<div class=\"wp-block-cover alignwide is-light is-style-default has-mobile-text-align-justify\" style=\"min-height:100vh;aspect-ratio:unset;\"><span aria-hidden=\"true\" class=\"wp-block-cover__background has-background-dim-0 has-background-dim\"><\/span><img loading=\"lazy\" decoding=\"async\" width=\"1440\" height=\"400\" class=\"wp-block-cover__image-background wp-image-2637\" alt=\"\" src=\"http:\/\/ccoo.app\/plantilla\/wp-content\/blogs.dir\/6\/files\/sites\/8\/2021\/02\/fond-cabecera-ccoo-1-1.jpg\" data-object-fit=\"cover\" srcset=\"https:\/\/ccoo.app\/renault\/wp-content\/blogs.dir\/6\/files\/sites\/147\/2021\/02\/fond-cabecera-ccoo-1-1.jpg 1440w, https:\/\/ccoo.app\/renault\/wp-content\/blogs.dir\/6\/files\/sites\/147\/2021\/02\/fond-cabecera-ccoo-1-1-300x83.jpg 300w, https:\/\/ccoo.app\/renault\/wp-content\/blogs.dir\/6\/files\/sites\/147\/2021\/02\/fond-cabecera-ccoo-1-1-1024x284.jpg 1024w, https:\/\/ccoo.app\/renault\/wp-content\/blogs.dir\/6\/files\/sites\/147\/2021\/02\/fond-cabecera-ccoo-1-1-768x213.jpg 768w\" sizes=\"auto, (max-width: 1440px) 100vw, 1440px\" \/><div class=\"wp-block-cover__inner-container is-layout-flow wp-block-cover-is-layout-flow\">\n<div class=\"wp-block-cover has-mobile-text-align-justify\" style=\"min-height:300px;aspect-ratio:unset;\"><span aria-hidden=\"true\" class=\"wp-block-cover__background has-background-dim-0 has-background-dim\"><\/span><img decoding=\"async\" class=\"wp-block-cover__image-background wp-image-2343\" alt=\"\" src=\"http:\/\/ccoo.app\/wp-content\/blogs.dir\/6\/files\/2021\/01\/Elementos-CCOO-cabecera.png\" style=\"object-position:50% 63%\" data-object-fit=\"cover\" data-object-position=\"50% 63%\" \/><div class=\"wp-block-cover__inner-container is-layout-flow wp-block-cover-is-layout-flow\">\n<div class=\"wp-block-query is-layout-flow wp-block-query-is-layout-flow\"><ul class=\"wp-block-post-template is-layout-flow wp-block-post-template-is-layout-flow\"><li class=\"wp-block-post post-3248 post type-post status-publish format-standard hentry category-sevilla category-valladolid generate-columns tablet-grid-50 mobile-grid-100 grid-parent grid-33\">\n<h2 class=\"wp-block-post-title\"><a href=\"https:\/\/ccoo.app\/renault\/ccoo-acuerda-con-horse-la-msct-en-la-factoria-de-sevilla\/\" target=\"_self\" >CCOO ACUERDA CON HORSE LA MSCT EN LA FACTOR\u00cdA DE SEVILLA<\/a><\/h2>\n\n\n\n<div class=\"wp-block-post-excerpt\"><p class=\"wp-block-post-excerpt__excerpt\">En el d\u00eda de hoy, 2\u00aa REUNI\u00d3N DE LA MODIFICACI\u00d3N SUSTANCIAL, &nbsp;hemos entregado un dossier, tras el estudio de la documentaci\u00f3n entregada que afecta a la NAVE F y montaje &#8230; Leer m\u00e1s <\/p><\/div>\n\n\n<hr class=\"wp-block-separator has-css-opacity\" \/>\n\n\n<div class=\"wp-block-post-date\"><time datetime=\"2023-10-11T11:00:00+02:00\">11 de octubre de 2023<\/time><\/div>\n<\/li><li class=\"wp-block-post post-3237 post type-post status-publish format-standard has-post-thumbnail hentry category-noticias generate-columns tablet-grid-50 mobile-grid-100 grid-parent grid-33\">\n<h2 class=\"wp-block-post-title\"><a href=\"https:\/\/ccoo.app\/renault\/comision-central-de-salud-laboral-7-de-junio-2023\/\" target=\"_self\" >Comisi\u00f3n Central de Salud laboral 7 de junio 2023<\/a><\/h2>\n\n<figure class=\"alignwide wp-block-post-featured-image\"><a href=\"https:\/\/ccoo.app\/renault\/comision-central-de-salud-laboral-7-de-junio-2023\/\" target=\"_self\"  ><img loading=\"lazy\" decoding=\"async\" width=\"800\" height=\"400\" src=\"https:\/\/ccoo.app\/renault\/wp-content\/blogs.dir\/6\/files\/sites\/147\/2023\/06\/calor-1-800x400-1.jpg\" class=\"attachment-post-thumbnail size-post-thumbnail wp-post-image\" alt=\"Comisi\u00f3n Central de Salud laboral 7 de junio 2023\" style=\"object-fit:cover;\" srcset=\"https:\/\/ccoo.app\/renault\/wp-content\/blogs.dir\/6\/files\/sites\/147\/2023\/06\/calor-1-800x400-1.jpg 800w, https:\/\/ccoo.app\/renault\/wp-content\/blogs.dir\/6\/files\/sites\/147\/2023\/06\/calor-1-800x400-1-300x150.jpg 300w, https:\/\/ccoo.app\/renault\/wp-content\/blogs.dir\/6\/files\/sites\/147\/2023\/06\/calor-1-800x400-1-768x384.jpg 768w\" sizes=\"auto, (max-width: 800px) 100vw, 800px\" \/><\/a><\/figure>\n\n<div class=\"wp-block-post-excerpt\"><p class=\"wp-block-post-excerpt__excerpt\">En el d\u00eda de ayer y cuatro meses despu\u00e9s de que se hayan celebrado las Elecciones sindicales, se constituy\u00f3 la Comisi\u00f3n central de Salud laboral, en que se trataron los &#8230; Leer m\u00e1s <\/p><\/div>\n\n\n<hr class=\"wp-block-separator has-css-opacity\" \/>\n\n\n<div class=\"wp-block-post-date\"><time datetime=\"2023-06-08T13:57:11+02:00\">8 de junio de 2023<\/time><\/div>\n<\/li><li class=\"wp-block-post post-3192 post type-post status-publish format-standard has-post-thumbnail hentry category-noticias generate-columns tablet-grid-50 mobile-grid-100 grid-parent grid-33\">\n<h2 class=\"wp-block-post-title\"><a href=\"https:\/\/ccoo.app\/renault\/inicio-del-periodo-de-consultas-nueva-entidad-horse\/\" target=\"_self\" >Inicio del Periodo de Consultas nueva entidad \u201cHORSE\u201d<\/a><\/h2>\n\n<figure class=\"alignwide wp-block-post-featured-image\"><a href=\"https:\/\/ccoo.app\/renault\/inicio-del-periodo-de-consultas-nueva-entidad-horse\/\" target=\"_self\"  ><img loading=\"lazy\" decoding=\"async\" width=\"1280\" height=\"720\" src=\"https:\/\/ccoo.app\/renault\/wp-content\/blogs.dir\/6\/files\/sites\/147\/2023\/04\/renault-y-geely-1.jpg\" class=\"attachment-post-thumbnail size-post-thumbnail wp-post-image\" alt=\"Inicio del Periodo de Consultas nueva entidad \u201cHORSE\u201d\" style=\"object-fit:cover;\" srcset=\"https:\/\/ccoo.app\/renault\/wp-content\/blogs.dir\/6\/files\/sites\/147\/2023\/04\/renault-y-geely-1.jpg 1280w, https:\/\/ccoo.app\/renault\/wp-content\/blogs.dir\/6\/files\/sites\/147\/2023\/04\/renault-y-geely-1-300x169.jpg 300w, https:\/\/ccoo.app\/renault\/wp-content\/blogs.dir\/6\/files\/sites\/147\/2023\/04\/renault-y-geely-1-1024x576.jpg 1024w, https:\/\/ccoo.app\/renault\/wp-content\/blogs.dir\/6\/files\/sites\/147\/2023\/04\/renault-y-geely-1-768x432.jpg 768w\" sizes=\"auto, (max-width: 1280px) 100vw, 1280px\" \/><\/a><\/figure>\n\n<div class=\"wp-block-post-excerpt\"><p class=\"wp-block-post-excerpt__excerpt\">Hoy, hemos mantenido una reuni\u00f3n del Comit\u00e9 Intercentros, con un \u00fanico punto el en orden del d\u00eda, Apertura del periodo de informaci\u00f3n relativo al proyecto y proceso de escisi\u00f3n que &#8230; Leer m\u00e1s <\/p><\/div>\n\n\n<hr class=\"wp-block-separator has-css-opacity\" \/>\n\n\n<div class=\"wp-block-post-date\"><time datetime=\"2023-04-20T14:07:19+02:00\">20 de abril de 2023<\/time><\/div>\n<\/li><\/ul><\/div>\n<\/div><\/div>\n<\/div><\/div>\n<\/div>\n<\/div>\n<\/div><\/div>\n<\/div>\n<\/div>\n<\/div><\/div>\n<\/div>\n<\/div>\n\n\n\n<div style=\"height:42px\" aria-hidden=\"true\" class=\"wp-block-spacer\"><\/div>\n\n\n\n<div class=\"wp-block-columns is-layout-flex wp-container-core-columns-is-layout-9d6595d7 wp-block-columns-is-layout-flex\">\n<div class=\"wp-block-column is-layout-flow wp-block-column-is-layout-flow\"><div class=\"wp-block-image\">\n<figure class=\"aligncenter size-large\"><a class=\"https:\/\/ccoo.app\/renault\/convenio-colectivo-2020-2024\/\" href=\"https:\/\/ccoo.app\/wp-content\/blogs.dir\/6\/files\/2021\/01\/ACUERDOS-Y-CONVENIOS.svg\"><img decoding=\"async\" src=\"https:\/\/ccoo.app\/wp-content\/blogs.dir\/6\/files\/2021\/01\/ACUERDOS-Y-CONVENIOS.svg\" alt=\"\" class=\"wp-image-2351\" \/><\/a><\/figure>\n<\/div>\n\n\n<h2 class=\"wp-block-heading has-text-align-center\" id=\"acuerdos-y-convenios\">Acuerdos y Convenios<\/h2>\n\n\n\n<p class=\"has-text-align-center\">Encuentra todo lo necesario de nuestro Convenio Colectivo<\/p>\n\n\n\n<div class=\"wp-block-buttons is-layout-flex wp-block-buttons-is-layout-flex\">\n<div class=\"wp-block-button\"><a class=\"wp-block-button__link has-text-align-center wp-element-button\" href=\"https:\/\/ccoo.app\/renault\/convenio-colectivo-2020-2024\/\">CONVENIO<\/a><\/div>\n<\/div>\n<\/div>\n\n\n\n<div class=\"wp-block-column is-layout-flow wp-block-column-is-layout-flow\"><div class=\"wp-block-image\">\n<figure class=\"aligncenter size-large\"><img decoding=\"async\" src=\"https:\/\/ccoo.app\/wp-content\/blogs.dir\/6\/files\/2021\/01\/PERMISOS.svg\" alt=\"\" class=\"wp-image-2352\" \/><\/figure>\n<\/div>\n\n\n<h2 class=\"wp-block-heading has-text-align-center\" id=\"permisos\">Permisos<\/h2>\n\n\n\n<p class=\"has-text-align-center\">Encuentra todas las licencias y derechos retribuidos<\/p>\n\n\n\n<div class=\"wp-block-buttons is-layout-flex wp-block-buttons-is-layout-flex\">\n<div class=\"wp-block-button\"><a class=\"wp-block-button__link wp-element-button\">PERMISOS RETRIBUIDOS<\/a><\/div>\n<\/div>\n<\/div>\n\n\n\n<div class=\"wp-block-column is-layout-flow wp-block-column-is-layout-flow\"><div class=\"wp-block-image\">\n<figure class=\"aligncenter size-large\"><img decoding=\"async\" src=\"https:\/\/ccoo.app\/wp-content\/blogs.dir\/6\/files\/2021\/01\/AYUDAS-SOCIALES.svg\" alt=\"\" class=\"wp-image-2353\" \/><\/figure>\n<\/div>\n\n\n<h2 class=\"wp-block-heading has-text-align-center\" id=\"ayudas-sociales\">Ayudas Sociales<\/h2>\n\n\n\n<p>Sample text. Lorem ipsum dolor sit amet, consectetur adipiscing elit nullam nunc justo sagittis suscipit ultrices.<\/p>\n<\/div>\n<\/div>\n\n\n\n<div class=\"wp-block-cover alignfull is-light\" style=\"min-height:380px;aspect-ratio:unset;\"><span aria-hidden=\"true\" class=\"wp-block-cover__background has-background-dim-0 has-background-dim\"><\/span><img decoding=\"async\" class=\"wp-block-cover__image-background wp-image-2356\" alt=\"\" src=\"https:\/\/ccoo.app\/wp-content\/blogs.dir\/6\/files\/2021\/01\/fond-hero.svg\" data-object-fit=\"cover\" \/><div class=\"wp-block-cover__inner-container is-layout-flow wp-block-cover-is-layout-flow\">\n<div class=\"wp-block-group\"><div class=\"wp-block-group__inner-container is-layout-flow wp-block-group-is-layout-flow\">\n<div class=\"wp-block-columns is-layout-flex wp-container-core-columns-is-layout-9d6595d7 wp-block-columns-is-layout-flex\">\n<div class=\"wp-block-column is-layout-flow wp-block-column-is-layout-flow\"><div class=\"wp-block-image\">\n<figure class=\"aligncenter size-large is-resized\"><img loading=\"lazy\" decoding=\"async\" src=\"https:\/\/ccoo.app\/wp-content\/blogs.dir\/6\/files\/2021\/01\/noticias-ccoo.jpg\" alt=\"\" class=\"wp-image-2358\" width=\"397\" height=\"313\" \/><\/figure>\n<\/div><\/div>\n\n\n\n<div class=\"wp-block-column is-layout-flow wp-block-column-is-layout-flow\">\n<h2 class=\"wp-block-heading titulo-noticias has-black-color has-text-color\" id=\"descubre-nuestrasultimas-noticias\">Descubre nuestras<br>\u00faltimas noticias<\/h2>\n\n\n\n<figure class=\"wp-block-image size-large is-resized barra-decoracion\"><img loading=\"lazy\" decoding=\"async\" src=\"https:\/\/ccoo.app\/wp-content\/blogs.dir\/6\/files\/2021\/01\/Rectangle-126.svg\" alt=\"\" class=\"wp-image-2357\" width=\"281\" height=\"6\" \/><\/figure>\n\n\n\n<p class=\"has-black-color has-text-color\">Toda la informaci\u00f3n de Renault a un clic de alcance.<\/p>\n\n\n\n<div class=\"wp-block-buttons is-layout-flex wp-block-buttons-is-layout-flex\">\n<div class=\"wp-block-button\"><a class=\"wp-block-button__link has-white-color has-black-background-color has-text-color has-background no-border-radius wp-element-button\" href=\"http:\/\/ccoo.app\/renault\/category\/noticias\/\">ACTUALIDAD<\/a><\/div>\n<\/div>\n\n\n\n<p class=\"has-black-color has-text-color\"><br><\/p>\n<\/div>\n<\/div>\n<\/div><\/div>\n<\/div><\/div>\n\n\n\n<div style=\"height:40px\" aria-hidden=\"true\" class=\"wp-block-spacer\"><\/div>\n\n\n\n<div class=\"wp-block-query is-layout-flow wp-block-query-is-layout-flow\"><ul class=\"is-flex-container columns-3 wp-block-post-template is-layout-flow wp-block-post-template-is-layout-flow\"><li class=\"wp-block-post post-3248 post type-post status-publish format-standard hentry category-sevilla category-valladolid generate-columns tablet-grid-50 mobile-grid-100 grid-parent grid-33\">\n\n<div class=\"wp-block-group\" style=\"padding-top:30px;padding-right:30px;padding-bottom:30px;padding-left:30px\"><div class=\"wp-block-group__inner-container is-layout-flow wp-block-group-is-layout-flow\"><h2 class=\"wp-block-post-title\"><a href=\"https:\/\/ccoo.app\/renault\/ccoo-acuerda-con-horse-la-msct-en-la-factoria-de-sevilla\/\" target=\"_self\" >CCOO ACUERDA CON HORSE LA MSCT EN LA FACTOR\u00cdA DE SEVILLA<\/a><\/h2>\n\n<div class=\"wp-block-post-excerpt\"><p class=\"wp-block-post-excerpt__excerpt\">En el d\u00eda de hoy, 2\u00aa REUNI\u00d3N DE LA MODIFICACI\u00d3N SUSTANCIAL, &nbsp;hemos entregado un dossier, tras el estudio de la documentaci\u00f3n entregada que afecta a la NAVE F y montaje &#8230; Leer m\u00e1s <\/p><\/div>\n\n<div class=\"wp-block-post-date\"><time datetime=\"2023-10-11T11:00:00+02:00\">11 de octubre de 2023<\/time><\/div><\/div><\/div>\n\n<\/li><li class=\"wp-block-post post-3237 post type-post status-publish format-standard has-post-thumbnail hentry category-noticias generate-columns tablet-grid-50 mobile-grid-100 grid-parent grid-33\">\n\n<div class=\"wp-block-group\" style=\"padding-top:30px;padding-right:30px;padding-bottom:30px;padding-left:30px\"><div class=\"wp-block-group__inner-container is-layout-flow wp-block-group-is-layout-flow\"><h2 class=\"wp-block-post-title\"><a href=\"https:\/\/ccoo.app\/renault\/comision-central-de-salud-laboral-7-de-junio-2023\/\" target=\"_self\" >Comisi\u00f3n Central de Salud laboral 7 de junio 2023<\/a><\/h2>\n\n<div class=\"wp-block-post-excerpt\"><p class=\"wp-block-post-excerpt__excerpt\">En el d\u00eda de ayer y cuatro meses despu\u00e9s de que se hayan celebrado las Elecciones sindicales, se constituy\u00f3 la Comisi\u00f3n central de Salud laboral, en que se trataron los &#8230; Leer m\u00e1s <\/p><\/div>\n\n<div class=\"wp-block-post-date\"><time datetime=\"2023-06-08T13:57:11+02:00\">8 de junio de 2023<\/time><\/div><\/div><\/div>\n\n<\/li><li class=\"wp-block-post post-3192 post type-post status-publish format-standard has-post-thumbnail hentry category-noticias generate-columns tablet-grid-50 mobile-grid-100 grid-parent grid-33\">\n\n<div class=\"wp-block-group\" style=\"padding-top:30px;padding-right:30px;padding-bottom:30px;padding-left:30px\"><div class=\"wp-block-group__inner-container is-layout-flow wp-block-group-is-layout-flow\"><h2 class=\"wp-block-post-title\"><a href=\"https:\/\/ccoo.app\/renault\/inicio-del-periodo-de-consultas-nueva-entidad-horse\/\" target=\"_self\" >Inicio del Periodo de Consultas nueva entidad \u201cHORSE\u201d<\/a><\/h2>\n\n<div class=\"wp-block-post-excerpt\"><p class=\"wp-block-post-excerpt__excerpt\">Hoy, hemos mantenido una reuni\u00f3n del Comit\u00e9 Intercentros, con un \u00fanico punto el en orden del d\u00eda, Apertura del periodo de informaci\u00f3n relativo al proyecto y proceso de escisi\u00f3n que &#8230; Leer m\u00e1s <\/p><\/div>\n\n<div class=\"wp-block-post-date\"><time datetime=\"2023-04-20T14:07:19+02:00\">20 de abril de 2023<\/time><\/div><\/div><\/div>\n\n<\/li><li class=\"wp-block-post post-3172 post type-post status-publish format-standard has-post-thumbnail hentry category-tablas-salariales generate-columns tablet-grid-50 mobile-grid-100 grid-parent grid-33\">\n\n<div class=\"wp-block-group\" style=\"padding-top:30px;padding-right:30px;padding-bottom:30px;padding-left:30px\"><div class=\"wp-block-group__inner-container is-layout-flow wp-block-group-is-layout-flow\"><h2 class=\"wp-block-post-title\"><a href=\"https:\/\/ccoo.app\/renault\/tablas-salariales-2023\/\" target=\"_self\" >TABLAS SALARIALES 2023<\/a><\/h2>\n\n<div class=\"wp-block-post-excerpt\"><p class=\"wp-block-post-excerpt__excerpt\">En este enlace podr\u00e1s encontrar tu salario seg\u00fan categor\u00eda y nivel https:\/\/ccoo.app\/renault\/wp-content\/blogs.dir\/6\/files\/sites\/147\/2023\/04\/conceptos-retributivos-2023.pdf <\/p><\/div>\n\n<div class=\"wp-block-post-date\"><time datetime=\"2023-03-10T09:58:00+01:00\">10 de marzo de 2023<\/time><\/div><\/div><\/div>\n\n<\/li><li class=\"wp-block-post post-3064 post type-post status-publish format-standard has-post-thumbnail hentry category-noticias category-app-push-renault-madrid category-app-push-renault-palencia category-app-push-renault-sevilla category-app-push-renault-valladolid generate-columns tablet-grid-50 mobile-grid-100 grid-parent grid-33\">\n\n<div class=\"wp-block-group\" style=\"padding-top:30px;padding-right:30px;padding-bottom:30px;padding-left:30px\"><div class=\"wp-block-group__inner-container is-layout-flow wp-block-group-is-layout-flow\"><h2 class=\"wp-block-post-title\"><a href=\"https:\/\/ccoo.app\/renault\/en-las-elecciones-sindicales-de-renault-espana-elige-ccoo\/\" target=\"_self\" >EN LAS ELECCIONES SINDICALES DE RENAULT ESPA\u00d1A &#8211; ELIGE CCOO<\/a><\/h2>\n\n<div class=\"wp-block-post-excerpt\"><p class=\"wp-block-post-excerpt__excerpt\">https:\/\/ccoo.app\/renault\/wp-content\/blogs.dir\/6\/files\/sites\/147\/2023\/02\/portadacontra23.pdf CCOO SE MUEVE <\/p><\/div>\n\n<div class=\"wp-block-post-date\"><time datetime=\"2023-02-19T21:21:29+01:00\">19 de febrero de 2023<\/time><\/div><\/div><\/div>\n\n<\/li><li class=\"wp-block-post post-3053 post type-post status-publish format-standard has-post-thumbnail hentry category-madrid category-palencia category-sevilla category-sin-categoria category-valladolid generate-columns tablet-grid-50 mobile-grid-100 grid-parent grid-33\">\n\n<div class=\"wp-block-group\" style=\"padding-top:30px;padding-right:30px;padding-bottom:30px;padding-left:30px\"><div class=\"wp-block-group__inner-container is-layout-flow wp-block-group-is-layout-flow\"><h2 class=\"wp-block-post-title\"><a href=\"https:\/\/ccoo.app\/renault\/ccoo-solicita-la-retirada-del-erte-en-la-factoria-de-renault-sevilla\/\" target=\"_self\" >CCOO SOLICITA LA RETIRADA DEL ERTE EN LA FACTOR\u00cdA DE RENAULT SEVILLA<\/a><\/h2>\n\n<div class=\"wp-block-post-excerpt\"><p class=\"wp-block-post-excerpt__excerpt\">La presentaci\u00f3n de la empresa de esta nueva organizaci\u00f3n, eliminan a primero de a\u00f1o los turnos que eran susceptibles de paradas por ERTE, mantenerlo hasta el 31 marzo de 2023, &#8230; Leer m\u00e1s <\/p><\/div>\n\n<div class=\"wp-block-post-date\"><time datetime=\"2022-11-24T11:42:10+01:00\">24 de noviembre de 2022<\/time><\/div><\/div><\/div>\n\n<\/li><\/ul><\/div>\n","protected":false},"excerpt":{"rendered":"<p>Acuerdos y Convenios Encuentra todo lo necesario de nuestro Convenio Colectivo Permisos Encuentra todas las licencias y derechos retribuidos Ayudas Sociales Sample text. Lorem ipsum dolor sit amet, consectetur adipiscing &#8230; <a title=\"\" class=\"read-more\" href=\"https:\/\/ccoo.app\/renault\/\" aria-label=\"Leer m\u00e1s sobre \">Leer m\u00e1s<\/a><\/p>\n","protected":false},"author":6,"featured_media":0,"parent":0,"menu_order":1,"comment_status":"closed","ping_status":"closed","template":"","meta":{"footnotes":""},"class_list":["post-25","page","type-page","status-publish"],"_links":{"self":[{"href":"https:\/\/ccoo.app\/renault\/wp-json\/wp\/v2\/pages\/25","targetHints":{"allow":["GET"]}}],"collection":[{"href":"https:\/\/ccoo.app\/renault\/wp-json\/wp\/v2\/pages"}],"about":[{"href":"https:\/\/ccoo.app\/renault\/wp-json\/wp\/v2\/types\/page"}],"author":[{"embeddable":true,"href":"https:\/\/ccoo.app\/renault\/wp-json\/wp\/v2\/users\/6"}],"replies":[{"embeddable":true,"href":"https:\/\/ccoo.app\/renault\/wp-json\/wp\/v2\/comments?post=25"}],"version-history":[{"count":4,"href":"https:\/\/ccoo.app\/renault\/wp-json\/wp\/v2\/pages\/25\/revisions"}],"predecessor-version":[{"id":3214,"href":"https:\/\/ccoo.app\/renault\/wp-json\/wp\/v2\/pages\/25\/revisions\/3214"}],"wp:attachment":[{"href":"https:\/\/ccoo.app\/renault\/wp-json\/wp\/v2\/media?parent=25"}],"curies":[{"name":"wp","href":"https:\/\/api.w.org\/{rel}","templated":true}]}}