{"id":25,"date":"2020-02-13T13:17:50","date_gmt":"2020-02-13T18:17:50","guid":{"rendered":"https:\/\/gpsites.co\/read\/?page_id=25"},"modified":"2025-07-22T16:22:16","modified_gmt":"2025-07-22T14:22:16","slug":"home","status":"publish","type":"page","link":"https:\/\/ccoo.app\/mossos\/","title":{"rendered":"Inici"},"content":{"rendered":"\n<div class=\"wp-block-cover alignfull is-light is-style-default\" style=\"min-height:400px;aspect-ratio:unset;\" id=\"http:\/\/ccoo.app\/ajuntament-de-granollers\/wp-content\/blogs.dir\/6\/files\/sites\/178\/2021\/01\/imagen-prueba-entradas.jpg\"><img loading=\"lazy\" decoding=\"async\" width=\"1024\" height=\"577\" class=\"wp-block-cover__image-background wp-image-2894 size-large\" alt=\"\" src=\"http:\/\/ccoo.app\/mossos\/wp-content\/blogs.dir\/6\/files\/sites\/234\/2025\/07\/portada-mossos-1024x577.png\" data-object-fit=\"cover\" srcset=\"https:\/\/ccoo.app\/mossos\/wp-content\/blogs.dir\/6\/files\/sites\/234\/2025\/07\/portada-mossos-1024x577.png 1024w, https:\/\/ccoo.app\/mossos\/wp-content\/blogs.dir\/6\/files\/sites\/234\/2025\/07\/portada-mossos-300x169.png 300w, https:\/\/ccoo.app\/mossos\/wp-content\/blogs.dir\/6\/files\/sites\/234\/2025\/07\/portada-mossos-768x432.png 768w, https:\/\/ccoo.app\/mossos\/wp-content\/blogs.dir\/6\/files\/sites\/234\/2025\/07\/portada-mossos-1536x865.png 1536w, https:\/\/ccoo.app\/mossos\/wp-content\/blogs.dir\/6\/files\/sites\/234\/2025\/07\/portada-mossos.png 1600w\" sizes=\"auto, (max-width: 1024px) 100vw, 1024px\" \/><span aria-hidden=\"true\" class=\"wp-block-cover__background has-background-dim-0 has-background-dim\" style=\"background-color:#556f9b\"><\/span><div class=\"wp-block-cover__inner-container is-layout-flow wp-block-cover-is-layout-flow\">\n<div class=\"wp-block-cover\" style=\"min-height:300px;aspect-ratio:unset;\"><img decoding=\"async\" class=\"wp-block-cover__image-background wp-image-2343\" alt=\"\" src=\"http:\/\/ccoo.app\/wp-content\/blogs.dir\/6\/files\/2021\/01\/Elementos-CCOO-cabecera.png\" data-object-fit=\"cover\"\/><span aria-hidden=\"true\" class=\"wp-block-cover__background has-background-dim-0 has-background-dim\"><\/span><div class=\"wp-block-cover__inner-container is-layout-flow wp-block-cover-is-layout-flow\">\n<div class=\"wp-block-group\"><div class=\"wp-block-group__inner-container is-layout-flow wp-block-group-is-layout-flow\">\n<p><\/p>\n\n\n\n<div class=\"wp-block-columns is-layout-flex wp-container-core-columns-is-layout-9d6595d7 wp-block-columns-is-layout-flex\">\n<div class=\"wp-block-column is-layout-flow wp-block-column-is-layout-flow\" style=\"flex-basis:15%\"><\/div>\n\n\n\n<div class=\"wp-block-column is-layout-flow wp-block-column-is-layout-flow\" style=\"flex-basis:15%\"><\/div>\n<\/div>\n<\/div><\/div>\n<\/div><\/div>\n<\/div><\/div>\n\n\n\n<div style=\"height:36px\" aria-hidden=\"true\" class=\"wp-block-spacer\"><\/div>\n\n\n\n<h2 class=\"wp-block-heading has-text-align-center\">\u00daltimes not\u00edcies<\/h2>\n\n\n<div class=\"wp-block-image barra-decoracion\">\n<figure class=\"aligncenter size-large is-resized\"><img decoding=\"async\" src=\"https:\/\/ccoo.app\/wp-content\/blogs.dir\/6\/files\/2021\/01\/Rectangle-126.svg\" alt=\"\" class=\"wp-image-2357\" style=\"width:281px;height:6px\"\/><\/figure>\n<\/div>\n\n\n<div style=\"height:40px\" aria-hidden=\"true\" class=\"wp-block-spacer\"><\/div>\n\n\n<ul class=\"wp-block-latest-posts__list is-grid columns-3 has-dates wp-block-latest-posts\"><li><div class=\"wp-block-latest-posts__featured-image aligncenter\"><img loading=\"lazy\" decoding=\"async\" width=\"225\" height=\"300\" src=\"https:\/\/ccoo.app\/mossos\/wp-content\/blogs.dir\/6\/files\/sites\/234\/2026\/04\/eurocopRoberto-225x300.jpeg\" class=\"attachment-medium size-medium wp-post-image\" alt=\"Roberto Garc\u00eda\" style=\"\" srcset=\"https:\/\/ccoo.app\/mossos\/wp-content\/blogs.dir\/6\/files\/sites\/234\/2026\/04\/eurocopRoberto-225x300.jpeg 225w, https:\/\/ccoo.app\/mossos\/wp-content\/blogs.dir\/6\/files\/sites\/234\/2026\/04\/eurocopRoberto-768x1024.jpeg 768w, https:\/\/ccoo.app\/mossos\/wp-content\/blogs.dir\/6\/files\/sites\/234\/2026\/04\/eurocopRoberto-1152x1536.jpeg 1152w, https:\/\/ccoo.app\/mossos\/wp-content\/blogs.dir\/6\/files\/sites\/234\/2026\/04\/eurocopRoberto.jpeg 1536w\" sizes=\"auto, (max-width: 225px) 100vw, 225px\" \/><\/div><a class=\"wp-block-latest-posts__post-title\" href=\"https:\/\/ccoo.app\/mossos\/la-fsc-de-ccoo-participara-en-el-congres-deurocop-que-se-celebrara-aquest-mes-dabril-a-xipre\/\">La FSC de CCOO participar\u00e0 en el Congr\u00e9s d\u2019EuroCOP que se celebrar\u00e0 aquest mes d\u2019abril a Xipre<\/a><time datetime=\"2026-04-13T13:18:04+02:00\" class=\"wp-block-latest-posts__post-date\">13 d&#8217;abril de 2026<\/time><\/li>\n<li><a class=\"wp-block-latest-posts__post-title\" href=\"https:\/\/ccoo.app\/mossos\/mossos-de-ccoo-assenyala-que-la-nova-via-de-jubilacio-anticipada-als-52-anys-obre-un-escenari-a-estudiar-per-als-mossos-desquadra\/\">Mossos de CCOO assenyala que la nova via de jubilaci\u00f3 anticipada als 52 anys obre un escenari a estudiar per als Mossos d\u2019Esquadra<\/a><time datetime=\"2026-03-26T16:23:25+01:00\" class=\"wp-block-latest-posts__post-date\">26 de mar\u00e7 de 2026<\/time><\/li>\n<li><div class=\"wp-block-latest-posts__featured-image aligncenter\"><img loading=\"lazy\" decoding=\"async\" width=\"300\" height=\"225\" src=\"https:\/\/ccoo.app\/mossos\/wp-content\/blogs.dir\/6\/files\/sites\/234\/2026\/03\/psoe-madrid-1-300x225.jpg\" class=\"attachment-medium size-medium wp-post-image\" alt=\"\" style=\"\" srcset=\"https:\/\/ccoo.app\/mossos\/wp-content\/blogs.dir\/6\/files\/sites\/234\/2026\/03\/psoe-madrid-1-300x225.jpg 300w, https:\/\/ccoo.app\/mossos\/wp-content\/blogs.dir\/6\/files\/sites\/234\/2026\/03\/psoe-madrid-1-1024x768.jpg 1024w, https:\/\/ccoo.app\/mossos\/wp-content\/blogs.dir\/6\/files\/sites\/234\/2026\/03\/psoe-madrid-1-768x576.jpg 768w, https:\/\/ccoo.app\/mossos\/wp-content\/blogs.dir\/6\/files\/sites\/234\/2026\/03\/psoe-madrid-1-e1774378447403.jpg 600w\" sizes=\"auto, (max-width: 300px) 100vw, 300px\" \/><\/div><a class=\"wp-block-latest-posts__post-title\" href=\"https:\/\/ccoo.app\/mossos\/ccoo-aborda-al-congres-dels-diputats-lactualitat-de-la-seguretat-publica-que-afecta-les-policies-locals-i-autonomiques\/\">CCOO aborda al Congr\u00e9s dels Diputats l\u2019actualitat de la seguretat p\u00fablica que afecta les policies locals i auton\u00f2miques<\/a><time datetime=\"2026-03-24T19:54:20+01:00\" class=\"wp-block-latest-posts__post-date\">24 de mar\u00e7 de 2026<\/time><\/li>\n<\/ul>\n\n\n<h3 class=\"wp-block-heading has-text-align-center\"><a href=\"https:\/\/ccoo.app\/mossos\/category\/noticies\/\" data-type=\"link\" data-id=\"https:\/\/ccoo.app\/mossos\/category\/noticies\/\">M\u00e9s not\u00edcies \ud83e\udc2e<\/a><\/h3>\n\n\n\n<div class=\"wp-block-cover alignfull is-light\" style=\"min-height:380px;aspect-ratio:unset;\"><img decoding=\"async\" class=\"wp-block-cover__image-background wp-image-2356\" alt=\"\" src=\"https:\/\/ccoo.app\/wp-content\/blogs.dir\/6\/files\/2021\/01\/fond-hero.svg\" data-object-fit=\"cover\"\/><span aria-hidden=\"true\" class=\"wp-block-cover__background has-background-dim-0 has-background-dim\"><\/span><div class=\"wp-block-cover__inner-container is-layout-flow wp-block-cover-is-layout-flow\">\n<div class=\"wp-block-group\"><div class=\"wp-block-group__inner-container is-layout-flow wp-block-group-is-layout-flow\">\n<div class=\"wp-block-columns is-layout-flex wp-container-core-columns-is-layout-9d6595d7 wp-block-columns-is-layout-flex\">\n<div class=\"wp-block-column is-layout-flow wp-block-column-is-layout-flow\"><div class=\"wp-block-image is-resized\">\n<figure class=\"aligncenter size-full\"><img loading=\"lazy\" decoding=\"async\" width=\"499\" height=\"576\" src=\"http:\/\/ccoo.app\/mossos\/wp-content\/blogs.dir\/6\/files\/sites\/234\/2024\/06\/daades.jpg\" alt=\"\" class=\"wp-image-1678\" srcset=\"https:\/\/ccoo.app\/mossos\/wp-content\/blogs.dir\/6\/files\/sites\/234\/2024\/06\/daades.jpg 499w, https:\/\/ccoo.app\/mossos\/wp-content\/blogs.dir\/6\/files\/sites\/234\/2024\/06\/daades-260x300.jpg 260w\" sizes=\"auto, (max-width: 499px) 100vw, 499px\" \/><\/figure>\n<\/div><\/div>\n\n\n\n<div class=\"wp-block-column is-layout-flow wp-block-column-is-layout-flow\">\n<h2 class=\"wp-block-heading titulo-noticias has-black-color has-text-color\" id=\"descubre-nuestrasultimas-noticias\"><br><strong>Dades rellevants<\/strong><\/h2>\n\n\n\n<figure class=\"wp-block-image size-large is-resized barra-decoracion\"><img decoding=\"async\" src=\"https:\/\/ccoo.app\/wp-content\/blogs.dir\/6\/files\/2021\/01\/Rectangle-126.svg\" alt=\"\" class=\"wp-image-2357\" style=\"width:281px;height:6px\"\/><\/figure>\n\n\n\n<p class=\"has-black-color has-text-color\">A 31 de desembre de 2023, CCOO torna a ser la primera for\u00e7a sindical a Catalunya. Aquest percentatge de representativitat sindical a Catalunya fa que&nbsp;<strong>CCOO Mossos d\u2019esquadra<\/strong>&nbsp;puguem representar-te en la&nbsp;<strong>Mesa General de la Funci\u00f3 p\u00fablica<\/strong>&nbsp;per a defensar els nostres drets i condicions laborals.<\/p>\n\n\n\n<p class=\"has-black-color has-text-color\"><br><\/p>\n<\/div>\n<\/div>\n\n\n\n<div class=\"wp-block-columns is-layout-flex wp-container-core-columns-is-layout-9d6595d7 wp-block-columns-is-layout-flex\">\n<div class=\"wp-block-column is-layout-flow wp-block-column-is-layout-flow\"><div class=\"wp-block-image is-resized\">\n<figure class=\"aligncenter size-full\"><a href=\"https:\/\/eurocop.org\/\"><img loading=\"lazy\" decoding=\"async\" width=\"343\" height=\"208\" src=\"http:\/\/ccoo.app\/mossos\/wp-content\/blogs.dir\/6\/files\/sites\/234\/2021\/02\/eurocop.png\" alt=\"\" class=\"wp-image-1304\" srcset=\"https:\/\/ccoo.app\/mossos\/wp-content\/blogs.dir\/6\/files\/sites\/234\/2021\/02\/eurocop.png 343w, https:\/\/ccoo.app\/mossos\/wp-content\/blogs.dir\/6\/files\/sites\/234\/2021\/02\/eurocop-300x182.png 300w\" sizes=\"auto, (max-width: 343px) 100vw, 343px\" \/><\/a><\/figure>\n<\/div><\/div>\n\n\n\n<div class=\"wp-block-column is-layout-flow wp-block-column-is-layout-flow\">\n<h2 class=\"wp-block-heading titulo-noticias has-black-color has-text-color\" id=\"descubre-nuestrasultimas-noticias\"><br><strong><strong>Eurocop<\/strong><\/strong><\/h2>\n\n\n\n<figure class=\"wp-block-image size-large is-resized barra-decoracion\"><img decoding=\"async\" src=\"https:\/\/ccoo.app\/wp-content\/blogs.dir\/6\/files\/2021\/01\/Rectangle-126.svg\" alt=\"\" class=\"wp-image-2357\" style=\"width:281px;height:6px\"\/><\/figure>\n\n\n\n<p class=\"has-black-color has-text-color\">La Confederaci\u00f3 Europea de Policia (EuroCOP) \u00e9s l\u2019organitzaci\u00f3 paraigua de 30 sindicats de policia i organitzacions de personal a Europa, de la qual&nbsp;<strong>CCOO Sector Mossos d\u2019Esquadra<\/strong>&nbsp;\u00e9s membre de l\u2019executiva.<\/p>\n\n\n\n<p class=\"has-black-color has-text-color\"><br><\/p>\n<\/div>\n<\/div>\n\n\n\n<div class=\"wp-block-columns is-layout-flex wp-container-core-columns-is-layout-9d6595d7 wp-block-columns-is-layout-flex\">\n<div class=\"wp-block-column is-layout-flow wp-block-column-is-layout-flow\"><div class=\"wp-block-image is-resized\">\n<figure class=\"aligncenter size-full\"><a href=\"https:\/\/ccoo.app\/mossos\/descomptes-afiliats\/\"><img loading=\"lazy\" decoding=\"async\" width=\"300\" height=\"225\" src=\"http:\/\/ccoo.app\/mossos\/wp-content\/blogs.dir\/6\/files\/sites\/234\/2024\/06\/bosses_descomptes-1.jpg\" alt=\"\" class=\"wp-image-1679\"\/><\/a><\/figure>\n<\/div><\/div>\n\n\n\n<div class=\"wp-block-column is-layout-flow wp-block-column-is-layout-flow\">\n<h2 class=\"wp-block-heading titulo-noticias has-black-color has-text-color\" id=\"descubre-nuestrasultimas-noticias\"><br><strong><strong>Descomptes<\/strong><\/strong><\/h2>\n\n\n\n<figure class=\"wp-block-image size-large is-resized barra-decoracion\"><img decoding=\"async\" src=\"https:\/\/ccoo.app\/wp-content\/blogs.dir\/6\/files\/2021\/01\/Rectangle-126.svg\" alt=\"\" class=\"wp-image-2357\" style=\"width:281px;height:6px\"\/><\/figure>\n\n\n\n<p class=\"has-black-color has-text-color\">Tots els&nbsp;<strong>afiliats i afiliades de CCOO de Catalunya<\/strong>&nbsp;poden gaudir de&nbsp;<strong>descomptes en tota mena d\u2019establiments i serveis<\/strong>. A m\u00e9s, les persones afiliades que pertanyen a cossos de seguretat tenen avantatges particulars, fes clic a la imatge i mira!<\/p>\n\n\n\n<p class=\"has-black-color has-text-color\"><br><\/p>\n<\/div>\n<\/div>\n<\/div><\/div>\n<\/div><\/div>\n\n\n\n<ul class=\"wp-block-social-links is-content-justification-center is-layout-flex wp-container-core-social-links-is-layout-16018d1d wp-block-social-links-is-layout-flex\"><li class=\"wp-social-link wp-social-link-instagram  wp-block-social-link\"><a href=\"https:\/\/www.instagram.com\/sector_sindical_mossos_ccoo\/\" class=\"wp-block-social-link-anchor\"><svg width=\"24\" height=\"24\" viewBox=\"0 0 24 24\" version=\"1.1\" xmlns=\"http:\/\/www.w3.org\/2000\/svg\" aria-hidden=\"true\" focusable=\"false\"><path d=\"M12,4.622c2.403,0,2.688,0.009,3.637,0.052c0.877,0.04,1.354,0.187,1.671,0.31c0.42,0.163,0.72,0.358,1.035,0.673 c0.315,0.315,0.51,0.615,0.673,1.035c0.123,0.317,0.27,0.794,0.31,1.671c0.043,0.949,0.052,1.234,0.052,3.637 s-0.009,2.688-0.052,3.637c-0.04,0.877-0.187,1.354-0.31,1.671c-0.163,0.42-0.358,0.72-0.673,1.035 c-0.315,0.315-0.615,0.51-1.035,0.673c-0.317,0.123-0.794,0.27-1.671,0.31c-0.949,0.043-1.233,0.052-3.637,0.052 s-2.688-0.009-3.637-0.052c-0.877-0.04-1.354-0.187-1.671-0.31c-0.42-0.163-0.72-0.358-1.035-0.673 c-0.315-0.315-0.51-0.615-0.673-1.035c-0.123-0.317-0.27-0.794-0.31-1.671C4.631,14.688,4.622,14.403,4.622,12 s0.009-2.688,0.052-3.637c0.04-0.877,0.187-1.354,0.31-1.671c0.163-0.42,0.358-0.72,0.673-1.035 c0.315-0.315,0.615-0.51,1.035-0.673c0.317-0.123,0.794-0.27,1.671-0.31C9.312,4.631,9.597,4.622,12,4.622 M12,3 C9.556,3,9.249,3.01,8.289,3.054C7.331,3.098,6.677,3.25,6.105,3.472C5.513,3.702,5.011,4.01,4.511,4.511 c-0.5,0.5-0.808,1.002-1.038,1.594C3.25,6.677,3.098,7.331,3.054,8.289C3.01,9.249,3,9.556,3,12c0,2.444,0.01,2.751,0.054,3.711 c0.044,0.958,0.196,1.612,0.418,2.185c0.23,0.592,0.538,1.094,1.038,1.594c0.5,0.5,1.002,0.808,1.594,1.038 c0.572,0.222,1.227,0.375,2.185,0.418C9.249,20.99,9.556,21,12,21s2.751-0.01,3.711-0.054c0.958-0.044,1.612-0.196,2.185-0.418 c0.592-0.23,1.094-0.538,1.594-1.038c0.5-0.5,0.808-1.002,1.038-1.594c0.222-0.572,0.375-1.227,0.418-2.185 C20.99,14.751,21,14.444,21,12s-0.01-2.751-0.054-3.711c-0.044-0.958-0.196-1.612-0.418-2.185c-0.23-0.592-0.538-1.094-1.038-1.594 c-0.5-0.5-1.002-0.808-1.594-1.038c-0.572-0.222-1.227-0.375-2.185-0.418C14.751,3.01,14.444,3,12,3L12,3z M12,7.378 c-2.552,0-4.622,2.069-4.622,4.622S9.448,16.622,12,16.622s4.622-2.069,4.622-4.622S14.552,7.378,12,7.378z M12,15 c-1.657,0-3-1.343-3-3s1.343-3,3-3s3,1.343,3,3S13.657,15,12,15z M16.804,6.116c-0.596,0-1.08,0.484-1.08,1.08 s0.484,1.08,1.08,1.08c0.596,0,1.08-0.484,1.08-1.08S17.401,6.116,16.804,6.116z\"><\/path><\/svg><span class=\"wp-block-social-link-label screen-reader-text\">Instagram<\/span><\/a><\/li>\n\n<li class=\"wp-social-link wp-social-link-x  wp-block-social-link\"><a href=\"https:\/\/twitter.com\/CcooMossos\" class=\"wp-block-social-link-anchor\"><svg width=\"24\" height=\"24\" viewBox=\"0 0 24 24\" version=\"1.1\" xmlns=\"http:\/\/www.w3.org\/2000\/svg\" aria-hidden=\"true\" focusable=\"false\"><path d=\"M13.982 10.622 20.54 3h-1.554l-5.693 6.618L8.745 3H3.5l6.876 10.007L3.5 21h1.554l6.012-6.989L15.868 21h5.245l-7.131-10.378Zm-2.128 2.474-.697-.997-5.543-7.93H8l4.474 6.4.697.996 5.815 8.318h-2.387l-4.745-6.787Z\" \/><\/svg><span class=\"wp-block-social-link-label screen-reader-text\">X<\/span><\/a><\/li>\n\n<li class=\"wp-social-link wp-social-link-telegram  wp-block-social-link\"><a href=\"https:\/\/whatsapp.com\/channel\/0029VbB4RFQEgGfNBrFWy00i\" class=\"wp-block-social-link-anchor\"><svg width=\"24\" height=\"24\" viewBox=\"0 0 128 128\" version=\"1.1\" xmlns=\"http:\/\/www.w3.org\/2000\/svg\" aria-hidden=\"true\" focusable=\"false\"><path d=\"M28.9700376,63.3244248 C47.6273373,55.1957357 60.0684594,49.8368063 66.2934036,47.2476366 C84.0668845,39.855031 87.7600616,38.5708563 90.1672227,38.528 C90.6966555,38.5191258 91.8804274,38.6503351 92.6472251,39.2725385 C93.294694,39.7979149 93.4728387,40.5076237 93.5580865,41.0057381 C93.6433345,41.5038525 93.7494885,42.63857 93.6651041,43.5252052 C92.7019529,53.6451182 88.5344133,78.2034783 86.4142057,89.5379542 C85.5170662,94.3339958 83.750571,95.9420841 82.0403991,96.0994568 C78.3237996,96.4414641 75.5015827,93.6432685 71.9018743,91.2836143 C66.2690414,87.5912212 63.0868492,85.2926952 57.6192095,81.6896017 C51.3004058,77.5256038 55.3966232,75.2369981 58.9976911,71.4967761 C59.9401076,70.5179421 76.3155302,55.6232293 76.6324771,54.2720454 C76.6721165,54.1030573 76.7089039,53.4731496 76.3346867,53.1405352 C75.9604695,52.8079208 75.4081573,52.921662 75.0095933,53.0121213 C74.444641,53.1403447 65.4461175,59.0880351 48.0140228,70.8551922 C45.4598218,72.6091037 43.1463059,73.4636682 41.0734751,73.4188859 C38.7883453,73.3695169 34.3926725,72.1268388 31.1249416,71.0646282 C27.1169366,69.7617838 23.931454,69.0729605 24.208838,66.8603276 C24.3533167,65.7078514 25.9403832,64.5292172 28.9700376,63.3244248 Z\" \/><\/svg><span class=\"wp-block-social-link-label screen-reader-text\">Telegram<\/span><\/a><\/li><\/ul>\n","protected":false},"excerpt":{"rendered":"<p>\u00daltimes not\u00edcies M\u00e9s not\u00edcies \ud83e\udc2e<\/p>\n","protected":false},"author":6,"featured_media":0,"parent":0,"menu_order":0,"comment_status":"closed","ping_status":"closed","template":"","meta":{"footnotes":""},"class_list":["post-25","page","type-page","status-publish"],"_links":{"self":[{"href":"https:\/\/ccoo.app\/mossos\/wp-json\/wp\/v2\/pages\/25","targetHints":{"allow":["GET"]}}],"collection":[{"href":"https:\/\/ccoo.app\/mossos\/wp-json\/wp\/v2\/pages"}],"about":[{"href":"https:\/\/ccoo.app\/mossos\/wp-json\/wp\/v2\/types\/page"}],"author":[{"embeddable":true,"href":"https:\/\/ccoo.app\/mossos\/wp-json\/wp\/v2\/users\/6"}],"replies":[{"embeddable":true,"href":"https:\/\/ccoo.app\/mossos\/wp-json\/wp\/v2\/comments?post=25"}],"version-history":[{"count":5,"href":"https:\/\/ccoo.app\/mossos\/wp-json\/wp\/v2\/pages\/25\/revisions"}],"predecessor-version":[{"id":2903,"href":"https:\/\/ccoo.app\/mossos\/wp-json\/wp\/v2\/pages\/25\/revisions\/2903"}],"wp:attachment":[{"href":"https:\/\/ccoo.app\/mossos\/wp-json\/wp\/v2\/media?parent=25"}],"curies":[{"name":"wp","href":"https:\/\/api.w.org\/{rel}","templated":true}]}}