{"id":1665,"date":"2024-06-26T13:50:35","date_gmt":"2024-06-26T11:50:35","guid":{"rendered":"https:\/\/ccoo.app\/mossos\/?page_id=1665"},"modified":"2025-01-28T16:29:43","modified_gmt":"2025-01-28T15:29:43","slug":"descomptes-afiliats","status":"publish","type":"page","link":"https:\/\/ccoo.app\/mossos\/descomptes-afiliats\/","title":{"rendered":"Descomptes afiliats"},"content":{"rendered":"\n<div class=\"wp-block-group is-vertical is-layout-flex wp-container-core-group-is-layout-8cf370e7 wp-block-group-is-layout-flex\">\n<h2 class=\"wp-block-heading has-base-3-color has-accent-background-color has-text-color has-background has-link-color wp-elements-1e3f6c08c184a0750c30fcb35d0797de\">Material policial<\/h2>\n\n\n\n<p>CCOO t\u2019ofereix la possibilitat de comprar tota mena de material policial amb un&nbsp;<strong>25% de descompte<\/strong>.<\/p>\n\n\n\n<p>Per poder gaudir d\u2019aquest descompte has d\u2019estar&nbsp;<strong>afiliat a CCOO<\/strong>. Si encara no t\u2019has afiliat en aquest&nbsp;<a rel=\"noreferrer noopener\" href=\"https:\/\/www.ccoo.cat\/afiliat\/?_sfm_aff_situation=94\" target=\"_blank\">enlla\u00e7&nbsp;<\/a>ho pots fer.<\/p>\n\n\n\n<p><strong>Despr\u00e9s segueix aquestes passes:<\/strong><\/p>\n\n\n\n<p><strong>1<\/strong>. Demana a la teva representaci\u00f3 sindical de CCOO el codi promocional de descompte enviant un correu electr\u00f2nic a aquesta direcci\u00f3: mossosccoo@ccoo.cat<\/p>\n\n\n\n<p><strong>2.<\/strong>&nbsp;Per \u00faltim fes clic al logotip de la botiga de sota, registra\u2019t com a usuari\/\u00e0ria de la web, inicia sessi\u00f3 i compra (en el moment de pagar el sistema us demanar\u00e0 el n\u00famero d\u2019afiliaci\u00f3 a CCOO i el codi promocional).<\/p>\n\n\n\n<figure class=\"wp-block-image size-large is-resized\"><a href=\"https:\/\/gams.es\/\"><img loading=\"lazy\" decoding=\"async\" width=\"1024\" height=\"326\" src=\"http:\/\/ccoo.app\/mossos\/wp-content\/blogs.dir\/6\/files\/sites\/234\/2024\/06\/Logo_GAMS_negro-1024x326.png\" alt=\"\" class=\"wp-image-1668\" style=\"width:250px\" srcset=\"https:\/\/ccoo.app\/mossos\/wp-content\/blogs.dir\/6\/files\/sites\/234\/2024\/06\/Logo_GAMS_negro-1024x326.png 1024w, https:\/\/ccoo.app\/mossos\/wp-content\/blogs.dir\/6\/files\/sites\/234\/2024\/06\/Logo_GAMS_negro-300x95.png 300w, https:\/\/ccoo.app\/mossos\/wp-content\/blogs.dir\/6\/files\/sites\/234\/2024\/06\/Logo_GAMS_negro-768x244.png 768w, https:\/\/ccoo.app\/mossos\/wp-content\/blogs.dir\/6\/files\/sites\/234\/2024\/06\/Logo_GAMS_negro-1536x489.png 1536w, https:\/\/ccoo.app\/mossos\/wp-content\/blogs.dir\/6\/files\/sites\/234\/2024\/06\/Logo_GAMS_negro-2048x652.png 2048w\" sizes=\"auto, (max-width: 1024px) 100vw, 1024px\" \/><\/a><\/figure>\n<\/div>\n\n\n\n<div class=\"wp-block-group is-vertical is-layout-flex wp-container-core-group-is-layout-8cf370e7 wp-block-group-is-layout-flex\">\n<h2 class=\"wp-block-heading has-base-3-color has-accent-background-color has-text-color has-background has-link-color wp-elements-cfb933224efc7863ae7522d719b5a2f3\"><strong>Descomptes en altres establiments<\/strong><\/h2>\n\n\n\n<p>Tots els&nbsp;<strong>afiliats i afiliades de CCOO de Catalunya<\/strong>&nbsp;poden gaudir de&nbsp;<strong>descomptes en tot tipus d\u2019establiments i serveis<\/strong>.<\/p>\n\n\n\n<p>En aquest apartat trobareu la relaci\u00f3 d\u2019<strong>establiments col\u00b7laboradors<\/strong>, estructurada per tipus de servei.<\/p>\n\n\n\n<p>Fes clic a la imatge de sota.<\/p>\n\n\n\n<figure class=\"wp-block-image size-full is-resized\"><a href=\"https:\/\/www.ccoo.cat\/descomptes\/\"><img loading=\"lazy\" decoding=\"async\" width=\"300\" height=\"225\" src=\"http:\/\/ccoo.app\/mossos\/wp-content\/blogs.dir\/6\/files\/sites\/234\/2024\/06\/bosses_descomptes-1.jpg\" alt=\"\" class=\"wp-image-1679\" style=\"width:250px\"\/><\/a><\/figure>\n\n\n\n<p>A m\u00e9s, la Federaci\u00f3 de Serveis a la Ciutadania t\u00e9 convenis de col\u00b7laboraci\u00f3 amb altres establiments dels quals tamb\u00e9 podr\u00e0s obtenir importants descomptes fent clic a la seg\u00fcent imatge:<\/p>\n\n\n\n<figure class=\"wp-block-image size-large is-resized\"><a href=\"https:\/\/www.ccoo.cat\/fsc\/descomptes-fsc\/\"><img loading=\"lazy\" decoding=\"async\" width=\"1024\" height=\"323\" src=\"http:\/\/ccoo.app\/mossos\/wp-content\/blogs.dir\/6\/files\/sites\/234\/2024\/06\/Logo-FSC_normal-1024x323.png\" alt=\"\" class=\"wp-image-1672\" style=\"width:250px\" srcset=\"https:\/\/ccoo.app\/mossos\/wp-content\/blogs.dir\/6\/files\/sites\/234\/2024\/06\/Logo-FSC_normal-1024x323.png 1024w, https:\/\/ccoo.app\/mossos\/wp-content\/blogs.dir\/6\/files\/sites\/234\/2024\/06\/Logo-FSC_normal-300x95.png 300w, https:\/\/ccoo.app\/mossos\/wp-content\/blogs.dir\/6\/files\/sites\/234\/2024\/06\/Logo-FSC_normal-768x242.png 768w, https:\/\/ccoo.app\/mossos\/wp-content\/blogs.dir\/6\/files\/sites\/234\/2024\/06\/Logo-FSC_normal-1536x484.png 1536w, https:\/\/ccoo.app\/mossos\/wp-content\/blogs.dir\/6\/files\/sites\/234\/2024\/06\/Logo-FSC_normal-2048x646.png 2048w\" sizes=\"auto, (max-width: 1024px) 100vw, 1024px\" \/><\/a><\/figure>\n<\/div>\n","protected":false},"excerpt":{"rendered":"<p>Material policial CCOO t\u2019ofereix la possibilitat de comprar tota mena de material policial amb un&nbsp;25% de descompte. Per poder gaudir d\u2019aquest descompte has d\u2019estar&nbsp;afiliat a CCOO. Si encara no t\u2019has &#8230; <a title=\"Descomptes afiliats\" class=\"read-more\" href=\"https:\/\/ccoo.app\/mossos\/descomptes-afiliats\/\" aria-label=\"M\u00e9s informaci\u00f3 sobre Descomptes afiliats\">Read more<\/a><\/p>\n","protected":false},"author":90331,"featured_media":0,"parent":0,"menu_order":0,"comment_status":"closed","ping_status":"closed","template":"","meta":{"footnotes":""},"class_list":["post-1665","page","type-page","status-publish"],"_links":{"self":[{"href":"https:\/\/ccoo.app\/mossos\/wp-json\/wp\/v2\/pages\/1665","targetHints":{"allow":["GET"]}}],"collection":[{"href":"https:\/\/ccoo.app\/mossos\/wp-json\/wp\/v2\/pages"}],"about":[{"href":"https:\/\/ccoo.app\/mossos\/wp-json\/wp\/v2\/types\/page"}],"author":[{"embeddable":true,"href":"https:\/\/ccoo.app\/mossos\/wp-json\/wp\/v2\/users\/90331"}],"replies":[{"embeddable":true,"href":"https:\/\/ccoo.app\/mossos\/wp-json\/wp\/v2\/comments?post=1665"}],"version-history":[{"count":1,"href":"https:\/\/ccoo.app\/mossos\/wp-json\/wp\/v2\/pages\/1665\/revisions"}],"predecessor-version":[{"id":2844,"href":"https:\/\/ccoo.app\/mossos\/wp-json\/wp\/v2\/pages\/1665\/revisions\/2844"}],"wp:attachment":[{"href":"https:\/\/ccoo.app\/mossos\/wp-json\/wp\/v2\/media?parent=1665"}],"curies":[{"name":"wp","href":"https:\/\/api.w.org\/{rel}","templated":true}]}}