{"id":1273,"date":"2020-12-29T10:11:13","date_gmt":"2020-12-29T09:11:13","guid":{"rendered":"https:\/\/ccoo.app\/mossos\/?page_id=1273"},"modified":"2025-11-03T20:34:23","modified_gmt":"2025-11-03T19:34:23","slug":"jubilacio","status":"publish","type":"page","link":"https:\/\/ccoo.app\/mossos\/jubilacio\/","title":{"rendered":"Jubilaci\u00f3"},"content":{"rendered":"\n<p class=\"has-text-align-center has-white-color has-cyan-bluish-gray-background-color has-text-color has-background has-large-font-size\">Petici\u00f3 del certificat per prejubilaci\u00f3 (ATRI)<\/p>\n\n\n\n<figure class=\"wp-block-image size-large\"><img loading=\"lazy\" decoding=\"async\" width=\"1024\" height=\"854\" src=\"http:\/\/ccoo.app\/mossos\/wp-content\/blogs.dir\/6\/files\/sites\/234\/2025\/09\/prejubilacion-e1762197571943-1024x854.png\" alt=\"jubilaci\u00f3\" class=\"wp-image-2952\" srcset=\"https:\/\/ccoo.app\/mossos\/wp-content\/blogs.dir\/6\/files\/sites\/234\/2025\/09\/prejubilacion-e1762197571943-1024x854.png 1024w, https:\/\/ccoo.app\/mossos\/wp-content\/blogs.dir\/6\/files\/sites\/234\/2025\/09\/prejubilacion-e1762197571943-300x250.png 300w, https:\/\/ccoo.app\/mossos\/wp-content\/blogs.dir\/6\/files\/sites\/234\/2025\/09\/prejubilacion-e1762197571943-768x641.png 768w, https:\/\/ccoo.app\/mossos\/wp-content\/blogs.dir\/6\/files\/sites\/234\/2025\/09\/prejubilacion-e1762197571943.png 1055w\" sizes=\"auto, (max-width: 1024px) 100vw, 1024px\" \/><figcaption class=\"wp-element-caption\">jubilaci\u00f3<\/figcaption><\/figure>\n\n\n\n<p class=\"has-text-align-left\">Des de CCOO Mossos us volem facilitar la gesti\u00f3 de la prejubilaci\u00f3. Sabem que el procediment pot generar dubtes i, per aix\u00f2, hem preparat un esquema visual amb tots els passos necessaris per fer la sol\u00b7licitud del certificat mitjan\u00e7ant l\u2019ATRI. <br>Aquest document us servir\u00e0 com a guia pr\u00e0ctica perqu\u00e8 tingueu a m\u00e0, d\u2019una manera senzilla i clara, els tr\u00e0mits que cal seguir i la  documentaci\u00f3 que s\u2019ha d\u2019aportar.<\/p>\n\n\n\n<h2 class=\"wp-block-heading has-text-align-center has-medium-font-size\"><strong>\ud83d\udd39 Esquema de la petici\u00f3 del certificat per prejubilaci\u00f3 (ATRI)\ud83d\udd39<\/strong><\/h2>\n\n\n\n<div class=\"wp-block-group\"><div class=\"wp-block-group__inner-container is-layout-constrained wp-block-group-is-layout-constrained\">\n<p><strong>1\ufe0f\u20e3 Accedir a ATRI<\/strong><strong><br><\/strong> \ud83d\udc49 Expedient \u2192 Sol\u00b7licituds a Recursos Humans \u2192 Les meves sol\u00b7licituds \u2192 <strong>+ Nova sol\u00b7licitud<\/strong> (bot\u00f3 vermell).<\/p>\n\n\n\n<p><strong>2\ufe0f\u20e3 Seleccionar tipus de sol\u00b7licitud<\/strong><strong><br><\/strong> \ud83d\udcd1 \u201cCertificats\u201d \u2192 \u201cCertificat per consulta informativa pr\u00e8via jubilaci\u00f3 anticipada\u201d.<\/p>\n\n\n\n<p><strong>3\ufe0f\u20e3 Autoritzaci\u00f3<\/strong><\/p>\n\n\n\n<ul class=\"wp-block-list\">\n<li>Descarregar formulari \u2192 emplenar, signar i datar.<br><\/li>\n\n\n\n<li>Annexar-lo a la sol\u00b7licitud.<br><\/li>\n\n\n\n<li>Si NO autoritza \u2192 posar a observacions \u201cNO autoritzo\u201d (rebr\u00e0 certificat empresa per presentar directament a l\u2019INSS).<br><\/li>\n<\/ul>\n\n\n\n<p><strong>4\ufe0f\u20e3 Indicar data prevista<\/strong><strong><br><\/strong> \ud83d\udcc5 Casella \u201cProposta data efectes\u201d \u2192 posar data de la jubilaci\u00f3 anticipada.<br>\u2139\ufe0f L\u2019INSS considera l\u2019\u00faltim dia de servei actiu al CME com a data de jubilaci\u00f3.<\/p>\n\n\n\n<p><strong>5\ufe0f\u20e3 Documentaci\u00f3 extra<\/strong><strong><br><\/strong> \ud83d\udcc4 Annexar \u201cInformativo de Jubilaci\u00f3n\u201d (signat i datat).<br>\u260e\ufe0f Per dubtes: 93-300-22-96 extensi\u00f3 47795 (assegurar data actualitzada).<\/p>\n\n\n\n<p><strong>6\ufe0f\u20e3 Tramitaci\u00f3 interna<\/strong><strong><br><\/strong> \ud83d\udce4 Recursos Humans envia a l\u2019INSS:<\/p>\n\n\n\n<ul class=\"wp-block-list\">\n<li>Certificat provisional.<br><\/li>\n\n\n\n<li>Autoritzaci\u00f3.<br><\/li>\n\n\n\n<li>\u201cInformativo de Jubilaci\u00f3n\u201d.<\/li>\n<\/ul>\n\n\n\n<p><strong>7\ufe0f\u20e3 Resposta de l\u2019INSS<\/strong><strong><br><\/strong> \ud83d\udcec Arribar\u00e0 al domicili:<\/p>\n\n\n\n<ul class=\"wp-block-list\">\n<li><strong>Si afirmativa<\/strong> \u2192 sol\u00b7licitar per ATRI la jubilaci\u00f3 anticipada definitiva, annexant la resposta.<br><\/li>\n\n\n\n<li><strong>Si ja t\u00e9 resposta pr\u00e8via<\/strong> \u2192 reenviar-la per completar l\u2019expedient.<\/li>\n<\/ul>\n\n\n\n<p>\ud83d\udc49 <strong>diagrama de flux<\/strong> :<\/p>\n\n\n\n<ul class=\"wp-block-list\">\n<li>Entrada a ATRI (\ud83d\udda5\ufe0f) \u2192 Tipus de sol\u00b7licitud (\ud83d\udcd1) \u2192 Autoritzaci\u00f3 (\u270d\ufe0f) \u2192 Data (\ud83d\udcc5) \u2192 Informativo (\ud83d\udcc4) \u2192 Tramitaci\u00f3 interna (\ud83c\udfe2) \u2192 Resposta INSS (\ud83d\udcec).<\/li>\n<\/ul>\n<\/div><\/div>\n","protected":false},"excerpt":{"rendered":"<p>Petici\u00f3 del certificat per prejubilaci\u00f3 (ATRI) Des de CCOO Mossos us volem facilitar la gesti\u00f3 de la prejubilaci\u00f3. Sabem que el procediment pot generar dubtes i, per aix\u00f2, hem preparat &#8230; <a title=\"Jubilaci\u00f3\" class=\"read-more\" href=\"https:\/\/ccoo.app\/mossos\/jubilacio\/\" aria-label=\"M\u00e9s informaci\u00f3 sobre Jubilaci\u00f3\">Read more<\/a><\/p>\n","protected":false},"author":90331,"featured_media":0,"parent":0,"menu_order":0,"comment_status":"closed","ping_status":"closed","template":"","meta":{"footnotes":""},"class_list":["post-1273","page","type-page","status-publish"],"_links":{"self":[{"href":"https:\/\/ccoo.app\/mossos\/wp-json\/wp\/v2\/pages\/1273","targetHints":{"allow":["GET"]}}],"collection":[{"href":"https:\/\/ccoo.app\/mossos\/wp-json\/wp\/v2\/pages"}],"about":[{"href":"https:\/\/ccoo.app\/mossos\/wp-json\/wp\/v2\/types\/page"}],"author":[{"embeddable":true,"href":"https:\/\/ccoo.app\/mossos\/wp-json\/wp\/v2\/users\/90331"}],"replies":[{"embeddable":true,"href":"https:\/\/ccoo.app\/mossos\/wp-json\/wp\/v2\/comments?post=1273"}],"version-history":[{"count":3,"href":"https:\/\/ccoo.app\/mossos\/wp-json\/wp\/v2\/pages\/1273\/revisions"}],"predecessor-version":[{"id":3000,"href":"https:\/\/ccoo.app\/mossos\/wp-json\/wp\/v2\/pages\/1273\/revisions\/3000"}],"wp:attachment":[{"href":"https:\/\/ccoo.app\/mossos\/wp-json\/wp\/v2\/media?parent=1273"}],"curies":[{"name":"wp","href":"https:\/\/api.w.org\/{rel}","templated":true}]}}