{"id":1196,"date":"2020-11-25T10:57:05","date_gmt":"2020-11-25T09:57:05","guid":{"rendered":"https:\/\/ccoo.app\/mossos\/?page_id=1196"},"modified":"2025-09-01T17:10:30","modified_gmt":"2025-09-01T15:10:30","slug":"afiliacio","status":"publish","type":"page","link":"https:\/\/ccoo.app\/mossos\/afiliacio\/","title":{"rendered":"Afiliaci\u00f3"},"content":{"rendered":"\n<p class=\"has-white-color has-cyan-bluish-gray-background-color has-text-color has-background\" style=\"font-size:18px\"><strong>Afiliaci\u00f3 a CCOO Mossos d&#8217;Esquadra<\/strong><\/p>\n\n\n\n<p><strong>Vine amb nosaltres, amb&nbsp;tu&nbsp;serem m\u00e9s forts!<\/strong><\/p>\n\n\n\n<p>Si vols afiliar-te amb nosaltres, nom\u00e9s has de fer clic en l&#8217;enlla\u00e7 d&#8217;aquesta p\u00e0gina i emplenar les dades que es demanen i aviat rebreu una notificaci\u00f3 amb l&#8217;alta a la nostra organitzaci\u00f3, aix\u00ed com tots els beneficis que comporta.<\/p>\n\n\n\n<div class=\"wp-block-buttons is-layout-flex wp-block-buttons-is-layout-flex\">\n<div class=\"wp-block-button\"><a class=\"wp-block-button__link has-white-color has-vivid-cyan-blue-background-color has-text-color has-background wp-element-button\" href=\"https:\/\/afiliat.ccoo.cat\/\" target=\"_blank\" rel=\"noreferrer noopener\"><strong>Afiliat<\/strong> <strong>ara!<\/strong><\/a><\/div>\n<\/div>\n\n\n\n<figure class=\"wp-block-image size-large is-resized\"><img loading=\"lazy\" decoding=\"async\" width=\"1024\" height=\"517\" src=\"http:\/\/ccoo.app\/mossos\/wp-content\/blogs.dir\/6\/files\/sites\/234\/2020\/09\/imagen-mossos-2-1024x517.jpg\" alt=\"\" class=\"wp-image-768\" style=\"width:604px;height:auto\" srcset=\"https:\/\/ccoo.app\/mossos\/wp-content\/blogs.dir\/6\/files\/sites\/234\/2020\/09\/imagen-mossos-2-1024x517.jpg 1024w, https:\/\/ccoo.app\/mossos\/wp-content\/blogs.dir\/6\/files\/sites\/234\/2020\/09\/imagen-mossos-2-300x152.jpg 300w, https:\/\/ccoo.app\/mossos\/wp-content\/blogs.dir\/6\/files\/sites\/234\/2020\/09\/imagen-mossos-2-768x388.jpg 768w, https:\/\/ccoo.app\/mossos\/wp-content\/blogs.dir\/6\/files\/sites\/234\/2020\/09\/imagen-mossos-2-1536x776.jpg 1536w, https:\/\/ccoo.app\/mossos\/wp-content\/blogs.dir\/6\/files\/sites\/234\/2020\/09\/imagen-mossos-2.jpg 1800w\" sizes=\"auto, (max-width: 1024px) 100vw, 1024px\" \/><\/figure>\n\n\n\n<h2 class=\"wp-block-heading\">Asseguran\u00e7a professional<\/h2>\n\n\n\n<p>A m\u00e9s, CCOO t\u2019ofereix una&nbsp;<strong>asseguran\u00e7a amb descompte per a l\u2019afiliaci\u00f3<\/strong>&nbsp;amb la qual tindr\u00e0s una protecci\u00f3 afegida.<\/p>\n\n\n\n<p><strong>Principals cobertures:<\/strong><\/p>\n\n\n\n<ul class=\"wp-block-list\">\n<li>Subsidi compensatori de la retribuci\u00f3 neta deixada de percebre per la imposici\u00f3 d\u2019una sanci\u00f3.<\/li>\n\n\n\n<li>Defensa jur\u00eddica de la responsabilitat penal de l\u2019assegurat en processos judicials<\/li>\n\n\n\n<li>Reclamaci\u00f3 a tercers responsables<\/li>\n\n\n\n<li>Assessorament jur\u00eddic telef\u00f2nic<\/li>\n<\/ul>\n\n\n\n<p id=\"http:\/\/ccoo.app\/mossos\/wp-content\/blogs.dir\/6\/files\/sites\/234\/2025\/09\/full-afiliacio-EDIT_MOSS@S.pdf\">Pots descarregar aqu\u00ed la&nbsp;<a href=\"http:\/\/ccoo.app\/mossos\/wp-content\/blogs.dir\/6\/files\/sites\/234\/2025\/09\/full-afiliacio-EDIT_MOSS@S.pdf\"><strong>sol\u00b7licitud<\/strong><\/a>&nbsp;i enviar-la al correu electr\u00f2nic&nbsp;<strong>rogarcia@ccoo.cat<\/strong><\/p>\n\n\n\n<p><\/p>\n","protected":false},"excerpt":{"rendered":"<p>Afiliaci\u00f3 a CCOO Mossos d&#8217;Esquadra Vine amb nosaltres, amb&nbsp;tu&nbsp;serem m\u00e9s forts! Si vols afiliar-te amb nosaltres, nom\u00e9s has de fer clic en l&#8217;enlla\u00e7 d&#8217;aquesta p\u00e0gina i emplenar les dades que &#8230; <a title=\"Afiliaci\u00f3\" class=\"read-more\" href=\"https:\/\/ccoo.app\/mossos\/afiliacio\/\" aria-label=\"M\u00e9s informaci\u00f3 sobre Afiliaci\u00f3\">Read more<\/a><\/p>\n","protected":false},"author":90331,"featured_media":0,"parent":0,"menu_order":0,"comment_status":"closed","ping_status":"closed","template":"","meta":{"footnotes":""},"class_list":["post-1196","page","type-page","status-publish"],"_links":{"self":[{"href":"https:\/\/ccoo.app\/mossos\/wp-json\/wp\/v2\/pages\/1196","targetHints":{"allow":["GET"]}}],"collection":[{"href":"https:\/\/ccoo.app\/mossos\/wp-json\/wp\/v2\/pages"}],"about":[{"href":"https:\/\/ccoo.app\/mossos\/wp-json\/wp\/v2\/types\/page"}],"author":[{"embeddable":true,"href":"https:\/\/ccoo.app\/mossos\/wp-json\/wp\/v2\/users\/90331"}],"replies":[{"embeddable":true,"href":"https:\/\/ccoo.app\/mossos\/wp-json\/wp\/v2\/comments?post=1196"}],"version-history":[{"count":4,"href":"https:\/\/ccoo.app\/mossos\/wp-json\/wp\/v2\/pages\/1196\/revisions"}],"predecessor-version":[{"id":2948,"href":"https:\/\/ccoo.app\/mossos\/wp-json\/wp\/v2\/pages\/1196\/revisions\/2948"}],"wp:attachment":[{"href":"https:\/\/ccoo.app\/mossos\/wp-json\/wp\/v2\/media?parent=1196"}],"curies":[{"name":"wp","href":"https:\/\/api.w.org\/{rel}","templated":true}]}}