{"id":1166,"date":"2020-11-25T10:15:14","date_gmt":"2020-11-25T09:15:14","guid":{"rendered":"https:\/\/ccoo.app\/mossos\/?page_id=1166"},"modified":"2026-03-12T10:23:08","modified_gmt":"2026-03-12T09:23:08","slug":"formacio","status":"publish","type":"page","link":"https:\/\/ccoo.app\/mossos\/formacio\/","title":{"rendered":"Formaci\u00f3"},"content":{"rendered":"\n<p>Benvinguts i benvingudes, en aquest espai trobareu tota la oferta formativa que hem elaborat per tal que podeu adquirir el m\u00e0xim de coneixements, donar eines i adquirir recursos per poder desenvolupar la vostra tasca di\u00e0ria amb qualitat i seguretat.<br><\/p>\n\n\n\n<h2 class=\"wp-block-heading has-white-color has-cyan-bluish-gray-background-color has-text-color has-background has-medium-font-size\"><strong>Acad\u00e8mia ESPOL<\/strong><\/h2>\n\n\n\n<div class=\"wp-block-columns is-layout-flex wp-container-core-columns-is-layout-9d6595d7 wp-block-columns-is-layout-flex\">\n<div class=\"wp-block-column is-layout-flow wp-block-column-is-layout-flow\" style=\"flex-basis:33.33%\">\n<figure class=\"wp-block-image size-full\"><a href=\"https:\/\/www.academiaespol.com\/\" target=\"_blank\" rel=\" noreferrer noopener\"><img loading=\"lazy\" decoding=\"async\" width=\"825\" height=\"653\" src=\"http:\/\/ccoo.app\/mossos\/wp-content\/blogs.dir\/6\/files\/sites\/234\/2020\/11\/WhatsApp-Image-2020-10-23-at-13.23.11.jpeg\" alt=\"\" class=\"wp-image-971\" srcset=\"https:\/\/ccoo.app\/mossos\/wp-content\/blogs.dir\/6\/files\/sites\/234\/2020\/11\/WhatsApp-Image-2020-10-23-at-13.23.11.jpeg 825w, https:\/\/ccoo.app\/mossos\/wp-content\/blogs.dir\/6\/files\/sites\/234\/2020\/11\/WhatsApp-Image-2020-10-23-at-13.23.11-300x237.jpeg 300w, https:\/\/ccoo.app\/mossos\/wp-content\/blogs.dir\/6\/files\/sites\/234\/2020\/11\/WhatsApp-Image-2020-10-23-at-13.23.11-768x608.jpeg 768w\" sizes=\"auto, (max-width: 825px) 100vw, 825px\" \/><\/a><\/figure>\n<\/div>\n\n\n\n<div class=\"wp-block-column is-layout-flow wp-block-column-is-layout-flow\" style=\"flex-basis:66.66%\">\n<p>A CCOO oferim avantatges exclusius a l\u2019afiliaci\u00f3 de Mossos d&#8217;Esquadra tamb\u00e9 en l\u2019\u00e0mbit formatiu. Gr\u00e0cies a l\u2019acord amb Academia Espol, les persones afiliades poden accedir a <strong>descomptes en cursos de preparaci\u00f3 i formaci\u00f3 especialitzada<\/strong> orientada a la carrera professional dins del cos.<\/p>\n\n\n\n<p>Una oportunitat per <strong>millorar la preparaci\u00f3, afrontar processos selectius i continuar avan\u00e7ant professionalment<\/strong> amb condicions avantatjoses per a l\u2019afiliaci\u00f3.<\/p>\n<\/div>\n<\/div>\n\n\n\n<div class=\"wp-block-columns is-layout-flex wp-container-core-columns-is-layout-9d6595d7 wp-block-columns-is-layout-flex\">\n<div class=\"wp-block-column is-layout-flow wp-block-column-is-layout-flow\" style=\"flex-basis:33.33%\">\n<figure class=\"wp-block-image size-large\"><a href=\"https:\/\/www.academiaespol.com\/\" target=\"_blank\" rel=\" noreferrer noopener\"><img loading=\"lazy\" decoding=\"async\" width=\"683\" height=\"1024\" src=\"http:\/\/ccoo.app\/mossos\/wp-content\/blogs.dir\/6\/files\/sites\/234\/2026\/03\/espolgams-683x1024.jpeg\" alt=\"\" class=\"wp-image-6329\" srcset=\"https:\/\/ccoo.app\/mossos\/wp-content\/blogs.dir\/6\/files\/sites\/234\/2026\/03\/espolgams-683x1024.jpeg 683w, https:\/\/ccoo.app\/mossos\/wp-content\/blogs.dir\/6\/files\/sites\/234\/2026\/03\/espolgams-200x300.jpeg 200w, https:\/\/ccoo.app\/mossos\/wp-content\/blogs.dir\/6\/files\/sites\/234\/2026\/03\/espolgams-768x1152.jpeg 768w, https:\/\/ccoo.app\/mossos\/wp-content\/blogs.dir\/6\/files\/sites\/234\/2026\/03\/espolgams.jpeg 1024w\" sizes=\"auto, (max-width: 683px) 100vw, 683px\" \/><\/a><\/figure>\n<\/div>\n\n\n\n<div class=\"wp-block-column is-layout-flow wp-block-column-is-layout-flow\" style=\"flex-basis:66.66%\">\n<p><strong>Preparaci\u00f3 Oposici\u00f3 Cos Mossos d&#8217;Esquadra<\/strong><\/p>\n\n\n\n<ul class=\"wp-block-list\">\n<li>Classes online i presencials a Barcelona i Girona<\/li>\n\n\n\n<li>Plataforma en l\u00ednia i Aula virtual<\/li>\n\n\n\n<li>Simulacres d&#8217;examen i d&#8217;entrevista<\/li>\n\n\n\n<li>M\u00e9s de 1000 preguntes test per a practicar<\/li>\n\n\n\n<li>Tutories individuals<\/li>\n<\/ul>\n\n\n\n<p>Et preparem per a totes les proves del proc\u00e9s selectiu!<\/p>\n\n\n\n<div style=\"height:47px\" aria-hidden=\"true\" class=\"wp-block-spacer\"><\/div>\n\n\n\n<p><\/p>\n\n\n\n<div class=\"wp-block-buttons is-content-justification-left is-layout-flex wp-container-core-buttons-is-layout-fdcfc74e wp-block-buttons-is-layout-flex\">\n<div class=\"wp-block-button\"><a class=\"wp-block-button__link has-white-color has-vivid-cyan-blue-background-color has-text-color has-background wp-element-button\" href=\"http:\/\/www.academiaespol.com\/\" target=\"_blank\" rel=\"noreferrer noopener\">www.academiaespol.com<\/a><\/div>\n<\/div>\n<\/div>\n<\/div>\n\n\n\n<h2 class=\"wp-block-heading has-white-color has-cyan-bluish-gray-background-color has-text-color has-background has-medium-font-size\"><strong>Promocions GAMS<\/strong><\/h2>\n\n\n\n<div class=\"wp-block-columns is-layout-flex wp-container-core-columns-is-layout-9d6595d7 wp-block-columns-is-layout-flex\">\n<div class=\"wp-block-column is-layout-flow wp-block-column-is-layout-flow\" style=\"flex-basis:33.33%\">\n<figure class=\"wp-block-image size-full\"><a href=\"https:\/\/gams.es\/\" target=\"_blank\" rel=\" noreferrer noopener\"><img loading=\"lazy\" decoding=\"async\" width=\"851\" height=\"588\" src=\"https:\/\/ccoo.app\/mossos\/wp-content\/blogs.dir\/6\/files\/sites\/234\/2026\/03\/GAMS.png\" alt=\"\" class=\"wp-image-6341\" srcset=\"https:\/\/ccoo.app\/mossos\/wp-content\/blogs.dir\/6\/files\/sites\/234\/2026\/03\/GAMS.png 851w, https:\/\/ccoo.app\/mossos\/wp-content\/blogs.dir\/6\/files\/sites\/234\/2026\/03\/GAMS-300x207.png 300w, https:\/\/ccoo.app\/mossos\/wp-content\/blogs.dir\/6\/files\/sites\/234\/2026\/03\/GAMS-768x531.png 768w\" sizes=\"auto, (max-width: 851px) 100vw, 851px\" \/><\/a><\/figure>\n<\/div>\n\n\n\n<div class=\"wp-block-column is-layout-flow wp-block-column-is-layout-flow\" style=\"flex-basis:66.66%\">\n<p>A CCOO continuem ampliant els avantatges per a l\u2019afiliaci\u00f3 de Mossos d&#8217;Esquadra. Gr\u00e0cies a l\u2019acord amb GAMS Equipamiento Policial, les persones afiliades poden gaudir de <strong>descomptes en la compra d\u2019accessoris i equipament policial<\/strong>.<\/p>\n\n\n\n<p>Una oportunitat per adquirir <strong>material professional i especialitzat<\/strong> amb condicions avantatjoses per a l\u2019afiliaci\u00f3.<\/p>\n\n\n\n<div class=\"wp-block-buttons is-layout-flex wp-block-buttons-is-layout-flex\">\n<div class=\"wp-block-button\"><a class=\"wp-block-button__link has-white-color has-vivid-cyan-blue-background-color has-text-color has-background wp-element-button\" href=\"https:\/\/gams.es\/\" target=\"_blank\" rel=\"noreferrer noopener\">www.gams.es<\/a><\/div>\n<\/div>\n<\/div>\n<\/div>\n\n\n\n<p><\/p>\n","protected":false},"excerpt":{"rendered":"<p>Benvinguts i benvingudes, en aquest espai trobareu tota la oferta formativa que hem elaborat per tal que podeu adquirir el m\u00e0xim de coneixements, donar eines i adquirir recursos per poder &#8230; <a title=\"Formaci\u00f3\" class=\"read-more\" href=\"https:\/\/ccoo.app\/mossos\/formacio\/\" aria-label=\"M\u00e9s informaci\u00f3 sobre Formaci\u00f3\">Read more<\/a><\/p>\n","protected":false},"author":90331,"featured_media":0,"parent":0,"menu_order":0,"comment_status":"closed","ping_status":"closed","template":"","meta":{"footnotes":""},"class_list":["post-1166","page","type-page","status-publish"],"_links":{"self":[{"href":"https:\/\/ccoo.app\/mossos\/wp-json\/wp\/v2\/pages\/1166","targetHints":{"allow":["GET"]}}],"collection":[{"href":"https:\/\/ccoo.app\/mossos\/wp-json\/wp\/v2\/pages"}],"about":[{"href":"https:\/\/ccoo.app\/mossos\/wp-json\/wp\/v2\/types\/page"}],"author":[{"embeddable":true,"href":"https:\/\/ccoo.app\/mossos\/wp-json\/wp\/v2\/users\/90331"}],"replies":[{"embeddable":true,"href":"https:\/\/ccoo.app\/mossos\/wp-json\/wp\/v2\/comments?post=1166"}],"version-history":[{"count":5,"href":"https:\/\/ccoo.app\/mossos\/wp-json\/wp\/v2\/pages\/1166\/revisions"}],"predecessor-version":[{"id":6343,"href":"https:\/\/ccoo.app\/mossos\/wp-json\/wp\/v2\/pages\/1166\/revisions\/6343"}],"wp:attachment":[{"href":"https:\/\/ccoo.app\/mossos\/wp-json\/wp\/v2\/media?parent=1166"}],"curies":[{"name":"wp","href":"https:\/\/api.w.org\/{rel}","templated":true}]}}