{"id":25,"date":"2020-02-13T13:17:50","date_gmt":"2020-02-13T18:17:50","guid":{"rendered":"https:\/\/gpsites.co\/read\/?page_id=25"},"modified":"2024-02-15T16:42:48","modified_gmt":"2024-02-15T15:42:48","slug":"home","status":"publish","type":"page","link":"https:\/\/ccoo.app\/metro-barcelona\/","title":{"rendered":"Inicio"},"content":{"rendered":"\n<div class=\"wp-block-cover alignfull is-light is-style-default has-medium-font-size\" style=\"min-height:558px;aspect-ratio:unset;\" id=\"http:\/\/ccoo.app\/metro-barcelona\/wp-content\/blogs.dir\/6\/files\/sites\/178\/2021\/01\/imagen-prueba-entradas.jpg\"><span aria-hidden=\"true\" class=\"wp-block-cover__background has-background-dim-0 has-background-dim\"><\/span><img loading=\"lazy\" decoding=\"async\" width=\"828\" height=\"477\" class=\"wp-block-cover__image-background wp-image-5504\" alt=\"Foto Metro 01\" src=\"https:\/\/ccoo.app\/metro-barcelona\/wp-content\/blogs.dir\/6\/files\/sites\/198\/2023\/01\/foto-metro-01.png\" style=\"object-position:48% 70%\" data-object-fit=\"cover\" data-object-position=\"48% 70%\" srcset=\"https:\/\/ccoo.app\/metro-barcelona\/wp-content\/blogs.dir\/6\/files\/sites\/198\/2023\/01\/foto-metro-01.png 828w, https:\/\/ccoo.app\/metro-barcelona\/wp-content\/blogs.dir\/6\/files\/sites\/198\/2023\/01\/foto-metro-01-300x173.png 300w, https:\/\/ccoo.app\/metro-barcelona\/wp-content\/blogs.dir\/6\/files\/sites\/198\/2023\/01\/foto-metro-01-768x442.png 768w\" sizes=\"auto, (max-width: 828px) 100vw, 828px\" \/><div class=\"wp-block-cover__inner-container is-layout-flow wp-block-cover-is-layout-flow\">\n<div class=\"wp-block-cover\" style=\"min-height:300px;aspect-ratio:unset;\"><span aria-hidden=\"true\" class=\"wp-block-cover__background has-background-dim-0 has-background-dim\"><\/span><img decoding=\"async\" class=\"wp-block-cover__image-background wp-image-2343\" alt=\"\" src=\"http:\/\/ccoo.app\/wp-content\/blogs.dir\/6\/files\/2021\/01\/Elementos-CCOO-cabecera.png\" data-object-fit=\"cover\"\/><div class=\"wp-block-cover__inner-container is-layout-flow wp-block-cover-is-layout-flow\">\n<div class=\"wp-block-group\"><div class=\"wp-block-group__inner-container is-layout-flow wp-block-group-is-layout-flow\">\n<h1 class=\"wp-block-heading has-text-align-center has-black-color has-text-color\" id=\"seccion-sindical\" style=\"font-size:44px\"><\/h1>\n\n\n\n<div class=\"wp-block-columns is-layout-flex wp-container-core-columns-is-layout-9d6595d7 wp-block-columns-is-layout-flex\">\n<div class=\"wp-block-column is-layout-flow wp-block-column-is-layout-flow\" style=\"flex-basis:15%\"><\/div>\n\n\n\n<div class=\"wp-block-column is-layout-flow wp-block-column-is-layout-flow\" style=\"flex-basis:70%\"><\/div>\n\n\n\n<div class=\"wp-block-column is-layout-flow wp-block-column-is-layout-flow\" style=\"flex-basis:15%\"><\/div>\n<\/div>\n<\/div><\/div>\n<\/div><\/div>\n<\/div><\/div>\n\n\n\n<div style=\"height:42px\" aria-hidden=\"true\" class=\"wp-block-spacer\"><\/div>\n\n\n\n<div class=\"wp-block-columns is-layout-flex wp-container-core-columns-is-layout-9d6595d7 wp-block-columns-is-layout-flex\">\n<div class=\"wp-block-column is-layout-flow wp-block-column-is-layout-flow\"><div class=\"wp-block-image\">\n<figure class=\"aligncenter size-large\"><a href=\"https:\/\/ccoo.app\/metro-barcelona\/convenis\/\" target=\"_blank\" rel=\"noreferrer noopener\"><img decoding=\"async\" src=\"https:\/\/ccoo.app\/wp-content\/blogs.dir\/6\/files\/2021\/01\/ACUERDOS-Y-CONVENIOS.svg\" alt=\"\" class=\"wp-image-2351\"\/><\/a><\/figure>\n<\/div>\n\n\n<div style=\"height:25px\" aria-hidden=\"true\" class=\"wp-block-spacer\"><\/div>\n\n\n\n<h2 class=\"wp-block-heading has-text-align-center\" id=\"acuerdos-y-convenios\">Acords i Convenis<\/h2>\n\n\n\n<p>Consulta els convenis d&#8217;aplicaci\u00f3. Totes les actualitzacions i la informaci\u00f3 del teu conveni aqu\u00ed.<\/p>\n<\/div>\n\n\n\n<div class=\"wp-block-column is-layout-flow wp-block-column-is-layout-flow\"><div class=\"wp-block-image\">\n<figure class=\"aligncenter size-large\"><a href=\"https:\/\/ccoo.app\/metro-barcelona\/category\/permisos\/\"><img decoding=\"async\" src=\"https:\/\/ccoo.app\/wp-content\/blogs.dir\/6\/files\/2021\/01\/PERMISOS.svg\" alt=\"\" class=\"wp-image-2352\"\/><\/a><\/figure>\n<\/div>\n\n\n<div style=\"height:25px\" aria-hidden=\"true\" class=\"wp-block-spacer\"><\/div>\n\n\n\n<h2 class=\"wp-block-heading has-text-align-center\" id=\"permisos\">Permisos<\/h2>\n\n\n\n<p>Consulta tots els permisos que pots gaudir a metro Barcelona. Tota la informaci\u00f3 aqu\u00ed.<\/p>\n<\/div>\n\n\n\n<div class=\"wp-block-column is-layout-flow wp-block-column-is-layout-flow\"><div class=\"wp-block-image\">\n<figure class=\"aligncenter size-full\"><a href=\"https:\/\/www.ccoo.cat\/cursos-de-formacio\/\" target=\"_blank\" rel=\"noreferrer noopener\"><img decoding=\"async\" src=\"https:\/\/ccoo.app\/metro-barcelona\/wp-content\/blogs.dir\/6\/files\/sites\/198\/2023\/01\/svg-formacion_70.jpg\" alt=\"Svg Formacion 70\" class=\"wp-image-5508\"\/><\/a><\/figure>\n<\/div>\n\n\n<div style=\"height:25px\" aria-hidden=\"true\" class=\"wp-block-spacer\"><\/div>\n\n\n\n<h2 class=\"wp-block-heading has-text-align-center\" id=\"ayudas-sociales\">Formaci\u00f3<\/h2>\n\n\n\n<p>A CCOO podem ajudar-te a millorar la teva qualificaci\u00f3 professional. <\/p>\n<\/div>\n<\/div>\n\n\n\n<div class=\"wp-block-cover alignfull is-light\" style=\"min-height:380px;aspect-ratio:unset;\"><span aria-hidden=\"true\" class=\"wp-block-cover__background has-background-dim-0 has-background-dim\"><\/span><img decoding=\"async\" class=\"wp-block-cover__image-background wp-image-2356\" alt=\"\" src=\"https:\/\/ccoo.app\/wp-content\/blogs.dir\/6\/files\/2021\/01\/fond-hero.svg\" data-object-fit=\"cover\"\/><div class=\"wp-block-cover__inner-container is-layout-flow wp-block-cover-is-layout-flow\">\n<div class=\"wp-block-group\"><div class=\"wp-block-group__inner-container is-layout-flow wp-block-group-is-layout-flow\">\n<div class=\"wp-block-columns is-layout-flex wp-container-core-columns-is-layout-9d6595d7 wp-block-columns-is-layout-flex\">\n<div class=\"wp-block-column is-layout-flow wp-block-column-is-layout-flow\"><div class=\"wp-block-image\">\n<figure class=\"aligncenter size-large is-resized\"><img decoding=\"async\" src=\"https:\/\/ccoo.app\/wp-content\/blogs.dir\/6\/files\/2021\/01\/noticias-ccoo.jpg\" alt=\"\" class=\"wp-image-2358\" style=\"width:397px;height:313px\"\/><\/figure>\n<\/div><\/div>\n\n\n\n<div class=\"wp-block-column is-layout-flow wp-block-column-is-layout-flow\">\n<h2 class=\"wp-block-heading titulo-noticias has-black-color has-text-color\" id=\"descubre-nuestrasultimas-noticias\">Descobreix les <\/h2>\n\n\n\n<h2 class=\"wp-block-heading titulo-noticias has-black-color has-text-color\" id=\"descubre-nuestrasultimas-noticias\">\u00faltimes not\u00edcies<\/h2>\n\n\n\n<figure class=\"wp-block-image size-large is-resized barra-decoracion\"><img decoding=\"async\" src=\"https:\/\/ccoo.app\/wp-content\/blogs.dir\/6\/files\/2021\/01\/Rectangle-126.svg\" alt=\"\" class=\"wp-image-2357\" style=\"width:281px;height:6px\"\/><\/figure>\n\n\n\n<p class=\"has-black-color has-text-color\">Pots estar actualitzat de l&#8217;actualitat al nostre sector i la federaci\u00f3 de serveis a la ciutadania.<\/p>\n\n\n\n<div class=\"wp-block-buttons is-layout-flex wp-block-buttons-is-layout-flex\">\n<div class=\"wp-block-button\"><a class=\"wp-block-button__link has-white-color has-black-background-color has-text-color has-background no-border-radius wp-element-button\" href=\"https:\/\/www.ccoo.cat\/fsc\/noticies\/sector-ferroviari\" target=\"_blank\" rel=\"noreferrer noopener\">ACTUALITAT<\/a><\/div>\n<\/div>\n\n\n\n<p class=\"has-black-color has-text-color\"><br><\/p>\n<\/div>\n<\/div>\n<\/div><\/div>\n<\/div><\/div>\n\n\n\n<figure class=\"wp-block-image size-large\"><a href=\"https:\/\/www.ccoo.cat\/fsc\/noticies\/dret-a-viatjar-i-treballar-amb-seguretat\/\" target=\"_blank\" rel=\"noreferrer noopener\"><img loading=\"lazy\" decoding=\"async\" width=\"1024\" height=\"512\" src=\"https:\/\/ccoo.app\/metro-barcelona\/wp-content\/blogs.dir\/6\/files\/sites\/198\/2023\/01\/ferroviario-agresiones-catalunya-version-ciudadania-1024x512.png\" alt=\"Ferroviario Agresiones Catalunya Version Ciudadania\" class=\"wp-image-5519\" srcset=\"https:\/\/ccoo.app\/metro-barcelona\/wp-content\/blogs.dir\/6\/files\/sites\/198\/2023\/01\/ferroviario-agresiones-catalunya-version-ciudadania-1024x512.png 1024w, https:\/\/ccoo.app\/metro-barcelona\/wp-content\/blogs.dir\/6\/files\/sites\/198\/2023\/01\/ferroviario-agresiones-catalunya-version-ciudadania-300x150.png 300w, https:\/\/ccoo.app\/metro-barcelona\/wp-content\/blogs.dir\/6\/files\/sites\/198\/2023\/01\/ferroviario-agresiones-catalunya-version-ciudadania-768x384.png 768w, https:\/\/ccoo.app\/metro-barcelona\/wp-content\/blogs.dir\/6\/files\/sites\/198\/2023\/01\/ferroviario-agresiones-catalunya-version-ciudadania-1536x768.png 1536w, https:\/\/ccoo.app\/metro-barcelona\/wp-content\/blogs.dir\/6\/files\/sites\/198\/2023\/01\/ferroviario-agresiones-catalunya-version-ciudadania.png 2000w\" sizes=\"auto, (max-width: 1024px) 100vw, 1024px\" \/><\/a><\/figure>\n\n\n\n<div style=\"height:40px\" aria-hidden=\"true\" class=\"wp-block-spacer\"><\/div>\n\n\n\n<h2 class=\"wp-block-heading\">\u00daltimes entrades<\/h2>\n\n\n\n<div style=\"height:40px\" aria-hidden=\"true\" class=\"wp-block-spacer\"><\/div>\n\n\n<ul class=\"wp-block-latest-posts__list is-grid columns-3 has-dates wp-block-latest-posts\"><li><div class=\"wp-block-latest-posts__featured-image aligncenter\"><img loading=\"lazy\" decoding=\"async\" width=\"300\" height=\"200\" src=\"https:\/\/ccoo.app\/metro-barcelona\/wp-content\/blogs.dir\/6\/files\/sites\/198\/2024\/02\/paciente-dibujado-mano-plana-tomando-examen-medico_52683-56872-300x200.jpg\" class=\"attachment-medium size-medium wp-post-image\" alt=\"\" style=\"\" srcset=\"https:\/\/ccoo.app\/metro-barcelona\/wp-content\/blogs.dir\/6\/files\/sites\/198\/2024\/02\/paciente-dibujado-mano-plana-tomando-examen-medico_52683-56872-300x200.jpg 300w, https:\/\/ccoo.app\/metro-barcelona\/wp-content\/blogs.dir\/6\/files\/sites\/198\/2024\/02\/paciente-dibujado-mano-plana-tomando-examen-medico_52683-56872-768x512.jpg 768w, https:\/\/ccoo.app\/metro-barcelona\/wp-content\/blogs.dir\/6\/files\/sites\/198\/2024\/02\/paciente-dibujado-mano-plana-tomando-examen-medico_52683-56872.jpg 826w\" sizes=\"auto, (max-width: 300px) 100vw, 300px\" \/><\/div><a class=\"wp-block-latest-posts__post-title\" href=\"https:\/\/ccoo.app\/metro-barcelona\/la-direccion-vulnera-el-convenio-colectivo-y-recorta-en-derechos-a-la-plantilla\/\">La Direcci\u00f3n vulnera el convenio colectivo y recorta en derechos a la plantilla<\/a><time datetime=\"2025-10-03T12:00:00+02:00\" class=\"wp-block-latest-posts__post-date\">3 de octubre de 2025<\/time><\/li>\n<li><div class=\"wp-block-latest-posts__featured-image aligncenter\"><img loading=\"lazy\" decoding=\"async\" width=\"300\" height=\"264\" src=\"https:\/\/ccoo.app\/metro-barcelona\/wp-content\/blogs.dir\/6\/files\/sites\/198\/2018\/07\/metro-badalona-300x264.jpg\" class=\"attachment-medium size-medium wp-post-image\" alt=\"Metro Badalona\" style=\"\" srcset=\"https:\/\/ccoo.app\/metro-barcelona\/wp-content\/blogs.dir\/6\/files\/sites\/198\/2018\/07\/metro-badalona-300x264.jpg 300w, https:\/\/ccoo.app\/metro-barcelona\/wp-content\/blogs.dir\/6\/files\/sites\/198\/2018\/07\/metro-badalona.jpg 625w\" sizes=\"auto, (max-width: 300px) 100vw, 300px\" \/><\/div><a class=\"wp-block-latest-posts__post-title\" href=\"https:\/\/ccoo.app\/metro-barcelona\/negociacion-colectivos-aac-y-tola\/\">Negociaci\u00f3n colectivos AAC y TOLA<\/a><time datetime=\"2025-09-12T16:14:55+02:00\" class=\"wp-block-latest-posts__post-date\">12 de septiembre de 2025<\/time><\/li>\n<li><div class=\"wp-block-latest-posts__featured-image aligncenter\"><img loading=\"lazy\" decoding=\"async\" width=\"300\" height=\"240\" src=\"https:\/\/ccoo.app\/metro-barcelona\/wp-content\/blogs.dir\/6\/files\/sites\/198\/2017\/09\/sello-comite-300x240.jpg\" class=\"attachment-medium size-medium wp-post-image\" alt=\"Sello Comite\" style=\"\" srcset=\"https:\/\/ccoo.app\/metro-barcelona\/wp-content\/blogs.dir\/6\/files\/sites\/198\/2017\/09\/sello-comite-300x240.jpg 300w, https:\/\/ccoo.app\/metro-barcelona\/wp-content\/blogs.dir\/6\/files\/sites\/198\/2017\/09\/sello-comite.jpg 369w\" sizes=\"auto, (max-width: 300px) 100vw, 300px\" \/><\/div><a class=\"wp-block-latest-posts__post-title\" href=\"https:\/\/ccoo.app\/metro-barcelona\/comite-dempresa-05-09-2025\/\">Comit\u00e8 d&#8217;Empresa 04\/09\/2025<\/a><time datetime=\"2025-09-05T11:36:11+02:00\" class=\"wp-block-latest-posts__post-date\">5 de septiembre de 2025<\/time><\/li>\n<li><div class=\"wp-block-latest-posts__featured-image aligncenter\"><img loading=\"lazy\" decoding=\"async\" width=\"300\" height=\"240\" src=\"https:\/\/ccoo.app\/metro-barcelona\/wp-content\/blogs.dir\/6\/files\/sites\/198\/2017\/09\/sello-comite-300x240.jpg\" class=\"attachment-medium size-medium wp-post-image\" alt=\"Sello Comite\" style=\"\" srcset=\"https:\/\/ccoo.app\/metro-barcelona\/wp-content\/blogs.dir\/6\/files\/sites\/198\/2017\/09\/sello-comite-300x240.jpg 300w, https:\/\/ccoo.app\/metro-barcelona\/wp-content\/blogs.dir\/6\/files\/sites\/198\/2017\/09\/sello-comite.jpg 369w\" sizes=\"auto, (max-width: 300px) 100vw, 300px\" \/><\/div><a class=\"wp-block-latest-posts__post-title\" href=\"https:\/\/ccoo.app\/metro-barcelona\/comite-dempresa-28-08-2025\/\">Comit\u00e8 d&#8217;Empresa 28\/08\/2025<\/a><time datetime=\"2025-08-28T11:31:28+02:00\" class=\"wp-block-latest-posts__post-date\">28 de agosto de 2025<\/time><\/li>\n<li><div class=\"wp-block-latest-posts__featured-image aligncenter\"><img loading=\"lazy\" decoding=\"async\" width=\"300\" height=\"240\" src=\"https:\/\/ccoo.app\/metro-barcelona\/wp-content\/blogs.dir\/6\/files\/sites\/198\/2017\/09\/sello-comite-300x240.jpg\" class=\"attachment-medium size-medium wp-post-image\" alt=\"Sello Comite\" style=\"\" srcset=\"https:\/\/ccoo.app\/metro-barcelona\/wp-content\/blogs.dir\/6\/files\/sites\/198\/2017\/09\/sello-comite-300x240.jpg 300w, https:\/\/ccoo.app\/metro-barcelona\/wp-content\/blogs.dir\/6\/files\/sites\/198\/2017\/09\/sello-comite.jpg 369w\" sizes=\"auto, (max-width: 300px) 100vw, 300px\" \/><\/div><a class=\"wp-block-latest-posts__post-title\" href=\"https:\/\/ccoo.app\/metro-barcelona\/comite-dempresa-21-08-2025\/\">Comit\u00e8 d&#8217;Empresa 21\/08\/2025<\/a><time datetime=\"2025-08-21T11:29:35+02:00\" class=\"wp-block-latest-posts__post-date\">21 de agosto de 2025<\/time><\/li>\n<li><div class=\"wp-block-latest-posts__featured-image aligncenter\"><img loading=\"lazy\" decoding=\"async\" width=\"300\" height=\"240\" src=\"https:\/\/ccoo.app\/metro-barcelona\/wp-content\/blogs.dir\/6\/files\/sites\/198\/2017\/09\/sello-comite-300x240.jpg\" class=\"attachment-medium size-medium wp-post-image\" alt=\"Sello Comite\" style=\"\" srcset=\"https:\/\/ccoo.app\/metro-barcelona\/wp-content\/blogs.dir\/6\/files\/sites\/198\/2017\/09\/sello-comite-300x240.jpg 300w, https:\/\/ccoo.app\/metro-barcelona\/wp-content\/blogs.dir\/6\/files\/sites\/198\/2017\/09\/sello-comite.jpg 369w\" sizes=\"auto, (max-width: 300px) 100vw, 300px\" \/><\/div><a class=\"wp-block-latest-posts__post-title\" href=\"https:\/\/ccoo.app\/metro-barcelona\/comite-dempresa-14-08-2025\/\">Comit\u00e8 d&#8217;Empresa 14\/08\/2025<\/a><time datetime=\"2025-08-14T11:27:08+02:00\" class=\"wp-block-latest-posts__post-date\">14 de agosto de 2025<\/time><\/li>\n<\/ul>","protected":false},"excerpt":{"rendered":"<p>Acords i Convenis Consulta els convenis d&#8217;aplicaci\u00f3. Totes les actualitzacions i la informaci\u00f3 del teu conveni aqu\u00ed. Permisos Consulta tots els permisos que pots gaudir a metro Barcelona. Tota la &#8230; <a title=\"Inicio\" class=\"read-more\" href=\"https:\/\/ccoo.app\/metro-barcelona\/\" aria-label=\"Leer m\u00e1s sobre Inicio\">Leer m\u00e1s<\/a><\/p>\n","protected":false},"author":6,"featured_media":0,"parent":0,"menu_order":0,"comment_status":"closed","ping_status":"closed","template":"","meta":{"footnotes":""},"class_list":["post-25","page","type-page","status-publish"],"_links":{"self":[{"href":"https:\/\/ccoo.app\/metro-barcelona\/wp-json\/wp\/v2\/pages\/25","targetHints":{"allow":["GET"]}}],"collection":[{"href":"https:\/\/ccoo.app\/metro-barcelona\/wp-json\/wp\/v2\/pages"}],"about":[{"href":"https:\/\/ccoo.app\/metro-barcelona\/wp-json\/wp\/v2\/types\/page"}],"author":[{"embeddable":true,"href":"https:\/\/ccoo.app\/metro-barcelona\/wp-json\/wp\/v2\/users\/6"}],"replies":[{"embeddable":true,"href":"https:\/\/ccoo.app\/metro-barcelona\/wp-json\/wp\/v2\/comments?post=25"}],"version-history":[{"count":4,"href":"https:\/\/ccoo.app\/metro-barcelona\/wp-json\/wp\/v2\/pages\/25\/revisions"}],"predecessor-version":[{"id":5577,"href":"https:\/\/ccoo.app\/metro-barcelona\/wp-json\/wp\/v2\/pages\/25\/revisions\/5577"}],"wp:attachment":[{"href":"https:\/\/ccoo.app\/metro-barcelona\/wp-json\/wp\/v2\/media?parent=25"}],"curies":[{"name":"wp","href":"https:\/\/api.w.org\/{rel}","templated":true}]}}