{"id":611,"date":"2018-12-12T18:22:57","date_gmt":"2018-12-12T17:22:57","guid":{"rendered":"http:\/\/ccoo.app\/mar\/?page_id=611"},"modified":"2018-12-12T18:22:57","modified_gmt":"2018-12-12T17:22:57","slug":"sector-mar-qui-som","status":"publish","type":"page","link":"https:\/\/ccoo.app\/mar\/sector-mar-qui-som\/","title":{"rendered":"Qui som"},"content":{"rendered":"<h2><strong>ACTIU SINDICAL DEL SECTOR MAR<\/strong><\/h2>\n<p>Est\u00e0 format per un grup c\u00e0lid de persones que provenen de les\u00a0 diferents \u00e0rees que formen el sector.<\/p>\n<p><img loading=\"lazy\" decoding=\"async\" class=\"wp-image-614 alignleft\" src=\"https:\/\/ccoo.app\/mar\/wp-content\/blogs.dir\/6\/files\/sites\/231\/2018\/12\/Cristina-200x300.jpg\" alt=\"Cristina Lopez CCOO\" width=\"142\" height=\"213\" srcset=\"https:\/\/ccoo.app\/mar\/wp-content\/blogs.dir\/6\/files\/sites\/231\/2018\/12\/Cristina-200x300.jpg 200w, https:\/\/ccoo.app\/mar\/wp-content\/blogs.dir\/6\/files\/sites\/231\/2018\/12\/Cristina-683x1024.jpg 683w, https:\/\/ccoo.app\/mar\/wp-content\/blogs.dir\/6\/files\/sites\/231\/2018\/12\/Cristina-768x1152.jpg 768w, https:\/\/ccoo.app\/mar\/wp-content\/blogs.dir\/6\/files\/sites\/231\/2018\/12\/Cristina-1024x1536.jpg 1024w, https:\/\/ccoo.app\/mar\/wp-content\/blogs.dir\/6\/files\/sites\/231\/2018\/12\/Cristina.jpg 1067w\" sizes=\"auto, (max-width: 142px) 100vw, 142px\" \/><\/p>\n<p><strong><span style=\"font-size: 14pt\">Cristina L\u00f3pez G\u00f3mez<\/span><\/strong><\/p>\n<p><em>Coordinadora del Sector del Mar<\/em><\/p>\n<p><em>La Cristina, de l&#8217;Autoritat Portu\u00e0ria de Barcelona, porta a l&#8217;actiu sindical m\u00e9s de quinze anys. \u00c9s la Coordinadora del sector des de l&#8217;any 2021, a m\u00e9s, \u00e9s l&#8217;encarregada de l&#8217;\u00e0rea d&#8217;Organitzaci\u00f3 i Finances del Sector del Mar desenvolupant tasques d&#8217;organitzaci\u00f3 i gesti\u00f3 en l&#8217;\u00e0mbit intern. Tamb\u00e9 s&#8217;encarrega d&#8217;oferir assessorament a totes les \u00e0rees i empreses del Sector.<\/em><\/p>\n<p>\u00a0<\/p>\n<p><img loading=\"lazy\" decoding=\"async\" class=\"wp-image-617 alignleft\" src=\"https:\/\/ccoo.app\/mar\/wp-content\/blogs.dir\/6\/files\/sites\/231\/2018\/12\/Exposito-225x300.jpg\" alt=\"\" width=\"140\" height=\"186\" srcset=\"https:\/\/ccoo.app\/mar\/wp-content\/blogs.dir\/6\/files\/sites\/231\/2018\/12\/Exposito-225x300.jpg 225w, https:\/\/ccoo.app\/mar\/wp-content\/blogs.dir\/6\/files\/sites\/231\/2018\/12\/Exposito-767x1024.jpg 767w, https:\/\/ccoo.app\/mar\/wp-content\/blogs.dir\/6\/files\/sites\/231\/2018\/12\/Exposito-768x1025.jpg 768w, https:\/\/ccoo.app\/mar\/wp-content\/blogs.dir\/6\/files\/sites\/231\/2018\/12\/Exposito-1151x1536.jpg 1151w, https:\/\/ccoo.app\/mar\/wp-content\/blogs.dir\/6\/files\/sites\/231\/2018\/12\/Exposito.jpg 1199w\" sizes=\"auto, (max-width: 140px) 100vw, 140px\" \/><strong style=\"font-size: inherit\"><span style=\"font-size: 14pt\">Manuel Exp\u00f3sito Berm\u00fadez<\/span><\/strong><\/p>\n<p><em>Transit\u00e0ries i Formaci\u00f3.<\/em><\/p>\n<p><em>El Manuel porta al sector del Mar des de l&#8217;any 2012. Quan va arribar de la seva empresa <span class=\"hiddenSpellError\">RHENUS<\/span>\u00a0<span class=\"hiddenSpellError\">LOGISTICS<\/span>, es dedica a les tasques d&#8217;assessorament en l&#8217;\u00e0mbit de les empreses transit\u00e0ries. Col\u00b7labora tamb\u00e9 amb l&#8217;actiu sindical en tasques relacionades<\/em> amb formaci\u00f3.<\/p>\n<p>\u00a0<\/p>\n<p><img loading=\"lazy\" decoding=\"async\" class=\"wp-image-619 alignleft\" src=\"https:\/\/ccoo.app\/mar\/wp-content\/blogs.dir\/6\/files\/sites\/231\/2018\/12\/Javier-219x300.png\" alt=\"sector mar CCOO\" width=\"139\" height=\"191\" srcset=\"https:\/\/ccoo.app\/mar\/wp-content\/blogs.dir\/6\/files\/sites\/231\/2018\/12\/Javier-219x300.png 219w, https:\/\/ccoo.app\/mar\/wp-content\/blogs.dir\/6\/files\/sites\/231\/2018\/12\/Javier.png 601w\" sizes=\"auto, (max-width: 139px) 100vw, 139px\" \/><\/p>\n<p><strong>Javier\u00a0 Barcala Alegre<\/strong><\/p>\n<p><em>Pesca i col\u00b7laborador FSC Tarragona<\/em><\/p>\n<p><em>En\u00a0<span class=\"hiddenSpellError\">Javier<\/span>\u00a0provinent del m\u00f3n del mar, amb molts anys d&#8217;experi\u00e8ncia,\u00a0\u00e9s l&#8217;especialista en pesca.\u00a0Se&#8217;n\u00a0ocupa al 100% de totes les tasques sindicals relacionades amb aquest sector fent a\u00a0m\u00e9s\u00a0a\u00a0m\u00e9s\u00a0suport\u00a0sindical a la\u00a0<span class=\"hiddenSpellError\">FSC<\/span> de Tarragona.\u00a0<\/em><\/p>\n<p>\u00a0<\/p>\n<p><strong><img loading=\"lazy\" decoding=\"async\" class=\" wp-image-622 alignleft\" src=\"https:\/\/ccoo.app\/mar\/wp-content\/blogs.dir\/6\/files\/sites\/231\/2018\/12\/Soraya-199x300.jpg\" alt=\"\" width=\"141\" height=\"213\" srcset=\"https:\/\/ccoo.app\/mar\/wp-content\/blogs.dir\/6\/files\/sites\/231\/2018\/12\/Soraya-199x300.jpg 199w, https:\/\/ccoo.app\/mar\/wp-content\/blogs.dir\/6\/files\/sites\/231\/2018\/12\/Soraya-679x1024.jpg 679w, https:\/\/ccoo.app\/mar\/wp-content\/blogs.dir\/6\/files\/sites\/231\/2018\/12\/Soraya-768x1159.jpg 768w, https:\/\/ccoo.app\/mar\/wp-content\/blogs.dir\/6\/files\/sites\/231\/2018\/12\/Soraya-1018x1536.jpg 1018w, https:\/\/ccoo.app\/mar\/wp-content\/blogs.dir\/6\/files\/sites\/231\/2018\/12\/Soraya-1358x2048.jpg 1358w, https:\/\/ccoo.app\/mar\/wp-content\/blogs.dir\/6\/files\/sites\/231\/2018\/12\/Soraya-scaled.jpg 1697w\" sizes=\"auto, (max-width: 141px) 100vw, 141px\" \/><\/strong><\/p>\n<p><strong>Soraya D\u00edaz Sold\u00e1n<\/strong><\/p>\n<p><em>Responsable de Ports.<\/em><\/p>\n<p><em>Dins del sector tamb\u00e9 comptem amb la\u00a0<span class=\"hiddenSpellError\">Soraya<\/span>, Presidenta del Comit\u00e8 d&#8217;Empresa de L&#8217;Autoritat Portu\u00e0ria de Barcelona, a m\u00e9s a m\u00e9s forma part de la Secci\u00f3 Sindical <span class=\"hiddenSpellError\">Intercentres<\/span>\u00a0en l&#8217;\u00e0mbit estatal i<\/em> \u00e9s <em>membre\u00a0 de la taula negociadora del conveni col\u00b7lectiu de Ports de l&#8217;Estat i Autoritats Portu\u00e0ries.\u00a0<\/em><\/p>\n<p>\u00a0<\/p>\n<p><strong><img loading=\"lazy\" decoding=\"async\" class=\"wp-image-623 alignleft\" src=\"https:\/\/ccoo.app\/mar\/wp-content\/blogs.dir\/6\/files\/sites\/231\/2018\/12\/Aitzibar-198x300.jpg\" alt=\"\" width=\"144\" height=\"219\" srcset=\"https:\/\/ccoo.app\/mar\/wp-content\/blogs.dir\/6\/files\/sites\/231\/2018\/12\/Aitzibar-198x300.jpg 198w, https:\/\/ccoo.app\/mar\/wp-content\/blogs.dir\/6\/files\/sites\/231\/2018\/12\/Aitzibar-675x1024.jpg 675w, https:\/\/ccoo.app\/mar\/wp-content\/blogs.dir\/6\/files\/sites\/231\/2018\/12\/Aitzibar-768x1165.jpg 768w, https:\/\/ccoo.app\/mar\/wp-content\/blogs.dir\/6\/files\/sites\/231\/2018\/12\/Aitzibar.jpg 998w\" sizes=\"auto, (max-width: 144px) 100vw, 144px\" \/><\/strong><\/p>\n<p><strong>Aitziber Os\u00e9s L\u00f3pez<\/strong><\/p>\n<p><em>Col\u00b7laboradora comissi\u00f3 coordinadora i Salut Laboral <span class=\"hiddenSpellError\">FSC<\/span><\/em><\/p>\n<p><em>L&#8217;<span class=\"hiddenSpellError\">Aitziber<\/span>\u00a0arriba al sector l&#8217;any 2017 provinent de la\u00a0consignat\u00e0ria\u00a0CMA-CGM\u00a0<span class=\"hiddenSpellError\">SPAIN<\/span>, \u00e9s l&#8217;encarregada dels assessoraments relacionats en l&#8217;\u00e0mbit de la Salut laboral.<\/em><\/p>\n<p>\u00a0<\/p>\n<h4 style=\"text-align: left\"><span style=\"color: #333333\">Adri\u00e1n Aben\u00f3jar Rubio<\/span><strong><img loading=\"lazy\" decoding=\"async\" class=\"wp-image-845 alignleft\" src=\"https:\/\/ccoo.app\/mar\/wp-content\/blogs.dir\/6\/files\/sites\/231\/2021\/04\/adrian-CCOO-1-196x300.jpg\" alt=\"\" width=\"149\" height=\"228\" srcset=\"https:\/\/ccoo.app\/mar\/wp-content\/blogs.dir\/6\/files\/sites\/231\/2021\/04\/adrian-CCOO-1-196x300.jpg 196w, https:\/\/ccoo.app\/mar\/wp-content\/blogs.dir\/6\/files\/sites\/231\/2021\/04\/adrian-CCOO-1-668x1024.jpg 668w, https:\/\/ccoo.app\/mar\/wp-content\/blogs.dir\/6\/files\/sites\/231\/2021\/04\/adrian-CCOO-1-768x1178.jpg 768w, https:\/\/ccoo.app\/mar\/wp-content\/blogs.dir\/6\/files\/sites\/231\/2021\/04\/adrian-CCOO-1.jpg 910w\" sizes=\"auto, (max-width: 149px) 100vw, 149px\" \/><\/strong><\/h4>\n<p><span style=\"color: #000000\"><span style=\"color: #000000\"><i>Consignat\u00e0ries<\/i><\/span><em style=\"color: #000000\"> i xarxes socials.\u00a0<\/em><\/span><\/p>\n<p><em>L&#8217;Adri\u00e0 arriba al sector des del grup NOATUM, a l&#8217;any 2021. La seva funci\u00f3 es la col\u00b7laboraci\u00f3 a les empreses consignat\u00e0ries\u00a0i la gesti\u00f3 de xarxes socials.<\/em><\/p>\n<pre id=\"tw-target-text\" class=\"tw-data-text tw-text-large XcVN5d tw-ta\" data-placeholder=\"Traducci\u00f3n\">\u00a0<\/pre>\n<p>\u00a0<\/p>\n\n","protected":false},"excerpt":{"rendered":"<p>ACTIU SINDICAL DEL SECTOR MAR Est\u00e0 format per un grup c\u00e0lid de persones que provenen de les\u00a0 diferents \u00e0rees que formen el sector. Cristina L\u00f3pez G\u00f3mez Coordinadora del Sector del &#8230; <a title=\"Qui som\" class=\"read-more\" href=\"https:\/\/ccoo.app\/mar\/sector-mar-qui-som\/\" aria-label=\"M\u00e9s informaci\u00f3 sobre Qui som\">Read more<\/a><\/p>\n","protected":false},"author":90331,"featured_media":0,"parent":0,"menu_order":0,"comment_status":"closed","ping_status":"closed","template":"","meta":{"footnotes":""},"class_list":["post-611","page","type-page","status-publish"],"_links":{"self":[{"href":"https:\/\/ccoo.app\/mar\/wp-json\/wp\/v2\/pages\/611","targetHints":{"allow":["GET"]}}],"collection":[{"href":"https:\/\/ccoo.app\/mar\/wp-json\/wp\/v2\/pages"}],"about":[{"href":"https:\/\/ccoo.app\/mar\/wp-json\/wp\/v2\/types\/page"}],"author":[{"embeddable":true,"href":"https:\/\/ccoo.app\/mar\/wp-json\/wp\/v2\/users\/90331"}],"replies":[{"embeddable":true,"href":"https:\/\/ccoo.app\/mar\/wp-json\/wp\/v2\/comments?post=611"}],"version-history":[{"count":0,"href":"https:\/\/ccoo.app\/mar\/wp-json\/wp\/v2\/pages\/611\/revisions"}],"wp:attachment":[{"href":"https:\/\/ccoo.app\/mar\/wp-json\/wp\/v2\/media?parent=611"}],"curies":[{"name":"wp","href":"https:\/\/api.w.org\/{rel}","templated":true}]}}