{"id":76,"date":"2015-12-08T17:57:13","date_gmt":"2015-12-08T16:57:13","guid":{"rendered":"http:\/\/pg-montornes.ccoo.cat\/?page_id=76"},"modified":"2015-12-08T17:57:13","modified_gmt":"2015-12-08T16:57:13","slug":"inicio","status":"publish","type":"page","link":"https:\/\/ccoo.app\/kellogg\/inicio\/","title":{"rendered":"Inicio"},"content":{"rendered":"\n<p><\/p>\n\n\n\n<p>Trabajadores y trabajadoras, y especialmente Afiliados y Afiliadas a&nbsp;CCOO de Catalunya, os damos &nbsp;la bienvenida a nuestra web, con informaci\u00f3n&nbsp;de vuestro&nbsp;inter\u00e9s y de la forma m\u00e1s \u00fatil.<\/p>\n\n\n\n<hr class=\"wp-block-separator has-css-opacity\" \/>\n\n\n\n<div class=\"wp-block-group alignfull\"><div class=\"wp-block-group__inner-container is-layout-flow wp-block-group-is-layout-flow\">\n<div class=\"wp-block-atomic-blocks-ab-container ab-block-container\"><div class=\"ab-container-inside\"><div class=\"ab-container-content\"><\/div><\/div><\/div>\n<\/div><\/div>\n\n\n\n<div class=\"wp-block-columns is-layout-flex wp-container-core-columns-is-layout-9d6595d7 wp-block-columns-is-layout-flex\">\n<div class=\"wp-block-column is-layout-flow wp-block-column-is-layout-flow\"><\/div>\n<\/div>\n\n\n\n<figure class=\"wp-block-image size-large\"><img loading=\"lazy\" decoding=\"async\" width=\"1024\" height=\"768\" src=\"http:\/\/ccoo.app\/kellogg\/wp-content\/blogs.dir\/6\/files\/sites\/230\/2018\/03\/concentracion-8m-1024x768.jpg\" alt=\"\" class=\"wp-image-515\" srcset=\"https:\/\/ccoo.app\/kellogg\/wp-content\/blogs.dir\/6\/files\/sites\/230\/2018\/03\/concentracion-8m-1024x768.jpg 1024w, https:\/\/ccoo.app\/kellogg\/wp-content\/blogs.dir\/6\/files\/sites\/230\/2018\/03\/concentracion-8m-300x225.jpg 300w, https:\/\/ccoo.app\/kellogg\/wp-content\/blogs.dir\/6\/files\/sites\/230\/2018\/03\/concentracion-8m-768x576.jpg 768w, https:\/\/ccoo.app\/kellogg\/wp-content\/blogs.dir\/6\/files\/sites\/230\/2018\/03\/concentracion-8m.jpg 1280w\" sizes=\"auto, (max-width: 1024px) 100vw, 1024px\" \/><\/figure>\n\n\n\n<div class=\"wp-block-columns is-layout-flex wp-container-core-columns-is-layout-9d6595d7 wp-block-columns-is-layout-flex\">\n<div class=\"wp-block-column is-layout-flow wp-block-column-is-layout-flow\">\n<div style=\"color:#32373c;background-color:#00d1b2\" class=\"wp-block-atomic-blocks-ab-notice ab-font-size-18 ab-block-notice\" data-id=\"eeba5c\"><div class=\"ab-notice-title\" style=\"color:#fff\"><p>Convenio colectivo 2022-2025<\/p><\/div><div class=\"ab-notice-text\" style=\"border-color:#00d1b2\"><p><a href=\"\/convenio-2022-2025\/\" data-type=\"URL\" data-id=\"\/convenio-2019-2021\/\">Convenio colectivo Kellogg<\/a><\/p><\/div><\/div>\n<\/div>\n\n\n\n<div class=\"wp-block-column is-layout-flow wp-block-column-is-layout-flow\">\n<div style=\"color:#32373c;background-color:#00d1b2\" class=\"wp-block-atomic-blocks-ab-notice ab-font-size-18 ab-block-notice\" data-id=\"5df57d\"><div class=\"ab-notice-title\" style=\"color:#fff\"><p>Calendarios<\/p><\/div><div class=\"ab-notice-text\" style=\"border-color:#00d1b2\"><p><a href=\"https:\/\/ccoo.app\/kellogg\/calendarios-2025\/\" data-type=\"URL\" data-id=\"https:\/\/ccoo.app\/kellogg\/calendarios-2025\/\">Descarga los calendarios 2025<\/a><\/p><\/div><\/div>\n<\/div>\n<\/div>\n\n\n\n<hr class=\"wp-block-separator has-css-opacity\" \/>\n\n\n\n<div class=\"wp-block-columns is-layout-flex wp-container-core-columns-is-layout-9d6595d7 wp-block-columns-is-layout-flex\">\n<div class=\"wp-block-column is-layout-flow wp-block-column-is-layout-flow\">\n<div style=\"color:#32373c;background-color:#00d1b2\" class=\"wp-block-atomic-blocks-ab-notice ab-font-size-18 ab-block-notice\" data-id=\"3f3f67\"><div class=\"ab-notice-title\" style=\"color:#fff\"><p>Resumen de permisos<\/p><\/div><div class=\"ab-notice-text\" style=\"border-color:#00d1b2\"><p><a href=\"\/resumen-de-permisos-kellogg\/\" data-type=\"URL\" data-id=\"\/resumen-de-permisos-kellogg\/\">Permisos Kellogg<\/a><\/p><\/div><\/div>\n<\/div>\n\n\n\n<div class=\"wp-block-column is-layout-flow wp-block-column-is-layout-flow\">\n<div style=\"color:#32373c;background-color:#00d1b2\" class=\"wp-block-atomic-blocks-ab-notice ab-font-size-18 ab-block-notice\" data-id=\"5321dc\"><div class=\"ab-notice-title\" style=\"color:#fff\"><p>Formularios<\/p><\/div><div class=\"ab-notice-text\" style=\"border-color:#00d1b2\"><p><a href=\"\/category\/formularios\/\" data-type=\"URL\" data-id=\"\/category\/formularios\/\">Formularios comunes<\/a><\/p><\/div><\/div>\n<\/div>\n<\/div>\n","protected":false},"excerpt":{"rendered":"<p>Trabajadores y trabajadoras, y especialmente Afiliados y Afiliadas a&nbsp;CCOO de Catalunya, os damos &nbsp;la bienvenida a nuestra web, con informaci\u00f3n&nbsp;de vuestro&nbsp;inter\u00e9s y de la forma m\u00e1s \u00fatil.<\/p>\n","protected":false},"author":10,"featured_media":0,"parent":0,"menu_order":0,"comment_status":"closed","ping_status":"closed","template":"","meta":{"footnotes":""},"class_list":["post-76","page","type-page","status-publish"],"_links":{"self":[{"href":"https:\/\/ccoo.app\/kellogg\/wp-json\/wp\/v2\/pages\/76","targetHints":{"allow":["GET"]}}],"collection":[{"href":"https:\/\/ccoo.app\/kellogg\/wp-json\/wp\/v2\/pages"}],"about":[{"href":"https:\/\/ccoo.app\/kellogg\/wp-json\/wp\/v2\/types\/page"}],"author":[{"embeddable":true,"href":"https:\/\/ccoo.app\/kellogg\/wp-json\/wp\/v2\/users\/10"}],"replies":[{"embeddable":true,"href":"https:\/\/ccoo.app\/kellogg\/wp-json\/wp\/v2\/comments?post=76"}],"version-history":[{"count":0,"href":"https:\/\/ccoo.app\/kellogg\/wp-json\/wp\/v2\/pages\/76\/revisions"}],"wp:attachment":[{"href":"https:\/\/ccoo.app\/kellogg\/wp-json\/wp\/v2\/media?parent=76"}],"curies":[{"name":"wp","href":"https:\/\/api.w.org\/{rel}","templated":true}]}}