{"id":17,"date":"2015-12-02T21:54:21","date_gmt":"2015-12-02T20:54:21","guid":{"rendered":"http:\/\/pg-montornes.ccoo.cat\/?page_id=17"},"modified":"2015-12-02T21:54:21","modified_gmt":"2015-12-02T20:54:21","slug":"muy-pronto-la-app-de-ccoo-inovyn-para-tu-movil-o-tablet","status":"publish","type":"page","link":"https:\/\/ccoo.app\/inovyn\/muy-pronto-la-app-de-ccoo-inovyn-para-tu-movil-o-tablet\/","title":{"rendered":"APP"},"content":{"rendered":"<div id=\"pl-17\" class=\"panel-layout\">\n<div id=\"pg-17-0\" class=\"panel-grid panel-no-style\">\n<div id=\"pgc-17-0-0\" class=\"panel-grid-cell\">\n<div id=\"panel-17-0-0-0\" class=\"so-panel widget widget_sow-editor panel-first-child panel-last-child\">\n<div class=\"so-widget-sow-editor so-widget-sow-editor-base\">\n<div class=\"siteorigin-widget-tinymce textwidget\">\n<p style=\"text-align: justify\">Te ofrecemos una aplicaci\u00f3n clara, agradable a la vista y muy intuitiva. Una aplicaci\u00f3n pensada para ser un canal interactivo entre t\u00fa y nuestro sindicato con informaci\u00f3n de tu inter\u00e9s.<\/p>\n<p style=\"text-align: justify\">Reflejo del compromiso de CCOO Inovyn con las trabajadoras y los trabajadores para estar cerca de ti y cuando nos necesites, d\u00e1ndote la informaci\u00f3n e instrumentos de la forma m\u00e1s \u00fatil.<\/p>\n<p style=\"text-align: justify\">Nuevos tiempos, nuevas necesidades, nuevas v\u00edas y las CCOO de siempre, ahora en tu bolsillo.<\/p>\n<p>\u00a0<\/p>\n<p style=\"text-align: center\"><a href=\"https:\/\/itunes.apple.com\/us\/app\/carnet-ccoo.cat\/id987915336?l=es&amp;ls=1&amp;mt=8\"><img loading=\"lazy\" decoding=\"async\" class=\"alignnone size-medium wp-image-455\" src=\"http:\/\/ccoo.app\/inovyn\/wp-content\/blogs.dir\/6\/files\/sites\/241\/2018\/02\/App-Store-300x101.png\" alt=\"\" width=\"300\" height=\"101\" srcset=\"https:\/\/ccoo.app\/inovyn\/wp-content\/blogs.dir\/6\/files\/sites\/241\/2018\/02\/App-Store-300x101.png 300w, https:\/\/ccoo.app\/inovyn\/wp-content\/blogs.dir\/6\/files\/sites\/241\/2018\/02\/App-Store.png 387w\" sizes=\"auto, (max-width: 300px) 100vw, 300px\" \/>\u00a0<\/a> \u00a0 \u00a0 \u00a0 \u00a0 \u00a0 \u00a0 \u00a0 \u00a0 \u00a0 \u00a0 \u00a0 \u00a0 \u00a0 \u00a0<a href=\"https:\/\/play.google.com\/store\/apps\/details?id=cat.ccoo.mobile.carnet\"><img loading=\"lazy\" decoding=\"async\" class=\"alignnone size-medium wp-image-456\" src=\"http:\/\/ccoo.app\/inovyn\/wp-content\/blogs.dir\/6\/files\/sites\/241\/2018\/02\/Google-play-300x101.png\" alt=\"\" width=\"300\" height=\"101\" srcset=\"https:\/\/ccoo.app\/inovyn\/wp-content\/blogs.dir\/6\/files\/sites\/241\/2018\/02\/Google-play-300x101.png 300w, https:\/\/ccoo.app\/inovyn\/wp-content\/blogs.dir\/6\/files\/sites\/241\/2018\/02\/Google-play.png 387w\" sizes=\"auto, (max-width: 300px) 100vw, 300px\" \/>\u00a0<\/a> \u00a0 \u00a0 \u00a0 \u00a0 \u00a0 \u00a0 \u00a0 \u00a0 \u00a0\u00a0<\/p>\n<\/div>\n<\/div>\n<\/div>\n<\/div>\n<\/div>\n<div id=\"pg-17-1\" class=\"panel-grid panel-no-style\">\n<div id=\"pgc-17-1-0\" class=\"panel-grid-cell panel-grid-cell-empty\"><\/div>\n<\/div>\n<\/div>\n","protected":false},"excerpt":{"rendered":"<p>Te ofrecemos una aplicaci\u00f3n clara, agradable a la vista y muy intuitiva. Una aplicaci\u00f3n pensada para ser un canal interactivo entre t\u00fa y nuestro sindicato con informaci\u00f3n de tu inter\u00e9s. &#8230; <a title=\"APP\" class=\"read-more\" href=\"https:\/\/ccoo.app\/inovyn\/muy-pronto-la-app-de-ccoo-inovyn-para-tu-movil-o-tablet\/\" aria-label=\"M\u00e9s informaci\u00f3 sobre APP\">Read more<\/a><\/p>\n","protected":false},"author":10,"featured_media":0,"parent":0,"menu_order":0,"comment_status":"closed","ping_status":"closed","template":"","meta":{"footnotes":""},"class_list":["post-17","page","type-page","status-publish"],"_links":{"self":[{"href":"https:\/\/ccoo.app\/inovyn\/wp-json\/wp\/v2\/pages\/17","targetHints":{"allow":["GET"]}}],"collection":[{"href":"https:\/\/ccoo.app\/inovyn\/wp-json\/wp\/v2\/pages"}],"about":[{"href":"https:\/\/ccoo.app\/inovyn\/wp-json\/wp\/v2\/types\/page"}],"author":[{"embeddable":true,"href":"https:\/\/ccoo.app\/inovyn\/wp-json\/wp\/v2\/users\/10"}],"replies":[{"embeddable":true,"href":"https:\/\/ccoo.app\/inovyn\/wp-json\/wp\/v2\/comments?post=17"}],"version-history":[{"count":0,"href":"https:\/\/ccoo.app\/inovyn\/wp-json\/wp\/v2\/pages\/17\/revisions"}],"wp:attachment":[{"href":"https:\/\/ccoo.app\/inovyn\/wp-json\/wp\/v2\/media?parent=17"}],"curies":[{"name":"wp","href":"https:\/\/api.w.org\/{rel}","templated":true}]}}