{"id":1524,"date":"2019-07-08T15:27:38","date_gmt":"2019-07-08T14:27:38","guid":{"rendered":"https:\/\/ccooinditex.com\/?page_id=1524"},"modified":"2019-07-08T15:27:38","modified_gmt":"2019-07-08T14:27:38","slug":"info-plataforma-europa","status":"publish","type":"page","link":"https:\/\/ccoo.app\/inditex\/info-plataforma-europa\/","title":{"rendered":"Info Plataforma Europa"},"content":{"rendered":"<p>&lt;![CDATA[<\/p>\n<h2 style=\"text-align: center\">NOTICIAS:<\/h2>\n<p style=\"text-align: center\"><a href=\"http:\/\/www.industria.ccoo.es\/\">CCOO Industria<\/a><\/p>\n<p style=\"text-align: center\"><a href=\"http:\/\/aragon.industria.ccoo.es\/\">CCOO Industria Arag\u00f3n<\/a><\/p>\n<p style=\"text-align: center\"><a href=\"https:\/\/www.ccoo.es\/\">CCOO<\/a><\/p>\n<p style=\"text-align: center\"><a href=\"http:\/\/www.aragon.ccoo.es\/\">CCOO Arag\u00f3n<\/a><\/p>\n<h2 style=\"text-align: center\"><a href=\"http:\/\/servicios.ccoo.es\/servicios\/Inicio\">AFILIACI\u00d3N-SERVICIOS<\/a><\/h2>\n<h2 style=\"text-align: center\">JOVENES:<\/h2>\n<p style=\"text-align: center\"><a href=\"http:\/\/www.industria.ccoo.es\/Juventud\">CCOO INDUSTRIA<\/a><\/p>\n<p style=\"text-align: center\"><a href=\"https:\/\/jovenesccoo.es\/\">CCOO<\/a><\/p>\n<h2 style=\"text-align: center\">MUJERES:<\/h2>\n<p style=\"text-align: center\"><a href=\"http:\/\/www.industria.ccoo.es\/Mujeres\">CCOO INDUSTRIA<\/a><\/p>\n<p style=\"text-align: center\"><a href=\"https:\/\/www.ccoo.es\/Publicaciones%C2%B7y_documentos\/Publicaciones_de_las_secretar%C3%ADas\/Mujeres_e_Igualdad\/Revista_Trabajadora&amp;12931\">REVISTA TRABAJADORA<\/a><\/p>\n<p>]]&gt;    \t<\/p>\n","protected":false},"excerpt":{"rendered":"<p>&lt;![CDATA[ NOTICIAS: CCOO Industria CCOO Industria Arag\u00f3n CCOO CCOO Arag\u00f3n AFILIACI\u00d3N-SERVICIOS JOVENES: CCOO INDUSTRIA CCOO MUJERES: CCOO INDUSTRIA REVISTA TRABAJADORA ]]&gt;<\/p>\n","protected":false},"author":6,"featured_media":0,"parent":0,"menu_order":0,"comment_status":"closed","ping_status":"closed","template":"","meta":{"footnotes":""},"class_list":["post-1524","page","type-page","status-publish"],"_links":{"self":[{"href":"https:\/\/ccoo.app\/inditex\/wp-json\/wp\/v2\/pages\/1524","targetHints":{"allow":["GET"]}}],"collection":[{"href":"https:\/\/ccoo.app\/inditex\/wp-json\/wp\/v2\/pages"}],"about":[{"href":"https:\/\/ccoo.app\/inditex\/wp-json\/wp\/v2\/types\/page"}],"author":[{"embeddable":true,"href":"https:\/\/ccoo.app\/inditex\/wp-json\/wp\/v2\/users\/6"}],"replies":[{"embeddable":true,"href":"https:\/\/ccoo.app\/inditex\/wp-json\/wp\/v2\/comments?post=1524"}],"version-history":[{"count":0,"href":"https:\/\/ccoo.app\/inditex\/wp-json\/wp\/v2\/pages\/1524\/revisions"}],"wp:attachment":[{"href":"https:\/\/ccoo.app\/inditex\/wp-json\/wp\/v2\/media?parent=1524"}],"curies":[{"name":"wp","href":"https:\/\/api.w.org\/{rel}","templated":true}]}}