{"id":88725,"date":"2022-07-30T13:30:29","date_gmt":"2022-07-30T11:30:29","guid":{"rendered":"https:\/\/ccoo.app\/fundesplai\/?page_id=88725"},"modified":"2024-08-29T11:57:46","modified_gmt":"2024-08-29T09:57:46","slug":"calculadors-salarials","status":"publish","type":"page","link":"https:\/\/ccoo.app\/fundesplai\/calculadors-salarials\/","title":{"rendered":"Calculadors Salarials"},"content":{"rendered":"\n<div class=\"wp-block-cover is-light\"><span aria-hidden=\"true\" class=\"wp-block-cover__background has-background-dim\" style=\"background-color:#bbb9b5\"><\/span><img loading=\"lazy\" decoding=\"async\" width=\"770\" height=\"420\" class=\"wp-block-cover__image-background wp-image-89221\" alt=\"Calculadora Porquet\" src=\"http:\/\/ccoo.app\/fundesplai\/wp-content\/blogs.dir\/6\/files\/sites\/168\/2023\/09\/calculadora-porquet.jpg\" data-object-fit=\"cover\" srcset=\"https:\/\/ccoo.app\/fundesplai\/wp-content\/blogs.dir\/6\/files\/sites\/168\/2023\/09\/calculadora-porquet.jpg 770w, https:\/\/ccoo.app\/fundesplai\/wp-content\/blogs.dir\/6\/files\/sites\/168\/2023\/09\/calculadora-porquet-300x164.jpg 300w, https:\/\/ccoo.app\/fundesplai\/wp-content\/blogs.dir\/6\/files\/sites\/168\/2023\/09\/calculadora-porquet-768x419.jpg 768w\" sizes=\"auto, (max-width: 770px) 100vw, 770px\" \/><div class=\"wp-block-cover__inner-container is-layout-constrained wp-block-cover-is-layout-constrained\">\n<p class=\"has-text-align-center has-large-font-size\"><\/p>\n<\/div><\/div>\n\n\n\n<ul class=\"wp-block-list\">\n<li class=\"has-medium-font-size\"><strong><a href=\"https:\/\/docs.google.com\/spreadsheets\/d\/18POMrt-xp8cK2BPv6E2CNTkBfvzZcDTZfrludpYct0Q\/edit?usp=drive_link\" target=\"_blank\" rel=\"noreferrer noopener\">III Conveni Col\u00b7lectiu del Sector del Lleure Educatiu i Sociocultural<\/a><\/strong><\/li>\n<\/ul>\n\n\n\n<p class=\"has-text-align-center\"><em>Properament tamb\u00e9 podreu calcular els salaris de la resta de convenis d&#8217;aplicaci\u00f3 a la Fundaci\u00f3 Catalana de l&#8217;Esplai<\/em><\/p>\n\n\n\n<div style=\"height:100px\" aria-hidden=\"true\" class=\"wp-block-spacer\"><\/div>\n","protected":false},"excerpt":{"rendered":"<p>Properament tamb\u00e9 podreu calcular els salaris de la resta de convenis d&#8217;aplicaci\u00f3 a la Fundaci\u00f3 Catalana de l&#8217;Esplai<\/p>\n","protected":false},"author":86240,"featured_media":0,"parent":0,"menu_order":0,"comment_status":"closed","ping_status":"closed","template":"","meta":{"footnotes":""},"class_list":["post-88725","page","type-page","status-publish"],"_links":{"self":[{"href":"https:\/\/ccoo.app\/fundesplai\/wp-json\/wp\/v2\/pages\/88725","targetHints":{"allow":["GET"]}}],"collection":[{"href":"https:\/\/ccoo.app\/fundesplai\/wp-json\/wp\/v2\/pages"}],"about":[{"href":"https:\/\/ccoo.app\/fundesplai\/wp-json\/wp\/v2\/types\/page"}],"author":[{"embeddable":true,"href":"https:\/\/ccoo.app\/fundesplai\/wp-json\/wp\/v2\/users\/86240"}],"replies":[{"embeddable":true,"href":"https:\/\/ccoo.app\/fundesplai\/wp-json\/wp\/v2\/comments?post=88725"}],"version-history":[{"count":5,"href":"https:\/\/ccoo.app\/fundesplai\/wp-json\/wp\/v2\/pages\/88725\/revisions"}],"predecessor-version":[{"id":89371,"href":"https:\/\/ccoo.app\/fundesplai\/wp-json\/wp\/v2\/pages\/88725\/revisions\/89371"}],"wp:attachment":[{"href":"https:\/\/ccoo.app\/fundesplai\/wp-json\/wp\/v2\/media?parent=88725"}],"curies":[{"name":"wp","href":"https:\/\/api.w.org\/{rel}","templated":true}]}}