{"id":88301,"date":"2022-07-15T12:42:33","date_gmt":"2022-07-15T10:42:33","guid":{"rendered":"https:\/\/ccoo.app\/fundesplai\/?page_id=88301"},"modified":"2024-09-20T10:26:04","modified_gmt":"2024-09-20T08:26:04","slug":"actes-comite-dempresa","status":"publish","type":"page","link":"https:\/\/ccoo.app\/fundesplai\/actes-comite-dempresa\/","title":{"rendered":"Actes i Acords del Comit\u00e8 d&#8217;Empresa"},"content":{"rendered":"\n<div class=\"wp-block-group\"><div class=\"wp-block-group__inner-container is-layout-flow wp-block-group-is-layout-flow\">\n<h2 class=\"wp-block-heading\">Constituci\u00f3 del Comit\u00e8 d&#8217;Empresa<\/h2>\n\n\n\n<div style=\"height:30px\" aria-hidden=\"true\" class=\"wp-block-spacer\"><\/div>\n\n\n\n<div data-wp-interactive=\"core\/file\" class=\"wp-block-file\"><object data-wp-bind--hidden=\"!state.hasPdfPreview\" hidden class=\"wp-block-file__embed\" data=\"https:\/\/ccoo.app\/fundesplai\/wp-content\/blogs.dir\/6\/files\/sites\/168\/2022\/07\/constitucio-comite-dempresa_signat.pdf\" type=\"application\/pdf\" style=\"width:100%;height:433px\" aria-label=\"Incrustaci\u00f3 del fitxer constitucio-comite-dempresa_signat.\"><\/object><a id=\"wp-block-file--media-a2d71caa-1c07-4e7f-b3dc-913c7316369d\" href=\"https:\/\/ccoo.app\/fundesplai\/wp-content\/blogs.dir\/6\/files\/sites\/168\/2022\/07\/constitucio-comite-dempresa_signat.pdf\" target=\"_blank\" rel=\"noreferrer noopener\">constitucio-comite-dempresa_signat<\/a><a href=\"https:\/\/ccoo.app\/fundesplai\/wp-content\/blogs.dir\/6\/files\/sites\/168\/2022\/07\/constitucio-comite-dempresa_signat.pdf\" class=\"wp-block-file__button wp-element-button\" download aria-describedby=\"wp-block-file--media-a2d71caa-1c07-4e7f-b3dc-913c7316369d\">Baixa<\/a><\/div>\n<\/div><\/div>\n\n\n\n<div class=\"wp-block-group\"><div class=\"wp-block-group__inner-container is-layout-flow wp-block-group-is-layout-flow\">\n<h2 class=\"wp-block-heading\">Reglament del Comit\u00e8 d&#8217;Empresa<\/h2>\n\n\n\n<div style=\"height:30px\" aria-hidden=\"true\" class=\"wp-block-spacer\"><\/div>\n\n\n\n<div data-wp-interactive=\"core\/file\" class=\"wp-block-file\"><object data-wp-bind--hidden=\"!state.hasPdfPreview\" hidden class=\"wp-block-file__embed\" data=\"https:\/\/ccoo.app\/fundesplai\/wp-content\/blogs.dir\/6\/files\/sites\/168\/2022\/07\/reglament-comite-dempresa_signat.pdf\" type=\"application\/pdf\" style=\"width:100%;height:433px\" aria-label=\"Incrustaci\u00f3 del fitxer reglament-comite-dempresa_signat.\"><\/object><a id=\"wp-block-file--media-a2d71caa-1c07-4e7f-b3dc-913c7316369d\" href=\"https:\/\/ccoo.app\/fundesplai\/wp-content\/blogs.dir\/6\/files\/sites\/168\/2022\/07\/reglament-comite-dempresa_signat.pdf\" target=\"_blank\" rel=\"noreferrer noopener\">reglament-comite-dempresa_signat<\/a><a href=\"https:\/\/ccoo.app\/fundesplai\/wp-content\/blogs.dir\/6\/files\/sites\/168\/2022\/07\/reglament-comite-dempresa_signat.pdf\" class=\"wp-block-file__button wp-element-button\" download aria-describedby=\"wp-block-file--media-a2d71caa-1c07-4e7f-b3dc-913c7316369d\">Baixa<\/a><\/div>\n<\/div><\/div>\n\n\n\n<div class=\"wp-block-group\"><div class=\"wp-block-group__inner-container is-layout-flow wp-block-group-is-layout-flow\">\n<h2 class=\"wp-block-heading\">Reuni\u00f3 16 de juny de 2022 del Comit\u00e8 d&#8217;Empresa<\/h2>\n\n\n\n<div style=\"height:30px\" aria-hidden=\"true\" class=\"wp-block-spacer\"><\/div>\n\n\n\n<div data-wp-interactive=\"core\/file\" class=\"wp-block-file\"><object data-wp-bind--hidden=\"!state.hasPdfPreview\" hidden class=\"wp-block-file__embed\" data=\"https:\/\/ccoo.app\/fundesplai\/wp-content\/blogs.dir\/6\/files\/sites\/168\/2022\/07\/acta_16062022_comite_empresa.pdf\" type=\"application\/pdf\" style=\"width:100%;height:433px\" aria-label=\"Incrustaci\u00f3 del fitxer acta_16062022_comite_empresa.\"><\/object><a id=\"wp-block-file--media-a2d71caa-1c07-4e7f-b3dc-913c7316369d\" href=\"https:\/\/ccoo.app\/fundesplai\/wp-content\/blogs.dir\/6\/files\/sites\/168\/2022\/07\/acta_16062022_comite_empresa.pdf\" target=\"_blank\" rel=\"noreferrer noopener\">acta_16062022_comite_empresa<\/a><a href=\"https:\/\/ccoo.app\/fundesplai\/wp-content\/blogs.dir\/6\/files\/sites\/168\/2022\/07\/acta_16062022_comite_empresa.pdf\" class=\"wp-block-file__button wp-element-button\" download aria-describedby=\"wp-block-file--media-a2d71caa-1c07-4e7f-b3dc-913c7316369d\">Baixa<\/a><\/div>\n<\/div><\/div>\n\n\n\n<div class=\"wp-block-group\"><div class=\"wp-block-group__inner-container is-layout-flow wp-block-group-is-layout-flow\">\n<h2 class=\"wp-block-heading\">Reuni\u00f3 extraordin\u00e0ria 20 de setembre de 2022 del Comit\u00e8 d&#8217;Empresa<\/h2>\n\n\n\n<div style=\"height:30px\" aria-hidden=\"true\" class=\"wp-block-spacer\"><\/div>\n\n\n\n<div data-wp-interactive=\"core\/file\" class=\"wp-block-file\"><object data-wp-bind--hidden=\"!state.hasPdfPreview\" hidden class=\"wp-block-file__embed\" data=\"https:\/\/ccoo.app\/fundesplai\/wp-content\/blogs.dir\/6\/files\/sites\/168\/2022\/10\/acta_ext_20092022_comite_empresa_signada-1.pdf\" type=\"application\/pdf\" style=\"width:100%;height:600px\" aria-label=\"Incrustaci\u00f3 del fitxer acta_ext_20092022_comite_empresa_signada-1.\"><\/object><a id=\"wp-block-file--media-a2d71caa-1c07-4e7f-b3dc-913c7316369d\" href=\"https:\/\/ccoo.app\/fundesplai\/wp-content\/blogs.dir\/6\/files\/sites\/168\/2022\/10\/acta_ext_20092022_comite_empresa_signada-1.pdf\" target=\"_blank\" rel=\"noreferrer noopener\">acta_ext_20092022_comite_empresa_signada-1<\/a><a href=\"https:\/\/ccoo.app\/fundesplai\/wp-content\/blogs.dir\/6\/files\/sites\/168\/2022\/10\/acta_ext_20092022_comite_empresa_signada-1.pdf\" class=\"wp-block-file__button wp-element-button\" download aria-describedby=\"wp-block-file--media-a2d71caa-1c07-4e7f-b3dc-913c7316369d\">Baixa<\/a><\/div>\n<\/div><\/div>\n\n\n\n<div class=\"wp-block-group\"><div class=\"wp-block-group__inner-container is-layout-flow wp-block-group-is-layout-flow\">\n<h2 class=\"wp-block-heading\">Reuni\u00f3 extraordin\u00e0ria 22 de setembre de 2022 del Comit\u00e8 d&#8217;Empresa<\/h2>\n\n\n\n<div style=\"height:30px\" aria-hidden=\"true\" class=\"wp-block-spacer\"><\/div>\n<\/div><\/div>\n\n\n\n<div class=\"wp-block-group\"><div class=\"wp-block-group__inner-container is-layout-flow wp-block-group-is-layout-flow\">\n<h2 class=\"wp-block-heading\">Acord Article 41 &#8211; 23 de setembre de 2022<\/h2>\n\n\n\n<div style=\"height:30px\" aria-hidden=\"true\" class=\"wp-block-spacer\"><\/div>\n<\/div><\/div>\n\n\n\n<div class=\"wp-block-group\"><div class=\"wp-block-group__inner-container is-layout-flow wp-block-group-is-layout-flow\">\n<h2 class=\"wp-block-heading\">Reuni\u00f3 16 de novembre de 2022 del Comit\u00e8 d&#8217;Empresa<\/h2>\n\n\n\n<div style=\"height:30px\" aria-hidden=\"true\" class=\"wp-block-spacer\"><\/div>\n\n\n\n<div data-wp-interactive=\"core\/file\" class=\"wp-block-file\"><object data-wp-bind--hidden=\"!state.hasPdfPreview\" hidden class=\"wp-block-file__embed\" data=\"https:\/\/ccoo.app\/fundesplai\/wp-content\/blogs.dir\/6\/files\/sites\/168\/2022\/12\/acta_16112022_comite_empresa.pdf\" type=\"application\/pdf\" style=\"width:100%;height:600px\" aria-label=\"Incrustaci\u00f3 del fitxer acta_16112022_comite_empresa.\"><\/object><a id=\"wp-block-file--media-a2d71caa-1c07-4e7f-b3dc-913c7316369d\" href=\"https:\/\/ccoo.app\/fundesplai\/wp-content\/blogs.dir\/6\/files\/sites\/168\/2022\/12\/acta_16112022_comite_empresa.pdf\" target=\"_blank\" rel=\"noreferrer noopener\">acta_16112022_comite_empresa<\/a><a href=\"https:\/\/ccoo.app\/fundesplai\/wp-content\/blogs.dir\/6\/files\/sites\/168\/2022\/12\/acta_16112022_comite_empresa.pdf\" class=\"wp-block-file__button wp-element-button\" download aria-describedby=\"wp-block-file--media-a2d71caa-1c07-4e7f-b3dc-913c7316369d\">Baixa<\/a><\/div>\n<\/div><\/div>\n\n\n\n<div class=\"wp-block-group\"><div class=\"wp-block-group__inner-container is-layout-flow wp-block-group-is-layout-flow\">\n<h2 class=\"wp-block-heading\">Acord 16 de novembre de 2023 &#8211; Jornada Indirecta i Calendari<\/h2>\n\n\n\n<div style=\"height:30px\" aria-hidden=\"true\" class=\"wp-block-spacer\"><\/div>\n\n\n\n<div data-wp-interactive=\"core\/file\" class=\"wp-block-file\"><object data-wp-bind--hidden=\"!state.hasPdfPreview\" hidden class=\"wp-block-file__embed\" data=\"https:\/\/ccoo.app\/fundesplai\/wp-content\/blogs.dir\/6\/files\/sites\/168\/2024\/01\/Acord-signat-en-relacio-al-calendari-laboral-dactivitats-escolars-16-11-2023_Censurado-1.pdf\" type=\"application\/pdf\" style=\"width:100%;height:600px\" aria-label=\"Incrustaci\u00f3 del fitxer Acord-signat-en-relacio-al-calendari-laboral-dactivitats-escolars-16-11-2023_Censurado-1.\"><\/object><a id=\"wp-block-file--media-a2d71caa-1c07-4e7f-b3dc-913c7316369d\" href=\"https:\/\/ccoo.app\/fundesplai\/wp-content\/blogs.dir\/6\/files\/sites\/168\/2024\/01\/Acord-signat-en-relacio-al-calendari-laboral-dactivitats-escolars-16-11-2023_Censurado-1.pdf\" target=\"_blank\" rel=\"noreferrer noopener\">Acord-signat-en-relacio-al-calendari-laboral-dactivitats-escolars-16-11-2023_Censurado-1<\/a><a href=\"https:\/\/ccoo.app\/fundesplai\/wp-content\/blogs.dir\/6\/files\/sites\/168\/2024\/01\/Acord-signat-en-relacio-al-calendari-laboral-dactivitats-escolars-16-11-2023_Censurado-1.pdf\" class=\"wp-block-file__button wp-element-button\" download aria-describedby=\"wp-block-file--media-a2d71caa-1c07-4e7f-b3dc-913c7316369d\">Baixa<\/a><\/div>\n<\/div><\/div>\n\n\n\n<div class=\"wp-block-group\"><div class=\"wp-block-group__inner-container is-layout-flow wp-block-group-is-layout-flow\">\n<h2 class=\"wp-block-heading\">Reuni\u00f3 d&#8217;11 d&#8217;Abril de 2024 del Comit\u00e8 d&#8217;empresa<\/h2>\n\n\n\n<div style=\"height:30px\" aria-hidden=\"true\" class=\"wp-block-spacer\"><\/div>\n\n\n\n<div data-wp-interactive=\"core\/file\" class=\"wp-block-file\"><object data-wp-bind--hidden=\"!state.hasPdfPreview\" hidden class=\"wp-block-file__embed\" data=\"https:\/\/ccoo.app\/fundesplai\/wp-content\/blogs.dir\/6\/files\/sites\/168\/2024\/04\/acta_11_04_2024_comite_empresa_signada.pdf\" type=\"application\/pdf\" style=\"width:100%;height:600px\" aria-label=\"Incrustaci\u00f3 del fitxer acta_11_04_2024_comite_empresa_signada.\"><\/object><a id=\"wp-block-file--media-03d4fc26-40d1-40c9-9f11-ce826bde35b8\" href=\"https:\/\/ccoo.app\/fundesplai\/wp-content\/blogs.dir\/6\/files\/sites\/168\/2024\/04\/acta_11_04_2024_comite_empresa_signada.pdf\" target=\"_blank\" rel=\"noreferrer noopener\">acta_11_04_2024_comite_empresa_signada<\/a><a href=\"https:\/\/ccoo.app\/fundesplai\/wp-content\/blogs.dir\/6\/files\/sites\/168\/2024\/04\/acta_11_04_2024_comite_empresa_signada.pdf\" class=\"wp-block-file__button wp-element-button\" download aria-describedby=\"wp-block-file--media-03d4fc26-40d1-40c9-9f11-ce826bde35b8\">Baixa<\/a><\/div>\n<\/div><\/div>\n\n\n\n<div class=\"wp-block-group\"><div class=\"wp-block-group__inner-container is-layout-flow wp-block-group-is-layout-flow\">\n<h2 class=\"wp-block-heading\">Informe preceptiu sobre Pla de Formaci\u00f3 2024 de la Fundaci\u00f3 Catalana de l&#8217;Esplai<\/h2>\n\n\n\n<div style=\"height:30px\" aria-hidden=\"true\" class=\"wp-block-spacer\"><\/div>\n\n\n\n<div data-wp-interactive=\"core\/file\" class=\"wp-block-file\"><object data-wp-bind--hidden=\"!state.hasPdfPreview\" hidden class=\"wp-block-file__embed\" data=\"https:\/\/ccoo.app\/fundesplai\/wp-content\/blogs.dir\/6\/files\/sites\/168\/2024\/04\/INFORME-RLT-Formacio24-Fundesplai_Signat-i-Annexos.pdf\" type=\"application\/pdf\" style=\"width:100%;height:600px\" aria-label=\"Incrustaci\u00f3 del fitxer INFORME-RLT-Formacio24-Fundesplai_Signat-i-Annexos.\"><\/object><a id=\"wp-block-file--media-daae3300-5fc0-4763-9108-929ed687e071\" href=\"https:\/\/ccoo.app\/fundesplai\/wp-content\/blogs.dir\/6\/files\/sites\/168\/2024\/04\/INFORME-RLT-Formacio24-Fundesplai_Signat-i-Annexos.pdf\" target=\"_blank\" rel=\"noreferrer noopener\">INFORME-RLT-Formacio24-Fundesplai_Signat-i-Annexos<\/a><a href=\"https:\/\/ccoo.app\/fundesplai\/wp-content\/blogs.dir\/6\/files\/sites\/168\/2024\/04\/INFORME-RLT-Formacio24-Fundesplai_Signat-i-Annexos.pdf\" class=\"wp-block-file__button wp-element-button\" download aria-describedby=\"wp-block-file--media-daae3300-5fc0-4763-9108-929ed687e071\">Baixa<\/a><\/div>\n<\/div><\/div>\n\n\n\n<div class=\"wp-block-group\"><div class=\"wp-block-group__inner-container is-layout-flow wp-block-group-is-layout-flow\">\n<h2 class=\"wp-block-heading\">Reuni\u00f3 extraordin\u00e0ria 19 de setembre de 2024 del Comit\u00e8 d&#8217;Empresa<\/h2>\n\n\n\n<div style=\"height:30px\" aria-hidden=\"true\" class=\"wp-block-spacer\"><\/div>\n\n\n\n<div data-wp-interactive=\"core\/file\" class=\"wp-block-file\"><object data-wp-bind--hidden=\"!state.hasPdfPreview\" hidden class=\"wp-block-file__embed\" data=\"https:\/\/ccoo.app\/fundesplai\/wp-content\/blogs.dir\/6\/files\/sites\/168\/2024\/09\/acta_19_09_2024_comite_empresa_extraordinari_censurat_signat.pdf\" type=\"application\/pdf\" style=\"width:100%;height:600px\" aria-label=\"Incrustaci\u00f3 del fitxer acta_19_09_2024_comite_empresa_extraordinari_censurat_signat.\"><\/object><a id=\"wp-block-file--media-93231733-48f0-400b-8f3b-f66d6303eee5\" href=\"https:\/\/ccoo.app\/fundesplai\/wp-content\/blogs.dir\/6\/files\/sites\/168\/2024\/09\/acta_19_09_2024_comite_empresa_extraordinari_censurat_signat.pdf\" target=\"_blank\" rel=\"noreferrer noopener\">acta_19_09_2024_comite_empresa_extraordinari_censurat_signat<\/a><a href=\"https:\/\/ccoo.app\/fundesplai\/wp-content\/blogs.dir\/6\/files\/sites\/168\/2024\/09\/acta_19_09_2024_comite_empresa_extraordinari_censurat_signat.pdf\" class=\"wp-block-file__button wp-element-button\" download aria-describedby=\"wp-block-file--media-93231733-48f0-400b-8f3b-f66d6303eee5\">Baixa<\/a><\/div>\n<\/div><\/div>\n","protected":false},"excerpt":{"rendered":"<p>Constituci\u00f3 del Comit\u00e8 d&#8217;Empresa Reglament del Comit\u00e8 d&#8217;Empresa Reuni\u00f3 16 de juny de 2022 del Comit\u00e8 d&#8217;Empresa Reuni\u00f3 extraordin\u00e0ria 20 de setembre de 2022 del Comit\u00e8 d&#8217;Empresa Reuni\u00f3 extraordin\u00e0ria 22 &#8230; <a title=\"Actes i Acords del Comit\u00e8 d&#8217;Empresa\" class=\"read-more\" href=\"https:\/\/ccoo.app\/fundesplai\/actes-comite-dempresa\/\" aria-label=\"M\u00e9s informaci\u00f3 sobre Actes i Acords del Comit\u00e8 d&#8217;Empresa\">Read more<\/a><\/p>\n","protected":false},"author":86240,"featured_media":0,"parent":0,"menu_order":0,"comment_status":"closed","ping_status":"closed","template":"","meta":{"footnotes":""},"class_list":["post-88301","page","type-page","status-publish"],"_links":{"self":[{"href":"https:\/\/ccoo.app\/fundesplai\/wp-json\/wp\/v2\/pages\/88301","targetHints":{"allow":["GET"]}}],"collection":[{"href":"https:\/\/ccoo.app\/fundesplai\/wp-json\/wp\/v2\/pages"}],"about":[{"href":"https:\/\/ccoo.app\/fundesplai\/wp-json\/wp\/v2\/types\/page"}],"author":[{"embeddable":true,"href":"https:\/\/ccoo.app\/fundesplai\/wp-json\/wp\/v2\/users\/86240"}],"replies":[{"embeddable":true,"href":"https:\/\/ccoo.app\/fundesplai\/wp-json\/wp\/v2\/comments?post=88301"}],"version-history":[{"count":4,"href":"https:\/\/ccoo.app\/fundesplai\/wp-json\/wp\/v2\/pages\/88301\/revisions"}],"predecessor-version":[{"id":89402,"href":"https:\/\/ccoo.app\/fundesplai\/wp-json\/wp\/v2\/pages\/88301\/revisions\/89402"}],"wp:attachment":[{"href":"https:\/\/ccoo.app\/fundesplai\/wp-json\/wp\/v2\/media?parent=88301"}],"curies":[{"name":"wp","href":"https:\/\/api.w.org\/{rel}","templated":true}]}}