{"id":88297,"date":"2022-07-15T12:42:33","date_gmt":"2022-07-15T10:42:33","guid":{"rendered":"https:\/\/ccoo.app\/fundesplai\/?page_id=88297"},"modified":"2023-06-08T10:51:07","modified_gmt":"2023-06-08T08:51:07","slug":"qui-som","status":"publish","type":"page","link":"https:\/\/ccoo.app\/fundesplai\/qui-som\/","title":{"rendered":"Qui som?"},"content":{"rendered":"\n<div class=\"wp-block-group is-vertical is-layout-flex wp-container-core-group-is-layout-8cf370e7 wp-block-group-is-layout-flex\">\n<h2 class=\"wp-block-heading\">Que \u00e9s una Secci\u00f3 Sindical? <\/h2>\n\n\n\n<div style=\"height:30px\" aria-hidden=\"true\" class=\"wp-block-spacer\"><\/div>\n\n\n<div class=\"gb-grid-wrapper gb-grid-wrapper-fddd85eb\">\n<div class=\"gb-grid-column gb-grid-column-23234cd9\"><div class=\"gb-container gb-container-23234cd9\"><div class=\"gb-inside-container\">\n\n<figure class=\"gb-block-image gb-block-image-55c90955\"><img loading=\"lazy\" decoding=\"async\" width=\"594\" height=\"594\" class=\"gb-image gb-image-55c90955\" src=\"http:\/\/ccoo.app\/fundesplai\/wp-content\/blogs.dir\/6\/files\/sites\/168\/2022\/07\/fons.png\" alt=\"Fons\" title=\"Fons\" srcset=\"https:\/\/ccoo.app\/fundesplai\/wp-content\/blogs.dir\/6\/files\/sites\/168\/2022\/07\/fons.png 594w, https:\/\/ccoo.app\/fundesplai\/wp-content\/blogs.dir\/6\/files\/sites\/168\/2022\/07\/fons-300x300.png 300w, https:\/\/ccoo.app\/fundesplai\/wp-content\/blogs.dir\/6\/files\/sites\/168\/2022\/07\/fons-150x150.png 150w\" sizes=\"auto, (max-width: 594px) 100vw, 594px\" \/><\/figure>\n\n\n\n<div style=\"height:30px\" aria-hidden=\"true\" class=\"wp-block-spacer\"><\/div>\n\n\n\n<ul class=\"wp-block-social-links is-content-justification-center is-layout-flex wp-container-core-social-links-is-layout-16018d1d wp-block-social-links-is-layout-flex\"><li class=\"wp-social-link wp-social-link-twitter  wp-block-social-link\"><a rel=\"noopener nofollow\" target=\"_blank\" href=\"https:\/\/twitter.com\/CCOOFundesplai\" class=\"wp-block-social-link-anchor\"><svg width=\"24\" height=\"24\" viewBox=\"0 0 24 24\" version=\"1.1\" xmlns=\"http:\/\/www.w3.org\/2000\/svg\" aria-hidden=\"true\" focusable=\"false\"><path d=\"M22.23,5.924c-0.736,0.326-1.527,0.547-2.357,0.646c0.847-0.508,1.498-1.312,1.804-2.27 c-0.793,0.47-1.671,0.812-2.606,0.996C18.324,4.498,17.257,4,16.077,4c-2.266,0-4.103,1.837-4.103,4.103 c0,0.322,0.036,0.635,0.106,0.935C8.67,8.867,5.647,7.234,3.623,4.751C3.27,5.357,3.067,6.062,3.067,6.814 c0,1.424,0.724,2.679,1.825,3.415c-0.673-0.021-1.305-0.206-1.859-0.513c0,0.017,0,0.034,0,0.052c0,1.988,1.414,3.647,3.292,4.023 c-0.344,0.094-0.707,0.144-1.081,0.144c-0.264,0-0.521-0.026-0.772-0.074c0.522,1.63,2.038,2.816,3.833,2.85 c-1.404,1.1-3.174,1.756-5.096,1.756c-0.331,0-0.658-0.019-0.979-0.057c1.816,1.164,3.973,1.843,6.29,1.843 c7.547,0,11.675-6.252,11.675-11.675c0-0.178-0.004-0.355-0.012-0.531C20.985,7.47,21.68,6.747,22.23,5.924z\"><\/path><\/svg><span class=\"wp-block-social-link-label screen-reader-text\">Twitter<\/span><\/a><\/li>\n\n<li class=\"wp-social-link wp-social-link-instagram  wp-block-social-link\"><a rel=\"noopener nofollow\" target=\"_blank\" href=\"https:\/\/www.instagram.com\/ccoofundesplai\/\" class=\"wp-block-social-link-anchor\"><svg width=\"24\" height=\"24\" viewBox=\"0 0 24 24\" version=\"1.1\" xmlns=\"http:\/\/www.w3.org\/2000\/svg\" aria-hidden=\"true\" focusable=\"false\"><path d=\"M12,4.622c2.403,0,2.688,0.009,3.637,0.052c0.877,0.04,1.354,0.187,1.671,0.31c0.42,0.163,0.72,0.358,1.035,0.673 c0.315,0.315,0.51,0.615,0.673,1.035c0.123,0.317,0.27,0.794,0.31,1.671c0.043,0.949,0.052,1.234,0.052,3.637 s-0.009,2.688-0.052,3.637c-0.04,0.877-0.187,1.354-0.31,1.671c-0.163,0.42-0.358,0.72-0.673,1.035 c-0.315,0.315-0.615,0.51-1.035,0.673c-0.317,0.123-0.794,0.27-1.671,0.31c-0.949,0.043-1.233,0.052-3.637,0.052 s-2.688-0.009-3.637-0.052c-0.877-0.04-1.354-0.187-1.671-0.31c-0.42-0.163-0.72-0.358-1.035-0.673 c-0.315-0.315-0.51-0.615-0.673-1.035c-0.123-0.317-0.27-0.794-0.31-1.671C4.631,14.688,4.622,14.403,4.622,12 s0.009-2.688,0.052-3.637c0.04-0.877,0.187-1.354,0.31-1.671c0.163-0.42,0.358-0.72,0.673-1.035 c0.315-0.315,0.615-0.51,1.035-0.673c0.317-0.123,0.794-0.27,1.671-0.31C9.312,4.631,9.597,4.622,12,4.622 M12,3 C9.556,3,9.249,3.01,8.289,3.054C7.331,3.098,6.677,3.25,6.105,3.472C5.513,3.702,5.011,4.01,4.511,4.511 c-0.5,0.5-0.808,1.002-1.038,1.594C3.25,6.677,3.098,7.331,3.054,8.289C3.01,9.249,3,9.556,3,12c0,2.444,0.01,2.751,0.054,3.711 c0.044,0.958,0.196,1.612,0.418,2.185c0.23,0.592,0.538,1.094,1.038,1.594c0.5,0.5,1.002,0.808,1.594,1.038 c0.572,0.222,1.227,0.375,2.185,0.418C9.249,20.99,9.556,21,12,21s2.751-0.01,3.711-0.054c0.958-0.044,1.612-0.196,2.185-0.418 c0.592-0.23,1.094-0.538,1.594-1.038c0.5-0.5,0.808-1.002,1.038-1.594c0.222-0.572,0.375-1.227,0.418-2.185 C20.99,14.751,21,14.444,21,12s-0.01-2.751-0.054-3.711c-0.044-0.958-0.196-1.612-0.418-2.185c-0.23-0.592-0.538-1.094-1.038-1.594 c-0.5-0.5-1.002-0.808-1.594-1.038c-0.572-0.222-1.227-0.375-2.185-0.418C14.751,3.01,14.444,3,12,3L12,3z M12,7.378 c-2.552,0-4.622,2.069-4.622,4.622S9.448,16.622,12,16.622s4.622-2.069,4.622-4.622S14.552,7.378,12,7.378z M12,15 c-1.657,0-3-1.343-3-3s1.343-3,3-3s3,1.343,3,3S13.657,15,12,15z M16.804,6.116c-0.596,0-1.08,0.484-1.08,1.08 s0.484,1.08,1.08,1.08c0.596,0,1.08-0.484,1.08-1.08S17.401,6.116,16.804,6.116z\"><\/path><\/svg><span class=\"wp-block-social-link-label screen-reader-text\">Instagram<\/span><\/a><\/li>\n\n<\/ul>\n\n<\/div><\/div><\/div>\n\n<div class=\"gb-grid-column gb-grid-column-0eaa299d\"><div class=\"gb-container gb-container-0eaa299d\"><div class=\"gb-inside-container\">\n\n<p>La secci\u00f3 sindical \u00e9s  <strong>l\u2019agrupaci\u00f3 del conjunt de persones afiliades a CCOO dins de l&#8217;empresa<\/strong>, unides per defensar de manera organitzada les nostres condicions de treball. <\/p>\n\n\n\n<p>\u00c9s, per tant, <strong>l\u2019organisme de base i l\u2019expressi\u00f3 mateixa del sindicat a l\u2019empresa<\/strong>. La secci\u00f3 sindical t\u00e9, doncs, una doble naturalesa: <\/p>\n\n\n\n<ul class=\"wp-block-list\"><li>\u00e9s la forma m\u00e9s descentralitzada d\u2019una organitzaci\u00f3 sindical <\/li><li>i, al mateix temps, n\u2019\u00e9s part integrant.  <\/li><\/ul>\n\n\n\n<p>Les seccions sindicals de CCOO funcionen de manera <strong>democr\u00e0tica<\/strong> i amb la m\u00e0xima <strong>transpar\u00e8ncia<\/strong>.<\/p>\n\n\n\n<p>En aquest punt, cal aclarir que al nostre sistema de relacions laborals l\u2019organitzaci\u00f3 i l\u2019acci\u00f3 col\u00b7lectiva dels treballadors i treballadores a l\u2019empresa s\u2019articula a trav\u00e9s d\u2019un doble sistema de representaci\u00f3: <\/p>\n\n\n\n<ul class=\"wp-block-list\"><li>la representaci\u00f3 unit\u00e0ria (comit\u00e8 d\u2019empresa), tamb\u00e9 anomenada representaci\u00f3 legal de les persones treballadores o RLT.  <\/li><li>la representaci\u00f3 sindical (seccions sindicals i delegats i delegades sindicals)<\/li><\/ul>\n\n<\/div><\/div><\/div>\n<\/div><\/div>\n\n\n\n<hr class=\"wp-block-separator has-alpha-channel-opacity is-style-default\" \/>\n\n\n<div class=\"gb-grid-wrapper gb-grid-wrapper-09bd672d\">\n<div class=\"gb-grid-column gb-grid-column-a0448b99\"><div class=\"gb-container gb-container-a0448b99\"><div class=\"gb-inside-container\">\n\n<figure class=\"wp-block-image size-large is-style-default\"><img loading=\"lazy\" decoding=\"async\" width=\"720\" height=\"1024\" src=\"https:\/\/ccoo.app\/fundesplai\/wp-content\/blogs.dir\/6\/files\/sites\/168\/2022\/07\/1200px-marcelino_camacho001-720x1024.jpg\" alt=\"1200px Marcelino Camacho001\" class=\"wp-image-88545\" srcset=\"https:\/\/ccoo.app\/fundesplai\/wp-content\/blogs.dir\/6\/files\/sites\/168\/2022\/07\/1200px-marcelino_camacho001-720x1024.jpg 720w, https:\/\/ccoo.app\/fundesplai\/wp-content\/blogs.dir\/6\/files\/sites\/168\/2022\/07\/1200px-marcelino_camacho001-211x300.jpg 211w, https:\/\/ccoo.app\/fundesplai\/wp-content\/blogs.dir\/6\/files\/sites\/168\/2022\/07\/1200px-marcelino_camacho001-768x1092.jpg 768w, https:\/\/ccoo.app\/fundesplai\/wp-content\/blogs.dir\/6\/files\/sites\/168\/2022\/07\/1200px-marcelino_camacho001-1080x1536.jpg 1080w, https:\/\/ccoo.app\/fundesplai\/wp-content\/blogs.dir\/6\/files\/sites\/168\/2022\/07\/1200px-marcelino_camacho001.jpg 1200w\" sizes=\"auto, (max-width: 720px) 100vw, 720px\" \/><\/figure>\n\n<\/div><\/div><\/div>\n\n<div class=\"gb-grid-column gb-grid-column-ea9ba38b\"><div class=\"gb-container gb-container-ea9ba38b\"><div class=\"gb-inside-container\">\n\n<figure class=\"wp-block-pullquote is-style-default\" style=\"border-radius:0px;font-style:normal;font-weight:600\"><blockquote><p><\/p><p>&#8220;Ni nos domaron, ni nos doblaron, ni nos van a domesticar.&#8221; <\/p><p><\/p><cite>Marcelino Camacho 1918 &#8211; 2010<\/cite><\/blockquote><\/figure>\n\n<\/div><\/div><\/div>\n<\/div>\n\n\n<hr class=\"wp-block-separator has-alpha-channel-opacity is-style-default\" \/>\n\n\n\n<div style=\"height:30px\" aria-hidden=\"true\" class=\"wp-block-spacer\"><\/div>\n\n\n\n<div class=\"wp-block-group is-vertical is-layout-flex wp-container-core-group-is-layout-8cf370e7 wp-block-group-is-layout-flex\">\n<h2 class=\"wp-block-heading\">Alicia Ruiz Ortega<\/h2>\n\n\n\n<h3 class=\"wp-block-heading\">Secretaria General<\/h3>\n\n\n<div class=\"gb-grid-wrapper gb-grid-wrapper-61eef148\">\n<div class=\"gb-grid-column gb-grid-column-7f2bc1c9\"><div class=\"gb-container gb-container-7f2bc1c9\"><div class=\"gb-inside-container\">\n\n<figure class=\"gb-block-image gb-block-image-6cd02ae9\"><img loading=\"lazy\" decoding=\"async\" width=\"558\" height=\"744\" class=\"gb-image gb-image-6cd02ae9\" src=\"https:\/\/ccoo.app\/fundesplai\/wp-content\/blogs.dir\/6\/files\/sites\/168\/2022\/09\/alicia-1.jpeg\" alt=\"Alicia 1\" title=\"Alicia 1\" srcset=\"https:\/\/ccoo.app\/fundesplai\/wp-content\/blogs.dir\/6\/files\/sites\/168\/2022\/09\/alicia-1.jpeg 558w, https:\/\/ccoo.app\/fundesplai\/wp-content\/blogs.dir\/6\/files\/sites\/168\/2022\/09\/alicia-1-225x300.jpeg 225w\" sizes=\"auto, (max-width: 558px) 100vw, 558px\" \/><\/figure>\n\n\n\n<div style=\"height:30px\" aria-hidden=\"true\" class=\"wp-block-spacer\"><\/div>\n\n\n\n<ul class=\"wp-block-social-links has-normal-icon-size is-style-default is-horizontal is-content-justification-center is-layout-flex wp-container-core-social-links-is-layout-499968f5 wp-block-social-links-is-layout-flex\"><li class=\"wp-social-link wp-social-link-mail  wp-block-social-link\"><a rel=\"noopener nofollow\" target=\"_blank\" href=\"mailto:%20anruiz.ccoo@gmail.com\" class=\"wp-block-social-link-anchor\"><svg width=\"24\" height=\"24\" viewBox=\"0 0 24 24\" version=\"1.1\" xmlns=\"http:\/\/www.w3.org\/2000\/svg\" aria-hidden=\"true\" focusable=\"false\"><path d=\"M19,5H5c-1.1,0-2,.9-2,2v10c0,1.1.9,2,2,2h14c1.1,0,2-.9,2-2V7c0-1.1-.9-2-2-2zm.5,12c0,.3-.2.5-.5.5H5c-.3,0-.5-.2-.5-.5V9.8l7.5,5.6,7.5-5.6V17zm0-9.1L12,13.6,4.5,7.9V7c0-.3.2-.5.5-.5h14c.3,0,.5.2.5.5v.9z\"><\/path><\/svg><span class=\"wp-block-social-link-label screen-reader-text\">Correu electr\u00f2nic<\/span><\/a><\/li><\/ul>\n\n<\/div><\/div><\/div>\n\n<div class=\"gb-grid-column gb-grid-column-0999ed17\"><div class=\"gb-container gb-container-0999ed17\"><div class=\"gb-inside-container\">\n\n<p>Nascuda a Barcelona al desembre del 1974, dona, mare de dos joves i feminista.<\/p>\n\n\n\n<p>La meva afiliaci\u00f3, a CCOO va ser a l\u2019any 1997 per convicci\u00f3 i perqu\u00e8 al meu sistema familiar el sindicalisme a tingut sempre un pes molt important que en va fer entendre la import\u00e0ncia de l&#8217;organitzaci\u00f3 de les treballadores i tenir la informaci\u00f3 necesaria pot arribar a canviar la vida de la clase obrera .<\/p>\n\n\n\n<p>Vaig comen\u00e7ar a treballar a Fundesplai a l\u2019any 2006 com a educadora infantil i a l\u2019any 2013 comen\u00e7o a participar com a delegada sindical al comit\u00e9 d\u2019empresa en aquell moment serveis de l\u2019esplai.<\/p>\n\n\n\n<p>Com a presidenta del comit\u00e9 d\u2019empresa ara ser\u00e0 el segon mandat i com a secretaria general de la secci\u00f3 sindical vaig ser escollida a l\u2019any 2021.<\/p>\n\n\n\n<p>El sindicalisme m\u2019ha ajudat a fer possible moltes de les inquietuds que tenia des de molt jove, la justicia social i poder defensar i lluitar pels drets de les treballadores, poder ajudar i participar per aconseguir una societat igualit\u00e0ria davant de les injust\u00edcies.<\/p>\n\n\n\n<p>Formo part de la comissi\u00f3 d\u2019igualtat a fundesplai amb l\u2019objectiu de poder donar visibilitat i eines a un sector com el nostre completament feminitzat&nbsp; on ens trobem encara que tenim molt que continuar lluitant per tal d\u2019avan\u00e7ar amb unes condicions dignes.<\/p>\n\n\n\n<p>\u201cEl Feminisme es una forma de viure individualment i de lluitar col\u00b7lectivament.\u201d\u00a0 Simone De Beauvoir<\/p>\n\n<\/div><\/div><\/div>\n<\/div><\/div>\n\n\n\n<div class=\"wp-block-group is-vertical is-layout-flex wp-container-core-group-is-layout-8cf370e7 wp-block-group-is-layout-flex\">\n<h2 class=\"wp-block-heading\">Eloi Ruiz-Olalla Fontanals<\/h2>\n\n\n\n<h3 class=\"wp-block-heading\">Secretari d&#8217;Acci\u00f3 Sindical<\/h3>\n\n\n<div class=\"gb-grid-wrapper gb-grid-wrapper-9be4f425\">\n<div class=\"gb-grid-column gb-grid-column-78170df9\"><div class=\"gb-container gb-container-78170df9\"><div class=\"gb-inside-container\">\n\n<figure class=\"gb-block-image gb-block-image-bae86ff6\"><img loading=\"lazy\" decoding=\"async\" width=\"1200\" height=\"801\" class=\"gb-image gb-image-bae86ff6\" src=\"http:\/\/ccoo.app\/fundesplai\/wp-content\/blogs.dir\/6\/files\/sites\/168\/2022\/07\/ccoobanderas2.jpg\" alt=\"Ccoobanderas2\" title=\"Ccoobanderas2\" srcset=\"https:\/\/ccoo.app\/fundesplai\/wp-content\/blogs.dir\/6\/files\/sites\/168\/2022\/07\/ccoobanderas2.jpg 1200w, https:\/\/ccoo.app\/fundesplai\/wp-content\/blogs.dir\/6\/files\/sites\/168\/2022\/07\/ccoobanderas2-300x200.jpg 300w, https:\/\/ccoo.app\/fundesplai\/wp-content\/blogs.dir\/6\/files\/sites\/168\/2022\/07\/ccoobanderas2-1024x684.jpg 1024w, https:\/\/ccoo.app\/fundesplai\/wp-content\/blogs.dir\/6\/files\/sites\/168\/2022\/07\/ccoobanderas2-768x513.jpg 768w\" sizes=\"auto, (max-width: 1200px) 100vw, 1200px\" \/><\/figure>\n\n\n\n<div style=\"height:30px\" aria-hidden=\"true\" class=\"wp-block-spacer\"><\/div>\n\n\n\n<ul class=\"wp-block-social-links is-style-default is-content-justification-center is-layout-flex wp-container-core-social-links-is-layout-16018d1d wp-block-social-links-is-layout-flex\"><li class=\"wp-social-link wp-social-link-mail  wp-block-social-link\"><a rel=\"noopener nofollow\" target=\"_blank\" href=\"mailto:%20%20erufon.ccoo@gmail.com\" class=\"wp-block-social-link-anchor\"><svg width=\"24\" height=\"24\" viewBox=\"0 0 24 24\" version=\"1.1\" xmlns=\"http:\/\/www.w3.org\/2000\/svg\" aria-hidden=\"true\" focusable=\"false\"><path d=\"M19,5H5c-1.1,0-2,.9-2,2v10c0,1.1.9,2,2,2h14c1.1,0,2-.9,2-2V7c0-1.1-.9-2-2-2zm.5,12c0,.3-.2.5-.5.5H5c-.3,0-.5-.2-.5-.5V9.8l7.5,5.6,7.5-5.6V17zm0-9.1L12,13.6,4.5,7.9V7c0-.3.2-.5.5-.5h14c.3,0,.5.2.5.5v.9z\"><\/path><\/svg><span class=\"wp-block-social-link-label screen-reader-text\">Correu electr\u00f2nic<\/span><\/a><\/li><\/ul>\n\n<\/div><\/div><\/div>\n\n<div class=\"gb-grid-column gb-grid-column-1203bf39\"><div class=\"gb-container gb-container-1203bf39\"><div class=\"gb-inside-container\">\n\n<p>S\u00f3c un Educador Infantil treballador de Fundesplai que crec que en la defensa dels drets de la classe treballadora.<\/p>\n\n\n\n<p>Per aix\u00f2 i entenent que els sindicats (a trav\u00e9s dels comit\u00e8s d\u2019empresa i les seccions sindicals) \u00e9s l\u2019\u00fanica eina per fer-ho vaig decidir fer un pas endavant el 2017 i presentar-me a la candidatura de CCOO per defensar els drets de totes les persones que treballen a Fundesplai.<\/p>\n\n\n\n<p>Amb el temps he anat formant-me dins del sindicat per ampliar coneixements i assumir responsabilitats quan ha fet falta.<\/p>\n\n<\/div><\/div><\/div>\n<\/div><\/div>\n\n\n\n<div class=\"wp-block-group is-vertical is-layout-flex wp-container-core-group-is-layout-8cf370e7 wp-block-group-is-layout-flex\">\n<h2 class=\"wp-block-heading\">Crist\u00f2fol Ortol\u00e0 Ortol\u00e0<\/h2>\n\n\n\n<h3 class=\"wp-block-heading\">Secretari d&#8217;Organitzaci\u00f3<\/h3>\n\n\n<div class=\"gb-grid-wrapper gb-grid-wrapper-4993b8a7\">\n<div class=\"gb-grid-column gb-grid-column-e77ce001\"><div class=\"gb-container gb-container-e77ce001\"><div class=\"gb-inside-container\">\n\n<figure class=\"gb-block-image gb-block-image-179bc23d\"><img loading=\"lazy\" decoding=\"async\" width=\"2560\" height=\"1722\" class=\"gb-image gb-image-179bc23d\" src=\"https:\/\/ccoo.app\/fundesplai\/wp-content\/blogs.dir\/6\/files\/sites\/168\/2022\/07\/perfil-cristofol-1-scaled.jpg\" alt=\"Perfil Cristofol 1\" title=\"Perfil Cristofol 1\" srcset=\"https:\/\/ccoo.app\/fundesplai\/wp-content\/blogs.dir\/6\/files\/sites\/168\/2022\/07\/perfil-cristofol-1-scaled.jpg 2560w, https:\/\/ccoo.app\/fundesplai\/wp-content\/blogs.dir\/6\/files\/sites\/168\/2022\/07\/perfil-cristofol-1-300x202.jpg 300w, https:\/\/ccoo.app\/fundesplai\/wp-content\/blogs.dir\/6\/files\/sites\/168\/2022\/07\/perfil-cristofol-1-1024x689.jpg 1024w, https:\/\/ccoo.app\/fundesplai\/wp-content\/blogs.dir\/6\/files\/sites\/168\/2022\/07\/perfil-cristofol-1-768x517.jpg 768w, https:\/\/ccoo.app\/fundesplai\/wp-content\/blogs.dir\/6\/files\/sites\/168\/2022\/07\/perfil-cristofol-1-1536x1033.jpg 1536w, https:\/\/ccoo.app\/fundesplai\/wp-content\/blogs.dir\/6\/files\/sites\/168\/2022\/07\/perfil-cristofol-1-2048x1378.jpg 2048w\" sizes=\"auto, (max-width: 2560px) 100vw, 2560px\" \/><\/figure>\n\n\n\n<div style=\"height:30px\" aria-hidden=\"true\" class=\"wp-block-spacer\"><\/div>\n\n\n\n<ul class=\"wp-block-social-links is-content-justification-center is-layout-flex wp-container-core-social-links-is-layout-16018d1d wp-block-social-links-is-layout-flex\"><li class=\"wp-social-link wp-social-link-twitter  wp-block-social-link\"><a rel=\"noopener nofollow\" target=\"_blank\" href=\"https:\/\/twitter.com\/CristofolOrtola\" class=\"wp-block-social-link-anchor\"><svg width=\"24\" height=\"24\" viewBox=\"0 0 24 24\" version=\"1.1\" xmlns=\"http:\/\/www.w3.org\/2000\/svg\" aria-hidden=\"true\" focusable=\"false\"><path d=\"M22.23,5.924c-0.736,0.326-1.527,0.547-2.357,0.646c0.847-0.508,1.498-1.312,1.804-2.27 c-0.793,0.47-1.671,0.812-2.606,0.996C18.324,4.498,17.257,4,16.077,4c-2.266,0-4.103,1.837-4.103,4.103 c0,0.322,0.036,0.635,0.106,0.935C8.67,8.867,5.647,7.234,3.623,4.751C3.27,5.357,3.067,6.062,3.067,6.814 c0,1.424,0.724,2.679,1.825,3.415c-0.673-0.021-1.305-0.206-1.859-0.513c0,0.017,0,0.034,0,0.052c0,1.988,1.414,3.647,3.292,4.023 c-0.344,0.094-0.707,0.144-1.081,0.144c-0.264,0-0.521-0.026-0.772-0.074c0.522,1.63,2.038,2.816,3.833,2.85 c-1.404,1.1-3.174,1.756-5.096,1.756c-0.331,0-0.658-0.019-0.979-0.057c1.816,1.164,3.973,1.843,6.29,1.843 c7.547,0,11.675-6.252,11.675-11.675c0-0.178-0.004-0.355-0.012-0.531C20.985,7.47,21.68,6.747,22.23,5.924z\"><\/path><\/svg><span class=\"wp-block-social-link-label screen-reader-text\">Twitter<\/span><\/a><\/li>\n\n<li class=\"wp-social-link wp-social-link-mail  wp-block-social-link\"><a rel=\"noopener nofollow\" target=\"_blank\" href=\"mailto:%20cristofol.ortola@ccoo.cat\" class=\"wp-block-social-link-anchor\"><svg width=\"24\" height=\"24\" viewBox=\"0 0 24 24\" version=\"1.1\" xmlns=\"http:\/\/www.w3.org\/2000\/svg\" aria-hidden=\"true\" focusable=\"false\"><path d=\"M19,5H5c-1.1,0-2,.9-2,2v10c0,1.1.9,2,2,2h14c1.1,0,2-.9,2-2V7c0-1.1-.9-2-2-2zm.5,12c0,.3-.2.5-.5.5H5c-.3,0-.5-.2-.5-.5V9.8l7.5,5.6,7.5-5.6V17zm0-9.1L12,13.6,4.5,7.9V7c0-.3.2-.5.5-.5h14c.3,0,.5.2.5.5v.9z\"><\/path><\/svg><span class=\"wp-block-social-link-label screen-reader-text\">Correu electr\u00f2nic<\/span><\/a><\/li><\/ul>\n\n<\/div><\/div><\/div>\n\n<div class=\"gb-grid-column gb-grid-column-9de18cc8\"><div class=\"gb-container gb-container-9de18cc8\"><div class=\"gb-inside-container\">\n\n<p>Nascut a Barcelona a l\u2019abril de 1972. Company i pare de dues criatures. Amb el cor i el cap a l&#8217;esquerra. Educador Social de formaci\u00f3. Lector de Ci\u00e8ncia Ficci\u00f3. Amant de la m\u00fasica de Queen i J.S. Bach (per dir dos de diferents). Aficionat a la fotografia mooolt amateur i Cuiner de caps de setmana,&#8230;&#8230;<\/p>\n\n\n\n<p>He desenvolupat tota la meva vida professional dins del m\u00f3n de l&#8217;educaci\u00f3 en el lleure.<\/p>\n\n\n\n<p>Soc afiliat a CCOO des de 2005 i des de 2007 he exercit diverses responsabilitats a la Federaci\u00f3 d&#8217;Educaci\u00f3 de CCOO, fins al 2016 que vaig comen\u00e7ar a treballar a la Fundaci\u00f3 Catalana de l\u2019Esplai, on durant aproximadament m\u00e9s de cinc anys he estat assumint tasques a diferents departaments , Programes escolars, Suport a les NEE i finalment Recursos Humans on vaig assumir la responsabilitat de Desenvolupament i Selecci\u00f3.<\/p>\n\n\n\n<p>Al mar\u00e7 de 2022 vaig decidir tornar a all\u00f2 que m\u00e9s m\u2019ha omplert en la meva vida professional, la representaci\u00f3 i l\u2019organitzaci\u00f3 de les persones treballadores per tal de defensar els nostres drets de manera col\u00b7lectiva, doncs aquesta \u00e9s la manera de transformar la societat i intentar assolir un m\u00f3n m\u00e9s just i equitatiu.<\/p>\n\n\n\n<p>Ara mateix soc delegat del Comit\u00e8 d\u2019Empresa de la Fundaci\u00f3 Catalana de l\u2019Esplai, on faig tasques de secretari del mateix, mentre que a la Secci\u00f3 Sindical he assumit la secretaria d\u2019organitzaci\u00f3, amb el repte de cr\u00e9ixer en afiliaci\u00f3 i incrementar la presencia de CCOO a tots els espais de Fundesplai.<\/p>\n\n\n\n<p>\u201cLes idees i la lluita no viuen sense organitzaci\u00f3\u201d A. Gramsci<\/p>\n\n<\/div><\/div><\/div>\n<\/div><\/div>\n","protected":false},"excerpt":{"rendered":"<p>Que \u00e9s una Secci\u00f3 Sindical? Alicia Ruiz Ortega Secretaria General Eloi Ruiz-Olalla Fontanals Secretari d&#8217;Acci\u00f3 Sindical Crist\u00f2fol Ortol\u00e0 Ortol\u00e0 Secretari d&#8217;Organitzaci\u00f3<\/p>\n","protected":false},"author":86240,"featured_media":0,"parent":0,"menu_order":0,"comment_status":"closed","ping_status":"closed","template":"","meta":{"footnotes":""},"class_list":["post-88297","page","type-page","status-publish"],"_links":{"self":[{"href":"https:\/\/ccoo.app\/fundesplai\/wp-json\/wp\/v2\/pages\/88297","targetHints":{"allow":["GET"]}}],"collection":[{"href":"https:\/\/ccoo.app\/fundesplai\/wp-json\/wp\/v2\/pages"}],"about":[{"href":"https:\/\/ccoo.app\/fundesplai\/wp-json\/wp\/v2\/types\/page"}],"author":[{"embeddable":true,"href":"https:\/\/ccoo.app\/fundesplai\/wp-json\/wp\/v2\/users\/86240"}],"replies":[{"embeddable":true,"href":"https:\/\/ccoo.app\/fundesplai\/wp-json\/wp\/v2\/comments?post=88297"}],"version-history":[{"count":5,"href":"https:\/\/ccoo.app\/fundesplai\/wp-json\/wp\/v2\/pages\/88297\/revisions"}],"predecessor-version":[{"id":89147,"href":"https:\/\/ccoo.app\/fundesplai\/wp-json\/wp\/v2\/pages\/88297\/revisions\/89147"}],"wp:attachment":[{"href":"https:\/\/ccoo.app\/fundesplai\/wp-json\/wp\/v2\/media?parent=88297"}],"curies":[{"name":"wp","href":"https:\/\/api.w.org\/{rel}","templated":true}]}}