{"id":2376,"date":"2021-01-11T11:24:55","date_gmt":"2021-01-11T10:24:55","guid":{"rendered":"https:\/\/ccoo.app\/?page_id=2376"},"modified":"2022-09-07T13:38:23","modified_gmt":"2022-09-07T11:38:23","slug":"contacta","status":"publish","type":"page","link":"https:\/\/ccoo.app\/fundesplai\/contacta\/","title":{"rendered":"Contacta"},"content":{"rendered":"<div class=\"gb-grid-wrapper gb-grid-wrapper-90c066fe\">\n<div class=\"gb-grid-column gb-grid-column-2c09f047\"><div class=\"gb-container gb-container-2c09f047\"><div class=\"gb-inside-container\">\n<div class=\"wp-block-image is-style-editorskit-circular\">\n<figure class=\"aligncenter size-large is-resized\"><img loading=\"lazy\" decoding=\"async\" src=\"https:\/\/ccoo.app\/fundesplai\/wp-content\/blogs.dir\/6\/files\/sites\/168\/2022\/07\/8-edited.png\" alt=\"8\" class=\"wp-image-88720\" width=\"218\" height=\"219\" srcset=\"https:\/\/ccoo.app\/fundesplai\/wp-content\/blogs.dir\/6\/files\/sites\/168\/2022\/07\/8-edited.png 873w, https:\/\/ccoo.app\/fundesplai\/wp-content\/blogs.dir\/6\/files\/sites\/168\/2022\/07\/8-edited-300x300.png 300w, https:\/\/ccoo.app\/fundesplai\/wp-content\/blogs.dir\/6\/files\/sites\/168\/2022\/07\/8-edited-150x150.png 150w, https:\/\/ccoo.app\/fundesplai\/wp-content\/blogs.dir\/6\/files\/sites\/168\/2022\/07\/8-edited-768x769.png 768w\" sizes=\"auto, (max-width: 218px) 100vw, 218px\" \/><\/figure>\n<\/div>\n<\/div><\/div><\/div>\n\n<div class=\"gb-grid-column gb-grid-column-004a80a3\"><div class=\"gb-container gb-container-004a80a3\"><div class=\"gb-inside-container\">\n\n<p class=\"has-text-align-justify\">Tens dubtes sobre el teu contracte, sobre formaci\u00f3, o relacionats amb temes d&#8217;igualtat o prevenci\u00f3 de riscos, vols saber si t&#8217;apliquen la  categoria correcta o no entens un concepte de la n\u00f2mina, ens pots preguntar o si s\u00f3n dubtes col\u00b7lectius, ens podeu demanar que vinguem al vostre centre<\/p>\n\n<\/div><\/div><\/div>\n<\/div>\n\n\n<div style=\"height:50px\" aria-hidden=\"true\" class=\"wp-block-spacer\"><\/div>\n\n\n\nS&#039;est\u00e0 carregant\u2026\n","protected":false},"excerpt":{"rendered":"<p>S&#039;est\u00e0 carregant\u2026<\/p>\n","protected":false},"author":2677,"featured_media":0,"parent":0,"menu_order":0,"comment_status":"closed","ping_status":"closed","template":"","meta":{"footnotes":""},"class_list":["post-2376","page","type-page","status-publish"],"_links":{"self":[{"href":"https:\/\/ccoo.app\/fundesplai\/wp-json\/wp\/v2\/pages\/2376","targetHints":{"allow":["GET"]}}],"collection":[{"href":"https:\/\/ccoo.app\/fundesplai\/wp-json\/wp\/v2\/pages"}],"about":[{"href":"https:\/\/ccoo.app\/fundesplai\/wp-json\/wp\/v2\/types\/page"}],"author":[{"embeddable":true,"href":"https:\/\/ccoo.app\/fundesplai\/wp-json\/wp\/v2\/users\/2677"}],"replies":[{"embeddable":true,"href":"https:\/\/ccoo.app\/fundesplai\/wp-json\/wp\/v2\/comments?post=2376"}],"version-history":[{"count":5,"href":"https:\/\/ccoo.app\/fundesplai\/wp-json\/wp\/v2\/pages\/2376\/revisions"}],"predecessor-version":[{"id":88723,"href":"https:\/\/ccoo.app\/fundesplai\/wp-json\/wp\/v2\/pages\/2376\/revisions\/88723"}],"wp:attachment":[{"href":"https:\/\/ccoo.app\/fundesplai\/wp-json\/wp\/v2\/media?parent=2376"}],"curies":[{"name":"wp","href":"https:\/\/api.w.org\/{rel}","templated":true}]}}