{"id":25,"date":"2020-02-13T13:17:50","date_gmt":"2020-02-13T18:17:50","guid":{"rendered":"https:\/\/gpsites.co\/read\/?page_id=25"},"modified":"2023-11-24T10:44:03","modified_gmt":"2023-11-24T09:44:03","slug":"home","status":"publish","type":"page","link":"https:\/\/ccoo.app\/fundacio-pere-tarres\/","title":{"rendered":""},"content":{"rendered":"\n<div class=\"wp-block-cover alignfull is-light\" style=\"min-height:400px;aspect-ratio:unset;\"><span aria-hidden=\"true\" class=\"wp-block-cover__background has-background-dim-0 has-background-dim\"><\/span><img loading=\"lazy\" decoding=\"async\" width=\"1440\" height=\"400\" class=\"wp-block-cover__image-background wp-image-2637\" alt=\"\" src=\"http:\/\/ccoo.app\/plantilla\/wp-content\/blogs.dir\/6\/files\/sites\/8\/2021\/02\/fond-cabecera-ccoo-1-1.jpg\" data-object-fit=\"cover\" srcset=\"https:\/\/ccoo.app\/fundacio-pere-tarres\/wp-content\/blogs.dir\/6\/files\/sites\/210\/2021\/02\/fond-cabecera-ccoo-1-1.jpg 1440w, https:\/\/ccoo.app\/fundacio-pere-tarres\/wp-content\/blogs.dir\/6\/files\/sites\/210\/2021\/02\/fond-cabecera-ccoo-1-1-300x83.jpg 300w, https:\/\/ccoo.app\/fundacio-pere-tarres\/wp-content\/blogs.dir\/6\/files\/sites\/210\/2021\/02\/fond-cabecera-ccoo-1-1-1024x284.jpg 1024w, https:\/\/ccoo.app\/fundacio-pere-tarres\/wp-content\/blogs.dir\/6\/files\/sites\/210\/2021\/02\/fond-cabecera-ccoo-1-1-768x213.jpg 768w\" sizes=\"auto, (max-width: 1440px) 100vw, 1440px\" \/><div class=\"wp-block-cover__inner-container is-layout-flow wp-block-cover-is-layout-flow\">\n<div class=\"wp-block-cover\" style=\"min-height:300px;aspect-ratio:unset;\"><span aria-hidden=\"true\" class=\"wp-block-cover__background has-background-dim-0 has-background-dim\"><\/span><img decoding=\"async\" class=\"wp-block-cover__image-background wp-image-2343\" alt=\"\" src=\"http:\/\/ccoo.app\/wp-content\/blogs.dir\/6\/files\/2021\/01\/Elementos-CCOO-cabecera.png\" data-object-fit=\"cover\" \/><div class=\"wp-block-cover__inner-container is-layout-flow wp-block-cover-is-layout-flow\">\n<div class=\"wp-block-group\"><div class=\"wp-block-group__inner-container is-layout-flow wp-block-group-is-layout-flow\">\n<h1 class=\"wp-block-heading has-text-align-center has-black-color has-text-color\" id=\"seccion-sindical\" style=\"font-size:44px\">Secci\u00f3 Sindical Fundaci\u00f3 Pere Tarr\u00e9s<\/h1>\n\n\n\n<div class=\"wp-block-columns is-layout-flex wp-container-core-columns-is-layout-9d6595d7 wp-block-columns-is-layout-flex\">\n<div class=\"wp-block-column is-layout-flow wp-block-column-is-layout-flow\" style=\"flex-basis:15%\"><\/div>\n\n\n\n<div class=\"wp-block-column is-layout-flow wp-block-column-is-layout-flow\" style=\"flex-basis:70%\">\n<p><\/p>\n<\/div>\n\n\n\n<div class=\"wp-block-column is-layout-flow wp-block-column-is-layout-flow\" style=\"flex-basis:15%\"><\/div>\n<\/div>\n<\/div><\/div>\n<\/div><\/div>\n<\/div><\/div>\n\n\n\n<div style=\"height:42px\" aria-hidden=\"true\" class=\"wp-block-spacer\"><\/div>\n\n\n\n<div class=\"wp-block-columns is-style-default has-contrast-color has-base-background-color has-text-color has-background has-link-color wp-elements-2e887a2a97b59fc701844bf745a1eb64\">\n<div class=\"wp-block-column is-vertically-aligned-center is-layout-flow wp-block-column-is-layout-flow\">\n<h2 class=\"wp-block-heading has-text-align-center\"><a href=\"https:\/\/ccoo.app\/fundacio-pere-tarres\/sector\/lleure-educatiu\/\" class=\"ek-link\">LLEURE EDUCATIU<\/a><\/h2>\n<\/div>\n\n\n\n<div class=\"wp-block-column is-vertically-aligned-center is-layout-flow wp-block-column-is-layout-flow\">\n<h2 class=\"wp-block-heading has-text-align-center\"><a href=\"https:\/\/ccoo.app\/fundacio-pere-tarres\/sector\/escoles-bressol\/\" class=\"ek-link\">ESCOLES BRESSOL<\/a><\/h2>\n<\/div>\n\n\n\n<div class=\"wp-block-column is-vertically-aligned-center is-layout-flow wp-block-column-is-layout-flow\">\n<h2 class=\"wp-block-heading has-text-align-center\"><a href=\"https:\/\/ccoo.app\/fundacio-pere-tarres\/sector\/conveni-accio-social\/\" class=\"ek-link\">ACCI\u00d3 SOCIAL<\/a><\/h2>\n<\/div>\n<\/div>\n\n\n\n<div class=\"wp-block-cover alignfull is-light is-style-default\" style=\"min-height:380px;aspect-ratio:unset;\"><span aria-hidden=\"true\" class=\"wp-block-cover__background has-background-dim-0 has-background-dim\"><\/span><img decoding=\"async\" class=\"wp-block-cover__image-background wp-image-2356\" alt=\"\" src=\"https:\/\/ccoo.app\/wp-content\/blogs.dir\/6\/files\/2021\/01\/fond-hero.svg\" style=\"object-position:40% 100%\" data-object-fit=\"cover\" data-object-position=\"40% 100%\" \/><div class=\"wp-block-cover__inner-container is-layout-flow wp-block-cover-is-layout-flow\">\n<div class=\"wp-block-group\"><div class=\"wp-block-group__inner-container is-layout-flow wp-block-group-is-layout-flow\">\n<div class=\"wp-block-columns is-layout-flex wp-container-core-columns-is-layout-9d6595d7 wp-block-columns-is-layout-flex\">\n<div class=\"wp-block-column is-layout-flow wp-block-column-is-layout-flow\">\n<h2 class=\"wp-block-heading titulo-noticias has-black-color has-text-color\" id=\"descubre-nuestrasultimas-noticias\"><br>Descobreix les nostres<br>\u00faltimes not\u00edcies<\/h2>\n\n\n\n<figure class=\"wp-block-image size-large is-resized barra-decoracion\"><img decoding=\"async\" src=\"https:\/\/ccoo.app\/wp-content\/blogs.dir\/6\/files\/2021\/01\/Rectangle-126.svg\" alt=\"\" class=\"wp-image-2357\" style=\"width:281px;height:6px\" \/><\/figure>\n\n\n\n<div class=\"wp-block-buttons is-layout-flex wp-block-buttons-is-layout-flex\">\n<div class=\"wp-block-button\"><a class=\"wp-block-button__link has-white-color has-black-background-color has-text-color has-background no-border-radius wp-element-button\" href=\"https:\/\/ccoo.app\/fundacio-pere-tarres\/sector\/noticies\/\">ACTUALITAT<\/a><\/div>\n<\/div>\n\n\n\n<p class=\"has-black-color has-text-color\"><br><\/p>\n<\/div>\n\n\n\n<div class=\"wp-block-column is-layout-flow wp-block-column-is-layout-flow\"><div class=\"wp-block-image is-style-editorskit-circular\">\n<figure class=\"aligncenter size-full is-resized\"><img loading=\"lazy\" decoding=\"async\" width=\"1024\" height=\"1024\" src=\"https:\/\/ccoo.app\/fundacio-pere-tarres\/wp-content\/blogs.dir\/6\/files\/sites\/210\/2023\/09\/actualitat-5.jpg\" alt=\"Actualitat 5\" class=\"wp-image-3033\" style=\"aspect-ratio:1;width:484px;height:auto\" srcset=\"https:\/\/ccoo.app\/fundacio-pere-tarres\/wp-content\/blogs.dir\/6\/files\/sites\/210\/2023\/09\/actualitat-5.jpg 1024w, https:\/\/ccoo.app\/fundacio-pere-tarres\/wp-content\/blogs.dir\/6\/files\/sites\/210\/2023\/09\/actualitat-5-300x300.jpg 300w, https:\/\/ccoo.app\/fundacio-pere-tarres\/wp-content\/blogs.dir\/6\/files\/sites\/210\/2023\/09\/actualitat-5-150x150.jpg 150w, https:\/\/ccoo.app\/fundacio-pere-tarres\/wp-content\/blogs.dir\/6\/files\/sites\/210\/2023\/09\/actualitat-5-768x768.jpg 768w\" sizes=\"auto, (max-width: 1024px) 100vw, 1024px\" \/><\/figure>\n<\/div><\/div>\n<\/div>\n<\/div><\/div>\n<\/div><\/div>\n\n\n\n<div style=\"height:40px\" aria-hidden=\"true\" class=\"wp-block-spacer\"><\/div>\n\n\n<ul class=\"wp-block-latest-posts__list is-grid columns-3 has-dates wp-block-latest-posts\"><li><div class=\"wp-block-latest-posts__featured-image aligncenter\"><img loading=\"lazy\" decoding=\"async\" width=\"300\" height=\"295\" src=\"https:\/\/ccoo.app\/fundacio-pere-tarres\/wp-content\/blogs.dir\/6\/files\/sites\/210\/2026\/02\/WhatsApp-Image-2026-02-02-at-12.02.23-300x295.jpeg\" class=\"attachment-medium size-medium wp-post-image\" alt=\"\" style=\"\" srcset=\"https:\/\/ccoo.app\/fundacio-pere-tarres\/wp-content\/blogs.dir\/6\/files\/sites\/210\/2026\/02\/WhatsApp-Image-2026-02-02-at-12.02.23-300x295.jpeg 300w, https:\/\/ccoo.app\/fundacio-pere-tarres\/wp-content\/blogs.dir\/6\/files\/sites\/210\/2026\/02\/WhatsApp-Image-2026-02-02-at-12.02.23.jpeg 653w\" sizes=\"auto, (max-width: 300px) 100vw, 300px\" \/><\/div><a class=\"wp-block-latest-posts__post-title\" href=\"https:\/\/ccoo.app\/fundacio-pere-tarres\/accio-social-en-vaga\/\">Acci\u00f3 social en VAGA<\/a><time datetime=\"2026-02-04T13:23:25+01:00\" class=\"wp-block-latest-posts__post-date\">4 de febrer de 2026<\/time><div class=\"wp-block-latest-posts__post-excerpt\">\ud83d\udd25 Companyes!! \ud83d\udd25Davant la situaci\u00f3 de la patronal &#8220;La Confederaci\u00f3&#8221; de bloqueig en la negociaci\u00f3 del nostreconveni i davant la seva negativa de millorar les nostres condicions, ens obliga a tornar aorganitzar-nos per lluitar pels nostres drets!! Durant el mesos de febrer i mar\u00e7 farem actes de protesta:Del 3F al 25M Lla\u00e7os taronges, com s\u00edmbol &#8230; <a title=\"Acci\u00f3 social en VAGA\" class=\"read-more\" href=\"https:\/\/ccoo.app\/fundacio-pere-tarres\/accio-social-en-vaga\/\" aria-label=\"M\u00e9s informaci\u00f3 sobre Acci\u00f3 social en VAGA\">Read more<\/a><\/div><\/li>\n<li><div class=\"wp-block-latest-posts__featured-image aligncenter\"><img loading=\"lazy\" decoding=\"async\" width=\"300\" height=\"200\" src=\"https:\/\/ccoo.app\/fundacio-pere-tarres\/wp-content\/blogs.dir\/6\/files\/sites\/210\/2025\/09\/WhatsApp-Image-2025-09-05-at-10.48.05-300x200.jpeg\" class=\"attachment-medium size-medium wp-post-image\" alt=\"\" style=\"\" srcset=\"https:\/\/ccoo.app\/fundacio-pere-tarres\/wp-content\/blogs.dir\/6\/files\/sites\/210\/2025\/09\/WhatsApp-Image-2025-09-05-at-10.48.05-300x200.jpeg 300w, https:\/\/ccoo.app\/fundacio-pere-tarres\/wp-content\/blogs.dir\/6\/files\/sites\/210\/2025\/09\/WhatsApp-Image-2025-09-05-at-10.48.05-1024x682.jpeg 1024w, https:\/\/ccoo.app\/fundacio-pere-tarres\/wp-content\/blogs.dir\/6\/files\/sites\/210\/2025\/09\/WhatsApp-Image-2025-09-05-at-10.48.05-768x512.jpeg 768w, https:\/\/ccoo.app\/fundacio-pere-tarres\/wp-content\/blogs.dir\/6\/files\/sites\/210\/2025\/09\/WhatsApp-Image-2025-09-05-at-10.48.05-1536x1023.jpeg 1536w, https:\/\/ccoo.app\/fundacio-pere-tarres\/wp-content\/blogs.dir\/6\/files\/sites\/210\/2025\/09\/WhatsApp-Image-2025-09-05-at-10.48.05.jpeg 1600w\" sizes=\"auto, (max-width: 300px) 100vw, 300px\" \/><\/div><a class=\"wp-block-latest-posts__post-title\" href=\"https:\/\/ccoo.app\/fundacio-pere-tarres\/nous-calculadors-salarials-setembre-2025\/\">Nous Calculadors Salarials Setembre 2025<\/a><time datetime=\"2025-09-22T11:16:44+02:00\" class=\"wp-block-latest-posts__post-date\">22 de setembre de 2025<\/time><div class=\"wp-block-latest-posts__post-excerpt\">Aqu\u00ed teniu l&#8217;enlla\u00e7 al calculador actualitzat del lleure educatiu i Sociocultural i Acci\u00f3 Social.Lleure Educatiu: http:\/\/bit.ly\/4mJzoBpAcci\u00f3 Social: https:\/\/bitly.cx\/lEAA<\/div><\/li>\n<li><div class=\"wp-block-latest-posts__featured-image aligncenter\"><img loading=\"lazy\" decoding=\"async\" width=\"212\" height=\"300\" src=\"https:\/\/ccoo.app\/fundacio-pere-tarres\/wp-content\/blogs.dir\/6\/files\/sites\/210\/2025\/09\/reduccio-212x300.jpg\" class=\"attachment-medium size-medium wp-post-image\" alt=\"\" style=\"\" srcset=\"https:\/\/ccoo.app\/fundacio-pere-tarres\/wp-content\/blogs.dir\/6\/files\/sites\/210\/2025\/09\/reduccio-212x300.jpg 212w, https:\/\/ccoo.app\/fundacio-pere-tarres\/wp-content\/blogs.dir\/6\/files\/sites\/210\/2025\/09\/reduccio-724x1024.jpg 724w, https:\/\/ccoo.app\/fundacio-pere-tarres\/wp-content\/blogs.dir\/6\/files\/sites\/210\/2025\/09\/reduccio-768x1086.jpg 768w, https:\/\/ccoo.app\/fundacio-pere-tarres\/wp-content\/blogs.dir\/6\/files\/sites\/210\/2025\/09\/reduccio-1086x1536.jpg 1086w, https:\/\/ccoo.app\/fundacio-pere-tarres\/wp-content\/blogs.dir\/6\/files\/sites\/210\/2025\/09\/reduccio-1448x2048.jpg 1448w, https:\/\/ccoo.app\/fundacio-pere-tarres\/wp-content\/blogs.dir\/6\/files\/sites\/210\/2025\/09\/reduccio.jpg 1587w\" sizes=\"auto, (max-width: 212px) 100vw, 212px\" \/><\/div><a class=\"wp-block-latest-posts__post-title\" href=\"https:\/\/ccoo.app\/fundacio-pere-tarres\/reduccio-de-la-jornada-laboral\/\">Reducci\u00f3 de la jornada laboral<\/a><time datetime=\"2025-09-04T10:46:55+02:00\" class=\"wp-block-latest-posts__post-date\">4 de setembre de 2025<\/time><div class=\"wp-block-latest-posts__post-excerpt\">Aquesta setmana es vota la reducci\u00f3 de jornada. Els pol\u00edtics ho tenen a les seves mans: exigim que estiguin a l\u2019altura i responguin a la classe treballadora. 10 de SETEMBRE a les 10 hores A CATALUNYA:\ud83d\udccdBARCELONA: Foment del Treball, Via Laietana 32\ud83d\udccdTARRAGONA: davant CEPTA, rambla Nova 95\ud83d\udccdGIRONA: davant FOEG, c\/Bonastruc de Porta 15\ud83d\udccdLLEIDA: davant COELL, &#8230; <a title=\"Reducci\u00f3 de la jornada laboral\" class=\"read-more\" href=\"https:\/\/ccoo.app\/fundacio-pere-tarres\/reduccio-de-la-jornada-laboral\/\" aria-label=\"M\u00e9s informaci\u00f3 sobre Reducci\u00f3 de la jornada laboral\">Read more<\/a><\/div><\/li>\n<li><div class=\"wp-block-latest-posts__featured-image aligncenter\"><img loading=\"lazy\" decoding=\"async\" width=\"300\" height=\"300\" src=\"https:\/\/ccoo.app\/fundacio-pere-tarres\/wp-content\/blogs.dir\/6\/files\/sites\/210\/2023\/09\/actualitat-5-300x300.jpg\" class=\"attachment-medium size-medium wp-post-image\" alt=\"Actualitat 5\" style=\"\" srcset=\"https:\/\/ccoo.app\/fundacio-pere-tarres\/wp-content\/blogs.dir\/6\/files\/sites\/210\/2023\/09\/actualitat-5-300x300.jpg 300w, https:\/\/ccoo.app\/fundacio-pere-tarres\/wp-content\/blogs.dir\/6\/files\/sites\/210\/2023\/09\/actualitat-5-150x150.jpg 150w, https:\/\/ccoo.app\/fundacio-pere-tarres\/wp-content\/blogs.dir\/6\/files\/sites\/210\/2023\/09\/actualitat-5-768x768.jpg 768w, https:\/\/ccoo.app\/fundacio-pere-tarres\/wp-content\/blogs.dir\/6\/files\/sites\/210\/2023\/09\/actualitat-5.jpg 1024w\" sizes=\"auto, (max-width: 300px) 100vw, 300px\" \/><\/div><a class=\"wp-block-latest-posts__post-title\" href=\"https:\/\/ccoo.app\/fundacio-pere-tarres\/comunicat-de-ccoo-sobre-el-nou-sistema-de-proteccio-a-la-infancia-i-ladolescencia\/\">COMUNICAT DE CCOO SOBRE EL NOU SISTEMA DE PROTECCI\u00d3 A LA INF\u00c0NCIA I L\u2019ADOLESC\u00c8NCIA<\/a><time datetime=\"2025-06-09T09:36:14+02:00\" class=\"wp-block-latest-posts__post-date\">9 de juny de 2025<\/time><div class=\"wp-block-latest-posts__post-excerpt\">En primer lloc mostrar el nostre m\u00e9s absolut suport a la menor que va patir abusos sexuals estant sota la tutela de la DGAIA i tamb\u00e9 a tot el col\u00b7lectiu de professionals del sector que pateixen la pressi\u00f3 d&#8217;un sistema clarament en fallida.De forma totalment oportunista, arran de la sortida a premsa de la trista &#8230; <a title=\"COMUNICAT DE CCOO SOBRE EL NOU SISTEMA DE PROTECCI\u00d3 A LA INF\u00c0NCIA I L\u2019ADOLESC\u00c8NCIA\" class=\"read-more\" href=\"https:\/\/ccoo.app\/fundacio-pere-tarres\/comunicat-de-ccoo-sobre-el-nou-sistema-de-proteccio-a-la-infancia-i-ladolescencia\/\" aria-label=\"M\u00e9s informaci\u00f3 sobre COMUNICAT DE CCOO SOBRE EL NOU SISTEMA DE PROTECCI\u00d3 A LA INF\u00c0NCIA I L\u2019ADOLESC\u00c8NCIA\">Read more<\/a><\/div><\/li>\n<li><div class=\"wp-block-latest-posts__featured-image aligncenter\"><img loading=\"lazy\" decoding=\"async\" width=\"178\" height=\"155\" src=\"https:\/\/ccoo.app\/fundacio-pere-tarres\/wp-content\/blogs.dir\/6\/files\/sites\/210\/2023\/09\/03.png\" class=\"attachment-medium size-medium wp-post-image\" alt=\"03\" style=\"\" \/><\/div><a class=\"wp-block-latest-posts__post-title\" href=\"https:\/\/ccoo.app\/fundacio-pere-tarres\/publicacio-al-boe-del-xiii-convenicollectiu-dassistencia-i-educacio-infantil\/\">Publicaci\u00f3 al BOE del XIII ConveniCol\u00b7lectiu d&#8217;Assist\u00e8ncia i Educaci\u00f3 Infantil<\/a><time datetime=\"2025-06-09T09:26:43+02:00\" class=\"wp-block-latest-posts__post-date\">9 de juny de 2025<\/time><div class=\"wp-block-latest-posts__post-excerpt\">CCOO no va signar el XIII Conveni Col\u00b7lectiu de Centres d&#8217;Assist\u00e8ncia i Educaci\u00f3 Infantil publicat avui per l&#8217; abs\u00e8ncia d&#8217; aven\u00e7os substancials per garantir unes condicions laborals dignes al sector on hi ha una persistent precarietat laboral, amb milers de treballadores que continuen fent tasques essencials per a la societat amb salaris insuficients,jornadas.Des de CCOO &#8230; <a title=\"Publicaci\u00f3 al BOE del XIII ConveniCol\u00b7lectiu d&#8217;Assist\u00e8ncia i Educaci\u00f3 Infantil\" class=\"read-more\" href=\"https:\/\/ccoo.app\/fundacio-pere-tarres\/publicacio-al-boe-del-xiii-convenicollectiu-dassistencia-i-educacio-infantil\/\" aria-label=\"M\u00e9s informaci\u00f3 sobre Publicaci\u00f3 al BOE del XIII ConveniCol\u00b7lectiu d&#8217;Assist\u00e8ncia i Educaci\u00f3 Infantil\">Read more<\/a><\/div><\/li>\n<li><div class=\"wp-block-latest-posts__featured-image aligncenter\"><img loading=\"lazy\" decoding=\"async\" width=\"298\" height=\"300\" src=\"https:\/\/ccoo.app\/fundacio-pere-tarres\/wp-content\/blogs.dir\/6\/files\/sites\/210\/2024\/09\/pujada-salarial-298x300.jpg\" class=\"attachment-medium size-medium wp-post-image\" alt=\"\" style=\"\" srcset=\"https:\/\/ccoo.app\/fundacio-pere-tarres\/wp-content\/blogs.dir\/6\/files\/sites\/210\/2024\/09\/pujada-salarial-298x300.jpg 298w, https:\/\/ccoo.app\/fundacio-pere-tarres\/wp-content\/blogs.dir\/6\/files\/sites\/210\/2024\/09\/pujada-salarial-150x150.jpg 150w, https:\/\/ccoo.app\/fundacio-pere-tarres\/wp-content\/blogs.dir\/6\/files\/sites\/210\/2024\/09\/pujada-salarial.jpg 640w\" sizes=\"auto, (max-width: 298px) 100vw, 298px\" \/><\/div><a class=\"wp-block-latest-posts__post-title\" href=\"https:\/\/ccoo.app\/fundacio-pere-tarres\/ccoo-signa-un-acord-parcial-que-actualitza-les-taulessalarials-i-els-complements-per-lany-2025-del-conveni-col%c2%b7lectiu-de-daccio-social\/\">CCOO SIGNA UN ACORD PARCIAL QUE ACTUALITZA LES TAULESSALARIALS I ELS COMPLEMENTS PER L\u2019ANY 2025 DEL CONVENI COL\u00b7LECTIU DE  D\u2019ACCI\u00d3 SOCIAL<\/a><time datetime=\"2025-04-07T15:13:33+02:00\" class=\"wp-block-latest-posts__post-date\">7 d&#8217;abril de 2025<\/time><div class=\"wp-block-latest-posts__post-excerpt\"><\/div><\/li>\n<\/ul>","protected":false},"excerpt":{"rendered":"<p>LLEURE EDUCATIU ESCOLES BRESSOL ACCI\u00d3 SOCIAL<\/p>\n","protected":false},"author":6,"featured_media":0,"parent":0,"menu_order":0,"comment_status":"closed","ping_status":"closed","template":"","meta":{"footnotes":""},"class_list":["post-25","page","type-page","status-publish"],"_links":{"self":[{"href":"https:\/\/ccoo.app\/fundacio-pere-tarres\/wp-json\/wp\/v2\/pages\/25","targetHints":{"allow":["GET"]}}],"collection":[{"href":"https:\/\/ccoo.app\/fundacio-pere-tarres\/wp-json\/wp\/v2\/pages"}],"about":[{"href":"https:\/\/ccoo.app\/fundacio-pere-tarres\/wp-json\/wp\/v2\/types\/page"}],"author":[{"embeddable":true,"href":"https:\/\/ccoo.app\/fundacio-pere-tarres\/wp-json\/wp\/v2\/users\/6"}],"replies":[{"embeddable":true,"href":"https:\/\/ccoo.app\/fundacio-pere-tarres\/wp-json\/wp\/v2\/comments?post=25"}],"version-history":[{"count":4,"href":"https:\/\/ccoo.app\/fundacio-pere-tarres\/wp-json\/wp\/v2\/pages\/25\/revisions"}],"predecessor-version":[{"id":3172,"href":"https:\/\/ccoo.app\/fundacio-pere-tarres\/wp-json\/wp\/v2\/pages\/25\/revisions\/3172"}],"wp:attachment":[{"href":"https:\/\/ccoo.app\/fundacio-pere-tarres\/wp-json\/wp\/v2\/media?parent=25"}],"curies":[{"name":"wp","href":"https:\/\/api.w.org\/{rel}","templated":true}]}}