{"id":8047,"date":"2026-04-01T13:03:28","date_gmt":"2026-04-01T11:03:28","guid":{"rendered":"https:\/\/ccoo.app\/fsc-administracio-local\/?page_id=8047"},"modified":"2026-04-02T11:28:33","modified_gmt":"2026-04-02T09:28:33","slug":"brigades-municipals","status":"publish","type":"page","link":"https:\/\/ccoo.app\/fsc-administracio-local\/brigades-municipals\/","title":{"rendered":"BRIGADES MUNICIPALS"},"content":{"rendered":"\n<p>Des del Sector de l\u2019Administraci\u00f3 Local de CCOO a Catalunya hem engegat una campanya per posar en valor la feina que realitzen les brigades municipals al si dels ens locals.<\/p>\n\n\n\n<p><a><\/a>Les brigades municipals sostenen el dia a dia dels pobles i ciutats: manteniment, urg\u00e8ncies, espai p\u00fablic, jardineria, serveis b\u00e0sics, neteja vi\u00e0ria, neteja d\u2019edificis. Tot i aix\u00f2, pateixen infracategoritzaci\u00f3, manca de carrera professional i poca visibilitat dins de l\u2019organitzaci\u00f3.<\/p>\n\n\n\n<p>A m\u00e9s, l\u2019envelliment de les treballadores, la manca de renovaci\u00f3 de personal i la falta de recursos fa que les companyes de les brigades municipals convisquin amb l\u2019amena\u00e7a constant de l\u2019externalitzaci\u00f3 del seu servei.<\/p>\n\n\n\n<p>CCOO exigim el reconeixement professional i l\u2019estabilitat de drets a trav\u00e9s dels seg\u00fcents eixos:<\/p>\n\n\n\n<ul class=\"wp-block-list\">\n<li><strong>Reconeixement professional real<\/strong>\n<ul class=\"wp-block-list\">\n<li>Adequaci\u00f3 entre funcions i classificaci\u00f3 laboral<\/li>\n\n\n\n<li>Actualitzaci\u00f3 de categories i grups professionals<\/li>\n<\/ul>\n<\/li>\n<\/ul>\n\n\n\n<ol class=\"wp-block-list\"><\/ol>\n\n\n\n<ul class=\"wp-block-list\">\n<li><strong>Carrera professional<\/strong><ul><li>Reconeixement de l\u2019experi\u00e8ncia i l\u2019antiguitat<\/li><\/ul>\n<ul class=\"wp-block-list\">\n<li>Promoci\u00f3 horitzontal i vertical<\/li>\n<\/ul>\n<\/li>\n<\/ul>\n\n\n\n<ul class=\"wp-block-list\">\n<li><strong>Formaci\u00f3 i qualificaci\u00f3<\/strong><ul><li>Acc\u00e9s a formaci\u00f3 reglada i cont\u00ednua<\/li><\/ul><ul><li>Certificaci\u00f3 de compet\u00e8ncies professionals<\/li><\/ul>\n<ul class=\"wp-block-list\">\n<li>Reconeixement de l\u2019experi\u00e8ncia convalidant el requisit de formaci\u00f3 reglada<\/li>\n<\/ul>\n<\/li>\n<\/ul>\n\n\n\n<ul class=\"wp-block-list\">\n<li><strong>Condicions de treball dignes<\/strong><ul><li>Salut laboral i prevenci\u00f3 de riscos (tamb\u00e9 els psicosocials)<\/li><\/ul><ul><li>Estabilitat en la plantilla i cobertura de les baixes, vacants i jubilacions<\/li><\/ul>\n<ul class=\"wp-block-list\">\n<li>Desenvolupament de plans de Segona activitat<\/li>\n<\/ul>\n<\/li>\n<\/ul>\n\n\n\n<p>Fes que aquestes reivindicacions arribin a teu centre de treball, organitzat amb les CCOO. Som Brigades Municipals, Som Servei P\u00fablic!<\/p>\n\n\n\n<figure class=\"wp-block-embed is-type-video is-provider-youtube wp-block-embed-youtube wp-embed-aspect-16-9 wp-has-aspect-ratio\"><div class=\"wp-block-embed__wrapper\">\n<iframe loading=\"lazy\" title=\"Assemblea brigades municipals: SOM BRIGADES, SOM SERVEI P\u00daBLIC!\" width=\"1200\" height=\"675\" src=\"https:\/\/www.youtube.com\/embed\/xJ1Kz98YfBw?start=1&#038;feature=oembed\" frameborder=\"0\" allow=\"accelerometer; autoplay; clipboard-write; encrypted-media; gyroscope; picture-in-picture; web-share\" referrerpolicy=\"strict-origin-when-cross-origin\" allowfullscreen><\/iframe>\n<\/div><\/figure>\n\n\n\n<p><\/p>\n","protected":false},"excerpt":{"rendered":"<p>Des del Sector de l\u2019Administraci\u00f3 Local de CCOO a Catalunya hem engegat una campanya per posar en valor la feina que realitzen les brigades municipals al si dels ens locals. &#8230; <a title=\"BRIGADES MUNICIPALS\" class=\"read-more\" href=\"https:\/\/ccoo.app\/fsc-administracio-local\/brigades-municipals\/\" aria-label=\"Leer m\u00e1s sobre BRIGADES MUNICIPALS\">Leer m\u00e1s<\/a><\/p>\n","protected":false},"author":5689,"featured_media":8035,"parent":0,"menu_order":0,"comment_status":"closed","ping_status":"closed","template":"","meta":{"footnotes":""},"class_list":["post-8047","page","type-page","status-publish","has-post-thumbnail"],"_links":{"self":[{"href":"https:\/\/ccoo.app\/fsc-administracio-local\/wp-json\/wp\/v2\/pages\/8047","targetHints":{"allow":["GET"]}}],"collection":[{"href":"https:\/\/ccoo.app\/fsc-administracio-local\/wp-json\/wp\/v2\/pages"}],"about":[{"href":"https:\/\/ccoo.app\/fsc-administracio-local\/wp-json\/wp\/v2\/types\/page"}],"author":[{"embeddable":true,"href":"https:\/\/ccoo.app\/fsc-administracio-local\/wp-json\/wp\/v2\/users\/5689"}],"replies":[{"embeddable":true,"href":"https:\/\/ccoo.app\/fsc-administracio-local\/wp-json\/wp\/v2\/comments?post=8047"}],"version-history":[{"count":5,"href":"https:\/\/ccoo.app\/fsc-administracio-local\/wp-json\/wp\/v2\/pages\/8047\/revisions"}],"predecessor-version":[{"id":8060,"href":"https:\/\/ccoo.app\/fsc-administracio-local\/wp-json\/wp\/v2\/pages\/8047\/revisions\/8060"}],"wp:featuredmedia":[{"embeddable":true,"href":"https:\/\/ccoo.app\/fsc-administracio-local\/wp-json\/wp\/v2\/media\/8035"}],"wp:attachment":[{"href":"https:\/\/ccoo.app\/fsc-administracio-local\/wp-json\/wp\/v2\/media?parent=8047"}],"curies":[{"name":"wp","href":"https:\/\/api.w.org\/{rel}","templated":true}]}}