{"id":2922,"date":"2023-02-06T11:06:00","date_gmt":"2023-02-06T10:06:00","guid":{"rendered":"https:\/\/fsc-local.ccoo.cat\/?page_id=2922"},"modified":"2023-02-06T11:06:00","modified_gmt":"2023-02-06T10:06:00","slug":"plans-digualtat","status":"publish","type":"page","link":"https:\/\/ccoo.app\/fsc-administracio-local\/plans-digualtat\/","title":{"rendered":"PLANS D\u2019IGUALTAT"},"content":{"rendered":"\n<h2 class=\"wp-block-heading\"><strong>PROPOSTES SINDICALS DE CCOO PEL PERSONAL&nbsp;<\/strong><strong>QUE TREBALLA A LES ADMINSTRACIONS LOCALS&nbsp;<\/strong><strong>(INCLOU SECTOR P\u00daBLIC*)<\/strong><\/h2>\n\n\n\n<h6 class=\"wp-block-heading\">*LPGE 2023\u00a0<em>T\u00cdTULO III \u2013 CAP\u00cdTULO I De los gastos de personal al servicio del sector p\u00fablico. Art\u00edculo 19. Uno<\/em>.<\/h6>\n\n\n<div class=\"wp-block-image\">\n<figure class=\"aligncenter size-large\"><a href=\"https:\/\/fsc-local.ccoo.cat\/wp-content\/uploads\/sites\/110\/2023\/04\/10.-IGUALTAT.jpg\"><img loading=\"lazy\" decoding=\"async\" width=\"727\" height=\"1024\" src=\"https:\/\/fsc-local.ccoo.cat\/wp-content\/uploads\/sites\/110\/2023\/04\/10.-IGUALTAT-727x1024.jpg\" alt=\"\" class=\"wp-image-3260\" srcset=\"https:\/\/ccoo.app\/fsc-administracio-local\/wp-content\/blogs.dir\/6\/files\/sites\/219\/2023\/04\/10.-IGUALTAT-727x1024.jpg 727w, https:\/\/ccoo.app\/fsc-administracio-local\/wp-content\/blogs.dir\/6\/files\/sites\/219\/2023\/04\/10.-IGUALTAT-213x300.jpg 213w, https:\/\/ccoo.app\/fsc-administracio-local\/wp-content\/blogs.dir\/6\/files\/sites\/219\/2023\/04\/10.-IGUALTAT-768x1082.jpg 768w, https:\/\/ccoo.app\/fsc-administracio-local\/wp-content\/blogs.dir\/6\/files\/sites\/219\/2023\/04\/10.-IGUALTAT-1090x1536.jpg 1090w, https:\/\/ccoo.app\/fsc-administracio-local\/wp-content\/blogs.dir\/6\/files\/sites\/219\/2023\/04\/10.-IGUALTAT.jpg 1419w\" sizes=\"auto, (max-width: 727px) 100vw, 727px\" \/><\/a><figcaption class=\"wp-element-caption\">Cliqueu sobre la imatge<\/figcaption><\/figure>\n<\/div>\n\n\n<p><\/p>\n    \t","protected":false},"excerpt":{"rendered":"<p>PROPOSTES SINDICALS DE CCOO PEL PERSONAL&nbsp;QUE TREBALLA A LES ADMINSTRACIONS LOCALS&nbsp;(INCLOU SECTOR P\u00daBLIC*) *LPGE 2023\u00a0T\u00cdTULO III \u2013 CAP\u00cdTULO I De los gastos de personal al servicio del sector p\u00fablico. Art\u00edculo &#8230; <a title=\"PLANS D\u2019IGUALTAT\" class=\"read-more\" href=\"https:\/\/ccoo.app\/fsc-administracio-local\/plans-digualtat\/\" aria-label=\"Leer m\u00e1s sobre PLANS D\u2019IGUALTAT\">Leer m\u00e1s<\/a><\/p>\n","protected":false},"author":4519,"featured_media":0,"parent":0,"menu_order":0,"comment_status":"closed","ping_status":"closed","template":"","meta":{"footnotes":""},"class_list":["post-2922","page","type-page","status-publish"],"_links":{"self":[{"href":"https:\/\/ccoo.app\/fsc-administracio-local\/wp-json\/wp\/v2\/pages\/2922","targetHints":{"allow":["GET"]}}],"collection":[{"href":"https:\/\/ccoo.app\/fsc-administracio-local\/wp-json\/wp\/v2\/pages"}],"about":[{"href":"https:\/\/ccoo.app\/fsc-administracio-local\/wp-json\/wp\/v2\/types\/page"}],"author":[{"embeddable":true,"href":"https:\/\/ccoo.app\/fsc-administracio-local\/wp-json\/wp\/v2\/users\/4519"}],"replies":[{"embeddable":true,"href":"https:\/\/ccoo.app\/fsc-administracio-local\/wp-json\/wp\/v2\/comments?post=2922"}],"version-history":[{"count":0,"href":"https:\/\/ccoo.app\/fsc-administracio-local\/wp-json\/wp\/v2\/pages\/2922\/revisions"}],"wp:attachment":[{"href":"https:\/\/ccoo.app\/fsc-administracio-local\/wp-json\/wp\/v2\/media?parent=2922"}],"curies":[{"name":"wp","href":"https:\/\/api.w.org\/{rel}","templated":true}]}}