{"id":2909,"date":"2023-02-06T10:50:33","date_gmt":"2023-02-06T09:50:33","guid":{"rendered":"https:\/\/fsc-local.ccoo.cat\/?page_id=2909"},"modified":"2023-02-06T10:50:33","modified_gmt":"2023-02-06T09:50:33","slug":"ladm-local-que-volem","status":"publish","type":"page","link":"https:\/\/ccoo.app\/fsc-administracio-local\/ladm-local-que-volem\/","title":{"rendered":"L\u2019ADMINISTRACI\u00d3 LOCAL QUE VOLEM"},"content":{"rendered":"\n<p>No a la digitocr\u00e0cia! <\/p>\n\n\n\n<p>Volem una administraci\u00f3 sense arbitrarietats, que aposti pel talent i la professionalitat respectant els principis de publicitat, igualtat, capacitat i m\u00e8rit. <\/p>\n\n\n\n<p>Que aposti per la transpar\u00e8ncia en les seves relacions laborals. Volem m\u00e9s i millor Administraci\u00f3 Local!<\/p>\n\n\n\n<p>Que aposti per unes condicions de treball justes i dignes pels 100.000 empleats i empleades que treballen als governs locals. Que lluiti contra la temporalitat injustificada i fomenti la millora continua de tot el personal garantint aix\u00ed la m\u00e0xima qualitat del servei que es presta.<\/p>\n\n\n\n<p><\/p>\n\n\n\n<p>A m\u00e9s, diem:<\/p>\n\n\n\n<ul class=\"wp-block-list\">\n<li>NO A LA LLEI DE RACIONALITZACI\u00d3 I SOSTENIBILITAT DE L\u2019ADMINISTRACI\u00d3 LOCAL<\/li>\n\n\n\n<li><span style=\"color: initial\">NO A LA PRIVATITZACI\u00d3 DELS SERVEIS P\u00daBLICS<\/span><\/li>\n\n\n\n<li>S\u00cd A UNS SERVEIS P\u00daBLICS I DE QUALITAT<\/li>\n<\/ul>\n\n\n\n<p><\/p>\n\n\n\n<p><\/p>\n    \t","protected":false},"excerpt":{"rendered":"<p>No a la digitocr\u00e0cia! Volem una administraci\u00f3 sense arbitrarietats, que aposti pel talent i la professionalitat respectant els principis de publicitat, igualtat, capacitat i m\u00e8rit. Que aposti per la transpar\u00e8ncia &#8230; <a title=\"L\u2019ADMINISTRACI\u00d3 LOCAL QUE VOLEM\" class=\"read-more\" href=\"https:\/\/ccoo.app\/fsc-administracio-local\/ladm-local-que-volem\/\" aria-label=\"Leer m\u00e1s sobre L\u2019ADMINISTRACI\u00d3 LOCAL QUE VOLEM\">Leer m\u00e1s<\/a><\/p>\n","protected":false},"author":4519,"featured_media":0,"parent":0,"menu_order":0,"comment_status":"closed","ping_status":"closed","template":"","meta":{"footnotes":""},"class_list":["post-2909","page","type-page","status-publish"],"_links":{"self":[{"href":"https:\/\/ccoo.app\/fsc-administracio-local\/wp-json\/wp\/v2\/pages\/2909","targetHints":{"allow":["GET"]}}],"collection":[{"href":"https:\/\/ccoo.app\/fsc-administracio-local\/wp-json\/wp\/v2\/pages"}],"about":[{"href":"https:\/\/ccoo.app\/fsc-administracio-local\/wp-json\/wp\/v2\/types\/page"}],"author":[{"embeddable":true,"href":"https:\/\/ccoo.app\/fsc-administracio-local\/wp-json\/wp\/v2\/users\/4519"}],"replies":[{"embeddable":true,"href":"https:\/\/ccoo.app\/fsc-administracio-local\/wp-json\/wp\/v2\/comments?post=2909"}],"version-history":[{"count":0,"href":"https:\/\/ccoo.app\/fsc-administracio-local\/wp-json\/wp\/v2\/pages\/2909\/revisions"}],"wp:attachment":[{"href":"https:\/\/ccoo.app\/fsc-administracio-local\/wp-json\/wp\/v2\/media?parent=2909"}],"curies":[{"name":"wp","href":"https:\/\/api.w.org\/{rel}","templated":true}]}}