{"id":2904,"date":"2023-02-06T10:49:41","date_gmt":"2023-02-06T09:49:41","guid":{"rendered":"https:\/\/fsc-local.ccoo.cat\/?page_id=2904"},"modified":"2023-02-06T10:49:41","modified_gmt":"2023-02-06T09:49:41","slug":"assetjament-sexual","status":"publish","type":"page","link":"https:\/\/ccoo.app\/fsc-administracio-local\/assetjament-sexual\/","title":{"rendered":"ASSETJAMENT SEXUAL"},"content":{"rendered":"\n<h2 class=\"wp-block-heading\"><strong>PROPOSTES SINDICALS DE CCOO PEL PERSONAL&nbsp;<\/strong><strong>QUE TREBALLA A LES ADMINSTRACIONS LOCALS&nbsp;<\/strong><strong>(INCLOU SECTOR P\u00daBLIC*)<\/strong><\/h2>\n\n\n\n<h6 class=\"wp-block-heading\">*LPGE 2023&nbsp;<em>T\u00cdTULO III \u2013 CAP\u00cdTULO I De los gastos de personal al servicio del sector p\u00fablico. Art\u00edculo 19. Uno<\/em>.<\/h6>\n\n\n\n<p><\/p>\n\n\n\n<figure class=\"wp-block-gallery has-nested-images columns-default is-cropped wp-block-gallery-1 is-layout-flex wp-block-gallery-is-layout-flex\">\n<figure class=\"wp-block-image size-large\"><a href=\"https:\/\/fsc-local.ccoo.cat\/wp-content\/uploads\/sites\/110\/2023\/04\/11.-ASSETJAMENT-SEXUAL.jpg\"><img loading=\"lazy\" decoding=\"async\" width=\"727\" height=\"1024\" data-id=\"3263\" src=\"https:\/\/fsc-local.ccoo.cat\/wp-content\/uploads\/sites\/110\/2023\/04\/11.-ASSETJAMENT-SEXUAL-727x1024.jpg\" alt=\"\" class=\"wp-image-3263\" \/><\/a><figcaption class=\"wp-element-caption\">cliqueu sobre la imatge<\/figcaption><\/figure>\n<\/figure>\n\n\n\n<p><\/p>\n\n\n\n<h3 class=\"wp-block-heading\">Com assenyala l\u2019article 48 de la Llei 3\/2007, de 22 de mar\u00e7, per la igualtat efectiva de dones i homes, totes les empreses han de disposar de protocols per la prevenci\u00f3 i abordatge de l\u2019assetjament sexual i per ra\u00f3 de sexe.<\/h3>\n\n\n\n<p>Per l\u2019elaboraci\u00f3 dels protocols s\u2019atendr\u00e0 a les recomanacions contemplades a la \u201c<a href=\"https:\/\/treball.gencat.cat\/web\/.content\/13_-_consell_relacions_laborals\/documents\/04_-_recursos\/publicacions\/Decaleg_i_guia_assetjament_\/Guia\/Guia_Protocol_Assetjament_CAT_Interactiu_DEF.pdf\">Guia d\u2019elaboraci\u00f3 del protocol per a la prevenci\u00f3 i abordatge de l\u2019assetjament sexual i per ra\u00f3 de sexe a l\u2019empresa<\/a>\u201d del Consell de Relacions Laborals.<\/p>\n\n\n\n<p>CCOO treballem mitjan\u00e7ant la nostra representaci\u00f3 als ens locals i de manera supramunicipal per a dotar a totes les administracions de Protocols. Cal que qualsevol persona treballadora tingui al seu abast l&#8217;assessorament necessari i suport quan decideix comunicar o denunciar un assetjament sexual o per ra\u00f3 de sexe. Ni un cas sense resposta efica\u00e7!<\/p>\n\n\n\n<hr class=\"wp-block-separator has-alpha-channel-opacity\" \/>\n\n\n\n<p><a href=\"#_ftnref1\" id=\"_ftn1\"><\/a>&nbsp;<\/p>\n    \t","protected":false},"excerpt":{"rendered":"<p>PROPOSTES SINDICALS DE CCOO PEL PERSONAL&nbsp;QUE TREBALLA A LES ADMINSTRACIONS LOCALS&nbsp;(INCLOU SECTOR P\u00daBLIC*) *LPGE 2023&nbsp;T\u00cdTULO III \u2013 CAP\u00cdTULO I De los gastos de personal al servicio del sector p\u00fablico. Art\u00edculo &#8230; <a title=\"ASSETJAMENT SEXUAL\" class=\"read-more\" href=\"https:\/\/ccoo.app\/fsc-administracio-local\/assetjament-sexual\/\" aria-label=\"Leer m\u00e1s sobre ASSETJAMENT SEXUAL\">Leer m\u00e1s<\/a><\/p>\n","protected":false},"author":4519,"featured_media":0,"parent":0,"menu_order":0,"comment_status":"closed","ping_status":"closed","template":"","meta":{"footnotes":""},"class_list":["post-2904","page","type-page","status-publish"],"_links":{"self":[{"href":"https:\/\/ccoo.app\/fsc-administracio-local\/wp-json\/wp\/v2\/pages\/2904","targetHints":{"allow":["GET"]}}],"collection":[{"href":"https:\/\/ccoo.app\/fsc-administracio-local\/wp-json\/wp\/v2\/pages"}],"about":[{"href":"https:\/\/ccoo.app\/fsc-administracio-local\/wp-json\/wp\/v2\/types\/page"}],"author":[{"embeddable":true,"href":"https:\/\/ccoo.app\/fsc-administracio-local\/wp-json\/wp\/v2\/users\/4519"}],"replies":[{"embeddable":true,"href":"https:\/\/ccoo.app\/fsc-administracio-local\/wp-json\/wp\/v2\/comments?post=2904"}],"version-history":[{"count":1,"href":"https:\/\/ccoo.app\/fsc-administracio-local\/wp-json\/wp\/v2\/pages\/2904\/revisions"}],"predecessor-version":[{"id":4467,"href":"https:\/\/ccoo.app\/fsc-administracio-local\/wp-json\/wp\/v2\/pages\/2904\/revisions\/4467"}],"wp:attachment":[{"href":"https:\/\/ccoo.app\/fsc-administracio-local\/wp-json\/wp\/v2\/media?parent=2904"}],"curies":[{"name":"wp","href":"https:\/\/api.w.org\/{rel}","templated":true}]}}