{"id":2900,"date":"2023-02-06T10:49:02","date_gmt":"2023-02-06T09:49:02","guid":{"rendered":"https:\/\/fsc-local.ccoo.cat\/?page_id=2900"},"modified":"2023-02-06T10:49:02","modified_gmt":"2023-02-06T09:49:02","slug":"jubilacio","status":"publish","type":"page","link":"https:\/\/ccoo.app\/fsc-administracio-local\/jubilacio\/","title":{"rendered":"JUBILACI\u00d3"},"content":{"rendered":"\n<h2 class=\"wp-block-heading\"><strong>PROPOSTES SINDICALS DE CCOO PEL PERSONAL&nbsp;<\/strong><strong>QUE TREBALLA A LES ADMINSTRACIONS LOCALS&nbsp;<\/strong><strong>(INCLOU SECTOR P\u00daBLIC*)<\/strong><\/h2>\n\n\n\n<h6 class=\"wp-block-heading\">*LPGE 2023&nbsp;<em>T\u00cdTULO III \u2013 CAP\u00cdTULO I De los gastos de personal al servicio del sector p\u00fablico. Art\u00edculo 19. Uno<\/em>.<\/h6>\n\n\n\n<figure class=\"wp-block-gallery has-nested-images columns-default is-cropped wp-block-gallery-1 is-layout-flex wp-block-gallery-is-layout-flex\">\n<figure class=\"wp-block-image size-large\"><a href=\"https:\/\/fsc-local.ccoo.cat\/wp-content\/uploads\/sites\/110\/2023\/04\/9.-JUBILACIO.jpg\"><img loading=\"lazy\" decoding=\"async\" width=\"727\" height=\"1024\" data-id=\"3258\" src=\"https:\/\/fsc-local.ccoo.cat\/wp-content\/uploads\/sites\/110\/2023\/04\/9.-JUBILACIO-727x1024.jpg\" alt=\"\" class=\"wp-image-3258\" srcset=\"https:\/\/ccoo.app\/fsc-administracio-local\/wp-content\/blogs.dir\/6\/files\/sites\/219\/2023\/04\/9.-JUBILACIO-727x1024.jpg 727w, https:\/\/ccoo.app\/fsc-administracio-local\/wp-content\/blogs.dir\/6\/files\/sites\/219\/2023\/04\/9.-JUBILACIO-213x300.jpg 213w, https:\/\/ccoo.app\/fsc-administracio-local\/wp-content\/blogs.dir\/6\/files\/sites\/219\/2023\/04\/9.-JUBILACIO-768x1082.jpg 768w, https:\/\/ccoo.app\/fsc-administracio-local\/wp-content\/blogs.dir\/6\/files\/sites\/219\/2023\/04\/9.-JUBILACIO-1090x1536.jpg 1090w, https:\/\/ccoo.app\/fsc-administracio-local\/wp-content\/blogs.dir\/6\/files\/sites\/219\/2023\/04\/9.-JUBILACIO.jpg 1419w\" sizes=\"auto, (max-width: 727px) 100vw, 727px\" \/><\/a><figcaption class=\"wp-element-caption\">Cliqueu sobre la imatge<\/figcaption><\/figure>\n<\/figure>\n\n\n\n<p>L&#8217;Acord estatal anomenat \u00ab<em>Acuerdo Marco para una administraci\u00f3 del siglo XXI<\/em>\u00bb inclou la derogaci\u00f3 de les retallades de l&#8217;any 2012 (<em>RDL 20\/2012 de 13 de juliol, de mesures per garantir l\u2019estabilitat pressupost\u00e0ria<\/em>) i que van suposar la supressi\u00f3 del dret a la jubilaci\u00f3 parcial per al personal funcionari.<\/p>\n\n\n\n<p>En aquest moment, <strong>s&#8217;estan realitzant les adaptacions normatives pertinents<\/strong> <strong>i s&#8217;espera que en els pr\u00f2xims mesos sigui una realitat pel personal funcionari.<\/strong><\/p>\n\n\n\n<p><strong>En termes generals, <\/strong>per a tenir acc\u00e9s a la jubilaci\u00f3 parcial, s\u2019ha d\u2019haver complert una determinada edat amb un per\u00edode de cotitzaci\u00f3 determinat (LGSS) acreditant un per\u00edode de antiguitat en el mateix ens local de, al menys, 6 anys immediatament anterior a la data del fet. I la reducci\u00f3 de jornada ha de ser d&#8217;un m\u00ednim d&#8217;un 25 % y d&#8217;un m\u00e0xim del 50 %, o del 75 % on es contracti personal relleu.<\/p>\n\n\n\n<p><\/p>\n    \t","protected":false},"excerpt":{"rendered":"<p>PROPOSTES SINDICALS DE CCOO PEL PERSONAL&nbsp;QUE TREBALLA A LES ADMINSTRACIONS LOCALS&nbsp;(INCLOU SECTOR P\u00daBLIC*) *LPGE 2023&nbsp;T\u00cdTULO III \u2013 CAP\u00cdTULO I De los gastos de personal al servicio del sector p\u00fablico. Art\u00edculo &#8230; <a title=\"JUBILACI\u00d3\" class=\"read-more\" href=\"https:\/\/ccoo.app\/fsc-administracio-local\/jubilacio\/\" aria-label=\"Leer m\u00e1s sobre JUBILACI\u00d3\">Leer m\u00e1s<\/a><\/p>\n","protected":false},"author":4519,"featured_media":0,"parent":0,"menu_order":0,"comment_status":"closed","ping_status":"closed","template":"","meta":{"footnotes":""},"class_list":["post-2900","page","type-page","status-publish"],"_links":{"self":[{"href":"https:\/\/ccoo.app\/fsc-administracio-local\/wp-json\/wp\/v2\/pages\/2900","targetHints":{"allow":["GET"]}}],"collection":[{"href":"https:\/\/ccoo.app\/fsc-administracio-local\/wp-json\/wp\/v2\/pages"}],"about":[{"href":"https:\/\/ccoo.app\/fsc-administracio-local\/wp-json\/wp\/v2\/types\/page"}],"author":[{"embeddable":true,"href":"https:\/\/ccoo.app\/fsc-administracio-local\/wp-json\/wp\/v2\/users\/4519"}],"replies":[{"embeddable":true,"href":"https:\/\/ccoo.app\/fsc-administracio-local\/wp-json\/wp\/v2\/comments?post=2900"}],"version-history":[{"count":0,"href":"https:\/\/ccoo.app\/fsc-administracio-local\/wp-json\/wp\/v2\/pages\/2900\/revisions"}],"wp:attachment":[{"href":"https:\/\/ccoo.app\/fsc-administracio-local\/wp-json\/wp\/v2\/media?parent=2900"}],"curies":[{"name":"wp","href":"https:\/\/api.w.org\/{rel}","templated":true}]}}