{"id":25,"date":"2020-02-13T13:17:50","date_gmt":"2020-02-13T12:17:50","guid":{"rendered":"https:\/\/gpsites.co\/read\/?page_id=25"},"modified":"2022-03-06T17:06:14","modified_gmt":"2022-03-06T16:06:14","slug":"home","status":"publish","type":"page","link":"https:\/\/ccoo.app\/ferrovial-servicios\/","title":{"rendered":"Inicio"},"content":{"rendered":"\n<div class=\"wp-block-group alignfull\"><div class=\"wp-block-group__inner-container is-layout-flow wp-block-group-is-layout-flow\">\n<figure class=\"wp-block-image size-full is-resized is-style-editorskit-rounded\"><img loading=\"lazy\" decoding=\"async\" src=\"https:\/\/ccoo.app\/ferrovial-servicios\/wp-content\/blogs.dir\/6\/files\/sites\/75\/2021\/10\/ferrovial-footer-mantenimiento.png\" alt=\"Ferrovial Footer Mantenimiento\" class=\"wp-image-2740\" width=\"915\" height=\"380\" srcset=\"https:\/\/ccoo.app\/ferrovial-servicios\/wp-content\/blogs.dir\/6\/files\/sites\/75\/2021\/10\/ferrovial-footer-mantenimiento.png 687w, https:\/\/ccoo.app\/ferrovial-servicios\/wp-content\/blogs.dir\/6\/files\/sites\/75\/2021\/10\/ferrovial-footer-mantenimiento-300x124.png 300w\" sizes=\"auto, (max-width: 915px) 100vw, 915px\" \/><\/figure>\n<\/div><\/div>\n\n\n<ul class=\"wp-block-latest-posts__list is-grid columns-3 has-dates wp-block-latest-posts\"><li><a class=\"wp-block-latest-posts__post-title\" href=\"https:\/\/ccoo.app\/ferrovial-servicios\/serveo-nueva-marca\/\">Serveo nueva marca<\/a><time datetime=\"2022-03-06T16:59:48+01:00\" class=\"wp-block-latest-posts__post-date\">6 de marzo de 2022<\/time><\/li>\n<li><a class=\"wp-block-latest-posts__post-title\" href=\"https:\/\/ccoo.app\/ferrovial-servicios\/3049-2\/\">Plan formaci\u00f3n Ferrovial servicios 2022<\/a><time datetime=\"2021-12-17T14:24:37+01:00\" class=\"wp-block-latest-posts__post-date\">17 de diciembre de 2021<\/time><\/li>\n<li><a class=\"wp-block-latest-posts__post-title\" href=\"https:\/\/ccoo.app\/ferrovial-servicios\/descubre-la-app-de-ccoo-ferrovial-servicios\/\">Descubre la app de Ccoo ferrovial servicios<\/a><time datetime=\"2021-11-11T17:53:46+01:00\" class=\"wp-block-latest-posts__post-date\">11 de noviembre de 2021<\/time><\/li>\n<li><a class=\"wp-block-latest-posts__post-title\" href=\"https:\/\/ccoo.app\/ferrovial-servicios\/afiliate-a-ccoo-2\/\">Afiliate a ccoo<\/a><time datetime=\"2021-11-01T08:42:21+01:00\" class=\"wp-block-latest-posts__post-date\">1 de noviembre de 2021<\/time><\/li>\n<li><a class=\"wp-block-latest-posts__post-title\" href=\"https:\/\/ccoo.app\/ferrovial-servicios\/plan-ferroser-infraestructuras-2021\/\">Plan ferroser infraestructuras 2021<\/a><time datetime=\"2021-10-31T09:30:33+01:00\" class=\"wp-block-latest-posts__post-date\">31 de octubre de 2021<\/time><\/li>\n<li><a class=\"wp-block-latest-posts__post-title\" href=\"https:\/\/ccoo.app\/ferrovial-servicios\/acuerdo-reunion-ferrovial-12-7-21\/\">ACTA REUNION FERROVIAL 12-7-21<\/a><time datetime=\"2021-10-30T11:31:44+02:00\" class=\"wp-block-latest-posts__post-date\">30 de octubre de 2021<\/time><\/li>\n<\/ul>\n\n\n<div style=\"height:42px\" aria-hidden=\"true\" class=\"wp-block-spacer\"><\/div>\n\n\n\n<div class=\"wp-block-columns is-layout-flex wp-container-core-columns-is-layout-9d6595d7 wp-block-columns-is-layout-flex\">\n<div class=\"wp-block-column ek-linked-block is-layout-flow wp-block-column-is-layout-flow\">\n<div class=\"wp-block-image\"><figure class=\"aligncenter size-large\"><img decoding=\"async\" src=\"https:\/\/ccoo.app\/wp-content\/blogs.dir\/6\/files\/2021\/01\/ACUERDOS-Y-CONVENIOS.svg\" alt=\"\" class=\"wp-image-2351\" \/><\/figure><\/div>\n\n\n\n<h2 class=\"has-text-align-center wp-block-heading\">Convenio<\/h2>\n\n\n\n<p>Convenio del metal de Barcelona<\/p>\n<\/div>\n\n\n\n<div class=\"wp-block-column ek-linked-block is-layout-flow wp-block-column-is-layout-flow\">\n<div class=\"wp-block-image\"><figure class=\"aligncenter size-large\"><img decoding=\"async\" src=\"https:\/\/ccoo.app\/wp-content\/blogs.dir\/6\/files\/2021\/01\/PERMISOS.svg\" alt=\"\" class=\"wp-image-2352\" \/><\/figure><\/div>\n\n\n\n<h2 class=\"has-text-align-center wp-block-heading\">Descargas pdf<\/h2>\n\n\n\n<p>Acuerdos,convenios,calendarios,actas,ect.para descargar en pdf.<\/p>\n<\/div>\n\n\n\n<div class=\"wp-block-column ek-linked-block is-layout-flow wp-block-column-is-layout-flow\">\n<div class=\"wp-block-image\"><figure class=\"aligncenter size-large\"><img decoding=\"async\" src=\"https:\/\/ccoo.app\/wp-content\/blogs.dir\/6\/files\/2021\/01\/AYUDAS-SOCIALES.svg\" alt=\"\" class=\"wp-image-2353\" \/><\/figure><\/div>\n\n\n\n<h2 class=\"has-text-align-center wp-block-heading\">Foro de ayuda<\/h2>\n\n\n\n<p>Foro dedicado a los trabajadores de serveo que realizan el mantenimiento de instalaciones,en barcelona y alrededores.<\/p>\n<\/div>\n<\/div>\n\n\n\n<div class=\"wp-block-cover alignfull\" style=\"min-height:400px;aspect-ratio:unset;\"><img loading=\"lazy\" decoding=\"async\" width=\"1440\" height=\"400\" class=\"wp-block-cover__image-background wp-image-2637\" alt=\"\" src=\"http:\/\/ccoo.app\/migrar\/wp-content\/blogs.dir\/6\/files\/sites\/14\/2021\/02\/fond-cabecera-ccoo-1-1.jpg\" data-object-fit=\"cover\" srcset=\"https:\/\/ccoo.app\/ferrovial-servicios\/wp-content\/blogs.dir\/6\/files\/sites\/75\/2021\/02\/fond-cabecera-ccoo-1-1.jpg 1440w, https:\/\/ccoo.app\/ferrovial-servicios\/wp-content\/blogs.dir\/6\/files\/sites\/75\/2021\/02\/fond-cabecera-ccoo-1-1-300x83.jpg 300w, https:\/\/ccoo.app\/ferrovial-servicios\/wp-content\/blogs.dir\/6\/files\/sites\/75\/2021\/02\/fond-cabecera-ccoo-1-1-1024x284.jpg 1024w, https:\/\/ccoo.app\/ferrovial-servicios\/wp-content\/blogs.dir\/6\/files\/sites\/75\/2021\/02\/fond-cabecera-ccoo-1-1-768x213.jpg 768w\" sizes=\"auto, (max-width: 1440px) 100vw, 1440px\" \/><div class=\"wp-block-cover__inner-container is-layout-flow wp-block-cover-is-layout-flow\">\n<div class=\"wp-block-cover\" style=\"min-height:300px;aspect-ratio:unset;\"><img decoding=\"async\" class=\"wp-block-cover__image-background wp-image-2343\" alt=\"\" src=\"http:\/\/ccoo.app\/wp-content\/blogs.dir\/6\/files\/2021\/01\/Elementos-CCOO-cabecera.png\" data-object-fit=\"cover\" \/><div class=\"wp-block-cover__inner-container is-layout-flow wp-block-cover-is-layout-flow\">\n<div class=\"wp-block-group\"><div class=\"wp-block-group__inner-container is-layout-flow wp-block-group-is-layout-flow\">\n<h1 class=\"has-text-align-center has-black-color has-text-color wp-block-heading\" style=\"font-size:44px\">Secci\u00f3n Sindical Serveo<\/h1>\n\n\n\n<div class=\"wp-block-columns is-layout-flex wp-container-core-columns-is-layout-9d6595d7 wp-block-columns-is-layout-flex\">\n<div class=\"wp-block-column ek-linked-block is-layout-flow wp-block-column-is-layout-flow\" style=\"flex-basis:15%\">\n<div class=\"wp-block-buttons is-layout-flex wp-block-buttons-is-layout-flex\">\n<div class=\"wp-block-button\"><a class=\"wp-block-button__link\">Afiliate!<\/a><\/div>\n<\/div>\n<\/div>\n\n\n\n<div class=\"wp-block-column is-layout-flow wp-block-column-is-layout-flow\">\n<h4 style=\"text-align: center\"><span style=\"color: #000000\">Trabajadores y trabajadoras, y especialmente Afiliados y Afiliadas a&nbsp;CCOO de Catalunya, os damos &nbsp;la bienvenida a nuestra web, con informaci\u00f3n&nbsp;de vuestro&nbsp;inter\u00e9s y de la forma m\u00e1s \u00fatil, de acuerdo con vuestro&nbsp;perfil y que os&nbsp;permitir\u00e1 participar.<\/span><\/h4>\n<h4 style=\"text-align: center\"><span style=\"color: #000000\">Nuevos tiempos, nuevas necesidades, nuevas v\u00edas y las CCOO de siempre, ahora en tu bolsillo.<\/span><\/h4>\n<\/div>\n\n\n\n<div class=\"wp-block-column ek-linked-block is-layout-flow wp-block-column-is-layout-flow\" style=\"flex-basis:15%\">\n<div class=\"wp-block-buttons is-layout-flex wp-block-buttons-is-layout-flex\">\n<div class=\"wp-block-button\"><a class=\"wp-block-button__link\">Contacto<\/a><\/div>\n<\/div>\n<\/div>\n<\/div>\n<\/div><\/div>\n<\/div><\/div>\n<\/div><\/div>\n\n\n\n<div class=\"wp-block-cover alignfull\" style=\"min-height:380px;aspect-ratio:unset;\"><img decoding=\"async\" class=\"wp-block-cover__image-background wp-image-2356\" alt=\"\" src=\"https:\/\/ccoo.app\/wp-content\/blogs.dir\/6\/files\/2021\/01\/fond-hero.svg\" data-object-fit=\"cover\" \/><div class=\"wp-block-cover__inner-container is-layout-flow wp-block-cover-is-layout-flow\">\n<div class=\"wp-block-group\"><div class=\"wp-block-group__inner-container is-layout-flow wp-block-group-is-layout-flow\">\n<div class=\"wp-block-columns is-layout-flex wp-container-core-columns-is-layout-9d6595d7 wp-block-columns-is-layout-flex\">\n<div class=\"wp-block-column is-layout-flow wp-block-column-is-layout-flow\">\n<div class=\"wp-block-image\"><figure class=\"aligncenter size-large is-resized\"><img loading=\"lazy\" decoding=\"async\" src=\"https:\/\/ccoo.app\/wp-content\/blogs.dir\/6\/files\/2021\/01\/noticias-ccoo.jpg\" alt=\"\" class=\"wp-image-2358\" width=\"397\" height=\"313\" \/><\/figure><\/div>\n<\/div>\n\n\n\n<div class=\"wp-block-column is-layout-flow wp-block-column-is-layout-flow\">\n<h2 class=\"titulo-noticias has-black-color has-text-color wp-block-heading\">Descubre las<br>\u00faltimas noticias<\/h2>\n\n\n\n<figure class=\"wp-block-image size-large is-resized barra-decoracion\"><img loading=\"lazy\" decoding=\"async\" src=\"https:\/\/ccoo.app\/wp-content\/blogs.dir\/6\/files\/2021\/01\/Rectangle-126.svg\" alt=\"\" class=\"wp-image-2357\" width=\"281\" height=\"6\" \/><\/figure>\n\n\n\n<figure class=\"wp-block-image size-full\"><img loading=\"lazy\" decoding=\"async\" width=\"186\" height=\"79\" src=\"https:\/\/ccoo.app\/ferrovial-servicios\/wp-content\/blogs.dir\/6\/files\/sites\/75\/2021\/10\/http-www-ccoo-cat-imatges-logos-industria-gif.jpeg\" alt=\"http:\/\/www.ccoo.cat\/imatges\/logos\/industria.gif\" class=\"wp-image-3022\" \/><\/figure>\n\n\n\n<p class=\"has-black-color has-text-color\">Estar\u00e1s informado de lo m\u00e1s relevante del sector de la industria.<\/p>\n\n\n\n<div class=\"wp-block-buttons is-content-justification-left is-layout-flex wp-block-buttons-is-layout-flex\">\n<div class=\"wp-block-button\"><a class=\"wp-block-button__link has-white-color has-black-background-color has-text-color has-background\" href=\"https:\/\/industria.ccoo.es\/\">ACTUALIDAD<\/a><\/div>\n<\/div>\n\n\n\n<p class=\"has-black-color has-text-color\"><br><\/p>\n<\/div>\n<\/div>\n<\/div><\/div>\n<\/div><\/div>\n\n\n\n<figure class=\"wp-block-image size-full is-resized\"><img loading=\"lazy\" decoding=\"async\" src=\"https:\/\/ccoo.app\/ferrovial-servicios\/wp-content\/blogs.dir\/6\/files\/sites\/75\/2022\/03\/212576_high_original.jpeg\" alt=\"212576 High Original\" class=\"wp-image-3060\" width=\"552\" height=\"245\" srcset=\"https:\/\/ccoo.app\/ferrovial-servicios\/wp-content\/blogs.dir\/6\/files\/sites\/75\/2022\/03\/212576_high_original.jpeg 860w, https:\/\/ccoo.app\/ferrovial-servicios\/wp-content\/blogs.dir\/6\/files\/sites\/75\/2022\/03\/212576_high_original-300x133.jpeg 300w, https:\/\/ccoo.app\/ferrovial-servicios\/wp-content\/blogs.dir\/6\/files\/sites\/75\/2022\/03\/212576_high_original-768x341.jpeg 768w\" sizes=\"auto, (max-width: 552px) 100vw, 552px\" \/><\/figure>\n\n\n\n<p><\/p>\n","protected":false},"excerpt":{"rendered":"<p>Convenio Convenio del metal de Barcelona Descargas pdf Acuerdos,convenios,calendarios,actas,ect.para descargar en pdf. Foro de ayuda Foro dedicado a los trabajadores de serveo que realizan el mantenimiento de instalaciones,en barcelona y &#8230; <a title=\"Inicio\" class=\"read-more\" href=\"https:\/\/ccoo.app\/ferrovial-servicios\/\" aria-label=\"Leer m\u00e1s sobre Inicio\">Leer m\u00e1s<\/a><\/p>\n","protected":false},"author":10,"featured_media":0,"parent":0,"menu_order":0,"comment_status":"closed","ping_status":"closed","template":"","meta":{"footnotes":""},"class_list":["post-25","page","type-page","status-publish"],"_links":{"self":[{"href":"https:\/\/ccoo.app\/ferrovial-servicios\/wp-json\/wp\/v2\/pages\/25","targetHints":{"allow":["GET"]}}],"collection":[{"href":"https:\/\/ccoo.app\/ferrovial-servicios\/wp-json\/wp\/v2\/pages"}],"about":[{"href":"https:\/\/ccoo.app\/ferrovial-servicios\/wp-json\/wp\/v2\/types\/page"}],"author":[{"embeddable":true,"href":"https:\/\/ccoo.app\/ferrovial-servicios\/wp-json\/wp\/v2\/users\/10"}],"replies":[{"embeddable":true,"href":"https:\/\/ccoo.app\/ferrovial-servicios\/wp-json\/wp\/v2\/comments?post=25"}],"version-history":[{"count":4,"href":"https:\/\/ccoo.app\/ferrovial-servicios\/wp-json\/wp\/v2\/pages\/25\/revisions"}],"predecessor-version":[{"id":3069,"href":"https:\/\/ccoo.app\/ferrovial-servicios\/wp-json\/wp\/v2\/pages\/25\/revisions\/3069"}],"wp:attachment":[{"href":"https:\/\/ccoo.app\/ferrovial-servicios\/wp-json\/wp\/v2\/media?parent=25"}],"curies":[{"name":"wp","href":"https:\/\/api.w.org\/{rel}","templated":true}]}}