{"id":2851,"date":"2024-02-08T07:35:00","date_gmt":"2024-02-08T06:35:00","guid":{"rendered":"https:\/\/ccoo.app\/ferrocarrils-de-la-generalitat-de-catalunya\/?page_id=2851"},"modified":"2024-04-10T11:10:55","modified_gmt":"2024-04-10T09:10:55","slug":"butlletins","status":"publish","type":"page","link":"https:\/\/ccoo.app\/ferrocarrils-de-la-generalitat-de-catalunya\/butlletins\/","title":{"rendered":"Butlletins"},"content":{"rendered":"\n<p>Consulta els nostres butlletins peri\u00f2dics on trobar\u00e0s not\u00edcies, ofertes per afiliats, articles d&#8217;opini\u00f3, den\u00fancies, resums de reunions i la nostra activitat sindical. <br>Creiem tamb\u00e9 que aquesta \u00e9s una eina per donar veu als treballadors i treballadores d&#8217;FGC per expressar-se. <strong>Contacta&#8217;ns i digues la teva!<\/strong><\/p>\n\n\n\n<div style=\"height:75px\" aria-hidden=\"true\" class=\"wp-block-spacer\"><\/div>\n\n\n\n<h2 class=\"wp-block-heading has-text-align-center\">\u00daltim butllet\u00ed<\/h2>\n\n\n<div class=\"gb-container gb-container-d6b28734\">\n<div class=\"gb-container gb-container-3457b197\">\n\n<figure class=\"gb-block-image gb-block-image-19b29739\"><img loading=\"lazy\" decoding=\"async\" width=\"645\" height=\"916\" class=\"gb-image gb-image-19b29739\" src=\"https:\/\/ccoo.app\/ferrocarrils-de-la-generalitat-de-catalunya\/wp-content\/blogs.dir\/6\/files\/sites\/214\/2024\/04\/Portada-butlleti-abril-2024.png\" alt=\"\" title=\"Portada-butlleti-abril-2024\" srcset=\"https:\/\/ccoo.app\/ferrocarrils-de-la-generalitat-de-catalunya\/wp-content\/blogs.dir\/6\/files\/sites\/214\/2024\/04\/Portada-butlleti-abril-2024.png 645w, https:\/\/ccoo.app\/ferrocarrils-de-la-generalitat-de-catalunya\/wp-content\/blogs.dir\/6\/files\/sites\/214\/2024\/04\/Portada-butlleti-abril-2024-211x300.png 211w\" sizes=\"auto, (max-width: 645px) 100vw, 645px\" \/><\/figure>\n\n<\/div>\n\n\n<a class=\"gb-button gb-button-abd3a20d gb-button-text\" href=\"http:\/\/ccoo.app\/ferrocarrils-de-la-generalitat-de-catalunya\/wp-content\/blogs.dir\/6\/files\/sites\/214\/2024\/04\/Butlleti-abril-2024.pdf\">DESCARREGA<\/a>\n\n<\/div>\n\n\n<div style=\"height:20px\" aria-hidden=\"true\" class=\"wp-block-spacer\"><\/div>\n\n\n\n<h2 class=\"wp-block-heading has-text-align-left\">Anteriors butlletins<\/h2>\n\n\n<div class=\"gb-container gb-container-ee4c3aa9\">\n<div class=\"gb-container gb-container-c701113d\">\n\n<figure class=\"gb-block-image gb-block-image-485225ae\"><a href=\"http:\/\/ccoo.app\/ferrocarrils-de-la-generalitat-de-catalunya\/wp-content\/blogs.dir\/6\/files\/sites\/214\/2024\/04\/Butlleti-febrer-2021.pdf\"><img loading=\"lazy\" decoding=\"async\" width=\"646\" height=\"915\" class=\"gb-image gb-image-485225ae\" src=\"http:\/\/ccoo.app\/ferrocarrils-de-la-generalitat-de-catalunya\/wp-content\/blogs.dir\/6\/files\/sites\/214\/2024\/04\/Portada-butlleti-febrer-2021.png\" alt=\"\" title=\"Portada butllet\u00ed febrer 2021\" srcset=\"https:\/\/ccoo.app\/ferrocarrils-de-la-generalitat-de-catalunya\/wp-content\/blogs.dir\/6\/files\/sites\/214\/2024\/04\/Portada-butlleti-febrer-2021.png 646w, https:\/\/ccoo.app\/ferrocarrils-de-la-generalitat-de-catalunya\/wp-content\/blogs.dir\/6\/files\/sites\/214\/2024\/04\/Portada-butlleti-febrer-2021-212x300.png 212w\" sizes=\"auto, (max-width: 646px) 100vw, 646px\" \/><\/a><\/figure>\n\n\n\n<p>Butllet\u00ed febrer 2021<\/p>\n\n<div class=\"gb-shapes\"><div class=\"gb-shape gb-shape-1\"><svg xmlns=\"http:\/\/www.w3.org\/2000\/svg\" viewBox=\"0 0 1200 230\" preserveAspectRatio=\"none\"><path d=\"M1200 207.2L600 0 0 207.2V230h1200z\"\/><\/svg><\/div><\/div><\/div>\n\n<div class=\"gb-container gb-container-91e665f0\">\n\n<figure class=\"gb-block-image gb-block-image-20aa7bed\"><a href=\"http:\/\/ccoo.app\/ferrocarrils-de-la-generalitat-de-catalunya\/wp-content\/blogs.dir\/6\/files\/sites\/214\/2024\/02\/Butlleti-juliol-2021.pdf\"><img loading=\"lazy\" decoding=\"async\" width=\"630\" height=\"889\" class=\"gb-image gb-image-20aa7bed\" src=\"http:\/\/ccoo.app\/ferrocarrils-de-la-generalitat-de-catalunya\/wp-content\/blogs.dir\/6\/files\/sites\/214\/2023\/11\/Captura-de-pantalla-2023-11-22-134406.png\" alt=\"Portada butllet\u00ed juliol 2021\" title=\"Portada-butllet\u00ed-juliol-2021\" srcset=\"https:\/\/ccoo.app\/ferrocarrils-de-la-generalitat-de-catalunya\/wp-content\/blogs.dir\/6\/files\/sites\/214\/2023\/11\/Captura-de-pantalla-2023-11-22-134406.png 630w, https:\/\/ccoo.app\/ferrocarrils-de-la-generalitat-de-catalunya\/wp-content\/blogs.dir\/6\/files\/sites\/214\/2023\/11\/Captura-de-pantalla-2023-11-22-134406-213x300.png 213w\" sizes=\"auto, (max-width: 630px) 100vw, 630px\" \/><\/a><\/figure>\n\n\n\n<p>Butllet\u00ed juliol 2021<\/p>\n\n<div class=\"gb-shapes\"><div class=\"gb-shape gb-shape-1\"><svg xmlns=\"http:\/\/www.w3.org\/2000\/svg\" viewBox=\"0 0 1200 230\" preserveAspectRatio=\"none\"><path d=\"M1200 207.2L600 0 0 207.2V230h1200z\"\/><\/svg><\/div><\/div><\/div>\n\n<div class=\"gb-container gb-container-59cce7fd\">\n\n<figure class=\"gb-block-image gb-block-image-e273c9ac\"><a href=\"http:\/\/ccoo.app\/ferrocarrils-de-la-generalitat-de-catalunya\/wp-content\/blogs.dir\/6\/files\/sites\/214\/2024\/02\/Butlleti-Nadal-2021.pdf\"><img loading=\"lazy\" decoding=\"async\" width=\"632\" height=\"890\" class=\"gb-image gb-image-e273c9ac\" src=\"https:\/\/ccoo.app\/ferrocarrils-de-la-generalitat-de-catalunya\/wp-content\/blogs.dir\/6\/files\/sites\/214\/2023\/11\/Portada-butlleti-Nadal-2021.png\" alt=\"Portada butllet\u00ed nadal 2021\" title=\"Portada-butlleti-Nadal-2021\" srcset=\"https:\/\/ccoo.app\/ferrocarrils-de-la-generalitat-de-catalunya\/wp-content\/blogs.dir\/6\/files\/sites\/214\/2023\/11\/Portada-butlleti-Nadal-2021.png 632w, https:\/\/ccoo.app\/ferrocarrils-de-la-generalitat-de-catalunya\/wp-content\/blogs.dir\/6\/files\/sites\/214\/2023\/11\/Portada-butlleti-Nadal-2021-213x300.png 213w\" sizes=\"auto, (max-width: 632px) 100vw, 632px\" \/><\/a><\/figure>\n\n\n\n<p>Butllet\u00ed Nadal 2021<\/p>\n\n<div class=\"gb-shapes\"><div class=\"gb-shape gb-shape-1\"><svg xmlns=\"http:\/\/www.w3.org\/2000\/svg\" viewBox=\"0 0 1200 230\" preserveAspectRatio=\"none\"><path d=\"M1200 207.2L600 0 0 207.2V230h1200z\"\/><\/svg><\/div><\/div><\/div>\n\n<div class=\"gb-container gb-container-50d6b912\">\n\n<figure class=\"gb-block-image gb-block-image-475213b2\"><a href=\"http:\/\/ccoo.app\/ferrocarrils-de-la-generalitat-de-catalunya\/wp-content\/blogs.dir\/6\/files\/sites\/214\/2024\/02\/Butlleti-Estiu-2022.pdf\"><img loading=\"lazy\" decoding=\"async\" width=\"632\" height=\"885\" class=\"gb-image gb-image-475213b2\" src=\"https:\/\/ccoo.app\/ferrocarrils-de-la-generalitat-de-catalunya\/wp-content\/blogs.dir\/6\/files\/sites\/214\/2023\/11\/Portada-butlleti-estiu-2022.png\" alt=\"Portada butllet\u00ed estiu 2022\" title=\"Portada-butlleti-estiu-2022\" srcset=\"https:\/\/ccoo.app\/ferrocarrils-de-la-generalitat-de-catalunya\/wp-content\/blogs.dir\/6\/files\/sites\/214\/2023\/11\/Portada-butlleti-estiu-2022.png 632w, https:\/\/ccoo.app\/ferrocarrils-de-la-generalitat-de-catalunya\/wp-content\/blogs.dir\/6\/files\/sites\/214\/2023\/11\/Portada-butlleti-estiu-2022-214x300.png 214w\" sizes=\"auto, (max-width: 632px) 100vw, 632px\" \/><\/a><\/figure>\n\n\n\n<p>Butllet\u00ed estiu 2022<\/p>\n\n<div class=\"gb-shapes\"><div class=\"gb-shape gb-shape-1\"><svg xmlns=\"http:\/\/www.w3.org\/2000\/svg\" viewBox=\"0 0 1200 230\" preserveAspectRatio=\"none\"><path d=\"M1200 207.2L600 0 0 207.2V230h1200z\"\/><\/svg><\/div><\/div><\/div>\n\n<div class=\"gb-container gb-container-d6b50a48\">\n\n<figure class=\"gb-block-image gb-block-image-3a02bafc\"><a href=\"http:\/\/ccoo.app\/ferrocarrils-de-la-generalitat-de-catalunya\/wp-content\/blogs.dir\/6\/files\/sites\/214\/2024\/02\/Butlleti-EESS-2022.pdf\"><img loading=\"lazy\" decoding=\"async\" width=\"624\" height=\"867\" class=\"gb-image gb-image-3a02bafc\" src=\"https:\/\/ccoo.app\/ferrocarrils-de-la-generalitat-de-catalunya\/wp-content\/blogs.dir\/6\/files\/sites\/214\/2023\/11\/Portada-butlleti-EESS-2022.png\" alt=\"Portada butllet\u00ed EESS 2022\" title=\"Portada-butlleti-EESS-2022\" srcset=\"https:\/\/ccoo.app\/ferrocarrils-de-la-generalitat-de-catalunya\/wp-content\/blogs.dir\/6\/files\/sites\/214\/2023\/11\/Portada-butlleti-EESS-2022.png 624w, https:\/\/ccoo.app\/ferrocarrils-de-la-generalitat-de-catalunya\/wp-content\/blogs.dir\/6\/files\/sites\/214\/2023\/11\/Portada-butlleti-EESS-2022-216x300.png 216w\" sizes=\"auto, (max-width: 624px) 100vw, 624px\" \/><\/a><\/figure>\n\n\n\n<p>Butllet\u00ed EESS 2022<\/p>\n\n<div class=\"gb-shapes\"><div class=\"gb-shape gb-shape-1\"><svg xmlns=\"http:\/\/www.w3.org\/2000\/svg\" viewBox=\"0 0 1200 230\" preserveAspectRatio=\"none\"><path d=\"M1200 207.2L600 0 0 207.2V230h1200z\"\/><\/svg><\/div><\/div><\/div>\n\n<div class=\"gb-container gb-container-94fd8059\">\n\n<figure class=\"gb-block-image gb-block-image-241d1c1f\"><a href=\"http:\/\/ccoo.app\/ferrocarrils-de-la-generalitat-de-catalunya\/wp-content\/blogs.dir\/6\/files\/sites\/214\/2024\/02\/Butlleti-marc-2023.pdf\"><img loading=\"lazy\" decoding=\"async\" width=\"629\" height=\"894\" class=\"gb-image gb-image-241d1c1f\" src=\"https:\/\/ccoo.app\/ferrocarrils-de-la-generalitat-de-catalunya\/wp-content\/blogs.dir\/6\/files\/sites\/214\/2023\/11\/Portada-butlleti-marc-2023.png\" alt=\"\" title=\"Portada-butlleti-marc-2023\" srcset=\"https:\/\/ccoo.app\/ferrocarrils-de-la-generalitat-de-catalunya\/wp-content\/blogs.dir\/6\/files\/sites\/214\/2023\/11\/Portada-butlleti-marc-2023.png 629w, https:\/\/ccoo.app\/ferrocarrils-de-la-generalitat-de-catalunya\/wp-content\/blogs.dir\/6\/files\/sites\/214\/2023\/11\/Portada-butlleti-marc-2023-211x300.png 211w\" sizes=\"auto, (max-width: 629px) 100vw, 629px\" \/><\/a><\/figure>\n\n\n\n<p>Butllet\u00ed mar\u00e7 2023<\/p>\n\n<div class=\"gb-shapes\"><div class=\"gb-shape gb-shape-1\"><svg xmlns=\"http:\/\/www.w3.org\/2000\/svg\" viewBox=\"0 0 1200 230\" preserveAspectRatio=\"none\"><path d=\"M1200 207.2L600 0 0 207.2V230h1200z\"\/><\/svg><\/div><\/div><\/div>\n\n<div class=\"gb-container gb-container-e2dc8905\">\n\n<figure class=\"gb-block-image gb-block-image-8842bb46\"><a href=\"http:\/\/ccoo.app\/ferrocarrils-de-la-generalitat-de-catalunya\/wp-content\/blogs.dir\/6\/files\/sites\/214\/2023\/11\/Butlleti-octubre-2023.pdf\"><img loading=\"lazy\" decoding=\"async\" width=\"631\" height=\"891\" class=\"gb-image gb-image-8842bb46\" src=\"https:\/\/ccoo.app\/ferrocarrils-de-la-generalitat-de-catalunya\/wp-content\/blogs.dir\/6\/files\/sites\/214\/2023\/11\/Portada-butlleti-octubre-2023.png\" alt=\"Portada butllet\u00ed octubre 2023\" title=\"Portada-butlleti-octubre-2023\" srcset=\"https:\/\/ccoo.app\/ferrocarrils-de-la-generalitat-de-catalunya\/wp-content\/blogs.dir\/6\/files\/sites\/214\/2023\/11\/Portada-butlleti-octubre-2023.png 631w, https:\/\/ccoo.app\/ferrocarrils-de-la-generalitat-de-catalunya\/wp-content\/blogs.dir\/6\/files\/sites\/214\/2023\/11\/Portada-butlleti-octubre-2023-212x300.png 212w\" sizes=\"auto, (max-width: 631px) 100vw, 631px\" \/><\/a><\/figure>\n\n\n\n<p>Butllet\u00ed octubre 2023<\/p>\n\n<div class=\"gb-shapes\"><div class=\"gb-shape gb-shape-1\"><svg xmlns=\"http:\/\/www.w3.org\/2000\/svg\" viewBox=\"0 0 1200 230\" preserveAspectRatio=\"none\"><path d=\"M1200 207.2L600 0 0 207.2V230h1200z\"\/><\/svg><\/div><\/div><\/div>\n<\/div>","protected":false},"excerpt":{"rendered":"<p>Consulta els nostres butlletins peri\u00f2dics on trobar\u00e0s not\u00edcies, ofertes per afiliats, articles d&#8217;opini\u00f3, den\u00fancies, resums de reunions i la nostra activitat sindical. Creiem tamb\u00e9 que aquesta \u00e9s una eina per &#8230; <a title=\"Butlletins\" class=\"read-more\" href=\"https:\/\/ccoo.app\/ferrocarrils-de-la-generalitat-de-catalunya\/butlletins\/\" aria-label=\"Leer m\u00e1s sobre Butlletins\">Leer m\u00e1s<\/a><\/p>\n","protected":false},"author":92557,"featured_media":0,"parent":0,"menu_order":0,"comment_status":"closed","ping_status":"closed","template":"","meta":{"footnotes":""},"class_list":["post-2851","page","type-page","status-publish"],"_links":{"self":[{"href":"https:\/\/ccoo.app\/ferrocarrils-de-la-generalitat-de-catalunya\/wp-json\/wp\/v2\/pages\/2851","targetHints":{"allow":["GET"]}}],"collection":[{"href":"https:\/\/ccoo.app\/ferrocarrils-de-la-generalitat-de-catalunya\/wp-json\/wp\/v2\/pages"}],"about":[{"href":"https:\/\/ccoo.app\/ferrocarrils-de-la-generalitat-de-catalunya\/wp-json\/wp\/v2\/types\/page"}],"author":[{"embeddable":true,"href":"https:\/\/ccoo.app\/ferrocarrils-de-la-generalitat-de-catalunya\/wp-json\/wp\/v2\/users\/92557"}],"replies":[{"embeddable":true,"href":"https:\/\/ccoo.app\/ferrocarrils-de-la-generalitat-de-catalunya\/wp-json\/wp\/v2\/comments?post=2851"}],"version-history":[{"count":4,"href":"https:\/\/ccoo.app\/ferrocarrils-de-la-generalitat-de-catalunya\/wp-json\/wp\/v2\/pages\/2851\/revisions"}],"predecessor-version":[{"id":3089,"href":"https:\/\/ccoo.app\/ferrocarrils-de-la-generalitat-de-catalunya\/wp-json\/wp\/v2\/pages\/2851\/revisions\/3089"}],"wp:attachment":[{"href":"https:\/\/ccoo.app\/ferrocarrils-de-la-generalitat-de-catalunya\/wp-json\/wp\/v2\/media?parent=2851"}],"curies":[{"name":"wp","href":"https:\/\/api.w.org\/{rel}","templated":true}]}}