{"id":25,"date":"2020-02-13T13:17:50","date_gmt":"2020-02-13T18:17:50","guid":{"rendered":"https:\/\/gpsites.co\/read\/?page_id=25"},"modified":"2024-04-10T12:33:24","modified_gmt":"2024-04-10T10:33:24","slug":"home","status":"publish","type":"page","link":"https:\/\/ccoo.app\/ferrocarrils-de-la-generalitat-de-catalunya\/","title":{"rendered":"Inicio"},"content":{"rendered":"\n<div class=\"wp-block-cover alignfull is-light is-style-default\" style=\"min-height:400px;aspect-ratio:unset;\" id=\"http:\/\/ccoo.app\/ferrocarrils-de-la-generalitat-de-catalunya\/wp-content\/blogs.dir\/6\/files\/sites\/178\/2021\/01\/imagen-prueba-entradas.jpg\"><span aria-hidden=\"true\" class=\"wp-block-cover__background has-background-dim-0 has-background-dim\"><\/span><img loading=\"lazy\" decoding=\"async\" width=\"1440\" height=\"400\" class=\"wp-block-cover__image-background wp-image-2637\" alt=\"Fond Cabecera Ccoo (1)\" src=\"http:\/\/ccoo.app\/ferrocarrils-de-la-generalitat-de-catalunya\/wp-content\/blogs.dir\/6\/files\/sites\/178\/2021\/02\/fond-cabecera-ccoo-1-1.jpg\" data-object-fit=\"cover\" srcset=\"https:\/\/ccoo.app\/ferrocarrils-de-la-generalitat-de-catalunya\/wp-content\/blogs.dir\/6\/files\/sites\/214\/2021\/02\/fond-cabecera-ccoo-1-1.jpg 1440w, https:\/\/ccoo.app\/ferrocarrils-de-la-generalitat-de-catalunya\/wp-content\/blogs.dir\/6\/files\/sites\/214\/2021\/02\/fond-cabecera-ccoo-1-1-300x83.jpg 300w, https:\/\/ccoo.app\/ferrocarrils-de-la-generalitat-de-catalunya\/wp-content\/blogs.dir\/6\/files\/sites\/214\/2021\/02\/fond-cabecera-ccoo-1-1-1024x284.jpg 1024w, https:\/\/ccoo.app\/ferrocarrils-de-la-generalitat-de-catalunya\/wp-content\/blogs.dir\/6\/files\/sites\/214\/2021\/02\/fond-cabecera-ccoo-1-1-768x213.jpg 768w\" sizes=\"auto, (max-width: 1440px) 100vw, 1440px\" \/><div class=\"wp-block-cover__inner-container is-layout-flow wp-block-cover-is-layout-flow\">\n<div class=\"wp-block-cover\" style=\"min-height:300px;aspect-ratio:unset;\"><span aria-hidden=\"true\" class=\"wp-block-cover__background has-background-dim-0 has-background-dim\"><\/span><img decoding=\"async\" class=\"wp-block-cover__image-background wp-image-2343\" alt=\"\" src=\"http:\/\/ccoo.app\/wp-content\/blogs.dir\/6\/files\/2021\/01\/Elementos-CCOO-cabecera.png\" data-object-fit=\"cover\" \/><div class=\"wp-block-cover__inner-container is-layout-flow wp-block-cover-is-layout-flow\">\n<div class=\"wp-block-group\"><div class=\"wp-block-group__inner-container is-layout-flow wp-block-group-is-layout-flow\">\n<h1 class=\"wp-block-heading has-text-align-center has-black-color has-text-color\" id=\"seccion-sindical\" style=\"font-size:44px\">Secci\u00f3 Sindical CCOO a FGC<\/h1>\n\n\n\n<div class=\"wp-block-columns is-layout-flex wp-container-core-columns-is-layout-9d6595d7 wp-block-columns-is-layout-flex\">\n<div class=\"wp-block-column is-layout-flow wp-block-column-is-layout-flow\" style=\"flex-basis:15%\"><\/div>\n\n\n\n<div class=\"wp-block-column is-layout-flow wp-block-column-is-layout-flow\" style=\"flex-basis:70%\"><div class=\"gb-container gb-container-85415828\">\n\n<p class=\"has-text-align-left\">Treballadors i treballadores, i especialment Afiliats i Afiliades a CCOO, us donem la benvinguda al web de la Secci\u00f3 Sindical de CCOO a FGC: una finestra a la nostra feina, amb informaci\u00f3 del vostre inter\u00e8s i de la forma m\u00e9s \u00fatil.<br>Nous temps, noves necessitats, noves vies i les CCOO de sempre, ara a la teva butxaca.<\/p>\n\n<\/div><\/div>\n\n\n\n<div class=\"wp-block-column is-layout-flow wp-block-column-is-layout-flow\" style=\"flex-basis:15%\"><\/div>\n<\/div>\n<\/div><\/div>\n<\/div><\/div>\n<\/div><\/div>\n\n\n\n<div style=\"height:42px\" aria-hidden=\"true\" class=\"wp-block-spacer\"><\/div>\n\n\n<div class=\"gb-container gb-container-1662ced4\">\n\n<p class=\"has-text-align-center\">ULTIMES NOT\u00cdCIES<\/p>\n\n<\/div>\n\n\n<div style=\"height:10px\" aria-hidden=\"true\" class=\"wp-block-spacer\"><\/div>\n\n\n<div class=\"gb-container gb-container-cae3dfd8\">\n<ul class=\"wp-block-latest-posts__list is-grid columns-3 has-dates wp-block-latest-posts\"><li><div class=\"wp-block-latest-posts__featured-image aligncenter\"><img loading=\"lazy\" decoding=\"async\" width=\"300\" height=\"59\" src=\"https:\/\/ccoo.app\/ferrocarrils-de-la-generalitat-de-catalunya\/wp-content\/blogs.dir\/6\/files\/sites\/214\/2024\/01\/ICONO-CONTRACTACIO-300x59.png\" class=\"attachment-medium size-medium wp-post-image\" alt=\"\" style=\"max-width:300px;max-height:300px;\" srcset=\"https:\/\/ccoo.app\/ferrocarrils-de-la-generalitat-de-catalunya\/wp-content\/blogs.dir\/6\/files\/sites\/214\/2024\/01\/ICONO-CONTRACTACIO-300x59.png 300w, https:\/\/ccoo.app\/ferrocarrils-de-la-generalitat-de-catalunya\/wp-content\/blogs.dir\/6\/files\/sites\/214\/2024\/01\/ICONO-CONTRACTACIO.png 590w\" sizes=\"auto, (max-width: 300px) 100vw, 300px\" \/><\/div><a class=\"wp-block-latest-posts__post-title\" href=\"https:\/\/ccoo.app\/ferrocarrils-de-la-generalitat-de-catalunya\/sentencia-favorable-pels-grups-de-contractacio-a-i-v\/\">Sent\u00e8ncia favorable pels grups de contractaci\u00f3 A i V<\/a><time datetime=\"2024-05-08T16:58:23+02:00\" class=\"wp-block-latest-posts__post-date\">8 de mayo de 2024<\/time><div class=\"wp-block-latest-posts__post-excerpt\">Celebrem una vict\u00f2ria m\u00e9s de les persones treballadores envers les males pr\u00e0ctiques per la desorganitzaci\u00f3 empresarial que acaben perjudicant a la base treballadora. L&#8217;empresa modificava unilateralment els horaris i la resid\u00e8ncia del personal &#8230; <a title=\"Sent\u00e8ncia favorable pels grups de contractaci\u00f3 A i V\" class=\"read-more\" href=\"https:\/\/ccoo.app\/ferrocarrils-de-la-generalitat-de-catalunya\/sentencia-favorable-pels-grups-de-contractacio-a-i-v\/\" aria-label=\"Leer m\u00e1s sobre Sent\u00e8ncia favorable pels grups de contractaci\u00f3 A i V\">Leer m\u00e1s<\/a><\/div><\/li>\n<li><div class=\"wp-block-latest-posts__featured-image aligncenter\"><img loading=\"lazy\" decoding=\"async\" width=\"300\" height=\"59\" src=\"https:\/\/ccoo.app\/ferrocarrils-de-la-generalitat-de-catalunya\/wp-content\/blogs.dir\/6\/files\/sites\/214\/2024\/01\/ICONO-NEGOCIACIO-COL\u00b7LECTIVA-300x59.png\" class=\"attachment-medium size-medium wp-post-image\" alt=\"\" style=\"max-width:300px;max-height:300px;\" srcset=\"https:\/\/ccoo.app\/ferrocarrils-de-la-generalitat-de-catalunya\/wp-content\/blogs.dir\/6\/files\/sites\/214\/2024\/01\/ICONO-NEGOCIACIO-COL\u00b7LECTIVA-300x59.png 300w, https:\/\/ccoo.app\/ferrocarrils-de-la-generalitat-de-catalunya\/wp-content\/blogs.dir\/6\/files\/sites\/214\/2024\/01\/ICONO-NEGOCIACIO-COL\u00b7LECTIVA.png 590w\" sizes=\"auto, (max-width: 300px) 100vw, 300px\" \/><\/div><a class=\"wp-block-latest-posts__post-title\" href=\"https:\/\/ccoo.app\/ferrocarrils-de-la-generalitat-de-catalunya\/ccoo-reclama-lampliacio-del-fons-social\/\">CCOO reclama l&#8217;ampliaci\u00f3 del fons social<\/a><time datetime=\"2024-04-29T13:32:51+02:00\" class=\"wp-block-latest-posts__post-date\">29 de abril de 2024<\/time><div class=\"wp-block-latest-posts__post-excerpt\">Recentment, s&#8217;ha tractat en una reuni\u00f3 el dest\u00ed de la part restant del fons social del 2023. Sobre aix\u00f2, us informem que ens hem assessorat perqu\u00e8 creiem que el fons social a FGC &#8230; <a title=\"CCOO reclama l&#8217;ampliaci\u00f3 del fons social\" class=\"read-more\" href=\"https:\/\/ccoo.app\/ferrocarrils-de-la-generalitat-de-catalunya\/ccoo-reclama-lampliacio-del-fons-social\/\" aria-label=\"Leer m\u00e1s sobre CCOO reclama l&#8217;ampliaci\u00f3 del fons social\">Leer m\u00e1s<\/a><\/div><\/li>\n<li><div class=\"wp-block-latest-posts__featured-image aligncenter\"><img loading=\"lazy\" decoding=\"async\" width=\"300\" height=\"59\" src=\"https:\/\/ccoo.app\/ferrocarrils-de-la-generalitat-de-catalunya\/wp-content\/blogs.dir\/6\/files\/sites\/214\/2024\/01\/ICONO-SEGURETAT-I-SALUT-1-300x59.png\" class=\"attachment-medium size-medium wp-post-image\" alt=\"\" style=\"max-width:300px;max-height:300px;\" srcset=\"https:\/\/ccoo.app\/ferrocarrils-de-la-generalitat-de-catalunya\/wp-content\/blogs.dir\/6\/files\/sites\/214\/2024\/01\/ICONO-SEGURETAT-I-SALUT-1-300x59.png 300w, https:\/\/ccoo.app\/ferrocarrils-de-la-generalitat-de-catalunya\/wp-content\/blogs.dir\/6\/files\/sites\/214\/2024\/01\/ICONO-SEGURETAT-I-SALUT-1.png 590w\" sizes=\"auto, (max-width: 300px) 100vw, 300px\" \/><\/div><a class=\"wp-block-latest-posts__post-title\" href=\"https:\/\/ccoo.app\/ferrocarrils-de-la-generalitat-de-catalunya\/ccoo-insisteix-en-considerar-canvis-en-la-uniformitat-de-produccio\/\">CCOO insisteix en considerar canvis en la uniformitat de Producci\u00f3<\/a><time datetime=\"2024-04-29T13:22:38+02:00\" class=\"wp-block-latest-posts__post-date\">29 de abril de 2024<\/time><div class=\"wp-block-latest-posts__post-excerpt\">Enviem el seg\u00fcent escrit a l&#8217;empresa: Volem deixar const\u00e0ncia d\u2019una s\u00e8rie de q\u00fcestions relacionades amb la uniformitat, donat que en breu s\u2019iniciar\u00e0 la nova licitaci\u00f3 del mateix.Volem posar de manifest i en antecedents &#8230; <a title=\"CCOO insisteix en considerar canvis en la uniformitat de Producci\u00f3\" class=\"read-more\" href=\"https:\/\/ccoo.app\/ferrocarrils-de-la-generalitat-de-catalunya\/ccoo-insisteix-en-considerar-canvis-en-la-uniformitat-de-produccio\/\" aria-label=\"Leer m\u00e1s sobre CCOO insisteix en considerar canvis en la uniformitat de Producci\u00f3\">Leer m\u00e1s<\/a><\/div><\/li>\n<li><div class=\"wp-block-latest-posts__featured-image aligncenter\"><img loading=\"lazy\" decoding=\"async\" width=\"300\" height=\"59\" src=\"https:\/\/ccoo.app\/ferrocarrils-de-la-generalitat-de-catalunya\/wp-content\/blogs.dir\/6\/files\/sites\/214\/2024\/01\/ICONO-NEGOCIACIO-COL\u00b7LECTIVA-300x59.png\" class=\"attachment-medium size-medium wp-post-image\" alt=\"\" style=\"max-width:300px;max-height:300px;\" srcset=\"https:\/\/ccoo.app\/ferrocarrils-de-la-generalitat-de-catalunya\/wp-content\/blogs.dir\/6\/files\/sites\/214\/2024\/01\/ICONO-NEGOCIACIO-COL\u00b7LECTIVA-300x59.png 300w, https:\/\/ccoo.app\/ferrocarrils-de-la-generalitat-de-catalunya\/wp-content\/blogs.dir\/6\/files\/sites\/214\/2024\/01\/ICONO-NEGOCIACIO-COL\u00b7LECTIVA.png 590w\" sizes=\"auto, (max-width: 300px) 100vw, 300px\" \/><\/div><a class=\"wp-block-latest-posts__post-title\" href=\"https:\/\/ccoo.app\/ferrocarrils-de-la-generalitat-de-catalunya\/ctnp-varis-produccio-i-bonificacions\/\">CTNP: Varis producci\u00f3 i Bonificacions<\/a><time datetime=\"2024-04-20T20:45:31+02:00\" class=\"wp-block-latest-posts__post-date\">20 de abril de 2024<\/time><div class=\"wp-block-latest-posts__post-excerpt\">En el dia 18 d&#8217;abril de 2024 s\u2019han desenvolupat diferents punts de l\u2019\u00c0rea de Producci\u00f3: Un cop finalitzada la reuni\u00f3 es procedeix a la signatura per part de totes les Seccions Sindicals (excepte &#8230; <a title=\"CTNP: Varis producci\u00f3 i Bonificacions\" class=\"read-more\" href=\"https:\/\/ccoo.app\/ferrocarrils-de-la-generalitat-de-catalunya\/ctnp-varis-produccio-i-bonificacions\/\" aria-label=\"Leer m\u00e1s sobre CTNP: Varis producci\u00f3 i Bonificacions\">Leer m\u00e1s<\/a><\/div><\/li>\n<li><div class=\"wp-block-latest-posts__featured-image aligncenter\"><img loading=\"lazy\" decoding=\"async\" width=\"300\" height=\"59\" src=\"https:\/\/ccoo.app\/ferrocarrils-de-la-generalitat-de-catalunya\/wp-content\/blogs.dir\/6\/files\/sites\/214\/2024\/01\/ICONO-SEGURETAT-I-SALUT-1-300x59.png\" class=\"attachment-medium size-medium wp-post-image\" alt=\"\" style=\"max-width:300px;max-height:300px;\" srcset=\"https:\/\/ccoo.app\/ferrocarrils-de-la-generalitat-de-catalunya\/wp-content\/blogs.dir\/6\/files\/sites\/214\/2024\/01\/ICONO-SEGURETAT-I-SALUT-1-300x59.png 300w, https:\/\/ccoo.app\/ferrocarrils-de-la-generalitat-de-catalunya\/wp-content\/blogs.dir\/6\/files\/sites\/214\/2024\/01\/ICONO-SEGURETAT-I-SALUT-1.png 590w\" sizes=\"auto, (max-width: 300px) 100vw, 300px\" \/><\/div><a class=\"wp-block-latest-posts__post-title\" href=\"https:\/\/ccoo.app\/ferrocarrils-de-la-generalitat-de-catalunya\/punts-dacces-a-aigua-potable-a-les-estacions\/\">Punts d\u2019acc\u00e9s a aigua potable a les estacions<\/a><time datetime=\"2024-02-13T07:06:00+01:00\" class=\"wp-block-latest-posts__post-date\">13 de febrero de 2024<\/time><div class=\"wp-block-latest-posts__post-excerpt\">Des d&#8217;aquesta secci\u00f3 sindical hem fet un estudi de la situaci\u00f3 de l&#8217;acc\u00e9s a l&#8217;aigua a les depend\u00e8ncies on es realitzen descansos. Arribem a la conclusi\u00f3 que falten fonts en algunes depend\u00e8ncies i &#8230; <a title=\"Punts d\u2019acc\u00e9s a aigua potable a les estacions\" class=\"read-more\" href=\"https:\/\/ccoo.app\/ferrocarrils-de-la-generalitat-de-catalunya\/punts-dacces-a-aigua-potable-a-les-estacions\/\" aria-label=\"Leer m\u00e1s sobre Punts d\u2019acc\u00e9s a aigua potable a les estacions\">Leer m\u00e1s<\/a><\/div><\/li>\n<li><div class=\"wp-block-latest-posts__featured-image aligncenter\"><img loading=\"lazy\" decoding=\"async\" width=\"300\" height=\"59\" src=\"https:\/\/ccoo.app\/ferrocarrils-de-la-generalitat-de-catalunya\/wp-content\/blogs.dir\/6\/files\/sites\/214\/2024\/01\/ICONO-SEGURETAT-I-SALUT-1-300x59.png\" class=\"attachment-medium size-medium wp-post-image\" alt=\"\" style=\"max-width:300px;max-height:300px;\" srcset=\"https:\/\/ccoo.app\/ferrocarrils-de-la-generalitat-de-catalunya\/wp-content\/blogs.dir\/6\/files\/sites\/214\/2024\/01\/ICONO-SEGURETAT-I-SALUT-1-300x59.png 300w, https:\/\/ccoo.app\/ferrocarrils-de-la-generalitat-de-catalunya\/wp-content\/blogs.dir\/6\/files\/sites\/214\/2024\/01\/ICONO-SEGURETAT-I-SALUT-1.png 590w\" sizes=\"auto, (max-width: 300px) 100vw, 300px\" \/><\/div><a class=\"wp-block-latest-posts__post-title\" href=\"https:\/\/ccoo.app\/ferrocarrils-de-la-generalitat-de-catalunya\/bonificacions-dels-llocs-de-treball\/\">Bonificacions dels llocs de treball<\/a><time datetime=\"2024-02-12T07:44:00+01:00\" class=\"wp-block-latest-posts__post-date\">12 de febrero de 2024<\/time><div class=\"wp-block-latest-posts__post-excerpt\">Donat que hi ha una preocupant incertesa sobre l&#8217;aplicaci\u00f3 de les bonificacions als llocs de treball de certes \u00e0rees, demanem a l&#8217;empresa tractar aquest tema amb la representaci\u00f3 de les persones treballadores. Ho &#8230; <a title=\"Bonificacions dels llocs de treball\" class=\"read-more\" href=\"https:\/\/ccoo.app\/ferrocarrils-de-la-generalitat-de-catalunya\/bonificacions-dels-llocs-de-treball\/\" aria-label=\"Leer m\u00e1s sobre Bonificacions dels llocs de treball\">Leer m\u00e1s<\/a><\/div><\/li>\n<\/ul>\n\n\n<p class=\"has-text-align-center has-medium-font-size\"><strong><a href=\"https:\/\/ccoo.app\/ferrocarrils-de-la-generalitat-de-catalunya\/ultimes-noticies\" class=\"ek-link\">Veure m\u00e9s&#8230;<\/a><\/strong><\/p>\n\n<\/div>\n\n<div class=\"gb-container gb-container-f99dc10c\">\n\n<div style=\"height:10px\" aria-hidden=\"true\" class=\"wp-block-spacer\"><\/div>\n\n<\/div>\n\n\n<div class=\"wp-block-columns is-layout-flex wp-container-core-columns-is-layout-9d6595d7 wp-block-columns-is-layout-flex\">\n<div class=\"wp-block-column is-layout-flow wp-block-column-is-layout-flow\"><div class=\"wp-block-image\">\n<figure class=\"aligncenter size-large\"><a href=\"https:\/\/ccoo.app\/ferrocarrils-de-la-generalitat-de-catalunya\/convenis-i-acords\/\"><img decoding=\"async\" src=\"https:\/\/ccoo.app\/wp-content\/blogs.dir\/6\/files\/2021\/01\/ACUERDOS-Y-CONVENIOS.svg\" alt=\"\" class=\"wp-image-2351\" \/><\/a><\/figure>\n<\/div>\n\n\n<h2 class=\"wp-block-heading has-text-align-center\" id=\"acuerdos-y-convenios\">Acords i Convenis<\/h2>\n\n\n\n<p class=\"has-text-align-center\">Consulta en aquesta web els acords que ha arribat la representaci\u00f3 de les persones treballadores amb l&#8217;empresa.<\/p>\n<\/div>\n\n\n\n<div class=\"wp-block-column is-layout-flow wp-block-column-is-layout-flow\"><div class=\"wp-block-image\">\n<figure class=\"aligncenter size-large\"><a href=\"https:\/\/conciliacioncorresponsable.ccoo.es\/Inicio\"><img decoding=\"async\" src=\"https:\/\/ccoo.app\/wp-content\/blogs.dir\/6\/files\/2021\/01\/PERMISOS.svg\" alt=\"\" class=\"wp-image-2352\" \/><\/a><\/figure>\n<\/div>\n\n\n<h2 class=\"wp-block-heading has-text-align-center\" id=\"permisos\">Permisos<\/h2>\n\n\n\n<p class=\"has-text-align-center\">Coneix quins s\u00f3n els permisos que pots demanar per conciliar la teva vida laboral i familiar.<\/p>\n<\/div>\n\n\n\n<div class=\"wp-block-column is-layout-flow wp-block-column-is-layout-flow\"><div class=\"wp-block-image\">\n<figure class=\"aligncenter size-large\"><img decoding=\"async\" src=\"https:\/\/ccoo.app\/wp-content\/blogs.dir\/6\/files\/2021\/01\/AYUDAS-SOCIALES.svg\" alt=\"\" class=\"wp-image-2353\" \/><\/figure>\n<\/div>\n\n\n<h2 class=\"wp-block-heading has-text-align-center\" id=\"ayudas-sociales\">Ajudes Socials<\/h2>\n\n\n\n<p class=\"has-text-align-center\">Beneficia&#8217;t de les ajudes socials que actualment estan vigents a l&#8217;empresa.<\/p>\n<\/div>\n<\/div>\n\n\n\n<div class=\"wp-block-cover alignfull is-light\" style=\"min-height:380px;aspect-ratio:unset;\"><span aria-hidden=\"true\" class=\"wp-block-cover__background has-background-dim-0 has-background-dim\"><\/span><img decoding=\"async\" class=\"wp-block-cover__image-background wp-image-2356\" alt=\"\" src=\"https:\/\/ccoo.app\/wp-content\/blogs.dir\/6\/files\/2021\/01\/fond-hero.svg\" data-object-fit=\"cover\" \/><div class=\"wp-block-cover__inner-container is-layout-flow wp-block-cover-is-layout-flow\">\n<div class=\"wp-block-group\"><div class=\"wp-block-group__inner-container is-layout-flow wp-block-group-is-layout-flow\">\n<div class=\"wp-block-columns is-layout-flex wp-container-core-columns-is-layout-9d6595d7 wp-block-columns-is-layout-flex\">\n<div class=\"wp-block-column is-layout-flow wp-block-column-is-layout-flow\"><div class=\"wp-block-image\">\n<figure class=\"aligncenter size-large is-resized\"><img decoding=\"async\" src=\"https:\/\/ccoo.app\/wp-content\/blogs.dir\/6\/files\/2021\/01\/noticias-ccoo.jpg\" alt=\"\" class=\"wp-image-2358\" style=\"width:397px;height:313px\" \/><\/figure>\n<\/div><\/div>\n\n\n\n<div class=\"wp-block-column is-layout-flow wp-block-column-is-layout-flow\">\n<h2 class=\"wp-block-heading titulo-noticias has-black-color has-text-color\" id=\"descubre-nuestrasultimas-noticias\">Explora m\u00e9s not\u00edcies de CCOO<\/h2>\n\n\n\n<figure class=\"wp-block-image size-large is-resized barra-decoracion\"><img decoding=\"async\" src=\"https:\/\/ccoo.app\/wp-content\/blogs.dir\/6\/files\/2021\/01\/Rectangle-126.svg\" alt=\"\" class=\"wp-image-2357\" \/><\/figure>\n\n\n\n<p class=\"has-black-color has-text-color\">Accedeix al web de CCOO Catalunya per assabentar-te de totes les novetats.<\/p>\n\n\n\n<div class=\"wp-block-buttons is-layout-flex wp-block-buttons-is-layout-flex\">\n<div class=\"wp-block-button\"><a class=\"wp-block-button__link has-white-color has-black-background-color has-text-color has-background no-border-radius wp-element-button\" href=\"https:\/\/www.ccoo.cat\/fsc\/noticies\/\" target=\"_blank\" rel=\"noreferrer noopener\">ACTUALITAT<\/a><\/div>\n<\/div>\n\n\n\n<p class=\"has-black-color has-text-color\"><br><\/p>\n<\/div>\n<\/div>\n<\/div><\/div>\n<\/div><\/div>\n\n\n\n<div style=\"height:40px\" aria-hidden=\"true\" class=\"wp-block-spacer\"><\/div>\n","protected":false},"excerpt":{"rendered":"<p>ULTIMES NOT\u00cdCIES Veure m\u00e9s&#8230; Acords i Convenis Consulta en aquesta web els acords que ha arribat la representaci\u00f3 de les persones treballadores amb l&#8217;empresa. Permisos Coneix quins s\u00f3n els permisos &#8230; <a title=\"Inicio\" class=\"read-more\" href=\"https:\/\/ccoo.app\/ferrocarrils-de-la-generalitat-de-catalunya\/\" aria-label=\"Leer m\u00e1s sobre Inicio\">Leer m\u00e1s<\/a><\/p>\n","protected":false},"author":6,"featured_media":0,"parent":0,"menu_order":0,"comment_status":"closed","ping_status":"closed","template":"","meta":{"footnotes":""},"class_list":["post-25","page","type-page","status-publish"],"_links":{"self":[{"href":"https:\/\/ccoo.app\/ferrocarrils-de-la-generalitat-de-catalunya\/wp-json\/wp\/v2\/pages\/25","targetHints":{"allow":["GET"]}}],"collection":[{"href":"https:\/\/ccoo.app\/ferrocarrils-de-la-generalitat-de-catalunya\/wp-json\/wp\/v2\/pages"}],"about":[{"href":"https:\/\/ccoo.app\/ferrocarrils-de-la-generalitat-de-catalunya\/wp-json\/wp\/v2\/types\/page"}],"author":[{"embeddable":true,"href":"https:\/\/ccoo.app\/ferrocarrils-de-la-generalitat-de-catalunya\/wp-json\/wp\/v2\/users\/6"}],"replies":[{"embeddable":true,"href":"https:\/\/ccoo.app\/ferrocarrils-de-la-generalitat-de-catalunya\/wp-json\/wp\/v2\/comments?post=25"}],"version-history":[{"count":4,"href":"https:\/\/ccoo.app\/ferrocarrils-de-la-generalitat-de-catalunya\/wp-json\/wp\/v2\/pages\/25\/revisions"}],"predecessor-version":[{"id":3097,"href":"https:\/\/ccoo.app\/ferrocarrils-de-la-generalitat-de-catalunya\/wp-json\/wp\/v2\/pages\/25\/revisions\/3097"}],"wp:attachment":[{"href":"https:\/\/ccoo.app\/ferrocarrils-de-la-generalitat-de-catalunya\/wp-json\/wp\/v2\/media?parent=25"}],"curies":[{"name":"wp","href":"https:\/\/api.w.org\/{rel}","templated":true}]}}