{"id":25,"date":"2020-02-13T13:17:50","date_gmt":"2020-02-13T18:17:50","guid":{"rendered":"https:\/\/gpsites.co\/read\/?page_id=25"},"modified":"2025-01-29T15:03:30","modified_gmt":"2025-01-29T14:03:30","slug":"home","status":"publish","type":"page","link":"https:\/\/ccoo.app\/fcc-lh\/","title":{"rendered":"Inici"},"content":{"rendered":"\n<div class=\"wp-block-cover alignfull is-light\" style=\"min-height:400px;aspect-ratio:unset;\"><span aria-hidden=\"true\" class=\"wp-block-cover__background has-background-dim-0 has-background-dim\"><\/span><img loading=\"lazy\" decoding=\"async\" width=\"1440\" height=\"400\" class=\"wp-block-cover__image-background wp-image-2637\" alt=\"\" src=\"http:\/\/ccoo.app\/plantilla\/wp-content\/blogs.dir\/6\/files\/sites\/8\/2021\/02\/fond-cabecera-ccoo-1-1.jpg\" data-object-fit=\"cover\" srcset=\"https:\/\/ccoo.app\/fcc-lh\/wp-content\/blogs.dir\/6\/files\/sites\/239\/2021\/02\/fond-cabecera-ccoo-1-1.jpg 1440w, https:\/\/ccoo.app\/fcc-lh\/wp-content\/blogs.dir\/6\/files\/sites\/239\/2021\/02\/fond-cabecera-ccoo-1-1-300x83.jpg 300w, https:\/\/ccoo.app\/fcc-lh\/wp-content\/blogs.dir\/6\/files\/sites\/239\/2021\/02\/fond-cabecera-ccoo-1-1-1024x284.jpg 1024w, https:\/\/ccoo.app\/fcc-lh\/wp-content\/blogs.dir\/6\/files\/sites\/239\/2021\/02\/fond-cabecera-ccoo-1-1-768x213.jpg 768w\" sizes=\"auto, (max-width: 1440px) 100vw, 1440px\" \/><div class=\"wp-block-cover__inner-container is-layout-flow wp-block-cover-is-layout-flow\">\n<div class=\"wp-block-cover is-light\" style=\"min-height:300px;aspect-ratio:unset;\"><span aria-hidden=\"true\" class=\"wp-block-cover__background has-background-dim-0 has-background-dim\"><\/span><img decoding=\"async\" class=\"wp-block-cover__image-background wp-image-2343\" alt=\"\" src=\"http:\/\/ccoo.app\/wp-content\/blogs.dir\/6\/files\/2021\/01\/Elementos-CCOO-cabecera.png\" data-object-fit=\"cover\"\/><div class=\"wp-block-cover__inner-container is-layout-flow wp-block-cover-is-layout-flow\">\n<div class=\"wp-block-group\"><div class=\"wp-block-group__inner-container is-layout-flow wp-block-group-is-layout-flow\">\n<h1 class=\"wp-block-heading has-text-align-center has-black-color has-text-color\" id=\"seccion-sindical\" style=\"font-size:44px\">Secci\u00f3 Sindical FCC L&#8217;Hospitalet<\/h1>\n\n\n\n<div class=\"wp-block-columns is-layout-flex wp-container-core-columns-is-layout-9d6595d7 wp-block-columns-is-layout-flex\">\n<div class=\"wp-block-column is-layout-flow wp-block-column-is-layout-flow\" style=\"flex-basis:15%\"><\/div>\n\n\n\n<div class=\"wp-block-column is-layout-flow wp-block-column-is-layout-flow\" style=\"flex-basis:70%\">\n<p><span style=\"background-color:rgba(0, 0, 0, 0)\" class=\"has-inline-color has-black-color\">Treballadors i treballadores, i especialment Afiliats i Afiliades a CCOO, us donem la benvinguda a la nostra web, amb informaci\u00f3 del vostre inter\u00e8s i de la forma m\u00e9s \u00fatil, d&#8217;acord amb el vostre perfil i que us permetr\u00e0 participar.<br>Nous temps, noves necessitats, noves vies i les CCOO de sempre, ara en la teva butxaca.<\/span><\/p>\n<\/div>\n\n\n\n<div class=\"wp-block-column is-layout-flow wp-block-column-is-layout-flow\" style=\"flex-basis:15%\"><\/div>\n<\/div>\n<\/div><\/div>\n<\/div><\/div>\n<\/div><\/div>\n\n\n\n<div style=\"height:42px\" aria-hidden=\"true\" class=\"wp-block-spacer\"><\/div>\n\n\n\n<div class=\"wp-block-group\"><div class=\"wp-block-group__inner-container is-layout-constrained wp-block-group-is-layout-constrained\">\n<h2 class=\"wp-block-heading\">App de CCOO<\/h2>\n\n\n<div class=\"wp-block-image\">\n<figure class=\"alignleft\"><img loading=\"lazy\" decoding=\"async\" width=\"212\" height=\"300\" src=\"https:\/\/ccoo.app\/fcc-lh\/wp-content\/blogs.dir\/6\/files\/sites\/239\/2018\/11\/flyer-app-FCC-LH-final2-212x300.png\" alt=\"\" class=\"wp-image-2060\" srcset=\"https:\/\/ccoo.app\/fcc-lh\/wp-content\/blogs.dir\/6\/files\/sites\/239\/2018\/11\/flyer-app-FCC-LH-final2-212x300.png 212w, https:\/\/ccoo.app\/fcc-lh\/wp-content\/blogs.dir\/6\/files\/sites\/239\/2018\/11\/flyer-app-FCC-LH-final2-724x1024.png 724w, https:\/\/ccoo.app\/fcc-lh\/wp-content\/blogs.dir\/6\/files\/sites\/239\/2018\/11\/flyer-app-FCC-LH-final2-768x1086.png 768w, https:\/\/ccoo.app\/fcc-lh\/wp-content\/blogs.dir\/6\/files\/sites\/239\/2018\/11\/flyer-app-FCC-LH-final2-1086x1536.png 1086w, https:\/\/ccoo.app\/fcc-lh\/wp-content\/blogs.dir\/6\/files\/sites\/239\/2018\/11\/flyer-app-FCC-LH-final2-1448x2048.png 1448w\" sizes=\"auto, (max-width: 212px) 100vw, 212px\" \/><\/figure>\n<\/div>\n\n\n<p>&nbsp;&nbsp;<span style=\"color: #0000ff; font-size: 18pt;\">DESCARGA<\/span><a style=\"font-size: 18pt;\" href=\"https:\/\/play.google.com\/store\/apps\/details?id=cat.ccoo.mobile.carnet\">&nbsp;AQU\u00cd, para android&nbsp;<\/a><\/p>\n\n\n\n<p><span style=\"font-size: 18pt;\"><span style=\"color: #0000ff;\">&nbsp;DESCARGA<a href=\"https:\/\/itunes.apple.com\/es\/app\/ccoo-cat\/id987915336?mt=8\">&nbsp;AQU\u00cd, para Iphone&nbsp;<\/a><\/span><\/span><\/p>\n\n\n\n<p><span style=\"font-size: 18pt;\"><span style=\"color: #0000ff;\"><span style=\"font-size: 12pt;\">Descarga la aplicaci\u00f3n de CCOO Personalizada para trabajadores y trabajadoras de&nbsp;<\/span><\/span><\/span><span style=\"font-size: 18pt;\"><span style=\"color: #0000ff;\"><span style=\"font-size: 12pt;\">FCC en L&#8217;Hospitalet.<\/span>&nbsp;&nbsp;<\/span><\/span><span style=\"font-size: 14pt;\">Con esta aplicaci\u00f3n podr\u00e1s estar informado al momento de todo lo que ocurra en tu centro de trabajo, negociaciones, permisos y licencias, acuerdos, calendario&nbsp; y tambi\u00e9n todo lo relacionado con CCOO y el sector de limpieza publica. Si trabajas en FCC S.U. L\u2019HOSPITALET no lo dudes, esta es tu aplicaci\u00f3n.<\/span><\/p>\n\n\n\n<p class=\"has-text-align-left\"><span style=\"color: #993300; font-size: 14pt;\">Recomiendala y comparte este enlace con las compa\u00f1eras y compa\u00f1eros de Fcc l\u00b4hospitalet. aunque no seas afiliados\/a&nbsp;a CC.OO. podras disfrutar de muchos de los servicios.<\/span><\/p>\n<\/div><\/div>\n\n\n\n<div class=\"wp-block-cover alignfull is-light\" style=\"min-height:380px;aspect-ratio:unset;\"><span aria-hidden=\"true\" class=\"wp-block-cover__background has-background-dim-0 has-background-dim\"><\/span><img decoding=\"async\" class=\"wp-block-cover__image-background wp-image-2356\" alt=\"\" src=\"https:\/\/ccoo.app\/wp-content\/blogs.dir\/6\/files\/2021\/01\/fond-hero.svg\" data-object-fit=\"cover\"\/><div class=\"wp-block-cover__inner-container is-layout-flow wp-block-cover-is-layout-flow\">\n<div class=\"wp-block-group\"><div class=\"wp-block-group__inner-container is-layout-flow wp-block-group-is-layout-flow\">\n<div class=\"wp-block-columns is-layout-flex wp-container-core-columns-is-layout-9d6595d7 wp-block-columns-is-layout-flex\">\n<div class=\"wp-block-column is-layout-flow wp-block-column-is-layout-flow\"><div class=\"wp-block-image is-resized\">\n<figure class=\"aligncenter size-large\"><img decoding=\"async\" src=\"https:\/\/ccoo.app\/wp-content\/blogs.dir\/6\/files\/2021\/01\/noticias-ccoo.jpg\" alt=\"\" class=\"wp-image-2358\"\/><\/figure>\n<\/div><\/div>\n\n\n\n<div class=\"wp-block-column is-layout-flow wp-block-column-is-layout-flow\">\n<h2 class=\"wp-block-heading titulo-noticias has-black-color has-text-color\" id=\"descubre-nuestrasultimas-noticias\"><br>Descobreix les nostres<br>\u00faltimes not\u00edcies<\/h2>\n\n\n\n<figure class=\"wp-block-image size-large is-resized barra-decoracion\"><img decoding=\"async\" src=\"https:\/\/ccoo.app\/wp-content\/blogs.dir\/6\/files\/2021\/01\/Rectangle-126.svg\" alt=\"\" class=\"wp-image-2357\" style=\"width:281px;height:6px\"\/><\/figure>\n\n\n\n<p class=\"has-black-color has-text-color\"><\/p>\n\n\n\n<div class=\"wp-block-buttons is-layout-flex wp-block-buttons-is-layout-flex\">\n<div class=\"wp-block-button\"><a class=\"wp-block-button__link has-white-color has-black-background-color has-text-color has-background no-border-radius wp-element-button\" href=\"http:\/\/ccoo.app\/fcc-lh\/category\/noticias\/\">ACTUALITAT<\/a><\/div>\n<\/div>\n\n\n\n<p class=\"has-black-color has-text-color\"><br><\/p>\n<\/div>\n<\/div>\n<\/div><\/div>\n<\/div><\/div>\n\n\n\n<div style=\"height:40px\" aria-hidden=\"true\" class=\"wp-block-spacer\"><\/div>\n\n\n<ul class=\"wp-block-latest-posts__list is-grid columns-3 has-dates wp-block-latest-posts\"><li><div class=\"wp-block-latest-posts__featured-image aligncenter\"><img loading=\"lazy\" decoding=\"async\" width=\"179\" height=\"180\" src=\"https:\/\/ccoo.app\/fcc-lh\/wp-content\/blogs.dir\/6\/files\/sites\/239\/2018\/07\/LHYFCC.jpg\" class=\"attachment-medium size-medium wp-post-image\" alt=\"\" style=\"\" srcset=\"https:\/\/ccoo.app\/fcc-lh\/wp-content\/blogs.dir\/6\/files\/sites\/239\/2018\/07\/LHYFCC.jpg 179w, https:\/\/ccoo.app\/fcc-lh\/wp-content\/blogs.dir\/6\/files\/sites\/239\/2018\/07\/LHYFCC-150x150.jpg 150w\" sizes=\"auto, (max-width: 179px) 100vw, 179px\" \/><\/div><a class=\"wp-block-latest-posts__post-title\" href=\"https:\/\/ccoo.app\/fcc-lh\/calendarios-2020-en-web-3\/\">CALENDARIOS 2024 (formato web y pdf)<\/a><time datetime=\"2023-01-07T22:57:00+01:00\" class=\"wp-block-latest-posts__post-date\">7 de gener de 2023<\/time><\/li>\n<li><a class=\"wp-block-latest-posts__post-title\" href=\"https:\/\/ccoo.app\/fcc-lh\/check-list\/\">check list<\/a><time datetime=\"2021-06-24T19:49:52+02:00\" class=\"wp-block-latest-posts__post-date\">24 de juny de 2021<\/time><\/li>\n<li><div class=\"wp-block-latest-posts__featured-image aligncenter\"><img loading=\"lazy\" decoding=\"async\" width=\"210\" height=\"300\" src=\"https:\/\/ccoo.app\/fcc-lh\/wp-content\/blogs.dir\/6\/files\/sites\/239\/2020\/01\/130AF9CD-59D5-416C-B32C-76262D8A4807-210x300.jpeg\" class=\"attachment-medium size-medium wp-post-image\" alt=\"\" style=\"\" srcset=\"https:\/\/ccoo.app\/fcc-lh\/wp-content\/blogs.dir\/6\/files\/sites\/239\/2020\/01\/130AF9CD-59D5-416C-B32C-76262D8A4807-210x300.jpeg 210w, https:\/\/ccoo.app\/fcc-lh\/wp-content\/blogs.dir\/6\/files\/sites\/239\/2020\/01\/130AF9CD-59D5-416C-B32C-76262D8A4807-716x1024.jpeg 716w, https:\/\/ccoo.app\/fcc-lh\/wp-content\/blogs.dir\/6\/files\/sites\/239\/2020\/01\/130AF9CD-59D5-416C-B32C-76262D8A4807.jpeg 750w\" sizes=\"auto, (max-width: 210px) 100vw, 210px\" \/><\/div><a class=\"wp-block-latest-posts__post-title\" href=\"https:\/\/ccoo.app\/fcc-lh\/calendarios-2020-en-web\/\">CALENDARIOS- a\u00f1o -2024<\/a><time datetime=\"2020-01-05T10:07:25+01:00\" class=\"wp-block-latest-posts__post-date\">5 de gener de 2020<\/time><\/li>\n<\/ul>","protected":false},"excerpt":{"rendered":"<p>App de CCOO &nbsp;&nbsp;DESCARGA&nbsp;AQU\u00cd, para android&nbsp; &nbsp;DESCARGA&nbsp;AQU\u00cd, para Iphone&nbsp; Descarga la aplicaci\u00f3n de CCOO Personalizada para trabajadores y trabajadoras de&nbsp;FCC en L&#8217;Hospitalet.&nbsp;&nbsp;Con esta aplicaci\u00f3n podr\u00e1s estar informado al momento de &#8230; <a title=\"Inici\" class=\"read-more\" href=\"https:\/\/ccoo.app\/fcc-lh\/\" aria-label=\"M\u00e9s informaci\u00f3 sobre Inici\">Read more<\/a><\/p>\n","protected":false},"author":6,"featured_media":0,"parent":0,"menu_order":0,"comment_status":"closed","ping_status":"closed","template":"","meta":{"footnotes":""},"class_list":["post-25","page","type-page","status-publish"],"_links":{"self":[{"href":"https:\/\/ccoo.app\/fcc-lh\/wp-json\/wp\/v2\/pages\/25","targetHints":{"allow":["GET"]}}],"collection":[{"href":"https:\/\/ccoo.app\/fcc-lh\/wp-json\/wp\/v2\/pages"}],"about":[{"href":"https:\/\/ccoo.app\/fcc-lh\/wp-json\/wp\/v2\/types\/page"}],"author":[{"embeddable":true,"href":"https:\/\/ccoo.app\/fcc-lh\/wp-json\/wp\/v2\/users\/6"}],"replies":[{"embeddable":true,"href":"https:\/\/ccoo.app\/fcc-lh\/wp-json\/wp\/v2\/comments?post=25"}],"version-history":[{"count":5,"href":"https:\/\/ccoo.app\/fcc-lh\/wp-json\/wp\/v2\/pages\/25\/revisions"}],"predecessor-version":[{"id":2842,"href":"https:\/\/ccoo.app\/fcc-lh\/wp-json\/wp\/v2\/pages\/25\/revisions\/2842"}],"wp:attachment":[{"href":"https:\/\/ccoo.app\/fcc-lh\/wp-json\/wp\/v2\/media?parent=25"}],"curies":[{"name":"wp","href":"https:\/\/api.w.org\/{rel}","templated":true}]}}