{"id":2891,"date":"2022-06-17T11:54:40","date_gmt":"2022-06-17T09:54:40","guid":{"rendered":"https:\/\/ccoo.app\/diputacio-tarragona\/?page_id=2891"},"modified":"2024-04-30T09:27:25","modified_gmt":"2024-04-30T07:27:25","slug":"que-hem-fet","status":"publish","type":"page","link":"https:\/\/ccoo.app\/diputacio-tarragona\/que-hem-fet\/","title":{"rendered":"Que hem fet"},"content":{"rendered":"\n<h2 class=\"wp-block-heading\">Any 2024<\/h2>\n\n\n\n<p><\/p>\n\n\n\n<ul class=\"wp-block-list\">\n<li>Comissi\u00f3 t\u00e8cnica de valoraci\u00f3 de llocs de treball \u2013 Reuni\u00f3 11-01-2024<\/li>\n\n\n\n<li>Comissi\u00f3 T\u00e8cnica de Mat\u00e8ries Comunes &#8211; Reuni\u00f3 12-01-2024<\/li>\n\n\n\n<li>Mesa General de Negociaci\u00f3 &#8211; Reuni\u00f3 19-01-2024<\/li>\n\n\n\n<li>Comissi\u00f3 de Seguretat i Salut \u2013 Reuni\u00f3 30-01-2024<\/li>\n\n\n\n<li>Comissi\u00f3 T\u00e8cnica de Mat\u00e8ries Comunes &#8211; Reuni\u00f3 01-02-2024<\/li>\n\n\n\n<li>Comissi\u00f3 Negociadora del Conveni col\u00b7lectiu del personal laboral de BASE &#8211; Reuni\u00f3 09-02-2024<\/li>\n\n\n\n<li>Comissi\u00f3 t\u00e8cnica de valoraci\u00f3 de llocs de treball \u2013 Reuni\u00f3 20-02-2024<\/li>\n\n\n\n<li>Comissi\u00f3 de seguiment de les llistes de reserva \u2013 Reuni\u00f3 27-02-2024<\/li>\n\n\n\n<li>Comissi\u00f3 T\u00e8cnica de Mat\u00e8ries Comunes &#8211; Reuni\u00f3 29-02-2024<\/li>\n\n\n\n<li>Comissi\u00f3 de Seguiment del Fons de Productivitat &#8211; Reuni\u00f3 06-03-2023<\/li>\n\n\n\n<li>Comissi\u00f3 de seguiment de les llistes de reserva \u2013 Reuni\u00f3 27-03-2024<\/li>\n\n\n\n<li>Comissi\u00f3 d&#8217;igualtat &#8211; Reuni\u00f3 5-04-2024<\/li>\n\n\n\n<li>Mesa General de Negociaci\u00f3 &#8211; Reuni\u00f3 10-04-2024<\/li>\n\n\n\n<li>Comissi\u00f3 T\u00e8cnica de Mat\u00e8ries Comunes &#8211; Reuni\u00f3 25-04-2024<\/li>\n<\/ul>\n\n\n\n<h2 class=\"wp-block-heading\">Any 2023<\/h2>\n\n\n\n<ul class=\"wp-block-list\">\n<li>Mesa General de Negociaci\u00f3 &#8211; Reuni\u00f3 03-02-2023<\/li>\n\n\n\n<li>Comissi\u00f3 T\u00e8cnica de Mat\u00e8ries Comunes &#8211; Reuni\u00f3 28-02-2023<\/li>\n\n\n\n<li>Mesa General de Negociaci\u00f3 &#8211; Reuni\u00f3 02-03-2023<\/li>\n\n\n\n<li>Comissi\u00f3 de Seguiment del Fons de Productivitat &#8211; Reuni\u00f3 07-03-2023<\/li>\n\n\n\n<li>Mesa General de Negociaci\u00f3 &#8211; Reuni\u00f3 14-03-2023<\/li>\n\n\n\n<li>Comissi\u00f3 T\u00e8cnica de Mat\u00e8ries Comunes &#8211; Reuni\u00f3 15-03-2023<\/li>\n\n\n\n<li>Junta de Personal Funcionari &#8211; Reuni\u00f3 17-03-2023<\/li>\n\n\n\n<li>Comissi\u00f3 de Seguretat i Salut  &#8211; Reuni\u00f3  21-03-2023<\/li>\n\n\n\n<li>Comissi\u00f3 seguiment llistes reserva &#8211; Reuni\u00f3 30-03-2023<\/li>\n\n\n\n<li>Comissi\u00f3 de Fons Social \u2013 Reuni\u00f3 4-05-2023<\/li>\n\n\n\n<li>Junta de Personal Funcionari &#8211; Reuni\u00f3 17-05-2023<\/li>\n\n\n\n<li>Comissi\u00f3 Negociadora del 2n Pla d\u2019Igualtat \u2013 Reuni\u00f3 23-05-2023<\/li>\n\n\n\n<li>Comissi\u00f3 de Fons Social \u2013 Reuni\u00f3 6-06-2023<\/li>\n\n\n\n<li>Comissi\u00f3 Negociadora del 2n Pla d\u2019Igualtat \u2013 Reuni\u00f3 15-06-2023<\/li>\n\n\n\n<li>Junta de Personal Funcionari &#8211; Reuni\u00f3 19-06-2023<\/li>\n\n\n\n<li>Comissi\u00f3 de Seguretat i Salut \u2013 Reuni\u00f3 27-06-2023<\/li>\n\n\n\n<li>Comissi\u00f3 T\u00e8cnica de Mat\u00e8ries Comunes \u2013 Reuni\u00f3 19-09-2023<\/li>\n\n\n\n<li>Comissi\u00f3 de Fons Social \u2013 Reuni\u00f3 20-09-2023<\/li>\n\n\n\n<li>Comissi\u00f3 d\u2019Igualtat \u2013 Reuni\u00f3 21-9-2023<\/li>\n\n\n\n<li>Comissi\u00f3 t\u00e8cnica de valoraci\u00f3 de llocs de treball \u2013 Reuni\u00f3 26-09-2023<\/li>\n\n\n\n<li>Comissi\u00f3 Negociadora del 2n Pla d\u2019Igualtat \u2013 Reuni\u00f3 3-10-2023<\/li>\n\n\n\n<li>Comissi\u00f3 Negociadora del 9\u00e8 Conveni Col\u00b7lectiu \u2013 Reuni\u00f3 3-10-2023<\/li>\n\n\n\n<li>Comissi\u00f3 Negociadora del 4t Pacte de Condicions \u2013 Reuni\u00f3 3-10-2023<\/li>\n\n\n\n<li>Mesa General de Negociaci\u00f3 \u2013 Reuni\u00f3 4-10-2023<\/li>\n\n\n\n<li>Comissi\u00f3 de seguiment de les llistes de reserva \u2013 Reuni\u00f3 17-10-2023<\/li>\n\n\n\n<li>Comissi\u00f3 de Seguretat i Salut \u2013 Reuni\u00f3 18-10-2023<\/li>\n\n\n\n<li>Junta de Personal Funcionari &#8211; Reuni\u00f3 19-10-2023<\/li>\n\n\n\n<li>Comissi\u00f3 de Seguiment del Fons de Productivitat &#8211; Reuni\u00f3 24-10-2023<\/li>\n\n\n\n<li>Mesa General de Negociaci\u00f3 \u2013 Reuni\u00f3 9-11-2023<\/li>\n\n\n\n<li>Mesa General de Negociaci\u00f3 \u2013 Reuni\u00f3 17-11-2023<\/li>\n\n\n\n<li>Comissi\u00f3 T\u00e8cnica de Mat\u00e8ries Comunes \u2013 Reuni\u00f3 21-11-2023<\/li>\n\n\n\n<li>Comissi\u00f3 de Control del Pla de Pensions &#8211; 28-11-2023<\/li>\n\n\n\n<li>Comissi\u00f3 T\u00e8cnica de Mat\u00e8ries Comunes \u2013 Reuni\u00f3 14-12-2023<\/li>\n\n\n\n<li>Mesa General de Negociaci\u00f3 \u2013 Reuni\u00f3 15-12-2023<\/li>\n<\/ul>\n\n\n\n<h2 class=\"wp-block-heading\">Any 2022<\/h2>\n\n\n\n<ul class=\"wp-block-list\">\n<li>Junta de Personal Funcionari &#8211; Reuni\u00f3 14-01-2022<\/li>\n\n\n\n<li>Mesa General de Negociaci\u00f3 &#8211; Reuni\u00f3 27-01-2022<\/li>\n\n\n\n<li>Junta de Personal Funcionari &#8211; Reuni\u00f3 04-02-2022<\/li>\n\n\n\n<li>Comissi\u00f3 de Seguiment del Fons de Productivitat &#8211; Reuni\u00f3 03-03-2022<\/li>\n\n\n\n<li>Junta de Personal Funcionari &#8211; Reuni\u00f3 04-03-2022<\/li>\n\n\n\n<li>Grup de treball (proc\u00e9s d&#8217;estabilitzaci\u00f3) &#8211; Reuni\u00f3 04-03-2022<\/li>\n\n\n\n<li>Comissi\u00f3 de Seguretat i Salut  &#8211; Reuni\u00f3 10-03-2022<\/li>\n\n\n\n<li>Junta de Personal Funcionari &#8211; Reuni\u00f3 01-04-2022<\/li>\n\n\n\n<li>Comissi\u00f3 d&#8217;Igualtat &#8211; Reuni\u00f3 05-04-2022<\/li>\n\n\n\n<li>Mesa General de Negociaci\u00f3 &#8211; Reuni\u00f3 06-04-2022<\/li>\n\n\n\n<li>Comissi\u00f3 de Fons Social &#8211; Reuni\u00f3 03-05-2022<\/li>\n\n\n\n<li>Mesa General de Negociaci\u00f3 &#8211; Reuni\u00f3 03-05-2022<\/li>\n\n\n\n<li>Grup de treball (proc\u00e9s d&#8217;estabilitzaci\u00f3) &#8211; Reuni\u00f3 06-05-2022<\/li>\n\n\n\n<li>Mesa General de Negociaci\u00f3 &#8211; Reuni\u00f3 10-05-2022<\/li>\n\n\n\n<li>Mesa General de Negociaci\u00f3 &#8211; Reuni\u00f3 19-05-2022<\/li>\n\n\n\n<li>Grup de treball (proc\u00e9s d&#8217;estabilitzaci\u00f3) &#8211; Reuni\u00f3 24-05-2022<\/li>\n\n\n\n<li>Mesa General de Negociaci\u00f3 &#8211; Reuni\u00f3 14-06-2022<\/li>\n\n\n\n<li>Mesa General de Negociaci\u00f3 &#8211; Reuni\u00f3 28-06-2022<\/li>\n\n\n\n<li>Comissi\u00f3 de Seguretat i Salut  &#8211; Reuni\u00f3 28-06-2022<\/li>\n\n\n\n<li>Mesa General de Negociaci\u00f3 &#8211; Reuni\u00f3 14-07-2022<\/li>\n\n\n\n<li>Comissi\u00f3 Negociadora del segon Pla d&#8217;Igualtat &#8211; Reuni\u00f3 21-07-2022<\/li>\n\n\n\n<li>Mesa General de Negociaci\u00f3 &#8211; Reuni\u00f3 08-11-2022<\/li>\n\n\n\n<li>Comissi\u00f3 Negociadora 9\u00e8 Conveni col\u00b7lectiu &#8211; Reuni\u00f3 22-11-2022<\/li>\n\n\n\n<li>Comissi\u00f3 de seguiment de llistes de Reserva &#8211; Reuni\u00f3 22-11-2022<\/li>\n\n\n\n<li>Grup de treball (proc\u00e9s d&#8217;estabilitzaci\u00f3) &#8211; Reuni\u00f3 22-11-2022<\/li>\n\n\n\n<li>Mesa General de Negociaci\u00f3 &#8211; Reuni\u00f3 13-12-2022<\/li>\n\n\n\n<li>Comissi\u00f3 de Seguretat i Salut &#8211; Reuni\u00f3 15-12-2022<\/li>\n\n\n\n<li>Comissi\u00f3 Negociadora del segon Pla d&#8217;Igualtat &#8211; Reuni\u00f3 20-12-2022<\/li>\n<\/ul>\n\n\n\n<h2 class=\"wp-block-heading\">Any 2020-2021<\/h2>\n\n\n\n<div class=\"wp-block-group is-vertical is-layout-flex wp-container-core-group-is-layout-8cf370e7 wp-block-group-is-layout-flex\">\n<ul class=\"wp-block-list\">\n<li><span style=\"background-color:var(--base-3)\" class=\"has-inline-background\">Junta de Personal Funcionari &#8211; Reuni\u00f3 01-12-2020 (Constituci\u00f3)<\/span><\/li>\n\n\n\n<li>Comit\u00e8 d&#8217;Empresa &#8211; Reuni\u00f3 01-12-2020 (Constituci\u00f3)<\/li>\n\n\n\n<li>Junta de Personal Funcionari &#8211; Reuni\u00f3 10-12-2020<\/li>\n\n\n\n<li>Delegats personal (doc\u00e8ncia) &#8211; Reuni\u00f3 14-12-2020<\/li>\n\n\n\n<li>Mesa General de Negociaci\u00f3 &#8211; Reuni\u00f3 12-01-2021<\/li>\n\n\n\n<li>Mesa General de Negociaci\u00f3 &#8211; Reuni\u00f3 21-01-2021 (Constituci\u00f3)<\/li>\n\n\n\n<li>Comissi\u00f3 Seguiment Pla de Conting\u00e8ncia &#8211; Reuni\u00f3 22-01-2021<\/li>\n\n\n\n<li>Mesa General de Negociaci\u00f3 &#8211; Reuni\u00f3 28-01-2021<\/li>\n\n\n\n<li>Mesa General de Negociaci\u00f3 &#8211; Reuni\u00f3 02-02-2021<\/li>\n\n\n\n<li>Junta de Personal Funcionari &#8211; Reuni\u00f3 05-02-2021<\/li>\n\n\n\n<li>Comissi\u00f3 Seguiment Pla de Conting\u00e8ncia &#8211; Reuni\u00f3 18-02-2021<\/li>\n\n\n\n<li>Junta de Personal Funcionari &#8211; Reuni\u00f3 03-03-2021<\/li>\n\n\n\n<li>Mesa General de Negociaci\u00f3 &#8211; Reuni\u00f3 11-03-2021<\/li>\n\n\n\n<li>Comissi\u00f3 de Seguretat i Salut &#8211; Reuni\u00f3 23-03-2021<\/li>\n\n\n\n<li>Mesa General de Negociaci\u00f3 &#8211; Reuni\u00f3 25-03-2021<\/li>\n\n\n\n<li>Mesa General de Negociaci\u00f3 &#8211; Reuni\u00f3 08-04-2021<\/li>\n\n\n\n<li>Mesa General de Negociaci\u00f3 &#8211; Reuni\u00f3 13-04-2021<\/li>\n\n\n\n<li>Mesa General de Negociaci\u00f3 &#8211; Reuni\u00f3 27-04-2021<\/li>\n\n\n\n<li>Comissi\u00f3 de Fons Social &#8211; Reuni\u00f3 04-05-2021<\/li>\n\n\n\n<li>Comissi\u00f3 de Teletreball &#8211; Reuni\u00f3 06-05-2021<\/li>\n\n\n\n<li>Mesa General de Negociaci\u00f3 &#8211; Reuni\u00f3 11-05-2021<\/li>\n\n\n\n<li>Comissi\u00f3 Seguiment Pla de Conting\u00e8ncia &#8211; Reuni\u00f3 13-05-2021<\/li>\n\n\n\n<li>Comissi\u00f3 de seguiment del Fons de Productivitat &#8211; 21-05-2021<\/li>\n\n\n\n<li>Comissi\u00f3 de Llistes de Reserva &#8211; Reuni\u00f3 01-06-2021<\/li>\n\n\n\n<li>Mesa General de Negociaci\u00f3 &#8211; Reuni\u00f3 03-06-2021<\/li>\n\n\n\n<li>Comissi\u00f3 de Seguretat i Salut &#8211; Reuni\u00f3 10-06-2021<\/li>\n\n\n\n<li>Comissi\u00f3 Seguiment Pla de Conting\u00e8ncia &#8211; Reuni\u00f3 17-06-2021<\/li>\n\n\n\n<li>Comissi\u00f3 de Pla de Pensions &#8211; Reuni\u00f3 18-06-2021<\/li>\n\n\n\n<li>Mesa General de Negociaci\u00f3 &#8211; Reuni\u00f3 29-06-2021<\/li>\n\n\n\n<li>Comissi\u00f3 de Seguretat i Salut &#8211; Reuni\u00f3 06-07-2021<\/li>\n\n\n\n<li>Mesa General de Negociaci\u00f3 &#8211; Reuni\u00f3 22-07-2021<\/li>\n\n\n\n<li>Comissi\u00f3 d&#8217;Igualtat &#8211; Reuni\u00f3 22-07-2021<\/li>\n\n\n\n<li>Avaluaci\u00f3 de riscos inicial a les noves instal\u00b7lacions de Formaci\u00f3 &#8211; Visita 08\/09\/2021<\/li>\n\n\n\n<li>Mesa General de Negociaci\u00f3 &#8211; Reuni\u00f3 14-09-2021<\/li>\n\n\n\n<li>Comissi\u00f3 Seguiment Pla de Conting\u00e8ncia &#8211; Reuni\u00f3 14-09-2021<\/li>\n\n\n\n<li>Comissi\u00f3 Seguiment Pla de Conting\u00e8ncia &#8211; Reuni\u00f3 30-09-2021<\/li>\n\n\n\n<li>Mesa General de Negociaci\u00f3 &#8211; Reuni\u00f3 05-10-2021<\/li>\n\n\n\n<li>Representaci\u00f3 Social &#8211; RH &#8211; Reuni\u00f3 27-10-2021<\/li>\n\n\n\n<li>Comissi\u00f3 de Teletreball &#8211; Reuni\u00f3 02-11-2021<\/li>\n\n\n\n<li>Comissi\u00f3 de seguiment del Fons de Productivitat &#8211; Reuni\u00f3 04-11-2021<\/li>\n\n\n\n<li>Comissi\u00f3 Seguiment Pla de Conting\u00e8ncia &#8211; Reuni\u00f3 04-11-2021<\/li>\n\n\n\n<li>Revisi\u00f3 de l&#8217;avaluaci\u00f3 de riscos del CEE Sant Rafael &#8211; Visita 11\/11\/2021<\/li>\n\n\n\n<li>Comissi\u00f3 de Seguretat i Salut &#8211; Reuni\u00f3 01-12-2021<\/li>\n\n\n\n<li>Mesa General de Negociaci\u00f3 &#8211; Reuni\u00f3 12-11-2021<\/li>\n\n\n\n<li>Comissi\u00f3 de Seguretat i Salut &#8211; Reuni\u00f3 14-12-2021<\/li>\n\n\n\n<li>Mesa General de Negociaci\u00f3 &#8211; Reuni\u00f3 23-12-2021<\/li>\n<\/ul>\n<\/div>\n","protected":false},"excerpt":{"rendered":"<p>Any 2024 Any 2023 Any 2022 Any 2020-2021<\/p>\n","protected":false},"author":85552,"featured_media":0,"parent":0,"menu_order":0,"comment_status":"closed","ping_status":"closed","template":"","meta":{"footnotes":""},"class_list":{"0":"post-2891","1":"page","2":"type-page","3":"status-publish","5":"no-featured-image-padding"},"_links":{"self":[{"href":"https:\/\/ccoo.app\/diputacio-tarragona\/wp-json\/wp\/v2\/pages\/2891","targetHints":{"allow":["GET"]}}],"collection":[{"href":"https:\/\/ccoo.app\/diputacio-tarragona\/wp-json\/wp\/v2\/pages"}],"about":[{"href":"https:\/\/ccoo.app\/diputacio-tarragona\/wp-json\/wp\/v2\/types\/page"}],"author":[{"embeddable":true,"href":"https:\/\/ccoo.app\/diputacio-tarragona\/wp-json\/wp\/v2\/users\/85552"}],"replies":[{"embeddable":true,"href":"https:\/\/ccoo.app\/diputacio-tarragona\/wp-json\/wp\/v2\/comments?post=2891"}],"version-history":[{"count":4,"href":"https:\/\/ccoo.app\/diputacio-tarragona\/wp-json\/wp\/v2\/pages\/2891\/revisions"}],"predecessor-version":[{"id":3201,"href":"https:\/\/ccoo.app\/diputacio-tarragona\/wp-json\/wp\/v2\/pages\/2891\/revisions\/3201"}],"wp:attachment":[{"href":"https:\/\/ccoo.app\/diputacio-tarragona\/wp-json\/wp\/v2\/media?parent=2891"}],"curies":[{"name":"wp","href":"https:\/\/api.w.org\/{rel}","templated":true}]}}