{"id":25,"date":"2020-02-13T13:17:50","date_gmt":"2020-02-13T12:17:50","guid":{"rendered":"https:\/\/gpsites.co\/read\/?page_id=25"},"modified":"2023-06-27T12:54:01","modified_gmt":"2023-06-27T10:54:01","slug":"home","status":"publish","type":"page","link":"https:\/\/ccoo.app\/denso\/","title":{"rendered":"Inicio"},"content":{"rendered":"\n<div class=\"wp-block-cover alignfull is-light\" style=\"min-height:400px;aspect-ratio:unset;\"><span aria-hidden=\"true\" class=\"wp-block-cover__background has-background-dim-0 has-background-dim\"><\/span><img loading=\"lazy\" decoding=\"async\" width=\"1440\" height=\"400\" class=\"wp-block-cover__image-background wp-image-2637\" alt=\"\" src=\"http:\/\/ccoo.app\/migrar\/wp-content\/blogs.dir\/6\/files\/sites\/14\/2021\/02\/fond-cabecera-ccoo-1-1.jpg\" data-object-fit=\"cover\" srcset=\"https:\/\/ccoo.app\/denso\/wp-content\/blogs.dir\/6\/files\/sites\/69\/2021\/02\/fond-cabecera-ccoo-1-1.jpg 1440w, https:\/\/ccoo.app\/denso\/wp-content\/blogs.dir\/6\/files\/sites\/69\/2021\/02\/fond-cabecera-ccoo-1-1-300x83.jpg 300w, https:\/\/ccoo.app\/denso\/wp-content\/blogs.dir\/6\/files\/sites\/69\/2021\/02\/fond-cabecera-ccoo-1-1-1024x284.jpg 1024w, https:\/\/ccoo.app\/denso\/wp-content\/blogs.dir\/6\/files\/sites\/69\/2021\/02\/fond-cabecera-ccoo-1-1-768x213.jpg 768w\" sizes=\"auto, (max-width: 1440px) 100vw, 1440px\" \/><div class=\"wp-block-cover__inner-container is-layout-flow wp-block-cover-is-layout-flow\">\n<div class=\"wp-block-cover\" style=\"min-height:300px;aspect-ratio:unset;\"><span aria-hidden=\"true\" class=\"wp-block-cover__background has-background-dim-0 has-background-dim\"><\/span><img decoding=\"async\" class=\"wp-block-cover__image-background wp-image-2343\" alt=\"\" src=\"http:\/\/ccoo.app\/wp-content\/blogs.dir\/6\/files\/2021\/01\/Elementos-CCOO-cabecera.png\" data-object-fit=\"cover\" \/><div class=\"wp-block-cover__inner-container is-layout-flow wp-block-cover-is-layout-flow\">\n<div class=\"wp-block-group\"><div class=\"wp-block-group__inner-container is-layout-flow wp-block-group-is-layout-flow\">\n<h1 class=\"wp-block-heading has-text-align-center has-black-color has-text-color\" style=\"font-size:44px\">Secci\u00f3n Sindical Denso<\/h1>\n\n\n\n<div class=\"wp-block-columns is-layout-flex wp-container-core-columns-is-layout-9d6595d7 wp-block-columns-is-layout-flex\">\n<div class=\"wp-block-column is-layout-flow wp-block-column-is-layout-flow\" style=\"flex-basis:15%\"><\/div>\n\n\n\n<div class=\"wp-block-column is-layout-flow wp-block-column-is-layout-flow\" style=\"flex-basis:70%\">\n<p><mark class=\"has-inline-color has-black-color\">Trabajadores y trabajadoras, y especialmente Afiliados y Afiliadas a CCOO, os damos la bienvenida a nuestra web, con informaci\u00f3n de vuestro inter\u00e9s y de la forma m\u00e1s \u00fatil, de acuerdo con vuestro perfil y que os permitir\u00e1 participar.<br>Nuevos tiempos, nuevas necesidades, nuevas v\u00edas y las CCOO de siempre, ahora en tu bolsillo.<\/mark> <\/p>\n\n\n\n<h2 class=\"wp-block-heading\">REDES SOCIALES<\/h2>\n\n\n\n<figure class=\"wp-block-image size-full\"><img loading=\"lazy\" decoding=\"async\" width=\"911\" height=\"671\" src=\"https:\/\/ccoo.app\/denso\/wp-content\/blogs.dir\/6\/files\/sites\/69\/2023\/06\/image001.png\" alt=\"Image001\" class=\"wp-image-3178\" srcset=\"https:\/\/ccoo.app\/denso\/wp-content\/blogs.dir\/6\/files\/sites\/69\/2023\/06\/image001.png 911w, https:\/\/ccoo.app\/denso\/wp-content\/blogs.dir\/6\/files\/sites\/69\/2023\/06\/image001-300x221.png 300w, https:\/\/ccoo.app\/denso\/wp-content\/blogs.dir\/6\/files\/sites\/69\/2023\/06\/image001-768x566.png 768w\" sizes=\"auto, (max-width: 911px) 100vw, 911px\" \/><\/figure>\n<\/div>\n\n\n\n<div class=\"wp-block-column is-layout-flow wp-block-column-is-layout-flow\" style=\"flex-basis:15%\"><\/div>\n<\/div>\n<\/div><\/div>\n<\/div><\/div>\n<\/div><\/div>\n\n\n\n<div style=\"height:42px\" aria-hidden=\"true\" class=\"wp-block-spacer\"><\/div>\n\n\n\n<div class=\"wp-block-columns is-layout-flex wp-container-core-columns-is-layout-9d6595d7 wp-block-columns-is-layout-flex\">\n<div class=\"wp-block-column is-layout-flow wp-block-column-is-layout-flow\"><div class=\"wp-block-image\">\n<figure class=\"aligncenter size-large\"><img decoding=\"async\" src=\"https:\/\/ccoo.app\/wp-content\/blogs.dir\/6\/files\/2021\/01\/ACUERDOS-Y-CONVENIOS.svg\" alt=\"\" class=\"wp-image-2351\" \/><\/figure>\n<\/div>\n\n\n<h2 class=\"wp-block-heading has-text-align-center\">Acuerdos y Convenios<\/h2>\n\n\n\n<p>Tu convenio, acuerdos y pactos firmados.<\/p>\n<\/div>\n\n\n\n<div class=\"wp-block-column is-layout-flow wp-block-column-is-layout-flow\"><div class=\"wp-block-image\">\n<figure class=\"aligncenter size-large\"><img decoding=\"async\" src=\"https:\/\/ccoo.app\/wp-content\/blogs.dir\/6\/files\/2021\/01\/PERMISOS.svg\" alt=\"\" class=\"wp-image-2352\" \/><\/figure>\n<\/div>\n\n\n<h2 class=\"wp-block-heading has-text-align-center\">Permisos<\/h2>\n\n\n\n<p>Licencias, grado de consanguinidad, permisos retribu\u00eddos, ayudas, conciliaci\u00f3n familiar.<\/p>\n<\/div>\n\n\n\n<div class=\"wp-block-column is-layout-flow wp-block-column-is-layout-flow\"><div class=\"wp-block-image\">\n<figure class=\"aligncenter size-large\"><img decoding=\"async\" src=\"https:\/\/ccoo.app\/wp-content\/blogs.dir\/6\/files\/2021\/01\/AYUDAS-SOCIALES.svg\" alt=\"\" class=\"wp-image-2353\" \/><\/figure>\n<\/div>\n\n\n<h2 class=\"wp-block-heading has-text-align-center\">Ayudas Sociales<\/h2>\n\n\n\n<p>Ventajas y beneficios sociales, descuentos<\/p>\n<\/div>\n<\/div>\n\n\n\n<div class=\"wp-block-cover alignfull is-light\" style=\"min-height:380px;aspect-ratio:unset;\"><span aria-hidden=\"true\" class=\"wp-block-cover__background has-background-dim-0 has-background-dim\"><\/span><img decoding=\"async\" class=\"wp-block-cover__image-background wp-image-2356\" alt=\"\" src=\"https:\/\/ccoo.app\/wp-content\/blogs.dir\/6\/files\/2021\/01\/fond-hero.svg\" data-object-fit=\"cover\" \/><div class=\"wp-block-cover__inner-container is-layout-flow wp-block-cover-is-layout-flow\">\n<div class=\"wp-block-group\"><div class=\"wp-block-group__inner-container is-layout-flow wp-block-group-is-layout-flow\">\n<div class=\"wp-block-columns is-layout-flex wp-container-core-columns-is-layout-9d6595d7 wp-block-columns-is-layout-flex\">\n<div class=\"wp-block-column is-layout-flow wp-block-column-is-layout-flow\"><div class=\"wp-block-image\">\n<figure class=\"aligncenter size-large is-resized\"><img loading=\"lazy\" decoding=\"async\" src=\"https:\/\/ccoo.app\/wp-content\/blogs.dir\/6\/files\/2021\/01\/noticias-ccoo.jpg\" alt=\"\" class=\"wp-image-2358\" width=\"397\" height=\"313\" \/><\/figure>\n<\/div><\/div>\n\n\n\n<div class=\"wp-block-column is-layout-flow wp-block-column-is-layout-flow\">\n<h2 class=\"wp-block-heading titulo-noticias has-black-color has-text-color\">Descubre nuestras<br>\u00faltimas noticias<\/h2>\n\n\n\n<figure class=\"wp-block-image size-large is-resized barra-decoracion\"><img loading=\"lazy\" decoding=\"async\" src=\"https:\/\/ccoo.app\/wp-content\/blogs.dir\/6\/files\/2021\/01\/Rectangle-126.svg\" alt=\"\" class=\"wp-image-2357\" width=\"281\" height=\"6\" \/><\/figure>\n\n\n\n<p class=\"has-black-color has-text-color\">Estar\u00e1s informado de lo m\u00e1s relevante del sector, del grupo y de tu centro de trabajo.<\/p>\n\n\n\n<div class=\"wp-block-buttons is-horizontal is-content-justification-left is-layout-flex wp-container-core-buttons-is-layout-7e5fce0a wp-block-buttons-is-layout-flex\">\n<div class=\"wp-block-button\"><a class=\"wp-block-button__link has-white-color has-black-background-color has-text-color has-background wp-element-button\" href=\"https:\/\/ccoo.app\/denso\/category\/noticias\/\">ACTUALIDAD<\/a><\/div>\n<\/div>\n\n\n\n<p class=\"has-black-color has-text-color\"><br><\/p>\n<\/div>\n<\/div>\n<\/div><\/div>\n<\/div><\/div>\n\n\n\n<div style=\"height:40px\" aria-hidden=\"true\" class=\"wp-block-spacer\"><\/div>\n\n\n<ul class=\"wp-block-latest-posts__list is-grid columns-3 has-dates wp-block-latest-posts\"><li><a class=\"wp-block-latest-posts__post-title\" href=\"https:\/\/ccoo.app\/denso\/permiso-de-fuerza-mayor\/\">PERMISO DE FUERZA MAYOR<\/a><time datetime=\"2024-02-05T09:13:28+01:00\" class=\"wp-block-latest-posts__post-date\">5 de febrero de 2024<\/time><\/li>\n<li><a class=\"wp-block-latest-posts__post-title\" href=\"https:\/\/ccoo.app\/denso\/horas-verdes-12-horas\/\">HORAS VERDES (12 HORAS )<\/a><time datetime=\"2023-06-27T12:23:18+02:00\" class=\"wp-block-latest-posts__post-date\">27 de junio de 2023<\/time><\/li>\n<li><a class=\"wp-block-latest-posts__post-title\" href=\"https:\/\/ccoo.app\/denso\/licencia-sin-sueldo-2\/\">LICENCIA SIN SUELDO<\/a><time datetime=\"2023-06-27T11:40:49+02:00\" class=\"wp-block-latest-posts__post-date\">27 de junio de 2023<\/time><\/li>\n<\/ul>","protected":false},"excerpt":{"rendered":"<p>Acuerdos y Convenios Tu convenio, acuerdos y pactos firmados. Permisos Licencias, grado de consanguinidad, permisos retribu\u00eddos, ayudas, conciliaci\u00f3n familiar. Ayudas Sociales Ventajas y beneficios sociales, descuentos<\/p>\n","protected":false},"author":10,"featured_media":0,"parent":0,"menu_order":0,"comment_status":"closed","ping_status":"closed","template":"","meta":{"footnotes":""},"class_list":["post-25","page","type-page","status-publish"],"_links":{"self":[{"href":"https:\/\/ccoo.app\/denso\/wp-json\/wp\/v2\/pages\/25","targetHints":{"allow":["GET"]}}],"collection":[{"href":"https:\/\/ccoo.app\/denso\/wp-json\/wp\/v2\/pages"}],"about":[{"href":"https:\/\/ccoo.app\/denso\/wp-json\/wp\/v2\/types\/page"}],"author":[{"embeddable":true,"href":"https:\/\/ccoo.app\/denso\/wp-json\/wp\/v2\/users\/10"}],"replies":[{"embeddable":true,"href":"https:\/\/ccoo.app\/denso\/wp-json\/wp\/v2\/comments?post=25"}],"version-history":[{"count":4,"href":"https:\/\/ccoo.app\/denso\/wp-json\/wp\/v2\/pages\/25\/revisions"}],"predecessor-version":[{"id":3179,"href":"https:\/\/ccoo.app\/denso\/wp-json\/wp\/v2\/pages\/25\/revisions\/3179"}],"wp:attachment":[{"href":"https:\/\/ccoo.app\/denso\/wp-json\/wp\/v2\/media?parent=25"}],"curies":[{"name":"wp","href":"https:\/\/api.w.org\/{rel}","templated":true}]}}