{"id":25,"date":"2020-02-13T13:17:50","date_gmt":"2020-02-13T18:17:50","guid":{"rendered":"https:\/\/gpsites.co\/read\/?page_id=25"},"modified":"2022-11-07T16:23:53","modified_gmt":"2022-11-07T15:23:53","slug":"home","status":"publish","type":"page","link":"https:\/\/ccoo.app\/damm\/","title":{"rendered":"Inicio"},"content":{"rendered":"\n<div class=\"wp-block-cover alignfull is-light\" style=\"min-height:400px;aspect-ratio:unset;\"><span aria-hidden=\"true\" class=\"wp-block-cover__background has-background-dim-0 has-background-dim\"><\/span><img loading=\"lazy\" decoding=\"async\" width=\"1440\" height=\"400\" class=\"wp-block-cover__image-background wp-image-2637\" alt=\"\" src=\"http:\/\/ccoo.app\/plantilla\/wp-content\/blogs.dir\/6\/files\/sites\/8\/2021\/02\/fond-cabecera-ccoo-1-1.jpg\" data-object-fit=\"cover\" srcset=\"https:\/\/ccoo.app\/damm\/wp-content\/blogs.dir\/6\/files\/sites\/189\/2021\/02\/fond-cabecera-ccoo-1-1.jpg 1440w, https:\/\/ccoo.app\/damm\/wp-content\/blogs.dir\/6\/files\/sites\/189\/2021\/02\/fond-cabecera-ccoo-1-1-300x83.jpg 300w, https:\/\/ccoo.app\/damm\/wp-content\/blogs.dir\/6\/files\/sites\/189\/2021\/02\/fond-cabecera-ccoo-1-1-1024x284.jpg 1024w, https:\/\/ccoo.app\/damm\/wp-content\/blogs.dir\/6\/files\/sites\/189\/2021\/02\/fond-cabecera-ccoo-1-1-768x213.jpg 768w\" sizes=\"auto, (max-width: 1440px) 100vw, 1440px\" \/><div class=\"wp-block-cover__inner-container is-layout-flow wp-block-cover-is-layout-flow\">\n<div class=\"wp-block-cover\" style=\"min-height:300px;aspect-ratio:unset;\"><span aria-hidden=\"true\" class=\"wp-block-cover__background has-background-dim-0 has-background-dim\"><\/span><img decoding=\"async\" class=\"wp-block-cover__image-background wp-image-2343\" alt=\"\" src=\"http:\/\/ccoo.app\/wp-content\/blogs.dir\/6\/files\/2021\/01\/Elementos-CCOO-cabecera.png\" data-object-fit=\"cover\"\/><div class=\"wp-block-cover__inner-container is-layout-flow wp-block-cover-is-layout-flow\">\n<div class=\"wp-block-group\"><div class=\"wp-block-group__inner-container is-layout-flow wp-block-group-is-layout-flow\">\n<h1 class=\"has-text-align-center has-black-color has-text-color wp-block-heading\" id=\"seccion-sindical\" style=\"font-size:44px\">Secci\u00f3n Sindical DAMM<\/h1>\n\n\n\n<div class=\"wp-block-columns is-layout-flex wp-container-core-columns-is-layout-9d6595d7 wp-block-columns-is-layout-flex\">\n<div class=\"wp-block-column is-layout-flow wp-block-column-is-layout-flow\" style=\"flex-basis:15%\"><\/div>\n\n\n\n<div class=\"wp-block-column is-layout-flow wp-block-column-is-layout-flow\" style=\"flex-basis:70%\">\n<p><mark style=\"background-color:rgba(0, 0, 0, 0)\" class=\"has-inline-color has-black-color\">Trabajadores y trabajadoras, y especialmente Afiliados y Afiliadas a CCOO, os damos la bienvenida a nuestra web, con informaci\u00f3n de vuestro inter\u00e9s y de la forma m\u00e1s \u00fatil, de acuerdo con vuestro perfil y que os permitir\u00e1 participar.<br>Nuevos tiempos, nuevas necesidades, nuevas v\u00edas y las CCOO de siempre, ahora en tu bolsillo.<\/mark><\/p>\n<\/div>\n\n\n\n<div class=\"wp-block-column is-layout-flow wp-block-column-is-layout-flow\" style=\"flex-basis:15%\"><\/div>\n<\/div>\n<\/div><\/div>\n<\/div><\/div>\n<\/div><\/div>\n\n\n\n<div class=\"wp-block-cover alignfull is-light\" style=\"min-height:380px;aspect-ratio:unset;\"><span aria-hidden=\"true\" class=\"wp-block-cover__background has-background-dim-0 has-background-dim\"><\/span><img decoding=\"async\" class=\"wp-block-cover__image-background wp-image-2356\" alt=\"\" src=\"https:\/\/ccoo.app\/wp-content\/blogs.dir\/6\/files\/2021\/01\/fond-hero.svg\" data-object-fit=\"cover\"\/><div class=\"wp-block-cover__inner-container is-layout-flow wp-block-cover-is-layout-flow\">\n<div class=\"wp-block-group\"><div class=\"wp-block-group__inner-container is-layout-flow wp-block-group-is-layout-flow\">\n<div class=\"wp-block-columns is-layout-flex wp-container-core-columns-is-layout-9d6595d7 wp-block-columns-is-layout-flex\">\n<div class=\"wp-block-column is-layout-flow wp-block-column-is-layout-flow\"><div class=\"wp-block-image\">\n<figure class=\"aligncenter size-large is-resized\"><img loading=\"lazy\" decoding=\"async\" src=\"https:\/\/ccoo.app\/wp-content\/blogs.dir\/6\/files\/2021\/01\/noticias-ccoo.jpg\" alt=\"\" class=\"wp-image-2358\" width=\"397\" height=\"313\"\/><\/figure>\n<\/div><\/div>\n\n\n\n<div class=\"wp-block-column is-layout-flow wp-block-column-is-layout-flow\">\n<h2 class=\"titulo-noticias has-black-color has-text-color wp-block-heading\" id=\"descubre-nuestrasultimas-noticias\">Descubre nuestras<br>\u00faltimas noticias<\/h2>\n\n\n\n<figure class=\"wp-block-image size-large is-resized barra-decoracion\"><img loading=\"lazy\" decoding=\"async\" src=\"https:\/\/ccoo.app\/wp-content\/blogs.dir\/6\/files\/2021\/01\/Rectangle-126.svg\" alt=\"\" class=\"wp-image-2357\" width=\"281\" height=\"6\"\/><\/figure>\n\n\n\n<p class=\"has-black-color has-text-color\"><\/p>\n\n\n\n<div class=\"wp-block-buttons is-layout-flex wp-block-buttons-is-layout-flex\">\n<div class=\"wp-block-button\"><a class=\"wp-block-button__link has-white-color has-black-background-color has-text-color has-background no-border-radius wp-element-button\" href=\"http:\/\/ccoo.app\/damm\/category\/noticias\/\">ACTUALIDAD<\/a><\/div>\n<\/div>\n\n\n\n<p class=\"has-black-color has-text-color\"><br><\/p>\n<\/div>\n<\/div>\n<\/div><\/div>\n<\/div><\/div>\n\n\n\n<div style=\"height:40px\" aria-hidden=\"true\" class=\"wp-block-spacer\"><\/div>\n\n\n<ul class=\"wp-block-latest-posts__list is-grid columns-3 has-dates wp-block-latest-posts\"><li><a class=\"wp-block-latest-posts__post-title\" href=\"https:\/\/ccoo.app\/damm\/informacion-referente-al-4ot\/\">Informaci\u00f3n referente al 4\u00baT.<\/a><time datetime=\"2024-01-31T16:15:02+01:00\" class=\"wp-block-latest-posts__post-date\">31 de enero de 2024<\/time><\/li>\n<li><a class=\"wp-block-latest-posts__post-title\" href=\"https:\/\/ccoo.app\/damm\/comunicacion-2\/\">Comunicaci\u00f3n<\/a><time datetime=\"2024-01-19T14:02:04+01:00\" class=\"wp-block-latest-posts__post-date\">19 de enero de 2024<\/time><\/li>\n<li><a class=\"wp-block-latest-posts__post-title\" href=\"https:\/\/ccoo.app\/damm\/comunicado-cambio-de-nombre\/\">Comunicado cambio de nombre.<\/a><time datetime=\"2023-09-27T20:21:08+02:00\" class=\"wp-block-latest-posts__post-date\">27 de septiembre de 2023<\/time><\/li>\n<\/ul>","protected":false},"excerpt":{"rendered":"","protected":false},"author":6,"featured_media":0,"parent":0,"menu_order":0,"comment_status":"closed","ping_status":"closed","template":"","meta":{"footnotes":""},"class_list":["post-25","page","type-page","status-publish"],"_links":{"self":[{"href":"https:\/\/ccoo.app\/damm\/wp-json\/wp\/v2\/pages\/25","targetHints":{"allow":["GET"]}}],"collection":[{"href":"https:\/\/ccoo.app\/damm\/wp-json\/wp\/v2\/pages"}],"about":[{"href":"https:\/\/ccoo.app\/damm\/wp-json\/wp\/v2\/types\/page"}],"author":[{"embeddable":true,"href":"https:\/\/ccoo.app\/damm\/wp-json\/wp\/v2\/users\/6"}],"replies":[{"embeddable":true,"href":"https:\/\/ccoo.app\/damm\/wp-json\/wp\/v2\/comments?post=25"}],"version-history":[{"count":4,"href":"https:\/\/ccoo.app\/damm\/wp-json\/wp\/v2\/pages\/25\/revisions"}],"predecessor-version":[{"id":2824,"href":"https:\/\/ccoo.app\/damm\/wp-json\/wp\/v2\/pages\/25\/revisions\/2824"}],"wp:attachment":[{"href":"https:\/\/ccoo.app\/damm\/wp-json\/wp\/v2\/media?parent=25"}],"curies":[{"name":"wp","href":"https:\/\/api.w.org\/{rel}","templated":true}]}}