{"id":868,"date":"2021-04-30T15:32:53","date_gmt":"2021-04-30T14:32:53","guid":{"rendered":"https:\/\/fsccongres.ccoo.cat\/?page_id=868"},"modified":"2024-10-15T10:48:08","modified_gmt":"2024-10-15T08:48:08","slug":"actes-4rt-congres-fsc-2-2","status":"publish","type":"page","link":"https:\/\/ccoo.app\/congres-fsc\/actes-4rt-congres-fsc-2-2\/","title":{"rendered":"Documents congressuals 3er nivell"},"content":{"rendered":"\n<ul class=\"wp-block-list\">\n<li><strong>Model C.6 : <\/strong><a href=\"http:\/\/ccoo.app\/congres-fsc\/wp-content\/blogs.dir\/6\/files\/sites\/221\/2024\/10\/Copia-de-CANDIDATURES_13CONGRES_CONC_al-4NIVELL_c6.pdf\" data-type=\"link\" data-id=\"http:\/\/ccoo.app\/congres-fsc\/wp-content\/blogs.dir\/6\/files\/sites\/221\/2024\/10\/Copia-de-CANDIDATURES_13CONGRES_CONC_al-4NIVELL_c6.pdf\" target=\"_blank\" rel=\"noreferrer noopener\">CANDIDATURES AL CONGR\u00c9S DE LA CS CONC<\/a><\/li>\n\n\n\n<li><strong>Model C.7 :<\/strong> <a href=\"http:\/\/ccoo.app\/congres-fsc\/wp-content\/blogs.dir\/6\/files\/sites\/221\/2024\/10\/Copia-de-CANDIDATURES_13CONGRES_CONC_org_direc_fedunio_c7.pdf\" data-type=\"link\" data-id=\"http:\/\/ccoo.app\/congres-fsc\/wp-content\/blogs.dir\/6\/files\/sites\/221\/2024\/10\/Copia-de-CANDIDATURES_13CONGRES_CONC_org_direc_fedunio_c7.pdf\" target=\"_blank\" rel=\"noreferrer noopener\">CANDIDATURES ALS \u00d2RGANS DE DIRECCI\u00d3 DE LA FEDERACI\u00d3 O UNI\u00d3 INTERCOMARCAL<\/a><\/li>\n\n\n\n<li><strong>Model C.7.1 :<\/strong> <a href=\"http:\/\/ccoo.app\/congres-fsc\/wp-content\/blogs.dir\/6\/files\/sites\/221\/2024\/10\/Copia-de-CANDIDATURES_13CONGRES_CONC_org_direc_consell_fedunio_c7_1.pdf\" data-type=\"link\" data-id=\"http:\/\/ccoo.app\/congres-fsc\/wp-content\/blogs.dir\/6\/files\/sites\/221\/2024\/10\/Copia-de-CANDIDATURES_13CONGRES_CONC_org_direc_consell_fedunio_c7_1.pdf\" target=\"_blank\" rel=\"noreferrer noopener\">CANDIDATURES AL CONSELL DE LA FEDERACI\u00d3 O UNI\u00d3 INTERCOMARCAL<\/a><\/li>\n<\/ul>\n\n\n\n<p><\/p>\n\n\n\n<p><\/p>\n","protected":false},"excerpt":{"rendered":"","protected":false},"author":4519,"featured_media":0,"parent":0,"menu_order":0,"comment_status":"closed","ping_status":"closed","template":"","meta":{"footnotes":""},"class_list":["post-868","page","type-page","status-publish"],"_links":{"self":[{"href":"https:\/\/ccoo.app\/congres-fsc\/wp-json\/wp\/v2\/pages\/868","targetHints":{"allow":["GET"]}}],"collection":[{"href":"https:\/\/ccoo.app\/congres-fsc\/wp-json\/wp\/v2\/pages"}],"about":[{"href":"https:\/\/ccoo.app\/congres-fsc\/wp-json\/wp\/v2\/types\/page"}],"author":[{"embeddable":true,"href":"https:\/\/ccoo.app\/congres-fsc\/wp-json\/wp\/v2\/users\/4519"}],"replies":[{"embeddable":true,"href":"https:\/\/ccoo.app\/congres-fsc\/wp-json\/wp\/v2\/comments?post=868"}],"version-history":[{"count":2,"href":"https:\/\/ccoo.app\/congres-fsc\/wp-json\/wp\/v2\/pages\/868\/revisions"}],"predecessor-version":[{"id":3037,"href":"https:\/\/ccoo.app\/congres-fsc\/wp-json\/wp\/v2\/pages\/868\/revisions\/3037"}],"wp:attachment":[{"href":"https:\/\/ccoo.app\/congres-fsc\/wp-json\/wp\/v2\/media?parent=868"}],"curies":[{"name":"wp","href":"https:\/\/api.w.org\/{rel}","templated":true}]}}