{"id":361,"date":"2020-12-22T08:48:22","date_gmt":"2020-12-22T07:48:22","guid":{"rendered":"https:\/\/fsccongres.ccoo.cat\/?page_id=361"},"modified":"2024-10-15T10:49:24","modified_gmt":"2024-10-15T08:49:24","slug":"actes-4rt-congres-fsc","status":"publish","type":"page","link":"https:\/\/ccoo.app\/congres-fsc\/actes-4rt-congres-fsc\/","title":{"rendered":"Documents assemblees 1er nivell"},"content":{"rendered":"\n<ul class=\"wp-block-list\">\n<li><strong>Model C.1f  :<\/strong> <a href=\"http:\/\/ccoo.app\/congres-fsc\/wp-content\/blogs.dir\/6\/files\/sites\/221\/2024\/10\/Copia-de-CANDIDATURES_13CONGRES_assemb_transv_eleccio-directa_al_2nivell_c1_F.pdf\" data-type=\"link\" data-id=\"http:\/\/ccoo.app\/congres-fsc\/wp-content\/blogs.dir\/6\/files\/sites\/221\/2024\/10\/Copia-de-CANDIDATURES_13CONGRES_assemb_transv_eleccio-directa_al_2nivell_c1_F.pdf\" target=\"_blank\" rel=\"noreferrer noopener\">CANDIDATURES 13CONGRES assemblea transversal elecci\u00f3 directa  al 2on nivell<\/a><\/li>\n\n\n\n<li><strong>Model C.2 <\/strong>: <a href=\"http:\/\/ccoo.app\/congres-fsc\/wp-content\/blogs.dir\/6\/files\/sites\/221\/2024\/10\/Copia-de-CANDIDATURES_13CONGRES_eleccio-directa_CONSELL-CONC_c2_F.pdf\" data-type=\"link\" data-id=\"http:\/\/ccoo.app\/congres-fsc\/wp-content\/blogs.dir\/6\/files\/sites\/221\/2024\/10\/Copia-de-CANDIDATURES_13CONGRES_eleccio-directa_CONSELL-CONC_c2_F.pdf\" target=\"_blank\" rel=\"noreferrer noopener\">CANDIDATURES 13 CONGRES eleccio directa CONSELL CONC <\/a><\/li>\n\n\n\n<li><strong>Model C.S1 :<\/strong> <a href=\"http:\/\/ccoo.app\/congres-fsc\/wp-content\/blogs.dir\/6\/files\/sites\/221\/2024\/10\/Copia-de-CANDIDATURES_13CONGRES_org_direc_sse_CS1_F.pdf\" data-type=\"link\" data-id=\"http:\/\/ccoo.app\/congres-fsc\/wp-content\/blogs.dir\/6\/files\/sites\/221\/2024\/10\/Copia-de-CANDIDATURES_13CONGRES_org_direc_sse_CS1_F.pdf\" target=\"_blank\" rel=\"noreferrer noopener\">CANDIDATURES ALS \u00d2RGANS DE DIRECCI\u00d3 DE LA SECCI\u00d3 SINDICAL D\u2019EMPRESA<\/a><\/li>\n<\/ul>\n\n\n\n<p><\/p>\n","protected":false},"excerpt":{"rendered":"","protected":false},"author":4519,"featured_media":0,"parent":0,"menu_order":0,"comment_status":"closed","ping_status":"closed","template":"","meta":{"footnotes":""},"class_list":["post-361","page","type-page","status-publish"],"_links":{"self":[{"href":"https:\/\/ccoo.app\/congres-fsc\/wp-json\/wp\/v2\/pages\/361","targetHints":{"allow":["GET"]}}],"collection":[{"href":"https:\/\/ccoo.app\/congres-fsc\/wp-json\/wp\/v2\/pages"}],"about":[{"href":"https:\/\/ccoo.app\/congres-fsc\/wp-json\/wp\/v2\/types\/page"}],"author":[{"embeddable":true,"href":"https:\/\/ccoo.app\/congres-fsc\/wp-json\/wp\/v2\/users\/4519"}],"replies":[{"embeddable":true,"href":"https:\/\/ccoo.app\/congres-fsc\/wp-json\/wp\/v2\/comments?post=361"}],"version-history":[{"count":2,"href":"https:\/\/ccoo.app\/congres-fsc\/wp-json\/wp\/v2\/pages\/361\/revisions"}],"predecessor-version":[{"id":3026,"href":"https:\/\/ccoo.app\/congres-fsc\/wp-json\/wp\/v2\/pages\/361\/revisions\/3026"}],"wp:attachment":[{"href":"https:\/\/ccoo.app\/congres-fsc\/wp-json\/wp\/v2\/media?parent=361"}],"curies":[{"name":"wp","href":"https:\/\/api.w.org\/{rel}","templated":true}]}}