{"id":299,"date":"2017-01-18T16:13:50","date_gmt":"2017-01-18T15:13:50","guid":{"rendered":"https:\/\/fsccongres.ccoo.cat\/?page_id=299"},"modified":"2024-10-15T15:20:36","modified_gmt":"2024-10-15T13:20:36","slug":"agrupacions","status":"publish","type":"page","link":"https:\/\/ccoo.app\/congres-fsc\/agrupacions\/","title":{"rendered":"Agrupacions"},"content":{"rendered":"\n<ul class=\"wp-block-list\">\n<li><strong>Confer\u00e8ncia Agrupaci\u00f3 de Just\u00edcia la FSC de CCOO de Catalunya, balanc i propostes de futur<\/strong>\n<ul class=\"wp-block-list\">\n<li>Reglament<\/li>\n<\/ul>\n<\/li>\n\n\n\n<li><strong>Informe 9a Confer\u00e8ncia de l\u2019agrupaci\u00f3 de personal penintenciari<\/strong>.<\/li>\n<\/ul>\n\n\n\n<p><\/p>\n","protected":false},"excerpt":{"rendered":"","protected":false},"author":4519,"featured_media":0,"parent":0,"menu_order":0,"comment_status":"closed","ping_status":"closed","template":"","meta":{"footnotes":""},"class_list":["post-299","page","type-page","status-publish"],"_links":{"self":[{"href":"https:\/\/ccoo.app\/congres-fsc\/wp-json\/wp\/v2\/pages\/299","targetHints":{"allow":["GET"]}}],"collection":[{"href":"https:\/\/ccoo.app\/congres-fsc\/wp-json\/wp\/v2\/pages"}],"about":[{"href":"https:\/\/ccoo.app\/congres-fsc\/wp-json\/wp\/v2\/types\/page"}],"author":[{"embeddable":true,"href":"https:\/\/ccoo.app\/congres-fsc\/wp-json\/wp\/v2\/users\/4519"}],"replies":[{"embeddable":true,"href":"https:\/\/ccoo.app\/congres-fsc\/wp-json\/wp\/v2\/comments?post=299"}],"version-history":[{"count":2,"href":"https:\/\/ccoo.app\/congres-fsc\/wp-json\/wp\/v2\/pages\/299\/revisions"}],"predecessor-version":[{"id":3046,"href":"https:\/\/ccoo.app\/congres-fsc\/wp-json\/wp\/v2\/pages\/299\/revisions\/3046"}],"wp:attachment":[{"href":"https:\/\/ccoo.app\/congres-fsc\/wp-json\/wp\/v2\/media?parent=299"}],"curies":[{"name":"wp","href":"https:\/\/api.w.org\/{rel}","templated":true}]}}