{"id":25,"date":"2020-02-13T13:17:50","date_gmt":"2020-02-13T18:17:50","guid":{"rendered":"https:\/\/gpsites.co\/read\/?page_id=25"},"modified":"2024-11-07T13:48:56","modified_gmt":"2024-11-07T12:48:56","slug":"home","status":"publish","type":"page","link":"https:\/\/ccoo.app\/cat\/","title":{"rendered":"Home"},"content":{"rendered":"\n<p class=\"menu-idioma\"><a href=\"https:\/\/ccoo.app\" class=\"rank-math-link\">ES<\/a><\/p>\n\n\n\n<div class=\"wp-block-cover alignfull is-light\" style=\"min-height:400px;aspect-ratio:unset;\"><span aria-hidden=\"true\" class=\"wp-block-cover__background has-background-dim-0 has-background-dim\"><\/span><img decoding=\"async\" class=\"wp-block-cover__image-background wp-image-2448\" alt=\"\" src=\"https:\/\/ccoo.app\/wp-content\/blogs.dir\/6\/files\/2021\/01\/app-ccoo-cab.svg\" data-object-fit=\"cover\"\/><div class=\"wp-block-cover__inner-container is-layout-flow wp-block-cover-is-layout-flow\">\n<div class=\"wp-block-group\"><div class=\"wp-block-group__inner-container is-layout-flow wp-block-group-is-layout-flow\">\n<div class=\"wp-block-columns primera is-layout-flex wp-container-core-columns-is-layout-9d6595d7 wp-block-columns-is-layout-flex\">\n<div class=\"wp-block-column is-layout-flow wp-block-column-is-layout-flow\" style=\"flex-basis:66.66%\">\n<h1 class=\"wp-block-heading titulo has-text-color\" style=\"color:#090909;font-size:100px\">CCOO APP<\/h1>\n\n\n\n<figure class=\"wp-block-image size-large\"><img decoding=\"async\" src=\"https:\/\/ccoo.app\/wp-content\/blogs.dir\/6\/files\/2021\/01\/barra-roja.svg\" alt=\"Barra Roja\" class=\"wp-image-2449\"\/><\/figure>\n\n\n\n<h2 class=\"wp-block-heading has-text-color\" style=\"color:#080808\">Nous temps, noves necessitats, noves vies i les CCOO de sempre, ara a la teva butxaca.<\/h2>\n<\/div>\n\n\n\n<div class=\"wp-block-column is-layout-flow wp-block-column-is-layout-flow\" style=\"flex-basis:33.33%\"><\/div>\n<\/div>\n\n\n\n<p><\/p>\n<\/div><\/div>\n\n\n\n<p><\/p>\n\n\n\n<p><\/p>\n<\/div><\/div>\n\n\n\n<div class=\"wp-block-cover alignfull is-light segundo\"><span aria-hidden=\"true\" class=\"wp-block-cover__background has-background-dim-0 has-background-dim\"><\/span><img decoding=\"async\" class=\"wp-block-cover__image-background wp-image-2455\" alt=\"\" src=\"https:\/\/ccoo.app\/wp-content\/blogs.dir\/6\/files\/2021\/01\/app-ccoo-cab-1.svg\" data-object-fit=\"cover\"\/><div class=\"wp-block-cover__inner-container is-layout-flow wp-block-cover-is-layout-flow\">\n<div class=\"wp-block-group\"><div class=\"wp-block-group__inner-container is-layout-flow wp-block-group-is-layout-flow\">\n<div class=\"wp-block-columns is-layout-flex wp-container-core-columns-is-layout-9d6595d7 wp-block-columns-is-layout-flex\">\n<div class=\"wp-block-column is-layout-flow wp-block-column-is-layout-flow\">\n<figure class=\"wp-block-embed is-type-video is-provider-youtube wp-block-embed-youtube wp-embed-aspect-16-9 wp-has-aspect-ratio\"><div class=\"wp-block-embed__wrapper\">\n<iframe loading=\"lazy\" title=\"CCOO APP versi\u00f3n 5\" width=\"1200\" height=\"675\" src=\"https:\/\/www.youtube.com\/embed\/7mVGJp_Bcx0?feature=oembed\" frameborder=\"0\" allow=\"accelerometer; autoplay; clipboard-write; encrypted-media; gyroscope; picture-in-picture; web-share\" referrerpolicy=\"strict-origin-when-cross-origin\" allowfullscreen><\/iframe>\n<\/div><\/figure>\n<\/div>\n\n\n\n<div class=\"wp-block-column is-layout-flow wp-block-column-is-layout-flow\">\n<h2 class=\"wp-block-heading has-text-align-left has-text-color\" style=\"color:#101010\">Et proporciona informaci\u00f3 d&#8217;acord amb el teu perfil<\/h2>\n\n\n\n<p class=\"has-text-color\" style=\"color:#090909\">Una aplicaci\u00f3 preparada per a evolucionar i ser un canal interactiu entre tu i el teu sindicat.<\/p>\n\n\n\n<p class=\"has-text-color\" style=\"color:#090909\">Fidel reflex del comprom\u00eds de CCOO amb les treballadores i els treballadors per a estar prop teu i, quan ens necessitis, donart-te la informaci\u00f3 i els instruments de la forma m\u00e9s \u00fatil.<\/p>\n<\/div>\n<\/div>\n<\/div><\/div>\n\n\n\n<p><\/p>\n<\/div><\/div>\n\n\n\n<div class=\"wp-block-columns is-layout-flex wp-container-core-columns-is-layout-9d6595d7 wp-block-columns-is-layout-flex\">\n<div class=\"wp-block-column is-layout-flow wp-block-column-is-layout-flow\" style=\"flex-basis:25%\"><\/div>\n\n\n\n<div class=\"wp-block-column is-layout-flow wp-block-column-is-layout-flow\" style=\"flex-basis:50%\">\n<div class=\"wp-block-columns is-layout-flex wp-container-core-columns-is-layout-9d6595d7 wp-block-columns-is-layout-flex\">\n<div class=\"wp-block-column cuadro-logo-movil is-layout-flow wp-block-column-is-layout-flow\"><div class=\"wp-block-image is-resized\">\n<figure class=\"aligncenter size-large\"><a href=\"https:\/\/play.google.com\/store\/apps\/details?id=cat.ccoo.mobile.carnet\" target=\"_blank\" rel=\"noopener\"><img decoding=\"async\" src=\"https:\/\/ccoo.app\/wp-content\/blogs.dir\/6\/files\/2021\/01\/logo-android.png\" alt=\"Logo Android\" class=\"wp-image-2579\" style=\"width:75px\"\/><\/a><\/figure>\n<\/div>\n\n\n<h2 class=\"wp-block-heading has-text-align-center\"><a href=\"https:\/\/play.google.com\/store\/apps\/details?id=cat.ccoo.mobile.carnet\" target=\"_blank\" rel=\"noreferrer noopener\">Android<\/a><\/h2>\n\n\n\n<div class=\"wp-block-buttons is-horizontal is-content-justification-center is-layout-flex wp-container-core-buttons-is-layout-499968f5 wp-block-buttons-is-layout-flex\">\n<div class=\"wp-block-button\"><a class=\"wp-block-button__link has-text-color has-background wp-element-button\" href=\"https:\/\/play.google.com\/store\/apps\/details?id=cat.ccoo.mobile.carnet\" style=\"border-radius:2px;color:#fefefe;background-color:#e20919\" target=\"_blank\" rel=\"noreferrer noopener\">Instalar ahora<\/a><\/div>\n<\/div>\n<\/div>\n\n\n\n<div class=\"wp-block-column cuadro-logo-movil is-layout-flow wp-block-column-is-layout-flow\"><div class=\"wp-block-image is-resized\">\n<figure class=\"aligncenter size-large\"><a href=\"https:\/\/itunes.apple.com\/us\/app\/carnet-ccoo.cat\/id987915336?l=es&amp;ls=1&amp;mt=8\" target=\"_blank\" rel=\"noopener\"><img decoding=\"async\" src=\"https:\/\/ccoo.app\/wp-content\/blogs.dir\/6\/files\/2021\/01\/logo-apple.png\" alt=\"Logo Apple\" class=\"wp-image-2580\" style=\"width:75px\"\/><\/a><\/figure>\n<\/div>\n\n\n<h2 class=\"wp-block-heading has-text-align-center\"><a href=\"https:\/\/itunes.apple.com\/us\/app\/carnet-ccoo.cat\/id987915336?l=es&amp;ls=1&amp;mt=8\" target=\"_blank\" rel=\"noreferrer noopener\">Apple<\/a><\/h2>\n\n\n\n<div class=\"wp-block-buttons is-horizontal is-content-justification-center is-layout-flex wp-container-core-buttons-is-layout-499968f5 wp-block-buttons-is-layout-flex\">\n<div class=\"wp-block-button\"><a class=\"wp-block-button__link has-text-color has-background wp-element-button\" href=\"https:\/\/itunes.apple.com\/us\/app\/carnet-ccoo.cat\/id987915336?l=es&amp;ls=1&amp;mt=8\" style=\"border-radius:2px;color:#fefefe;background-color:#e20919\" target=\"_blank\" rel=\"noreferrer noopener\">Instalar ahora<\/a><\/div>\n<\/div>\n<\/div>\n<\/div>\n<\/div>\n\n\n\n<div class=\"wp-block-column is-layout-flow wp-block-column-is-layout-flow\" style=\"flex-basis:25%\"><\/div>\n<\/div>\n\n\n\n<div style=\"height:100px\" aria-hidden=\"true\" id=\"caracteristiques\" class=\"wp-block-spacer\"><\/div>\n\n\n\n<h2 class=\"has-text-align-center palabra-caracteristicas\">Caracter\u00edstiques<\/h2>\n\n\n\n<div style=\"height:20px\" aria-hidden=\"true\" class=\"wp-block-spacer\"><\/div>\n\n\n\n<div class=\"wp-block-columns is-layout-flex wp-container-core-columns-is-layout-9d6595d7 wp-block-columns-is-layout-flex\">\n<div class=\"wp-block-column is-vertically-aligned-top cuadro-caracteristicas is-layout-flow wp-block-column-is-layout-flow\"><div class=\"wp-block-image is-resized\">\n<figure class=\"alignleft size-large\"><img decoding=\"async\" src=\"https:\/\/ccoo.app\/wp-content\/blogs.dir\/6\/files\/2021\/01\/calendario.svg\" alt=\"Calendario\" class=\"wp-image-2469\" style=\"width:50px\"\/><\/figure>\n<\/div>\n\n\n<h2 class=\"wp-block-heading\">Calendari<\/h2>\n\n\n\n<div style=\"height:20px\" aria-hidden=\"true\" class=\"wp-block-spacer\"><\/div>\n\n\n\n<p class=\"texto-caracteristicas\">Pots personalitzar i anotar les teves jornades, assumptes personals, etc.<\/p>\n<\/div>\n\n\n\n<div class=\"wp-block-column is-vertically-aligned-top cuadro-caracteristicas is-layout-flow wp-block-column-is-layout-flow\"><div class=\"wp-block-image is-resized\">\n<figure class=\"alignleft size-large\"><img decoding=\"async\" src=\"https:\/\/ccoo.app\/wp-content\/blogs.dir\/6\/files\/2021\/01\/salarios.svg\" alt=\"Salarios\" class=\"wp-image-2484\" style=\"width:50px\"\/><\/figure>\n<\/div>\n\n\n<h2 class=\"wp-block-heading\">Salaris<\/h2>\n\n\n\n<div style=\"height:20px\" aria-hidden=\"true\" class=\"wp-block-spacer\"><\/div>\n\n\n\n<p class=\"texto-caracteristicas\">Consulta tots els conceptes de la teva n\u00f2mina.<\/p>\n<\/div>\n\n\n\n<div class=\"wp-block-column is-vertically-aligned-top cuadro-caracteristicas is-layout-flow wp-block-column-is-layout-flow\"><div class=\"wp-block-image is-resized\">\n<figure class=\"alignleft size-large\"><img decoding=\"async\" src=\"https:\/\/ccoo.app\/wp-content\/blogs.dir\/6\/files\/2021\/01\/permisos.svg\" alt=\"Permisos\" class=\"wp-image-2485\" style=\"width:50px\"\/><\/figure>\n<\/div>\n\n\n<h2 class=\"wp-block-heading\">Permisos<\/h2>\n\n\n\n<div style=\"height:20px\" aria-hidden=\"true\" class=\"wp-block-spacer\"><\/div>\n\n\n\n<p class=\"texto-caracteristicas\">Permisos retribu\u00efts, ajudes, conciliaci\u00f3 familiar.<\/p>\n<\/div>\n<\/div>\n\n\n\n<div class=\"wp-block-columns is-layout-flex wp-container-core-columns-is-layout-9d6595d7 wp-block-columns-is-layout-flex\">\n<div class=\"wp-block-column is-vertically-aligned-top cuadro-caracteristicas is-layout-flow wp-block-column-is-layout-flow\"><div class=\"wp-block-image is-resized\">\n<figure class=\"alignleft size-large\"><img decoding=\"async\" src=\"https:\/\/ccoo.app\/wp-content\/blogs.dir\/6\/files\/2021\/01\/noticias.svg\" alt=\"Noticias\" class=\"wp-image-2493\" style=\"width:50px\"\/><\/figure>\n<\/div>\n\n\n<h2 class=\"wp-block-heading\">Not\u00edcies<\/h2>\n\n\n\n<div style=\"height:20px\" aria-hidden=\"true\" class=\"wp-block-spacer\"><\/div>\n\n\n\n<p class=\"texto-caracteristicas\">Estar\u00e0s informat d&#8217;all\u00f2 m\u00e9s rellevant del sector, del grup d&#8217;empreses o del teu centre de treball.<\/p>\n<\/div>\n\n\n\n<div class=\"wp-block-column is-vertically-aligned-top cuadro-caracteristicas is-layout-flow wp-block-column-is-layout-flow\"><div class=\"wp-block-image is-resized\">\n<figure class=\"alignleft size-large\"><img decoding=\"async\" src=\"https:\/\/ccoo.app\/wp-content\/blogs.dir\/6\/files\/2021\/01\/acuerdos.svg\" alt=\"Acuerdos\" class=\"wp-image-2492\" style=\"width:50px\"\/><\/figure>\n<\/div>\n\n\n<h2 class=\"wp-block-heading\">Acords<\/h2>\n\n\n\n<div style=\"height:20px\" aria-hidden=\"true\" class=\"wp-block-spacer\"><\/div>\n\n\n\n<p class=\"texto-caracteristicas\">El teu conveni, acords i pactes signats.<\/p>\n<\/div>\n\n\n\n<div class=\"wp-block-column is-vertically-aligned-top cuadro-caracteristicas is-layout-flow wp-block-column-is-layout-flow\"><div class=\"wp-block-image is-resized\">\n<figure class=\"alignleft size-large\"><img decoding=\"async\" src=\"https:\/\/ccoo.app\/wp-content\/blogs.dir\/6\/files\/2021\/01\/contacta.svg\" alt=\"Contacta\" class=\"wp-image-2494\" style=\"width:50px\"\/><\/figure>\n<\/div>\n\n\n<h2 class=\"wp-block-heading\">Contacta<\/h2>\n\n\n\n<div style=\"height:20px\" aria-hidden=\"true\" class=\"wp-block-spacer\"><\/div>\n\n\n\n<p class=\"texto-caracteristicas\">Contacta amb els teus delegats i delegades.<\/p>\n<\/div>\n<\/div>\n\n\n\n<div class=\"wp-block-columns is-layout-flex wp-container-core-columns-is-layout-9d6595d7 wp-block-columns-is-layout-flex\">\n<div class=\"wp-block-column is-vertically-aligned-top cuadro-caracteristicas is-layout-flow wp-block-column-is-layout-flow\"><div class=\"wp-block-image is-resized\">\n<figure class=\"alignleft size-large\"><img decoding=\"async\" src=\"https:\/\/ccoo.app\/wp-content\/blogs.dir\/6\/files\/2021\/01\/bajas-it.svg\" alt=\"Bajas It\" class=\"wp-image-2506\" style=\"width:50px\"\/><\/figure>\n<\/div>\n\n\n<h2 class=\"wp-block-heading\">Baixes IT<\/h2>\n\n\n\n<div style=\"height:20px\" aria-hidden=\"true\" class=\"wp-block-spacer\"><\/div>\n\n\n\n<p class=\"texto-caracteristicas\">Envia el teu comunicat de baixa de manera f\u00e0cil.<\/p>\n<\/div>\n\n\n\n<div class=\"wp-block-column is-vertically-aligned-top cuadro-caracteristicas is-layout-flow wp-block-column-is-layout-flow\"><div class=\"wp-block-image is-resized\">\n<figure class=\"alignleft size-large\"><img decoding=\"async\" src=\"https:\/\/ccoo.app\/wp-content\/blogs.dir\/6\/files\/2021\/01\/afiliado.svg\" alt=\"Afiliado\" class=\"wp-image-2504\" style=\"width:50px\"\/><\/figure>\n<\/div>\n\n\n<h2 class=\"wp-block-heading\" style=\"font-size:26px\">Est\u00e0s afiliat a CCOO?<\/h2>\n\n\n\n<p>S\u00ed, doncs tindr\u00e0s un espai especial per a tu.<\/p>\n<\/div>\n\n\n\n<div class=\"wp-block-column is-vertically-aligned-top cuadro-caracteristicas is-layout-flow wp-block-column-is-layout-flow\"><div class=\"wp-block-image is-resized\">\n<figure class=\"alignleft size-large\"><img decoding=\"async\" src=\"https:\/\/ccoo.app\/wp-content\/blogs.dir\/6\/files\/2021\/01\/mucho-mas.svg\" alt=\"Mucho M\u00e1s\" class=\"wp-image-2505\" style=\"width:50px\"\/><\/figure>\n<\/div>\n\n\n<h2 class=\"wp-block-heading\">I molt m\u00e9s&#8230;<\/h2>\n\n\n\n<div style=\"height:20px\" aria-hidden=\"true\" class=\"wp-block-spacer\"><\/div>\n\n\n\n<p class=\"texto-caracteristicas\">L\u00ednies de transport, men\u00fas de menjador, cantina, entrepans\u2026<\/p>\n<\/div>\n<\/div>\n\n\n\n<div style=\"height:100px\" aria-hidden=\"true\" id=\"aplicacio\" class=\"wp-block-spacer\"><\/div>\n\n\n\n<div class=\"wp-block-cover alignfull has-parallax is-light\" style=\"min-height:650px;aspect-ratio:unset;\"><span aria-hidden=\"true\" class=\"wp-block-cover__background has-background-dim-0 has-background-dim\"><\/span><div class=\"wp-block-cover__image-background wp-image-2560 has-parallax\" style=\"background-position:50% 50%;background-image:url(https:\/\/ccoo.app\/wp-content\/blogs.dir\/6\/files\/2021\/01\/app-ccoo-cab-4.svg)\"><\/div><div class=\"wp-block-cover__inner-container is-layout-flow wp-block-cover-is-layout-flow\">\n<div class=\"wp-block-group grupo-movil\"><div class=\"wp-block-group__inner-container is-layout-flow wp-block-group-is-layout-flow\">\n<div class=\"wp-block-columns fondo-home is-layout-flex wp-container-core-columns-is-layout-9d6595d7 wp-block-columns-is-layout-flex\">\n<div class=\"wp-block-column is-layout-flow wp-block-column-is-layout-flow\">\n<div style=\"height:51px\" aria-hidden=\"true\" class=\"wp-block-spacer\"><\/div>\n\n\n\n<h2 class=\"has-text-align-right has-text-color\" style=\"font-size:40px;color:#090909\"><strong>Encara m\u00e9s a prop teu<\/strong><\/h2>\n\n\n\n<div class=\"wp-block-columns is-layout-flex wp-container-core-columns-is-layout-9d6595d7 wp-block-columns-is-layout-flex\">\n<div class=\"wp-block-column is-layout-flow wp-block-column-is-layout-flow\" style=\"flex-basis:33.33%\"><\/div>\n\n\n\n<div class=\"wp-block-column is-layout-flow wp-block-column-is-layout-flow\" style=\"flex-basis:66.66%\">\n<p class=\"has-text-align-left has-text-color\" style=\"color:#080808\">Conveni col\u00b7lectiu, permisos retribu\u00efts, calendari laboral, c\u00e0lcul de jornades, taules salarials, consultes, seguretat social, el teu salari, assessorament laboral i jur\u00eddic, negociaci\u00f3, conciliaci\u00f3, salut laboral, baixes per malaltia, jubilaci\u00f3, pensions, formaci\u00f3, oposicions\u2026<\/p>\n\n\n\n<p class=\"has-text-align-left has-text-color\" style=\"color:#0b0b0b\">Entre moltes de les opcions disponibles.<\/p>\n<\/div>\n<\/div>\n<\/div>\n\n\n\n<div class=\"wp-block-column is-layout-flow wp-block-column-is-layout-flow\">\n<figure class=\"wp-block-image size-full\"><img loading=\"lazy\" decoding=\"async\" width=\"1024\" height=\"500\" src=\"https:\/\/ccoo.app\/cat\/wp-content\/blogs.dir\/6\/files\/sites\/96\/2024\/10\/imagen-destacada-app.png\" alt=\"\" class=\"wp-image-31637\" srcset=\"https:\/\/ccoo.app\/cat\/wp-content\/blogs.dir\/6\/files\/sites\/96\/2024\/10\/imagen-destacada-app.png 1024w, https:\/\/ccoo.app\/cat\/wp-content\/blogs.dir\/6\/files\/sites\/96\/2024\/10\/imagen-destacada-app-300x146.png 300w, https:\/\/ccoo.app\/cat\/wp-content\/blogs.dir\/6\/files\/sites\/96\/2024\/10\/imagen-destacada-app-768x375.png 768w\" sizes=\"auto, (max-width: 1024px) 100vw, 1024px\" \/><\/figure>\n<\/div>\n<\/div>\n<\/div><\/div>\n<\/div><\/div>\n\n\n\n<h2 class=\"wp-block-heading has-text-align-center palabra-caracteristicas\" id=\"installacio\">Instal\u00b7la l&#8217;App!<\/h2>\n\n\n\n<div class=\"wp-block-columns is-layout-flex wp-container-core-columns-is-layout-9d6595d7 wp-block-columns-is-layout-flex\">\n<div class=\"wp-block-column is-layout-flow wp-block-column-is-layout-flow\" style=\"flex-basis:25%\"><\/div>\n\n\n\n<div class=\"wp-block-column is-layout-flow wp-block-column-is-layout-flow\" style=\"flex-basis:50%\">\n<div class=\"wp-block-columns is-layout-flex wp-container-core-columns-is-layout-9d6595d7 wp-block-columns-is-layout-flex\">\n<div class=\"wp-block-column cuadro-logo-movil is-layout-flow wp-block-column-is-layout-flow\"><div class=\"wp-block-image is-resized\">\n<figure class=\"aligncenter size-large\"><a href=\"https:\/\/play.google.com\/store\/apps\/details?id=cat.ccoo.mobile.carnet\" target=\"_blank\" rel=\"noopener\"><img decoding=\"async\" src=\"https:\/\/ccoo.app\/wp-content\/blogs.dir\/6\/files\/2021\/01\/logo-android.png\" alt=\"Logo Android\" class=\"wp-image-2579\" style=\"width:75px\"\/><\/a><\/figure>\n<\/div>\n\n\n<h2 class=\"wp-block-heading has-text-align-center\"><a href=\"https:\/\/play.google.com\/store\/apps\/details?id=cat.ccoo.mobile.carnet\" target=\"_blank\" rel=\"noreferrer noopener\">Android<\/a><\/h2>\n\n\n\n<div class=\"wp-block-buttons is-horizontal is-content-justification-center is-layout-flex wp-container-core-buttons-is-layout-499968f5 wp-block-buttons-is-layout-flex\">\n<div class=\"wp-block-button\"><a class=\"wp-block-button__link has-text-color has-background wp-element-button\" href=\"https:\/\/play.google.com\/store\/apps\/details?id=cat.ccoo.mobile.carnet\" style=\"border-radius:2px;color:#fefefe;background-color:#e20919\" target=\"_blank\" rel=\"noreferrer noopener\">Instalar ahora<\/a><\/div>\n<\/div>\n<\/div>\n\n\n\n<div class=\"wp-block-column cuadro-logo-movil is-layout-flow wp-block-column-is-layout-flow\"><div class=\"wp-block-image is-resized\">\n<figure class=\"aligncenter size-large\"><a href=\"https:\/\/itunes.apple.com\/us\/app\/carnet-ccoo.cat\/id987915336?l=es&amp;ls=1&amp;mt=8\" target=\"_blank\" rel=\"noopener\"><img decoding=\"async\" src=\"https:\/\/ccoo.app\/wp-content\/blogs.dir\/6\/files\/2021\/01\/logo-apple.png\" alt=\"Logo Apple\" class=\"wp-image-2580\" style=\"width:75px\"\/><\/a><\/figure>\n<\/div>\n\n\n<h2 class=\"wp-block-heading has-text-align-center\"><a href=\"https:\/\/itunes.apple.com\/us\/app\/carnet-ccoo.cat\/id987915336?l=es&amp;ls=1&amp;mt=8\" target=\"_blank\" rel=\"noreferrer noopener\">Apple<\/a><\/h2>\n\n\n\n<div class=\"wp-block-buttons is-horizontal is-content-justification-center is-layout-flex wp-container-core-buttons-is-layout-499968f5 wp-block-buttons-is-layout-flex\">\n<div class=\"wp-block-button\"><a class=\"wp-block-button__link has-text-color has-background wp-element-button\" href=\"https:\/\/itunes.apple.com\/us\/app\/carnet-ccoo.cat\/id987915336?l=es&amp;ls=1&amp;mt=8\" style=\"border-radius:2px;color:#fefefe;background-color:#e20919\" target=\"_blank\" rel=\"noreferrer noopener\">Instalar ahora<\/a><\/div>\n<\/div>\n<\/div>\n<\/div>\n<\/div>\n\n\n\n<div class=\"wp-block-column is-layout-flow wp-block-column-is-layout-flow\" style=\"flex-basis:25%\"><\/div>\n<\/div>\n\n\n\n<div style=\"height:100px\" aria-hidden=\"true\" id=\"contacta\" class=\"wp-block-spacer\"><\/div>\n","protected":false},"excerpt":{"rendered":"<p>ES Android Apple Caracter\u00edstiques Calendari Pots personalitzar i anotar les teves jornades, assumptes personals, etc. Salaris Consulta tots els conceptes de la teva n\u00f2mina. Permisos Permisos retribu\u00efts, ajudes, conciliaci\u00f3 familiar. &#8230; <a title=\"Home\" class=\"read-more\" href=\"https:\/\/ccoo.app\/cat\/\" aria-label=\"M\u00e9s informaci\u00f3 sobre Home\">Read more<\/a><\/p>\n","protected":false},"author":12,"featured_media":0,"parent":0,"menu_order":0,"comment_status":"closed","ping_status":"closed","template":"","meta":{"footnotes":""},"class_list":["post-25","page","type-page","status-publish"],"_links":{"self":[{"href":"https:\/\/ccoo.app\/cat\/wp-json\/wp\/v2\/pages\/25","targetHints":{"allow":["GET"]}}],"collection":[{"href":"https:\/\/ccoo.app\/cat\/wp-json\/wp\/v2\/pages"}],"about":[{"href":"https:\/\/ccoo.app\/cat\/wp-json\/wp\/v2\/types\/page"}],"author":[{"embeddable":true,"href":"https:\/\/ccoo.app\/cat\/wp-json\/wp\/v2\/users\/12"}],"replies":[{"embeddable":true,"href":"https:\/\/ccoo.app\/cat\/wp-json\/wp\/v2\/comments?post=25"}],"version-history":[{"count":4,"href":"https:\/\/ccoo.app\/cat\/wp-json\/wp\/v2\/pages\/25\/revisions"}],"predecessor-version":[{"id":31652,"href":"https:\/\/ccoo.app\/cat\/wp-json\/wp\/v2\/pages\/25\/revisions\/31652"}],"wp:attachment":[{"href":"https:\/\/ccoo.app\/cat\/wp-json\/wp\/v2\/media?parent=25"}],"curies":[{"name":"wp","href":"https:\/\/api.w.org\/{rel}","templated":true}]}}