{"id":25,"date":"2020-02-13T13:17:50","date_gmt":"2020-02-13T12:17:50","guid":{"rendered":"https:\/\/gpsites.co\/read\/?page_id=25"},"modified":"2021-03-07T19:45:55","modified_gmt":"2021-03-07T18:45:55","slug":"home","status":"publish","type":"page","link":"https:\/\/ccoo.app\/bosch\/","title":{"rendered":"Inicio"},"content":{"rendered":"\n<div class=\"wp-block-cover alignfull\" style=\"min-height:400px;aspect-ratio:unset;\"><img loading=\"lazy\" decoding=\"async\" width=\"1440\" height=\"400\" class=\"wp-block-cover__image-background wp-image-2637\" alt=\"\" src=\"http:\/\/ccoo.app\/migrar\/wp-content\/blogs.dir\/6\/files\/sites\/14\/2021\/02\/fond-cabecera-ccoo-1-1.jpg\" data-object-fit=\"cover\" srcset=\"https:\/\/ccoo.app\/bosch\/wp-content\/blogs.dir\/6\/files\/sites\/55\/2021\/02\/fond-cabecera-ccoo-1-1.jpg 1440w, https:\/\/ccoo.app\/bosch\/wp-content\/blogs.dir\/6\/files\/sites\/55\/2021\/02\/fond-cabecera-ccoo-1-1-300x83.jpg 300w, https:\/\/ccoo.app\/bosch\/wp-content\/blogs.dir\/6\/files\/sites\/55\/2021\/02\/fond-cabecera-ccoo-1-1-1024x284.jpg 1024w, https:\/\/ccoo.app\/bosch\/wp-content\/blogs.dir\/6\/files\/sites\/55\/2021\/02\/fond-cabecera-ccoo-1-1-768x213.jpg 768w\" sizes=\"auto, (max-width: 1440px) 100vw, 1440px\" \/><div class=\"wp-block-cover__inner-container is-layout-flow wp-block-cover-is-layout-flow\">\n<div class=\"wp-block-cover\" style=\"min-height:300px;aspect-ratio:unset;\"><img decoding=\"async\" class=\"wp-block-cover__image-background wp-image-2343\" alt=\"\" src=\"http:\/\/ccoo.app\/wp-content\/blogs.dir\/6\/files\/2021\/01\/Elementos-CCOO-cabecera.png\" data-object-fit=\"cover\"\/><div class=\"wp-block-cover__inner-container is-layout-flow wp-block-cover-is-layout-flow\">\n<div class=\"wp-block-group\"><div class=\"wp-block-group__inner-container is-layout-flow wp-block-group-is-layout-flow\">\n<h1 class=\"has-text-align-center has-black-color has-text-color wp-block-heading\" style=\"font-size:44px\">Secci\u00f3n Sindical Bosch<\/h1>\n\n\n\n<div class=\"wp-block-columns is-layout-flex wp-container-core-columns-is-layout-9d6595d7 wp-block-columns-is-layout-flex\">\n<div class=\"wp-block-column is-layout-flow wp-block-column-is-layout-flow\" style=\"flex-basis:15%\"><\/div>\n\n\n\n<div class=\"wp-block-column is-layout-flow wp-block-column-is-layout-flow\" style=\"flex-basis:70%\">\n<p><span class=\"has-inline-color has-black-color\">Trabajadores y trabajadoras, y especialmente Afiliados y Afiliadas a CCOO, os damos la bienvenida a nuestra web, con informaci\u00f3n de vuestro inter\u00e9s y de la forma m\u00e1s \u00fatil, de acuerdo con vuestro perfil y que os permitir\u00e1 participar.<br>Nuevos tiempos, nuevas necesidades, nuevas v\u00edas y las CCOO de siempre, ahora en tu bolsillo.<\/span><\/p>\n<\/div>\n\n\n\n<div class=\"wp-block-column is-layout-flow wp-block-column-is-layout-flow\" style=\"flex-basis:15%\"><\/div>\n<\/div>\n<\/div><\/div>\n<\/div><\/div>\n<\/div><\/div>\n\n\n\n<div style=\"height:42px\" aria-hidden=\"true\" class=\"wp-block-spacer\"><\/div>\n\n\n\n<div class=\"wp-block-columns is-layout-flex wp-container-core-columns-is-layout-9d6595d7 wp-block-columns-is-layout-flex\">\n<div class=\"wp-block-column is-layout-flow wp-block-column-is-layout-flow\">\n<div class=\"wp-block-image\"><figure class=\"aligncenter size-large\"><img decoding=\"async\" src=\"https:\/\/ccoo.app\/wp-content\/blogs.dir\/6\/files\/2021\/01\/ACUERDOS-Y-CONVENIOS.svg\" alt=\"\" class=\"wp-image-2351\"\/><\/figure><\/div>\n\n\n\n<h2 class=\"has-text-align-center wp-block-heading\">Acuerdos y Convenios<\/h2>\n\n\n\n<p>Tu convenio, acuerdos y pactos firmados.<\/p>\n<\/div>\n\n\n\n<div class=\"wp-block-column is-layout-flow wp-block-column-is-layout-flow\">\n<div class=\"wp-block-image\"><figure class=\"aligncenter size-large\"><img decoding=\"async\" src=\"https:\/\/ccoo.app\/wp-content\/blogs.dir\/6\/files\/2021\/01\/PERMISOS.svg\" alt=\"\" class=\"wp-image-2352\"\/><\/figure><\/div>\n\n\n\n<h2 class=\"has-text-align-center wp-block-heading\">Permisos<\/h2>\n\n\n\n<p>Licencias, grado de consanguinidad, permisos retribu\u00eddos, ayudas, conciliaci\u00f3n familiar.<\/p>\n<\/div>\n\n\n\n<div class=\"wp-block-column is-layout-flow wp-block-column-is-layout-flow\">\n<div class=\"wp-block-image\"><figure class=\"aligncenter size-large\"><img decoding=\"async\" src=\"https:\/\/ccoo.app\/wp-content\/blogs.dir\/6\/files\/2021\/01\/AYUDAS-SOCIALES.svg\" alt=\"\" class=\"wp-image-2353\"\/><\/figure><\/div>\n\n\n\n<h2 class=\"has-text-align-center wp-block-heading\">Ayudas Sociales<\/h2>\n\n\n\n<p>Ventajas y beneficios sociales, descuentos<\/p>\n<\/div>\n<\/div>\n\n\n\n<div class=\"wp-block-cover alignfull\" style=\"min-height:380px;aspect-ratio:unset;\"><img decoding=\"async\" class=\"wp-block-cover__image-background wp-image-2356\" alt=\"\" src=\"https:\/\/ccoo.app\/wp-content\/blogs.dir\/6\/files\/2021\/01\/fond-hero.svg\" data-object-fit=\"cover\"\/><div class=\"wp-block-cover__inner-container is-layout-flow wp-block-cover-is-layout-flow\">\n<div class=\"wp-block-group\"><div class=\"wp-block-group__inner-container is-layout-flow wp-block-group-is-layout-flow\">\n<div class=\"wp-block-columns is-layout-flex wp-container-core-columns-is-layout-9d6595d7 wp-block-columns-is-layout-flex\">\n<div class=\"wp-block-column is-layout-flow wp-block-column-is-layout-flow\">\n<div class=\"wp-block-image\"><figure class=\"aligncenter size-large is-resized\"><img loading=\"lazy\" decoding=\"async\" src=\"https:\/\/ccoo.app\/wp-content\/blogs.dir\/6\/files\/2021\/01\/noticias-ccoo.jpg\" alt=\"\" class=\"wp-image-2358\" width=\"397\" height=\"313\"\/><\/figure><\/div>\n<\/div>\n\n\n\n<div class=\"wp-block-column is-layout-flow wp-block-column-is-layout-flow\">\n<h2 class=\"titulo-noticias has-black-color has-text-color wp-block-heading\">Descubre nuestras<br>\u00faltimas noticias<\/h2>\n\n\n\n<figure class=\"wp-block-image size-large is-resized barra-decoracion\"><img loading=\"lazy\" decoding=\"async\" src=\"https:\/\/ccoo.app\/wp-content\/blogs.dir\/6\/files\/2021\/01\/Rectangle-126.svg\" alt=\"\" class=\"wp-image-2357\" width=\"281\" height=\"6\"\/><\/figure>\n\n\n\n<p class=\"has-black-color has-text-color\">Estar\u00e1s informado de lo m\u00e1s relevante del sector, del grupo y de tu centro de trabajo.<\/p>\n\n\n\n<div class=\"wp-block-buttons is-content-justification-left is-layout-flex wp-block-buttons-is-layout-flex\">\n<div class=\"wp-block-button\"><a class=\"wp-block-button__link has-white-color has-black-background-color has-text-color has-background no-border-radius\" href=\"https:\/\/ccoo.app\/bosch\/category\/noticias\/\">ACTUALIDAD<\/a><\/div>\n<\/div>\n\n\n\n<p class=\"has-black-color has-text-color\"><br><\/p>\n<\/div>\n<\/div>\n<\/div><\/div>\n<\/div><\/div>\n\n\n\n<div style=\"height:40px\" aria-hidden=\"true\" class=\"wp-block-spacer\"><\/div>\n\n\n<ul class=\"wp-block-latest-posts__list is-grid columns-3 has-dates wp-block-latest-posts\"><li><div class=\"wp-block-latest-posts__featured-image aligncenter\"><img loading=\"lazy\" decoding=\"async\" width=\"208\" height=\"300\" src=\"https:\/\/ccoo.app\/bosch\/wp-content\/blogs.dir\/6\/files\/sites\/55\/2023\/11\/Comite-de-Empresa-de-RBEF-informa-ERTE_page-0001-208x300.jpg\" class=\"attachment-medium size-medium wp-post-image\" alt=\"\" style=\"\" srcset=\"https:\/\/ccoo.app\/bosch\/wp-content\/blogs.dir\/6\/files\/sites\/55\/2023\/11\/Comite-de-Empresa-de-RBEF-informa-ERTE_page-0001-208x300.jpg 208w, https:\/\/ccoo.app\/bosch\/wp-content\/blogs.dir\/6\/files\/sites\/55\/2023\/11\/Comite-de-Empresa-de-RBEF-informa-ERTE_page-0001-709x1024.jpg 709w, https:\/\/ccoo.app\/bosch\/wp-content\/blogs.dir\/6\/files\/sites\/55\/2023\/11\/Comite-de-Empresa-de-RBEF-informa-ERTE_page-0001-768x1109.jpg 768w, https:\/\/ccoo.app\/bosch\/wp-content\/blogs.dir\/6\/files\/sites\/55\/2023\/11\/Comite-de-Empresa-de-RBEF-informa-ERTE_page-0001-1063x1536.jpg 1063w, https:\/\/ccoo.app\/bosch\/wp-content\/blogs.dir\/6\/files\/sites\/55\/2023\/11\/Comite-de-Empresa-de-RBEF-informa-ERTE_page-0001.jpg 1125w\" sizes=\"auto, (max-width: 208px) 100vw, 208px\" \/><\/div><a class=\"wp-block-latest-posts__post-title\" href=\"https:\/\/ccoo.app\/bosch\/informacion-comite-de-empresa-rbef\/\">Informaci\u00f3n Comit\u00e9 de Empresa RBEF<\/a><time datetime=\"2023-11-15T17:16:22+01:00\" class=\"wp-block-latest-posts__post-date\">15 de noviembre de 2023<\/time><\/li>\n<li><div class=\"wp-block-latest-posts__featured-image aligncenter\"><img loading=\"lazy\" decoding=\"async\" width=\"232\" height=\"300\" src=\"https:\/\/ccoo.app\/bosch\/wp-content\/blogs.dir\/6\/files\/sites\/55\/2023\/11\/La-Opinion-1-232x300.png\" class=\"attachment-medium size-medium wp-post-image\" alt=\"\" style=\"\" srcset=\"https:\/\/ccoo.app\/bosch\/wp-content\/blogs.dir\/6\/files\/sites\/55\/2023\/11\/La-Opinion-1-232x300.png 232w, https:\/\/ccoo.app\/bosch\/wp-content\/blogs.dir\/6\/files\/sites\/55\/2023\/11\/La-Opinion-1.png 663w\" sizes=\"auto, (max-width: 232px) 100vw, 232px\" \/><\/div><a class=\"wp-block-latest-posts__post-title\" href=\"https:\/\/ccoo.app\/bosch\/la-opinion-noviembre-2023\/\">La Opini\u00f3n, Noviembre 2023<\/a><time datetime=\"2023-11-14T08:59:44+01:00\" class=\"wp-block-latest-posts__post-date\">14 de noviembre de 2023<\/time><\/li>\n<li><div class=\"wp-block-latest-posts__featured-image aligncenter\"><img loading=\"lazy\" decoding=\"async\" width=\"208\" height=\"300\" src=\"https:\/\/ccoo.app\/bosch\/wp-content\/blogs.dir\/6\/files\/sites\/55\/2023\/10\/informe-tirmestral-octubre_page-0001-1-208x300.jpg\" class=\"attachment-medium size-medium wp-post-image\" alt=\"Informe Tirmestral Octubre Page 0001\" style=\"\" srcset=\"https:\/\/ccoo.app\/bosch\/wp-content\/blogs.dir\/6\/files\/sites\/55\/2023\/10\/informe-tirmestral-octubre_page-0001-1-208x300.jpg 208w, https:\/\/ccoo.app\/bosch\/wp-content\/blogs.dir\/6\/files\/sites\/55\/2023\/10\/informe-tirmestral-octubre_page-0001-1-709x1024.jpg 709w, https:\/\/ccoo.app\/bosch\/wp-content\/blogs.dir\/6\/files\/sites\/55\/2023\/10\/informe-tirmestral-octubre_page-0001-1-768x1109.jpg 768w, https:\/\/ccoo.app\/bosch\/wp-content\/blogs.dir\/6\/files\/sites\/55\/2023\/10\/informe-tirmestral-octubre_page-0001-1-1063x1536.jpg 1063w, https:\/\/ccoo.app\/bosch\/wp-content\/blogs.dir\/6\/files\/sites\/55\/2023\/10\/informe-tirmestral-octubre_page-0001-1.jpg 1125w\" sizes=\"auto, (max-width: 208px) 100vw, 208px\" \/><\/div><a class=\"wp-block-latest-posts__post-title\" href=\"https:\/\/ccoo.app\/bosch\/resumen-de-la-reunion-de-productividad-mantenida-el-dia-4-de-octubre-con-la-direccion\/\">Resumen de la reuni\u00f3n de productividad mantenida el d\u00eda 4 de octubre con la Direcci\u00f3n.<\/a><time datetime=\"2023-10-19T08:39:41+02:00\" class=\"wp-block-latest-posts__post-date\">19 de octubre de 2023<\/time><\/li>\n<\/ul>","protected":false},"excerpt":{"rendered":"<p>Acuerdos y Convenios Tu convenio, acuerdos y pactos firmados. Permisos Licencias, grado de consanguinidad, permisos retribu\u00eddos, ayudas, conciliaci\u00f3n familiar. Ayudas Sociales Ventajas y beneficios sociales, descuentos<\/p>\n","protected":false},"author":10,"featured_media":0,"parent":0,"menu_order":0,"comment_status":"closed","ping_status":"closed","template":"","meta":{"footnotes":""},"class_list":["post-25","page","type-page","status-publish"],"_links":{"self":[{"href":"https:\/\/ccoo.app\/bosch\/wp-json\/wp\/v2\/pages\/25","targetHints":{"allow":["GET"]}}],"collection":[{"href":"https:\/\/ccoo.app\/bosch\/wp-json\/wp\/v2\/pages"}],"about":[{"href":"https:\/\/ccoo.app\/bosch\/wp-json\/wp\/v2\/types\/page"}],"author":[{"embeddable":true,"href":"https:\/\/ccoo.app\/bosch\/wp-json\/wp\/v2\/users\/10"}],"replies":[{"embeddable":true,"href":"https:\/\/ccoo.app\/bosch\/wp-json\/wp\/v2\/comments?post=25"}],"version-history":[{"count":20,"href":"https:\/\/ccoo.app\/bosch\/wp-json\/wp\/v2\/pages\/25\/revisions"}],"predecessor-version":[{"id":2790,"href":"https:\/\/ccoo.app\/bosch\/wp-json\/wp\/v2\/pages\/25\/revisions\/2790"}],"wp:attachment":[{"href":"https:\/\/ccoo.app\/bosch\/wp-json\/wp\/v2\/media?parent=25"}],"curies":[{"name":"wp","href":"https:\/\/api.w.org\/{rel}","templated":true}]}}