{"id":3424,"date":"2023-05-17T13:22:22","date_gmt":"2023-05-17T11:22:22","guid":{"rendered":"https:\/\/ccoo.app\/barcelona-serveis-municipals\/?page_id=3424"},"modified":"2023-07-06T13:40:46","modified_gmt":"2023-07-06T11:40:46","slug":"comissio-dactivitats","status":"publish","type":"page","link":"https:\/\/ccoo.app\/barcelona-serveis-municipals\/comissio-dactivitats\/","title":{"rendered":"Comissi\u00f3 d&#8217;Activitats"},"content":{"rendered":"\n<p>La Comissi\u00f3 d&#8217;Activitats est\u00e0 formada per membres del Comit\u00e8 d&#8217;Empresa amb l&#8217;objectiu d&#8217;utilitzar els recursos que disposa anualment el Conveni Col\u00b7lectiu per a aquesta finalitat en el seu article n\u00famero 79:<\/p>\n\n\n\n<blockquote class=\"wp-block-quote is-style-default is-layout-flow wp-block-quote-is-layout-flow\">\n<p class=\"has-text-align-justify\"><em>Art\u00edculo 79. Fondo del Comit\u00e9 de Empresa para actividades culturales, recreativas y sociales<\/em><\/p>\n\n\n\n<p class=\"has-text-align-justify\"><em>La empresa destinar\u00e1 la cuant\u00eda de 12.000 euros anuales, durante la vigencia del presente<br>Convenio colectivo, para la promoci\u00f3n y fomento por el Comit\u00e9 de Empresa, de actividades<br>culturales, recreativas y sociales que \u00e9ste quiera llevar a la pr\u00e1ctica.<\/em><\/p>\n\n\n\n<p class=\"has-text-align-justify\"><em>El Comit\u00e9 de Empresa designar\u00e1 la Comisi\u00f3n que gestionar\u00e1 dicho fondo, debiendo<br>establecerse los reglamentos de funcionamiento de la misma conjuntamente con la direcci\u00f3n<br>de la empresa.<\/em><\/p>\n<\/blockquote>\n\n\n\n<p>Les activitats que disposa el Comit\u00e8 d&#8217;Empresa per al gaudi de les persones treballadores de BSM son les seg\u00fcents:<\/p>\n\n\n\n<p><\/p>\n\n\n\n<div class=\"wp-block-columns is-layout-flex wp-container-core-columns-is-layout-9d6595d7 wp-block-columns-is-layout-flex\">\n<div class=\"wp-block-column is-layout-flow wp-block-column-is-layout-flow\"><div class=\"wp-block-image is-style-editorskit-diagonal\">\n<figure class=\"alignleft size-full\"><img loading=\"lazy\" decoding=\"async\" width=\"650\" height=\"371\" src=\"http:\/\/ccoo.app\/barcelona-serveis-municipals\/wp-content\/blogs.dir\/6\/files\/sites\/203\/2023\/07\/entrada.jpg\" alt=\"Entrada\" class=\"wp-image-3573\" srcset=\"https:\/\/ccoo.app\/barcelona-serveis-municipals\/wp-content\/blogs.dir\/6\/files\/sites\/203\/2023\/07\/entrada.jpg 650w, https:\/\/ccoo.app\/barcelona-serveis-municipals\/wp-content\/blogs.dir\/6\/files\/sites\/203\/2023\/07\/entrada-300x171.jpg 300w\" sizes=\"auto, (max-width: 650px) 100vw, 650px\" \/><\/figure>\n<\/div><\/div>\n\n\n\n<div class=\"wp-block-column is-layout-flow wp-block-column-is-layout-flow\">\n<p><strong>Centre Esportiu Municipal Maresme<\/strong><\/p>\n\n\n\n<p>Les persones treballadores de BSM poden accedir a les seves instal\u00b7lacions (gimn\u00e0s i piscina) gratu\u00eftament, pr\u00e8via identificaci\u00f3 amb la targeta de l&#8217;empleat.<\/p>\n\n\n\n<p>Tamb\u00e9 hem realitzat una prova pilot per al gaudi de les pistes de p\u00e0del, que actualment ha finalitzat per manca de pressupost.<\/p>\n<\/div>\n<\/div>\n\n\n\n<div class=\"wp-block-columns is-layout-flex wp-container-core-columns-is-layout-9d6595d7 wp-block-columns-is-layout-flex\">\n<div class=\"wp-block-column is-layout-flow wp-block-column-is-layout-flow\">\n<p><strong>BSM Football Team<\/strong><\/p>\n\n\n\n<p>Les persones treballadores de BSM interessades en jugar a futbol sala poden accedir a l&#8217;equip de futbol (acc\u00e9s limitat a disponibilitat de places).<\/p>\n\n\n\n<p>Actualment disposem d&#8217;un equipo de futbol sala mascul\u00ed que competeix els dijous en horaris que varien de les 20h a les 23h segons calendari, a les instal\u00b7lacions de gespa artificial del Centro Asturiano de Barcelona, situat al carrer de R\u00e0fols.<\/p>\n<\/div>\n\n\n\n<div class=\"wp-block-column is-layout-flow wp-block-column-is-layout-flow\"><div class=\"wp-block-image is-style-editorskit-inverted-diagonal\">\n<figure class=\"alignright size-large\"><img loading=\"lazy\" decoding=\"async\" width=\"1024\" height=\"683\" src=\"http:\/\/ccoo.app\/barcelona-serveis-municipals\/wp-content\/blogs.dir\/6\/files\/sites\/203\/2023\/07\/15510124_5623515-1024x683.jpg\" alt=\"15510124 5623515\" class=\"wp-image-3574\" srcset=\"https:\/\/ccoo.app\/barcelona-serveis-municipals\/wp-content\/blogs.dir\/6\/files\/sites\/203\/2023\/07\/15510124_5623515-1024x683.jpg 1024w, https:\/\/ccoo.app\/barcelona-serveis-municipals\/wp-content\/blogs.dir\/6\/files\/sites\/203\/2023\/07\/15510124_5623515-300x200.jpg 300w, https:\/\/ccoo.app\/barcelona-serveis-municipals\/wp-content\/blogs.dir\/6\/files\/sites\/203\/2023\/07\/15510124_5623515-768x512.jpg 768w, https:\/\/ccoo.app\/barcelona-serveis-municipals\/wp-content\/blogs.dir\/6\/files\/sites\/203\/2023\/07\/15510124_5623515-1536x1024.jpg 1536w, https:\/\/ccoo.app\/barcelona-serveis-municipals\/wp-content\/blogs.dir\/6\/files\/sites\/203\/2023\/07\/15510124_5623515-2048x1365.jpg 2048w\" sizes=\"auto, (max-width: 1024px) 100vw, 1024px\" \/><\/figure>\n<\/div><\/div>\n<\/div>\n\n\n\n<div class=\"wp-block-columns is-layout-flex wp-container-core-columns-is-layout-9d6595d7 wp-block-columns-is-layout-flex\">\n<div class=\"wp-block-column is-layout-flow wp-block-column-is-layout-flow\"><div class=\"wp-block-image is-style-editorskit-diagonal\">\n<figure class=\"alignleft size-full\"><img loading=\"lazy\" decoding=\"async\" width=\"780\" height=\"400\" src=\"http:\/\/ccoo.app\/barcelona-serveis-municipals\/wp-content\/blogs.dir\/6\/files\/sites\/203\/2023\/07\/cultruta_logo-780x400-1.jpg\" alt=\"Cultruta Logo 780x400\" class=\"wp-image-3575\" srcset=\"https:\/\/ccoo.app\/barcelona-serveis-municipals\/wp-content\/blogs.dir\/6\/files\/sites\/203\/2023\/07\/cultruta_logo-780x400-1.jpg 780w, https:\/\/ccoo.app\/barcelona-serveis-municipals\/wp-content\/blogs.dir\/6\/files\/sites\/203\/2023\/07\/cultruta_logo-780x400-1-300x154.jpg 300w, https:\/\/ccoo.app\/barcelona-serveis-municipals\/wp-content\/blogs.dir\/6\/files\/sites\/203\/2023\/07\/cultruta_logo-780x400-1-768x394.jpg 768w\" sizes=\"auto, (max-width: 780px) 100vw, 780px\" \/><\/figure>\n<\/div><\/div>\n\n\n\n<div class=\"wp-block-column is-layout-flow wp-block-column-is-layout-flow\">\n<p><strong>Visites culturals guiades<\/strong><\/p>\n\n\n\n<p>De la m\u00e0 de l&#8217;ag\u00e8ncia CultRuta, les persones treballadores de BSM poden accedir gratu\u00eftament a les activitats programades exclusivament per al nostre col\u00b7lectiu, amb car\u00e0cter general el 3er cap de setmana de cada mes.<\/p>\n\n\n\n<p>La difusi\u00f3 d&#8217;aquestes activitats correspon al Comit\u00e8 per a inscriure&#8217;s pr\u00e8viament. Cal identificar-se i es pot dur un acompanyant.<\/p>\n<\/div>\n<\/div>\n","protected":false},"excerpt":{"rendered":"<p>La Comissi\u00f3 d&#8217;Activitats est\u00e0 formada per membres del Comit\u00e8 d&#8217;Empresa amb l&#8217;objectiu d&#8217;utilitzar els recursos que disposa anualment el Conveni Col\u00b7lectiu per a aquesta finalitat en el seu article n\u00famero &#8230; <a title=\"Comissi\u00f3 d&#8217;Activitats\" class=\"read-more\" href=\"https:\/\/ccoo.app\/barcelona-serveis-municipals\/comissio-dactivitats\/\" aria-label=\"M\u00e9s informaci\u00f3 sobre Comissi\u00f3 d&#8217;Activitats\">Read more<\/a><\/p>\n","protected":false},"author":4886,"featured_media":0,"parent":0,"menu_order":0,"comment_status":"closed","ping_status":"closed","template":"","meta":{"footnotes":""},"class_list":["post-3424","page","type-page","status-publish"],"_links":{"self":[{"href":"https:\/\/ccoo.app\/barcelona-serveis-municipals\/wp-json\/wp\/v2\/pages\/3424","targetHints":{"allow":["GET"]}}],"collection":[{"href":"https:\/\/ccoo.app\/barcelona-serveis-municipals\/wp-json\/wp\/v2\/pages"}],"about":[{"href":"https:\/\/ccoo.app\/barcelona-serveis-municipals\/wp-json\/wp\/v2\/types\/page"}],"author":[{"embeddable":true,"href":"https:\/\/ccoo.app\/barcelona-serveis-municipals\/wp-json\/wp\/v2\/users\/4886"}],"replies":[{"embeddable":true,"href":"https:\/\/ccoo.app\/barcelona-serveis-municipals\/wp-json\/wp\/v2\/comments?post=3424"}],"version-history":[{"count":4,"href":"https:\/\/ccoo.app\/barcelona-serveis-municipals\/wp-json\/wp\/v2\/pages\/3424\/revisions"}],"predecessor-version":[{"id":3585,"href":"https:\/\/ccoo.app\/barcelona-serveis-municipals\/wp-json\/wp\/v2\/pages\/3424\/revisions\/3585"}],"wp:attachment":[{"href":"https:\/\/ccoo.app\/barcelona-serveis-municipals\/wp-json\/wp\/v2\/media?parent=3424"}],"curies":[{"name":"wp","href":"https:\/\/api.w.org\/{rel}","templated":true}]}}