{"id":3324,"date":"2023-04-17T10:00:39","date_gmt":"2023-04-17T08:00:39","guid":{"rendered":"https:\/\/ccoo.app\/barcelona-serveis-municipals\/?page_id=3324"},"modified":"2023-10-03T19:52:23","modified_gmt":"2023-10-03T17:52:23","slug":"eleccions-sindicals-2023","status":"publish","type":"page","link":"https:\/\/ccoo.app\/barcelona-serveis-municipals\/eleccions-sindicals-2023\/","title":{"rendered":"Eleccions sindicals 2023"},"content":{"rendered":"<div class=\"wp-block-image is-style-default\">\n<figure class=\"aligncenter size-full\"><img loading=\"lazy\" decoding=\"async\" width=\"363\" height=\"150\" src=\"http:\/\/ccoo.app\/barcelona-serveis-municipals\/wp-content\/blogs.dir\/6\/files\/sites\/203\/2023\/07\/logo-amb-puny-2023-e1686136955827.png\" alt=\"Logo Amb Puny 2023 E1686136955827\" class=\"wp-image-3582\" srcset=\"https:\/\/ccoo.app\/barcelona-serveis-municipals\/wp-content\/blogs.dir\/6\/files\/sites\/203\/2023\/07\/logo-amb-puny-2023-e1686136955827.png 363w, https:\/\/ccoo.app\/barcelona-serveis-municipals\/wp-content\/blogs.dir\/6\/files\/sites\/203\/2023\/07\/logo-amb-puny-2023-e1686136955827-300x124.png 300w\" sizes=\"auto, (max-width: 363px) 100vw, 363px\" \/><\/figure>\n<\/div>\n\n\n<h2 class=\"wp-block-heading has-text-color\" style=\"color:#ff0000\">Dijous 5 d&#8217;octubre, VOTA CCOO<\/h2>\n\n\n\n<figure class=\"wp-block-video\"><video height=\"1080\" style=\"aspect-ratio: 1920 \/ 1080;\" width=\"1920\" controls src=\"http:\/\/ccoo.app\/barcelona-serveis-municipals\/wp-content\/blogs.dir\/6\/files\/sites\/203\/2023\/09\/video-campanya.mp4\"><\/video><\/figure>\n\n\n\n<h2 class=\"wp-block-heading has-text-color\" style=\"color:#ff0000\">Liderem les lluites laborals<\/h2>\n\n\n\n<p><\/p>\n\n\n\n<p><\/p>\n\n\n\n<p>Durant aquest mandat hem convocat un total de 4 vagues: <\/p>\n\n\n\n<div class=\"wp-block-columns is-layout-flex wp-container-core-columns-is-layout-9d6595d7 wp-block-columns-is-layout-flex\">\n<div class=\"wp-block-column is-layout-flow wp-block-column-is-layout-flow\">\n<ul class=\"wp-block-list\">\n<li><strong>Vaga del personal de Grues<\/strong> que aconsegu\u00ed millorar la retribuci\u00f3 dels esdeveniments esportius <\/li>\n\n\n\n<li><strong>Vaga del personal d\u2019AREA i Agents C\u00edvics<\/strong> durant les restriccions de la pand\u00e8mia per reclamar llocs adequats per al nostre descans <\/li>\n\n\n\n<li><strong>Vaga del personal del Park G\u00fcell<\/strong> que aconsegu\u00ed millorar les seves condicions laborals <\/li>\n\n\n\n<li><strong>Vaga del personal d\u2019AREA<\/strong> per a defensar les seves condicions laborals<\/li>\n<\/ul>\n<\/div>\n\n\n\n<div class=\"wp-block-column is-layout-flow wp-block-column-is-layout-flow\"><div class=\"wp-block-image\">\n<figure class=\"aligncenter size-large is-resized\"><img loading=\"lazy\" decoding=\"async\" src=\"http:\/\/ccoo.app\/barcelona-serveis-municipals\/wp-content\/blogs.dir\/6\/files\/sites\/203\/2023\/09\/photo-2021-04-04-22-06-38-1-e1695377493840-1024x683.jpg\" alt=\"Park G\u00fcell\" class=\"wp-image-3660\" style=\"width:363px;height:242px\" width=\"363\" height=\"242\" srcset=\"https:\/\/ccoo.app\/barcelona-serveis-municipals\/wp-content\/blogs.dir\/6\/files\/sites\/203\/2023\/09\/photo-2021-04-04-22-06-38-1-e1695377493840-1024x683.jpg 1024w, https:\/\/ccoo.app\/barcelona-serveis-municipals\/wp-content\/blogs.dir\/6\/files\/sites\/203\/2023\/09\/photo-2021-04-04-22-06-38-1-e1695377493840-300x200.jpg 300w, https:\/\/ccoo.app\/barcelona-serveis-municipals\/wp-content\/blogs.dir\/6\/files\/sites\/203\/2023\/09\/photo-2021-04-04-22-06-38-1-e1695377493840-768x512.jpg 768w, https:\/\/ccoo.app\/barcelona-serveis-municipals\/wp-content\/blogs.dir\/6\/files\/sites\/203\/2023\/09\/photo-2021-04-04-22-06-38-1-e1695377493840.jpg 1416w\" sizes=\"auto, (max-width: 363px) 100vw, 363px\" \/><\/figure>\n<\/div><\/div>\n<\/div>\n\n\n\n<h2 class=\"wp-block-heading has-text-color\" style=\"color:#ff0000\">Protegim les condicions laborals<\/h2>\n\n\n\n<p><\/p>\n\n\n\n<p><\/p>\n\n\n\n<p><strong>CCOO ha aconseguit diversos aven\u00e7os: <\/strong><\/p>\n\n\n\n<ul class=\"wp-block-list\">\n<li>Salvem el cop de la pand\u00e8mia aconseguint un <strong>complement de l\u2019ERTE que garantia el 100% dels salaris<\/strong> <\/li>\n\n\n\n<li><strong>Implantem el teletreball a BSM<\/strong> amb un acord referent per al sector p\u00fablic <\/li>\n\n\n\n<li><strong>Desvinculacions amb criteris objectius<\/strong> per a que pugui accedir tothom sense privilegis <\/li>\n\n\n\n<li><strong>Protegim les condicions del personal del Port Ol\u00edmpic<\/strong> d\u2019una integraci\u00f3 que no volia respectar-les <\/li>\n<\/ul>\n\n\n\n<p><strong>Per\u00f2 tamb\u00e9 ens hem oposat a les retallades acceptades per la resta de sindicats: <\/strong><\/p>\n\n\n\n<ul class=\"wp-block-list\">\n<li><strong>Contra la retallada de minis i del 30% de la paga variable<\/strong> post-pand\u00e8mia <\/li>\n\n\n\n<li><strong>Contra la continu\u00eftat del 4rt torn a Aparcaments <\/strong><\/li>\n\n\n\n<li><strong>Contra la pr\u00f2rroga del conveni col\u00b7lectiu<\/strong> gratu\u00eft sense millores reals<\/li>\n<\/ul>\n\n\n\n<h2 class=\"wp-block-heading has-text-color\" style=\"color:#fd0000\">Tot aix\u00f2 amb molta feina sindical<\/h2>\n\n\n\n<p><\/p>\n\n\n\n<p><\/p>\n\n\n\n<div class=\"wp-block-columns is-layout-flex wp-container-core-columns-is-layout-9d6595d7 wp-block-columns-is-layout-flex\">\n<div class=\"wp-block-column is-layout-flow wp-block-column-is-layout-flow\"><div class=\"wp-block-image\">\n<figure class=\"aligncenter size-large is-resized\"><img loading=\"lazy\" decoding=\"async\" src=\"http:\/\/ccoo.app\/barcelona-serveis-municipals\/wp-content\/blogs.dir\/6\/files\/sites\/203\/2023\/09\/a2cdd6e0-88ea-45cb-9e89-cc66639a89d8-1-1024x724.jpg\" alt=\"Lluita BSM\" class=\"wp-image-3661\" style=\"width:397px;height:281px\" width=\"397\" height=\"281\" \/><\/figure>\n<\/div><\/div>\n\n\n\n<div class=\"wp-block-column is-layout-flow wp-block-column-is-layout-flow\">\n<ul class=\"wp-block-list\">\n<li>Realitzem un total de <strong>13 assemblees de persones treballadores<\/strong> <\/li>\n\n\n\n<li>Presentem <strong>39 denuncies davant la Inspecci\u00f3 de Treball<\/strong>, de les quals <strong>14 es resolen amb sancions i faltes greus o molt greus, 15 estableixen requeriments correctors<\/strong>, i 8 encara resten pendents de resoluci\u00f3. <\/li>\n\n\n\n<li>Registrem <strong>7 denuncies davant els Jutjats Socials, 2 d\u2019elles com a conflictes col\u00b7lectius <\/strong><\/li>\n\n\n\n<li>Realitzem <strong>20 processos de conciliaci\u00f3 i mediaci\u00f3 amb l\u2019empresa <\/strong>davant el Tribunal Laboral de Catalunya<\/li>\n<\/ul>\n<\/div>\n<\/div>\n\n\n\n<h2 class=\"wp-block-heading has-text-color\" style=\"color:#ff0000\">Per\u00f2 encara queda feina per fer<\/h2>\n\n\n\n<p><\/p>\n\n\n\n<p><\/p>\n\n\n\n<p>Tot i la feina feta, encara tenim molts reptes per endavant que des de CCOO volem continuar lluitant.<\/p>\n\n\n\n<blockquote class=\"wp-block-quote is-layout-flow wp-block-quote-is-layout-flow\">\n<p><strong>El proper Comit\u00e8 d\u2019Empresa haur\u00e0 de negociar un nou conveni col\u00b7lectiu que recuperi els salaris perduts i avanci en drets laborals<\/strong><\/p>\n<\/blockquote>\n\n\n\n<p><strong>Volem aconseguir la jornada b\u00e0sica anual de l\u2019empleat p\u00fablic de 1642h.<\/strong> Arribarem fins al final del proc\u00e9s judicial i vetllarem per la seva implantaci\u00f3 de la forma m\u00e9s favorable per a la nostra conciliaci\u00f3.<\/p>\n\n\n\n<p><strong>Volem lluitar per aconseguir una valoraci\u00f3 dels llocs de treball que estableixi retribucions i categories professionals adequades<\/strong> i que reverteixin la p\u00e8rdua de poder adquisitiu de les persones treballadores de BSM.<\/p>\n\n\n\n<h2 class=\"wp-block-heading has-text-color\" style=\"color:#ff0000\">Les nostres candidatures<\/h2>\n\n\n\n<p><\/p>\n\n\n\n<p><\/p>\n\n\n\n<div class=\"wp-block-columns is-layout-flex wp-container-core-columns-is-layout-9d6595d7 wp-block-columns-is-layout-flex\">\n<div class=\"wp-block-column is-layout-flow wp-block-column-is-layout-flow\">\n<figure class=\"wp-block-image size-full\"><img loading=\"lazy\" decoding=\"async\" width=\"632\" height=\"899\" src=\"https:\/\/ccoo.app\/barcelona-serveis-municipals\/wp-content\/blogs.dir\/6\/files\/sites\/203\/2023\/09\/captura-de-pantalla-2023-09-30-a-les-8-43-40.png\" alt=\"Captura De Pantalla 2023 09 30 A Les 8 43 40\" class=\"wp-image-3672\" srcset=\"https:\/\/ccoo.app\/barcelona-serveis-municipals\/wp-content\/blogs.dir\/6\/files\/sites\/203\/2023\/09\/captura-de-pantalla-2023-09-30-a-les-8-43-40.png 632w, https:\/\/ccoo.app\/barcelona-serveis-municipals\/wp-content\/blogs.dir\/6\/files\/sites\/203\/2023\/09\/captura-de-pantalla-2023-09-30-a-les-8-43-40-211x300.png 211w\" sizes=\"auto, (max-width: 632px) 100vw, 632px\" \/><\/figure>\n<\/div>\n\n\n\n<div class=\"wp-block-column is-layout-flow wp-block-column-is-layout-flow\">\n<figure class=\"wp-block-image size-full\"><img loading=\"lazy\" decoding=\"async\" width=\"633\" height=\"899\" src=\"https:\/\/ccoo.app\/barcelona-serveis-municipals\/wp-content\/blogs.dir\/6\/files\/sites\/203\/2023\/09\/captura-de-pantalla-2023-09-30-a-les-8-44-24.png\" alt=\"Captura De Pantalla 2023 09 30 A Les 8 44 24\" class=\"wp-image-3673\" srcset=\"https:\/\/ccoo.app\/barcelona-serveis-municipals\/wp-content\/blogs.dir\/6\/files\/sites\/203\/2023\/09\/captura-de-pantalla-2023-09-30-a-les-8-44-24.png 633w, https:\/\/ccoo.app\/barcelona-serveis-municipals\/wp-content\/blogs.dir\/6\/files\/sites\/203\/2023\/09\/captura-de-pantalla-2023-09-30-a-les-8-44-24-211x300.png 211w\" sizes=\"auto, (max-width: 633px) 100vw, 633px\" \/><\/figure>\n<\/div>\n<\/div>\n\n\n\n<h2 class=\"wp-block-heading has-text-color\" style=\"color:#ff0000\">Punts de votaci\u00f3 i horaris<\/h2>\n\n\n\n<p><\/p>\n\n\n<div class=\"wp-block-image\">\n<figure class=\"aligncenter size-large\"><img loading=\"lazy\" decoding=\"async\" width=\"723\" height=\"1024\" src=\"http:\/\/ccoo.app\/barcelona-serveis-municipals\/wp-content\/blogs.dir\/6\/files\/sites\/203\/2023\/10\/qui-vota-on_eleccions-2023_v4-723x1024.jpg\" alt=\"Qui Vota On Eleccions 2023 V4\" class=\"wp-image-3710\" srcset=\"https:\/\/ccoo.app\/barcelona-serveis-municipals\/wp-content\/blogs.dir\/6\/files\/sites\/203\/2023\/10\/qui-vota-on_eleccions-2023_v4-723x1024.jpg 723w, https:\/\/ccoo.app\/barcelona-serveis-municipals\/wp-content\/blogs.dir\/6\/files\/sites\/203\/2023\/10\/qui-vota-on_eleccions-2023_v4-212x300.jpg 212w, https:\/\/ccoo.app\/barcelona-serveis-municipals\/wp-content\/blogs.dir\/6\/files\/sites\/203\/2023\/10\/qui-vota-on_eleccions-2023_v4-768x1087.jpg 768w, https:\/\/ccoo.app\/barcelona-serveis-municipals\/wp-content\/blogs.dir\/6\/files\/sites\/203\/2023\/10\/qui-vota-on_eleccions-2023_v4-1085x1536.jpg 1085w, https:\/\/ccoo.app\/barcelona-serveis-municipals\/wp-content\/blogs.dir\/6\/files\/sites\/203\/2023\/10\/qui-vota-on_eleccions-2023_v4-1447x2048.jpg 1447w, https:\/\/ccoo.app\/barcelona-serveis-municipals\/wp-content\/blogs.dir\/6\/files\/sites\/203\/2023\/10\/qui-vota-on_eleccions-2023_v4-scaled.jpg 1808w\" sizes=\"auto, (max-width: 723px) 100vw, 723px\" \/><\/figure>\n<\/div>","protected":false},"excerpt":{"rendered":"<p>Dijous 5 d&#8217;octubre, VOTA CCOO Liderem les lluites laborals Durant aquest mandat hem convocat un total de 4 vagues: Protegim les condicions laborals CCOO ha aconseguit diversos aven\u00e7os: Per\u00f2 tamb\u00e9 &#8230; <a title=\"Eleccions sindicals 2023\" class=\"read-more\" href=\"https:\/\/ccoo.app\/barcelona-serveis-municipals\/eleccions-sindicals-2023\/\" aria-label=\"M\u00e9s informaci\u00f3 sobre Eleccions sindicals 2023\">Read more<\/a><\/p>\n","protected":false},"author":4886,"featured_media":0,"parent":0,"menu_order":0,"comment_status":"closed","ping_status":"closed","template":"","meta":{"footnotes":""},"class_list":["post-3324","page","type-page","status-publish"],"_links":{"self":[{"href":"https:\/\/ccoo.app\/barcelona-serveis-municipals\/wp-json\/wp\/v2\/pages\/3324","targetHints":{"allow":["GET"]}}],"collection":[{"href":"https:\/\/ccoo.app\/barcelona-serveis-municipals\/wp-json\/wp\/v2\/pages"}],"about":[{"href":"https:\/\/ccoo.app\/barcelona-serveis-municipals\/wp-json\/wp\/v2\/types\/page"}],"author":[{"embeddable":true,"href":"https:\/\/ccoo.app\/barcelona-serveis-municipals\/wp-json\/wp\/v2\/users\/4886"}],"replies":[{"embeddable":true,"href":"https:\/\/ccoo.app\/barcelona-serveis-municipals\/wp-json\/wp\/v2\/comments?post=3324"}],"version-history":[{"count":4,"href":"https:\/\/ccoo.app\/barcelona-serveis-municipals\/wp-json\/wp\/v2\/pages\/3324\/revisions"}],"predecessor-version":[{"id":3711,"href":"https:\/\/ccoo.app\/barcelona-serveis-municipals\/wp-json\/wp\/v2\/pages\/3324\/revisions\/3711"}],"wp:attachment":[{"href":"https:\/\/ccoo.app\/barcelona-serveis-municipals\/wp-json\/wp\/v2\/media?parent=3324"}],"curies":[{"name":"wp","href":"https:\/\/api.w.org\/{rel}","templated":true}]}}