{"id":2376,"date":"2021-01-11T11:24:55","date_gmt":"2021-01-11T10:24:55","guid":{"rendered":"https:\/\/ccoo.app\/?page_id=2376"},"modified":"2023-07-06T14:05:54","modified_gmt":"2023-07-06T12:05:54","slug":"contacta","status":"publish","type":"page","link":"https:\/\/ccoo.app\/barcelona-serveis-municipals\/contacta\/","title":{"rendered":"Contacta"},"content":{"rendered":"\n<p>Actualment, ni el Comit\u00e8 d&#8217;Empresa ni els diferents sindicats que el composen, disposen d&#8217;unes instal\u00b7lacions adequades per a poder atendre les necessitats i suggeriments de les persones treballadores de BSM. Tot i aix\u00f2, sempre podreu contactar amb nosaltres mitjan\u00e7ant el correu <a href=\"mailto:bsm@ccoo.cat\" class=\"ek-link\">bsm@ccoo.cat<\/a> i\/o les diverses xarxes socials que disposem.<\/p>\n\n\n\n<p>A continuaci\u00f3, si teniu algun dubte concret sobre alguna q\u00fcesti\u00f3, us oferim el llistat de referents sindicals de CCOO en cada mat\u00e8ria:<\/p>\n\n\n\n<h3 class=\"gb-headline gb-headline-5e56592c gb-headline-text\">President del Comit\u00e8 d&#8217;Empresa<\/h3>\n\n\n\n<div class=\"wp-block-columns is-layout-flex wp-container-core-columns-is-layout-9d6595d7 wp-block-columns-is-layout-flex\">\n<div class=\"wp-block-column is-layout-flow wp-block-column-is-layout-flow\" style=\"flex-basis:20%\">\n<figure class=\"wp-block-image size-full is-resized\"><img loading=\"lazy\" decoding=\"async\" src=\"https:\/\/ccoo.app\/diputacio-de-barcelona\/wp-content\/blogs.dir\/6\/files\/sites\/186\/2022\/12\/people.png\" alt=\"people\n\" class=\"wp-image-51010\" width=\"128\" height=\"128\" \/><\/figure>\n<\/div>\n\n\n\n<div class=\"wp-block-column is-vertically-aligned-top is-layout-flow wp-block-column-is-layout-flow\" style=\"flex-basis:66.66%\">\n<p><\/p>\n\n\n\n<p class=\"has-e-23301-color has-text-color\">David Mart\u00ednez<\/p>\n\n\n\n<p class=\"has-text-color\" style=\"color:#d42e12;font-style:italic;font-weight:400\">President del Comit\u00e8 d&#8217;Empresa &#8211; Estacionament Regulat<\/p>\n<\/div>\n<\/div>\n\n\n\n<h3 class=\"gb-headline gb-headline-df73287d gb-headline-text\">Negociaci\u00f3 col\u00b7lectiva i drets laborals<\/h3>\n\n\n\n<div class=\"wp-block-columns is-layout-flex wp-container-core-columns-is-layout-9d6595d7 wp-block-columns-is-layout-flex\">\n<div class=\"wp-block-column is-layout-flow wp-block-column-is-layout-flow\" style=\"flex-basis:20%\">\n<figure class=\"wp-block-image size-full is-resized\"><img loading=\"lazy\" decoding=\"async\" src=\"https:\/\/ccoo.app\/diputacio-de-barcelona\/wp-content\/blogs.dir\/6\/files\/sites\/186\/2022\/12\/people.png\" alt=\"people\n\" class=\"wp-image-51010\" width=\"128\" height=\"128\" \/><\/figure>\n<\/div>\n\n\n\n<div class=\"wp-block-column is-vertically-aligned-top is-layout-flow wp-block-column-is-layout-flow\" style=\"flex-basis:66.66%\">\n<p><\/p>\n\n\n\n<p>Fernando Delgado<\/p>\n\n\n\n<p>Daniel Agudo<\/p>\n<\/div>\n<\/div>\n\n\n\n<h3 class=\"gb-headline gb-headline-7e6aa498 gb-headline-text\">Igualtat i drets a la conciliaci\u00f3<\/h3>\n\n\n\n<div class=\"wp-block-columns is-layout-flex wp-container-core-columns-is-layout-9d6595d7 wp-block-columns-is-layout-flex\">\n<div class=\"wp-block-column is-layout-flow wp-block-column-is-layout-flow\" style=\"flex-basis:20%\">\n<figure class=\"wp-block-image size-full is-resized\"><img loading=\"lazy\" decoding=\"async\" src=\"https:\/\/ccoo.app\/diputacio-de-barcelona\/wp-content\/blogs.dir\/6\/files\/sites\/186\/2022\/12\/people.png\" alt=\"people\n\" class=\"wp-image-51010\" width=\"128\" height=\"128\" \/><\/figure>\n<\/div>\n\n\n\n<div class=\"wp-block-column is-vertically-aligned-top is-layout-flow wp-block-column-is-layout-flow\" style=\"flex-basis:66.66%\">\n<p><\/p>\n\n\n\n<p>Laura Gibanel<\/p>\n\n\n\n<p>Daniel Agudo<\/p>\n<\/div>\n<\/div>\n\n\n\n<h3 class=\"gb-headline gb-headline-8a53852e gb-headline-text\">Salut laboral i mesures preventives<\/h3>\n\n\n\n<div class=\"wp-block-columns is-layout-flex wp-container-core-columns-is-layout-9d6595d7 wp-block-columns-is-layout-flex\">\n<div class=\"wp-block-column is-layout-flow wp-block-column-is-layout-flow\" style=\"flex-basis:20%\">\n<figure class=\"wp-block-image size-full is-resized\"><img loading=\"lazy\" decoding=\"async\" src=\"https:\/\/ccoo.app\/diputacio-de-barcelona\/wp-content\/blogs.dir\/6\/files\/sites\/186\/2022\/12\/people.png\" alt=\"people\n\" class=\"wp-image-51010\" width=\"128\" height=\"128\" \/><\/figure>\n<\/div>\n\n\n\n<div class=\"wp-block-column is-vertically-aligned-top is-layout-flow wp-block-column-is-layout-flow\" style=\"flex-basis:66.66%\">\n<p><\/p>\n\n\n\n<p>David Casas\u00edn<\/p>\n\n\n\n<p>Ricardo G\u00e1mez<\/p>\n<\/div>\n<\/div>\n\n\n\n<h3 class=\"gb-headline gb-headline-818bcf56 gb-headline-text\">Formaci\u00f3 i promoci\u00f3 interna<\/h3>\n\n\n\n<div class=\"wp-block-columns is-layout-flex wp-container-core-columns-is-layout-9d6595d7 wp-block-columns-is-layout-flex\">\n<div class=\"wp-block-column is-layout-flow wp-block-column-is-layout-flow\" style=\"flex-basis:20%\">\n<figure class=\"wp-block-image size-full is-resized\"><img loading=\"lazy\" decoding=\"async\" src=\"https:\/\/ccoo.app\/diputacio-de-barcelona\/wp-content\/blogs.dir\/6\/files\/sites\/186\/2022\/12\/people.png\" alt=\"people\n\" class=\"wp-image-51010\" width=\"128\" height=\"128\" \/><\/figure>\n<\/div>\n\n\n\n<div class=\"wp-block-column is-vertically-aligned-top is-layout-flow wp-block-column-is-layout-flow\" style=\"flex-basis:66.66%\">\n<p><\/p>\n\n\n\n<p>David Mart\u00ednez<\/p>\n\n\n\n<p>Oscar Matute<\/p>\n<\/div>\n<\/div>\n\n\n\n<h3 class=\"gb-headline gb-headline-b5589e65 gb-headline-text\">Pla de pensions i previsi\u00f3 social complement\u00e0ria<\/h3>\n\n\n\n<div class=\"wp-block-columns is-layout-flex wp-container-core-columns-is-layout-9d6595d7 wp-block-columns-is-layout-flex\">\n<div class=\"wp-block-column is-layout-flow wp-block-column-is-layout-flow\" style=\"flex-basis:20%\">\n<figure class=\"wp-block-image size-full is-resized\"><img loading=\"lazy\" decoding=\"async\" src=\"https:\/\/ccoo.app\/diputacio-de-barcelona\/wp-content\/blogs.dir\/6\/files\/sites\/186\/2022\/12\/people.png\" alt=\"people\n\" class=\"wp-image-51010\" width=\"128\" height=\"128\" \/><\/figure>\n<\/div>\n\n\n\n<div class=\"wp-block-column is-vertically-aligned-top is-layout-flow wp-block-column-is-layout-flow\" style=\"flex-basis:66.66%\">\n<p><\/p>\n\n\n\n<p>Agust\u00edn Ariza<\/p>\n\n\n\n<p>Daniel Agudo<\/p>\n<\/div>\n<\/div>\n\n\n\n<h3 class=\"gb-headline gb-headline-db91f22b gb-headline-text\">Activitats culturals, recreatives i socials<\/h3>\n\n\n\n<div class=\"wp-block-columns is-layout-flex wp-container-core-columns-is-layout-9d6595d7 wp-block-columns-is-layout-flex\">\n<div class=\"wp-block-column is-layout-flow wp-block-column-is-layout-flow\" style=\"flex-basis:20%\">\n<figure class=\"wp-block-image size-full is-resized\"><img loading=\"lazy\" decoding=\"async\" src=\"https:\/\/ccoo.app\/diputacio-de-barcelona\/wp-content\/blogs.dir\/6\/files\/sites\/186\/2022\/12\/people.png\" alt=\"people\n\" class=\"wp-image-51010\" width=\"128\" height=\"128\" \/><\/figure>\n<\/div>\n\n\n\n<div class=\"wp-block-column is-vertically-aligned-top is-layout-flow wp-block-column-is-layout-flow\" style=\"flex-basis:66.66%\">\n<p><\/p>\n\n\n\n<p>Daniel Agudo<\/p>\n\n\n\n<p>David Mart\u00ednez<\/p>\n<\/div>\n<\/div>\n","protected":false},"excerpt":{"rendered":"<p>Actualment, ni el Comit\u00e8 d&#8217;Empresa ni els diferents sindicats que el composen, disposen d&#8217;unes instal\u00b7lacions adequades per a poder atendre les necessitats i suggeriments de les persones treballadores de BSM. &#8230; <a title=\"Contacta\" class=\"read-more\" href=\"https:\/\/ccoo.app\/barcelona-serveis-municipals\/contacta\/\" aria-label=\"M\u00e9s informaci\u00f3 sobre Contacta\">Read more<\/a><\/p>\n","protected":false},"author":6,"featured_media":0,"parent":0,"menu_order":0,"comment_status":"closed","ping_status":"closed","template":"","meta":{"footnotes":""},"class_list":["post-2376","page","type-page","status-publish"],"_links":{"self":[{"href":"https:\/\/ccoo.app\/barcelona-serveis-municipals\/wp-json\/wp\/v2\/pages\/2376","targetHints":{"allow":["GET"]}}],"collection":[{"href":"https:\/\/ccoo.app\/barcelona-serveis-municipals\/wp-json\/wp\/v2\/pages"}],"about":[{"href":"https:\/\/ccoo.app\/barcelona-serveis-municipals\/wp-json\/wp\/v2\/types\/page"}],"author":[{"embeddable":true,"href":"https:\/\/ccoo.app\/barcelona-serveis-municipals\/wp-json\/wp\/v2\/users\/6"}],"replies":[{"embeddable":true,"href":"https:\/\/ccoo.app\/barcelona-serveis-municipals\/wp-json\/wp\/v2\/comments?post=2376"}],"version-history":[{"count":4,"href":"https:\/\/ccoo.app\/barcelona-serveis-municipals\/wp-json\/wp\/v2\/pages\/2376\/revisions"}],"predecessor-version":[{"id":3596,"href":"https:\/\/ccoo.app\/barcelona-serveis-municipals\/wp-json\/wp\/v2\/pages\/2376\/revisions\/3596"}],"wp:attachment":[{"href":"https:\/\/ccoo.app\/barcelona-serveis-municipals\/wp-json\/wp\/v2\/media?parent=2376"}],"curies":[{"name":"wp","href":"https:\/\/api.w.org\/{rel}","templated":true}]}}