{"id":2175,"date":"2024-01-08T12:51:52","date_gmt":"2024-01-08T12:51:52","guid":{"rendered":"https:\/\/ccoo.app\/ajviladecans\/?page_id=2175"},"modified":"2024-01-08T12:51:52","modified_gmt":"2024-01-08T12:51:52","slug":"altres-temes","status":"publish","type":"page","link":"https:\/\/ccoo.app\/ajviladecans\/preguntes-frequents\/altres-temes\/","title":{"rendered":"Altres temes"},"content":{"rendered":"\n<div class=\"wp-block-media-text alignwide is-stacked-on-mobile\" style=\"grid-template-columns:35% auto\"><figure class=\"wp-block-media-text__media\"><img loading=\"lazy\" decoding=\"async\" width=\"225\" height=\"225\" src=\"https:\/\/ccoo.app\/ajviladecans\/wp-content\/blogs.dir\/6\/files\/sites\/229\/2023\/12\/descarga.jpg\" alt=\"\" class=\"wp-image-2172 size-full\" srcset=\"https:\/\/ccoo.app\/ajviladecans\/wp-content\/blogs.dir\/6\/files\/sites\/229\/2023\/12\/descarga.jpg 225w, https:\/\/ccoo.app\/ajviladecans\/wp-content\/blogs.dir\/6\/files\/sites\/229\/2023\/12\/descarga-150x150.jpg 150w\" sizes=\"auto, (max-width: 225px) 100vw, 225px\" \/><\/figure><div class=\"wp-block-media-text__content\"><form role=\"search\" method=\"get\" action=\"https:\/\/ccoo.app\/ajviladecans\/\" class=\"wp-block-search__button-outside wp-block-search__icon-button wp-block-search\"    ><label class=\"wp-block-search__label screen-reader-text\" for=\"wp-block-search__input-1\" >Cerca<\/label><div class=\"wp-block-search__inside-wrapper\" ><input class=\"wp-block-search__input\" id=\"wp-block-search__input-1\" placeholder=\"\" value=\"\" type=\"search\" name=\"s\" required \/><button aria-label=\"Cerca\" class=\"wp-block-search__button has-icon wp-element-button\" type=\"submit\" ><svg class=\"search-icon\" viewBox=\"0 0 24 24\" width=\"24\" height=\"24\">\n\t\t\t\t\t<path d=\"M13 5c-3.3 0-6 2.7-6 6 0 1.4.5 2.7 1.3 3.7l-3.8 3.8 1.1 1.1 3.8-3.8c1 .8 2.3 1.3 3.7 1.3 3.3 0 6-2.7 6-6S16.3 5 13 5zm0 10.5c-2.5 0-4.5-2-4.5-4.5s2-4.5 4.5-4.5 4.5 2 4.5 4.5-2 4.5-4.5 4.5z\"><\/path>\n\t\t\t\t<\/svg><\/button><\/div><\/form>\n\n\n<p class=\"has-white-color has-text-color has-background has-medium-font-size\" style=\"background-color:#498b8f\">Com podem ajudar-te?<\/p>\n<\/div><\/div>\n\n\n\n<div class=\"wp-block-atomic-blocks-ab-accordion ab-block-accordion ab-font-size-16\"><details><summary class=\"ab-accordion-title\"><strong><strong>Quin preu t\u00e9 el quilometratge si he de fer \u00fas del meu vehicle en comissi\u00f3 de servei?<\/strong><\/strong><\/summary><div class=\"ab-accordion-text\">\n<p class=\"has-small-font-size\">L\u2019import de la indemnitzaci\u00f3 a percebre com a despesa de viatge per l\u2019\u00fas de vehicle particular en comissi\u00f3 de servei, <strong>es de 0,26\u20ac\/km en cas de cotxes i 0,106\u20ac\/km si es moto.<\/strong><\/p>\n<\/div><\/details><\/div>\n","protected":false},"excerpt":{"rendered":"","protected":false},"author":10,"featured_media":0,"parent":2072,"menu_order":0,"comment_status":"closed","ping_status":"closed","template":"","meta":{"footnotes":""},"class_list":["post-2175","page","type-page","status-publish"],"_links":{"self":[{"href":"https:\/\/ccoo.app\/ajviladecans\/wp-json\/wp\/v2\/pages\/2175","targetHints":{"allow":["GET"]}}],"collection":[{"href":"https:\/\/ccoo.app\/ajviladecans\/wp-json\/wp\/v2\/pages"}],"about":[{"href":"https:\/\/ccoo.app\/ajviladecans\/wp-json\/wp\/v2\/types\/page"}],"author":[{"embeddable":true,"href":"https:\/\/ccoo.app\/ajviladecans\/wp-json\/wp\/v2\/users\/10"}],"replies":[{"embeddable":true,"href":"https:\/\/ccoo.app\/ajviladecans\/wp-json\/wp\/v2\/comments?post=2175"}],"version-history":[{"count":0,"href":"https:\/\/ccoo.app\/ajviladecans\/wp-json\/wp\/v2\/pages\/2175\/revisions"}],"up":[{"embeddable":true,"href":"https:\/\/ccoo.app\/ajviladecans\/wp-json\/wp\/v2\/pages\/2072"}],"wp:attachment":[{"href":"https:\/\/ccoo.app\/ajviladecans\/wp-json\/wp\/v2\/media?parent=2175"}],"curies":[{"name":"wp","href":"https:\/\/api.w.org\/{rel}","templated":true}]}}