{"id":2166,"date":"2024-01-08T12:50:19","date_gmt":"2024-01-08T12:50:19","guid":{"rendered":"https:\/\/ccoo.app\/ajviladecans\/?page_id=2166"},"modified":"2024-01-08T12:50:19","modified_gmt":"2024-01-08T12:50:19","slug":"formacio-2","status":"publish","type":"page","link":"https:\/\/ccoo.app\/ajviladecans\/preguntes-frequents\/formacio-2\/","title":{"rendered":"Formaci\u00f3"},"content":{"rendered":"\n<div class=\"wp-block-media-text alignwide is-stacked-on-mobile\" style=\"grid-template-columns:33% auto\"><figure class=\"wp-block-media-text__media\"><img loading=\"lazy\" decoding=\"async\" width=\"203\" height=\"248\" src=\"https:\/\/ccoo.app\/ajviladecans\/wp-content\/blogs.dir\/6\/files\/sites\/229\/2023\/12\/images-1.jpg\" alt=\"\" class=\"wp-image-2167 size-full\" \/><\/figure><div class=\"wp-block-media-text__content\"><form role=\"search\" method=\"get\" action=\"https:\/\/ccoo.app\/ajviladecans\/\" class=\"wp-block-search__button-outside wp-block-search__icon-button wp-block-search\"    ><label class=\"wp-block-search__label screen-reader-text\" for=\"wp-block-search__input-1\" >Cerca<\/label><div class=\"wp-block-search__inside-wrapper\" ><input class=\"wp-block-search__input\" id=\"wp-block-search__input-1\" placeholder=\"\" value=\"\" type=\"search\" name=\"s\" required \/><button aria-label=\"Cerca\" class=\"wp-block-search__button has-icon wp-element-button\" type=\"submit\" ><svg class=\"search-icon\" viewBox=\"0 0 24 24\" width=\"24\" height=\"24\">\n\t\t\t\t\t<path d=\"M13 5c-3.3 0-6 2.7-6 6 0 1.4.5 2.7 1.3 3.7l-3.8 3.8 1.1 1.1 3.8-3.8c1 .8 2.3 1.3 3.7 1.3 3.3 0 6-2.7 6-6S16.3 5 13 5zm0 10.5c-2.5 0-4.5-2-4.5-4.5s2-4.5 4.5-4.5 4.5 2 4.5 4.5-2 4.5-4.5 4.5z\"><\/path>\n\t\t\t\t<\/svg><\/button><\/div><\/form>\n\n\n<p class=\"has-white-color has-text-color has-background\" style=\"background-color:#098103\">Com podem ajudar-te?<\/p>\n<\/div><\/div>\n\n\n\n<div class=\"wp-block-atomic-blocks-ab-accordion ab-block-accordion ab-font-size-16\"><details><summary class=\"ab-accordion-title\"><strong>Saps que l&#8217;Ajuntament de Viladecans t\u00e9 un fon addicional de formaci\u00f3 superior pels treballadors i les treballadores?<\/strong><\/summary><div class=\"ab-accordion-text\">\n<p class=\"has-small-font-size\">Des del curs 2021\/2022 l&#8217;Ajuntament destina un fons per a la formaci\u00f3 de la seva plantilla a fi de donar suport a la seva capacitaci\u00f3 i desenvolupament professional.<\/p>\n\n\n\n<p class=\"has-small-font-size\"><a href=\"https:\/\/viladecans.sharepoint.com\/Pla%20de%20formaci%20i%20desenvolupament\/Forms\/AllItems.aspx?id=%2FPla%20de%20formaci%20i%20desenvolupament%2FFons%20addicional%20Formaci%C3%B3%20Superior%2FAcord%20distribucio%20fons%20addcional%20formacio%2Epdf&amp;parent=%2FPla%20de%20formaci%20i%20desenvolupament%2FFons%20addicional%20Formaci%C3%B3%20Superior\" target=\"_blank\" rel=\"noreferrer noopener\">Veure acord<\/a><\/p>\n<\/div><\/details><\/div>\n\n\n\n<div class=\"wp-block-atomic-blocks-ab-accordion ab-block-accordion ab-font-size-16\"><details><summary class=\"ab-accordion-title\"><strong>Quina es la quantitat destinada al fons addicional de formaci\u00f3 superior?<\/strong><\/summary><div class=\"ab-accordion-text\">\n<p class=\"has-small-font-size\">S\u2019acorda la destinaci\u00f3 per part de la Corporaci\u00f3 de <strong>20.000\u20ac anuals <\/strong>per formaci\u00f3 dels empleats\/des relacionada amb el lloc de treball, que es <strong>repartir\u00e0 de forma equitativa <\/strong>entre els sol\u00b7licitants que complexin els requisits establerts.<\/p>\n\n\n\n<ul class=\"has-small-font-size wp-block-list\"><\/ul>\n<\/div><\/details><\/div>\n\n\n\n<div class=\"wp-block-atomic-blocks-ab-accordion ab-block-accordion ab-font-size-16\"><details><summary class=\"ab-accordion-title\"><strong>Quins son els criteris d&#8217;abonament del fons per estudis creat en aplicaci\u00f3 de l&#8217;acord de mesa general de negociaci\u00f3?<\/strong><\/summary><div class=\"ab-accordion-text\">\n<p class=\"has-small-font-size\">Es fixaran els requisits per accedir a aquest fons de formaci\u00f3, en base als seg\u00fcents criteris:<\/p>\n\n\n\n<p class=\"has-small-font-size\"><strong>Formaci\u00f3 oficial superior: Grau, m\u00e0ster o postgrau o ensenyaments establerts com a prioritat municipal.<\/strong><\/p>\n\n\n\n<p class=\"has-small-font-size\">Vinculaci\u00f3 directa amb les <strong>funcions del lloc de treball d\u2019adscripci\u00f3 o que sigui d\u2019especial inter\u00e8s per la Corporaci\u00f3.<\/strong><\/p>\n\n\n\n<p class=\"has-small-font-size\"><strong>Acreditaci\u00f3 del pagament de la matr\u00edcula<\/strong>, en les condicions que es determinin.<\/p>\n\n\n\n<p class=\"has-small-font-size\">S\u2019establir\u00e0 com a<strong> l\u00edmit d\u2019import a<\/strong> percebre, <strong>un percentatge <\/strong>m\u00e0xim sobre els cr\u00e8dits matriculats.<\/p>\n\n\n\n<p class=\"has-small-font-size\">S\u2019establir\u00e0 un per\u00edode de <strong>perman\u00e8ncia de 5 anys a la Corporaci\u00f3. <\/strong>En <strong>cas d\u2019incompliment<\/strong> d\u2019aquest per\u00edode de perman\u00e8ncia, <strong>ser\u00e0 exigible el<br>reemborsament dels imports percebuts en aquest concepte<\/strong>.<\/p>\n<\/div><\/details><\/div>\n\n\n\n<div class=\"wp-block-atomic-blocks-ab-accordion ab-block-accordion ab-font-size-16\"><details><summary class=\"ab-accordion-title\"><strong>Qui pot beneficiar-se del fons de formaci\u00f3 superior?<\/strong><\/summary><div class=\"ab-accordion-text\">\n<p class=\"has-small-font-size\">Aquest fons ser\u00e0 d\u2019aplicaci\u00f3 a <strong>tots els empleats p\u00fablics de l\u2018Ajuntament de Viladecans que ocupi pla\u00e7a en plantilla.<\/strong><\/p>\n\n\n\n<p class=\"has-small-font-size\"><strong>No ser\u00e0 d\u2019aplicaci\u00f3<\/strong> al <strong>personal excl\u00f2s de l\u2019\u00e0mbit<\/strong> subjectiu d\u2019aplicaci\u00f3 de l\u2019acord de condicions i\/o conveni col\u00b7lectiu, ni al <strong>personal laboral <\/strong>amb <strong>contracte de formaci\u00f3, pr\u00e0ctiques, plans d\u2019ocupaci\u00f3, ni personal amb contractes o nomenaments de car\u00e0cter temporal.<\/strong><\/p>\n\n\n\n<ol class=\"wp-block-list\" start=\"2\"><\/ol>\n<\/div><\/details><\/div>\n\n\n\n<div class=\"wp-block-atomic-blocks-ab-accordion ab-block-accordion ab-font-size-16\"><details><summary class=\"ab-accordion-title\"><strong>Quins<\/strong> <strong>tipus de formaci\u00f3 finan\u00e7ar\u00e0 el fons addicional de formaci\u00f3 superior?<\/strong><\/summary><div class=\"ab-accordion-text\">\n<p class=\"has-small-font-size\"><strong>Formaci\u00f3 oficial superior: Grau, m\u00e0ster o postgrau; que tingui vinculaci\u00f3 directa amb les funcions del lloc de treball d\u2019adscripci\u00f3 o que sigui d\u2019especial inter\u00e8s per la Corporaci\u00f3.<br><\/strong>Per a<strong> l\u2019exercici 2022,<\/strong> es consideraran <strong>estudis d\u2019especial inter\u00e8s per la corporaci\u00f3<\/strong>, aquells que es relacionin amb qualsevol dels seg\u00fcents eixos de <strong>l\u2019estrat\u00e8gia Viladecans 2030<\/strong>:<\/p>\n\n\n\n<p class=\"has-small-font-size\"><strong>Eix 1: Dinamitzaci\u00f3 Econ\u00f2mica<br>Eix 2: Transici\u00f3 ecol\u00f2gica<br>Eix 3. Innovaci\u00f3 educativa<br>Eix 4. Estil de vida saludable<br>Eix 5. Resili\u00e8ncia de ciutat en escenaris de crisi o cat\u00e0strofes<br>Eix 6. Model de regeneraci\u00f3 urbana<br>Eixos estrat\u00e8gics comuns:<\/strong><br>&#8211; la inclusi\u00f3 social,<br>&#8211; la transformaci\u00f3 digital i<br>&#8211; la igualtat de g\u00e8nere.<\/p>\n\n\n\n<ol class=\"wp-block-list\" start=\"2\"><\/ol>\n<\/div><\/details><\/div>\n","protected":false},"excerpt":{"rendered":"","protected":false},"author":10,"featured_media":0,"parent":2072,"menu_order":0,"comment_status":"closed","ping_status":"closed","template":"","meta":{"footnotes":""},"class_list":["post-2166","page","type-page","status-publish"],"_links":{"self":[{"href":"https:\/\/ccoo.app\/ajviladecans\/wp-json\/wp\/v2\/pages\/2166","targetHints":{"allow":["GET"]}}],"collection":[{"href":"https:\/\/ccoo.app\/ajviladecans\/wp-json\/wp\/v2\/pages"}],"about":[{"href":"https:\/\/ccoo.app\/ajviladecans\/wp-json\/wp\/v2\/types\/page"}],"author":[{"embeddable":true,"href":"https:\/\/ccoo.app\/ajviladecans\/wp-json\/wp\/v2\/users\/10"}],"replies":[{"embeddable":true,"href":"https:\/\/ccoo.app\/ajviladecans\/wp-json\/wp\/v2\/comments?post=2166"}],"version-history":[{"count":0,"href":"https:\/\/ccoo.app\/ajviladecans\/wp-json\/wp\/v2\/pages\/2166\/revisions"}],"up":[{"embeddable":true,"href":"https:\/\/ccoo.app\/ajviladecans\/wp-json\/wp\/v2\/pages\/2072"}],"wp:attachment":[{"href":"https:\/\/ccoo.app\/ajviladecans\/wp-json\/wp\/v2\/media?parent=2166"}],"curies":[{"name":"wp","href":"https:\/\/api.w.org\/{rel}","templated":true}]}}