{"id":7847,"date":"2022-10-20T10:42:24","date_gmt":"2022-10-20T09:42:24","guid":{"rendered":"https:\/\/ccoo.app\/ajuntamentbarcelona\/?page_id=7847"},"modified":"2026-02-20T09:33:16","modified_gmt":"2026-02-20T08:33:16","slug":"bombers","status":"publish","type":"page","link":"https:\/\/ccoo.app\/ajuntamentbarcelona\/bombers\/","title":{"rendered":"Bombers i bomberes"},"content":{"rendered":"\n<div class=\"wp-block-columns is-layout-flex wp-container-core-columns-is-layout-9d6595d7 wp-block-columns-is-layout-flex\">\n<div class=\"wp-block-column is-layout-flow wp-block-column-is-layout-flow\" style=\"flex-basis:25%\"><div class=\"wp-block-image\">\n<figure class=\"aligncenter size-full\"><img loading=\"lazy\" decoding=\"async\" width=\"1134\" height=\"1134\" src=\"http:\/\/ccoo.app\/ajuntamentbarcelona\/wp-content\/blogs.dir\/6\/files\/sites\/228\/2026\/02\/icon-bombers.png\" alt=\"\" class=\"wp-image-16939\" srcset=\"https:\/\/ccoo.app\/ajuntamentbarcelona\/wp-content\/blogs.dir\/6\/files\/sites\/228\/2026\/02\/icon-bombers.png 1134w, https:\/\/ccoo.app\/ajuntamentbarcelona\/wp-content\/blogs.dir\/6\/files\/sites\/228\/2026\/02\/icon-bombers-300x300.png 300w, https:\/\/ccoo.app\/ajuntamentbarcelona\/wp-content\/blogs.dir\/6\/files\/sites\/228\/2026\/02\/icon-bombers-1024x1024.png 1024w, https:\/\/ccoo.app\/ajuntamentbarcelona\/wp-content\/blogs.dir\/6\/files\/sites\/228\/2026\/02\/icon-bombers-150x150.png 150w, https:\/\/ccoo.app\/ajuntamentbarcelona\/wp-content\/blogs.dir\/6\/files\/sites\/228\/2026\/02\/icon-bombers-768x768.png 768w\" sizes=\"auto, (max-width: 1134px) 100vw, 1134px\" \/><\/figure>\n<\/div><\/div>\n\n\n\n<div class=\"wp-block-column is-vertically-aligned-center is-layout-flow wp-block-column-is-layout-flow\" style=\"flex-basis:75%\">\n<p>Aquest espai est\u00e0 concebut com el teu canal directe d&#8217;informaci\u00f3, on trobar\u00e0s de manera r\u00e0pida i actualitzada totes les <strong>novetats<\/strong>, els darrers comunicats i l&#8217;actualitat sindical que afecta la plantilla dels <strong>Bombers i bomberes de Barcelona<\/strong>. T&#8217;oferim un punt de consulta \u00e0gil per fer seguiment dels aven\u00e7os en els nostres drets laborals i tota aquella documentaci\u00f3 pr\u00e0ctica per estar sempre al corrent d&#8217;all\u00f2 que impacta directament en el nostre dia a dia al cos.<\/p>\n<\/div>\n<\/div>\n\n\n\n<div style=\"height:25px\" aria-hidden=\"true\" class=\"wp-block-spacer\"><\/div>\n\n\n\n<h2 class=\"wp-block-heading\">Not\u00edcies<\/h2>\n\n\n<ul class=\"wp-block-latest-posts__list is-grid columns-3 has-dates wp-block-latest-posts\"><li><div class=\"wp-block-latest-posts__featured-image\"><img loading=\"lazy\" decoding=\"async\" width=\"300\" height=\"300\" src=\"https:\/\/ccoo.app\/ajuntamentbarcelona\/wp-content\/blogs.dir\/6\/files\/sites\/228\/2026\/03\/speis-300x300.jpg\" class=\"attachment-medium size-medium wp-post-image\" alt=\"SPCPEIS\" style=\"\" srcset=\"https:\/\/ccoo.app\/ajuntamentbarcelona\/wp-content\/blogs.dir\/6\/files\/sites\/228\/2026\/03\/speis-300x300.jpg 300w, https:\/\/ccoo.app\/ajuntamentbarcelona\/wp-content\/blogs.dir\/6\/files\/sites\/228\/2026\/03\/speis-150x150.jpg 150w, https:\/\/ccoo.app\/ajuntamentbarcelona\/wp-content\/blogs.dir\/6\/files\/sites\/228\/2026\/03\/speis-768x768.jpg 768w, https:\/\/ccoo.app\/ajuntamentbarcelona\/wp-content\/blogs.dir\/6\/files\/sites\/228\/2026\/03\/speis.jpg 1024w\" sizes=\"auto, (max-width: 300px) 100vw, 300px\" \/><\/div><a class=\"wp-block-latest-posts__post-title\" href=\"https:\/\/ccoo.app\/ajuntamentbarcelona\/conveni-2025-2028-spcpeis\/\">Conveni 2025-2028 SPCPEIS<\/a><time datetime=\"2026-03-20T13:16:15+01:00\" class=\"wp-block-latest-posts__post-date\">20 de mar\u00e7 de 2026<\/time><div class=\"wp-block-latest-posts__post-excerpt\">Quines s\u00f3n les novetats del nou conveni de SPCPEIS? Aqu\u00ed &#8230; <p class=\"read-more-container\"><a title=\"Conveni 2025-2028 SPCPEIS\" class=\"read-more button\" href=\"https:\/\/ccoo.app\/ajuntamentbarcelona\/conveni-2025-2028-spcpeis\/#more-17298\" aria-label=\"M\u00e9s informaci\u00f3 sobre Conveni 2025-2028 SPCPEIS\">Llegeix-ne m\u00e9s \u00bb<\/a><\/p><\/div><\/li>\n<li><div class=\"wp-block-latest-posts__featured-image\"><img loading=\"lazy\" decoding=\"async\" width=\"300\" height=\"164\" src=\"https:\/\/ccoo.app\/ajuntamentbarcelona\/wp-content\/blogs.dir\/6\/files\/sites\/228\/2026\/03\/Gemini_Generated_Image_fyjraefyjraefyjr-300x164.png\" class=\"attachment-medium size-medium wp-post-image\" alt=\"\" style=\"\" srcset=\"https:\/\/ccoo.app\/ajuntamentbarcelona\/wp-content\/blogs.dir\/6\/files\/sites\/228\/2026\/03\/Gemini_Generated_Image_fyjraefyjraefyjr-300x164.png 300w, https:\/\/ccoo.app\/ajuntamentbarcelona\/wp-content\/blogs.dir\/6\/files\/sites\/228\/2026\/03\/Gemini_Generated_Image_fyjraefyjraefyjr-1024x559.png 1024w, https:\/\/ccoo.app\/ajuntamentbarcelona\/wp-content\/blogs.dir\/6\/files\/sites\/228\/2026\/03\/Gemini_Generated_Image_fyjraefyjraefyjr-768x419.png 768w, https:\/\/ccoo.app\/ajuntamentbarcelona\/wp-content\/blogs.dir\/6\/files\/sites\/228\/2026\/03\/Gemini_Generated_Image_fyjraefyjraefyjr-1536x838.png 1536w, https:\/\/ccoo.app\/ajuntamentbarcelona\/wp-content\/blogs.dir\/6\/files\/sites\/228\/2026\/03\/Gemini_Generated_Image_fyjraefyjraefyjr-2048x1117.png 2048w\" sizes=\"auto, (max-width: 300px) 100vw, 300px\" \/><\/div><a class=\"wp-block-latest-posts__post-title\" href=\"https:\/\/ccoo.app\/ajuntamentbarcelona\/oferta-publica-i-promocio-interna-2026-m26\/\">Oferta P\u00fablica i Promoci\u00f3 Interna 2026<\/a><time datetime=\"2026-03-04T13:03:50+01:00\" class=\"wp-block-latest-posts__post-date\">4 de mar\u00e7 de 2026<\/time><div class=\"wp-block-latest-posts__post-excerpt\">CCOO fem reclamacions a la Mesa General i a la &#8230; <p class=\"read-more-container\"><a title=\"Oferta P\u00fablica i Promoci\u00f3 Interna 2026\" class=\"read-more button\" href=\"https:\/\/ccoo.app\/ajuntamentbarcelona\/oferta-publica-i-promocio-interna-2026-m26\/#more-17208\" aria-label=\"M\u00e9s informaci\u00f3 sobre Oferta P\u00fablica i Promoci\u00f3 Interna 2026\">Llegeix-ne m\u00e9s \u00bb<\/a><\/p><\/div><\/li>\n<li><div class=\"wp-block-latest-posts__featured-image\"><img loading=\"lazy\" decoding=\"async\" width=\"240\" height=\"300\" src=\"https:\/\/ccoo.app\/ajuntamentbarcelona\/wp-content\/blogs.dir\/6\/files\/sites\/228\/2026\/03\/Sense-titol-Publicacio-dInstagram-45-240x300.png\" class=\"attachment-medium size-medium wp-post-image\" alt=\"\" style=\"\" srcset=\"https:\/\/ccoo.app\/ajuntamentbarcelona\/wp-content\/blogs.dir\/6\/files\/sites\/228\/2026\/03\/Sense-titol-Publicacio-dInstagram-45-240x300.png 240w, https:\/\/ccoo.app\/ajuntamentbarcelona\/wp-content\/blogs.dir\/6\/files\/sites\/228\/2026\/03\/Sense-titol-Publicacio-dInstagram-45-819x1024.png 819w, https:\/\/ccoo.app\/ajuntamentbarcelona\/wp-content\/blogs.dir\/6\/files\/sites\/228\/2026\/03\/Sense-titol-Publicacio-dInstagram-45-768x960.png 768w, https:\/\/ccoo.app\/ajuntamentbarcelona\/wp-content\/blogs.dir\/6\/files\/sites\/228\/2026\/03\/Sense-titol-Publicacio-dInstagram-45.png 1080w\" sizes=\"auto, (max-width: 240px) 100vw, 240px\" \/><\/div><a class=\"wp-block-latest-posts__post-title\" href=\"https:\/\/ccoo.app\/ajuntamentbarcelona\/revisio-de-la-prestacio-per-naixement-adopcio-arran-dels-endarreriments-2025-2026\/\">Revisi\u00f3 de la prestaci\u00f3 per naixement\/adopci\u00f3 arran dels endarreriments 2025-2026<\/a><time datetime=\"2026-03-04T09:47:13+01:00\" class=\"wp-block-latest-posts__post-date\">4 de mar\u00e7 de 2026<\/time><div class=\"wp-block-latest-posts__post-excerpt\">Des de CCOO us volem informar de com fer la &#8230; <p class=\"read-more-container\"><a title=\"Revisi\u00f3 de la prestaci\u00f3 per naixement\/adopci\u00f3 arran dels endarreriments 2025-2026\" class=\"read-more button\" href=\"https:\/\/ccoo.app\/ajuntamentbarcelona\/revisio-de-la-prestacio-per-naixement-adopcio-arran-dels-endarreriments-2025-2026\/#more-17195\" aria-label=\"M\u00e9s informaci\u00f3 sobre Revisi\u00f3 de la prestaci\u00f3 per naixement\/adopci\u00f3 arran dels endarreriments 2025-2026\">Llegeix-ne m\u00e9s \u00bb<\/a><\/p><\/div><\/li>\n<li><div class=\"wp-block-latest-posts__featured-image\"><img loading=\"lazy\" decoding=\"async\" width=\"240\" height=\"300\" src=\"https:\/\/ccoo.app\/ajuntamentbarcelona\/wp-content\/blogs.dir\/6\/files\/sites\/228\/2026\/02\/8M-IG-240x300.jpeg\" class=\"attachment-medium size-medium wp-post-image\" alt=\"\" style=\"\" srcset=\"https:\/\/ccoo.app\/ajuntamentbarcelona\/wp-content\/blogs.dir\/6\/files\/sites\/228\/2026\/02\/8M-IG-240x300.jpeg 240w, https:\/\/ccoo.app\/ajuntamentbarcelona\/wp-content\/blogs.dir\/6\/files\/sites\/228\/2026\/02\/8M-IG-819x1024.jpeg 819w, https:\/\/ccoo.app\/ajuntamentbarcelona\/wp-content\/blogs.dir\/6\/files\/sites\/228\/2026\/02\/8M-IG-768x960.jpeg 768w, https:\/\/ccoo.app\/ajuntamentbarcelona\/wp-content\/blogs.dir\/6\/files\/sites\/228\/2026\/02\/8M-IG-e1771849503109.jpeg 500w\" sizes=\"auto, (max-width: 240px) 100vw, 240px\" \/><\/div><a class=\"wp-block-latest-posts__post-title\" href=\"https:\/\/ccoo.app\/ajuntamentbarcelona\/8-de-marc-reivindicacio-compromis-i-accio-sindical-per-la-igualtat-real\/\">8 de mar\u00e7: reivindicaci\u00f3, comprom\u00eds i acci\u00f3 sindical per la igualtat real<\/a><time datetime=\"2026-02-27T12:05:21+01:00\" class=\"wp-block-latest-posts__post-date\">27 de febrer de 2026<\/time><div class=\"wp-block-latest-posts__post-excerpt\">Dia Internacional de les Dones El 8 de mar\u00e7 \u00e9s &#8230; <p class=\"read-more-container\"><a title=\"8 de mar\u00e7: reivindicaci\u00f3, comprom\u00eds i acci\u00f3 sindical per la igualtat real\" class=\"read-more button\" href=\"https:\/\/ccoo.app\/ajuntamentbarcelona\/8-de-marc-reivindicacio-compromis-i-accio-sindical-per-la-igualtat-real\/#more-17168\" aria-label=\"M\u00e9s informaci\u00f3 sobre 8 de mar\u00e7: reivindicaci\u00f3, comprom\u00eds i acci\u00f3 sindical per la igualtat real\">Llegeix-ne m\u00e9s \u00bb<\/a><\/p><\/div><\/li>\n<li><div class=\"wp-block-latest-posts__featured-image\"><img loading=\"lazy\" decoding=\"async\" width=\"300\" height=\"203\" src=\"https:\/\/ccoo.app\/ajuntamentbarcelona\/wp-content\/blogs.dir\/6\/files\/sites\/228\/2026\/02\/Ajuda-6-fills-menors-300x203.jpg\" class=\"attachment-medium size-medium wp-post-image\" alt=\"\" style=\"\" srcset=\"https:\/\/ccoo.app\/ajuntamentbarcelona\/wp-content\/blogs.dir\/6\/files\/sites\/228\/2026\/02\/Ajuda-6-fills-menors-300x203.jpg 300w, https:\/\/ccoo.app\/ajuntamentbarcelona\/wp-content\/blogs.dir\/6\/files\/sites\/228\/2026\/02\/Ajuda-6-fills-menors-768x520.jpg 768w, https:\/\/ccoo.app\/ajuntamentbarcelona\/wp-content\/blogs.dir\/6\/files\/sites\/228\/2026\/02\/Ajuda-6-fills-menors.jpg 858w\" sizes=\"auto, (max-width: 300px) 100vw, 300px\" \/><\/div><a class=\"wp-block-latest-posts__post-title\" href=\"https:\/\/ccoo.app\/ajuntamentbarcelona\/nou-ajut-per-a-menors-fins-a-13-anys\/\">NOU AJUT PER A MENORS FINS A 13 ANYS<\/a><time datetime=\"2026-02-25T11:27:12+01:00\" class=\"wp-block-latest-posts__post-date\">25 de febrer de 2026<\/time><div class=\"wp-block-latest-posts__post-excerpt\">Substituci\u00f3 de la bonificaci\u00f3 del 6% Des de Comissions Obreres &#8230; <p class=\"read-more-container\"><a title=\"NOU AJUT PER A MENORS FINS A 13 ANYS\" class=\"read-more button\" href=\"https:\/\/ccoo.app\/ajuntamentbarcelona\/nou-ajut-per-a-menors-fins-a-13-anys\/#more-17177\" aria-label=\"M\u00e9s informaci\u00f3 sobre NOU AJUT PER A MENORS FINS A 13 ANYS\">Llegeix-ne m\u00e9s \u00bb<\/a><\/p><\/div><\/li>\n<li><div class=\"wp-block-latest-posts__featured-image\"><img loading=\"lazy\" decoding=\"async\" width=\"300\" height=\"199\" src=\"https:\/\/ccoo.app\/ajuntamentbarcelona\/wp-content\/blogs.dir\/6\/files\/sites\/228\/2026\/01\/document-428331_1280-300x199.jpg\" class=\"attachment-medium size-medium wp-post-image\" alt=\"\" style=\"\" srcset=\"https:\/\/ccoo.app\/ajuntamentbarcelona\/wp-content\/blogs.dir\/6\/files\/sites\/228\/2026\/01\/document-428331_1280-300x199.jpg 300w, https:\/\/ccoo.app\/ajuntamentbarcelona\/wp-content\/blogs.dir\/6\/files\/sites\/228\/2026\/01\/document-428331_1280-1024x681.jpg 1024w, https:\/\/ccoo.app\/ajuntamentbarcelona\/wp-content\/blogs.dir\/6\/files\/sites\/228\/2026\/01\/document-428331_1280-768x511.jpg 768w, https:\/\/ccoo.app\/ajuntamentbarcelona\/wp-content\/blogs.dir\/6\/files\/sites\/228\/2026\/01\/document-428331_1280.jpg 1280w\" sizes=\"auto, (max-width: 300px) 100vw, 300px\" \/><\/div><a class=\"wp-block-latest-posts__post-title\" href=\"https:\/\/ccoo.app\/ajuntamentbarcelona\/aclariments-sobre-el-nou-conveni\/\">ACLARIMENTS SOBRE EL NOU CONVENI<\/a><time datetime=\"2026-01-28T13:09:01+01:00\" class=\"wp-block-latest-posts__post-date\">28 de gener de 2026<\/time><div class=\"wp-block-latest-posts__post-excerpt\">Des de CCOO, com ja us vam explicar en l\u2019\u00faltim &#8230; <p class=\"read-more-container\"><a title=\"ACLARIMENTS SOBRE EL NOU CONVENI\" class=\"read-more button\" href=\"https:\/\/ccoo.app\/ajuntamentbarcelona\/aclariments-sobre-el-nou-conveni\/#more-16851\" aria-label=\"M\u00e9s informaci\u00f3 sobre ACLARIMENTS SOBRE EL NOU CONVENI\">Llegeix-ne m\u00e9s \u00bb<\/a><\/p><\/div><\/li>\n<li><div class=\"wp-block-latest-posts__featured-image\"><img loading=\"lazy\" decoding=\"async\" width=\"300\" height=\"169\" src=\"https:\/\/ccoo.app\/ajuntamentbarcelona\/wp-content\/blogs.dir\/6\/files\/sites\/228\/2026\/01\/Diseno-sin-titulo-300x169.jpg\" class=\"attachment-medium size-medium wp-post-image\" alt=\"\" style=\"\" srcset=\"https:\/\/ccoo.app\/ajuntamentbarcelona\/wp-content\/blogs.dir\/6\/files\/sites\/228\/2026\/01\/Diseno-sin-titulo-300x169.jpg 300w, https:\/\/ccoo.app\/ajuntamentbarcelona\/wp-content\/blogs.dir\/6\/files\/sites\/228\/2026\/01\/Diseno-sin-titulo-1024x576.jpg 1024w, https:\/\/ccoo.app\/ajuntamentbarcelona\/wp-content\/blogs.dir\/6\/files\/sites\/228\/2026\/01\/Diseno-sin-titulo-768x432.jpg 768w, https:\/\/ccoo.app\/ajuntamentbarcelona\/wp-content\/blogs.dir\/6\/files\/sites\/228\/2026\/01\/Diseno-sin-titulo-1536x864.jpg 1536w, https:\/\/ccoo.app\/ajuntamentbarcelona\/wp-content\/blogs.dir\/6\/files\/sites\/228\/2026\/01\/Diseno-sin-titulo.jpg 1920w\" sizes=\"auto, (max-width: 300px) 100vw, 300px\" \/><\/div><a class=\"wp-block-latest-posts__post-title\" href=\"https:\/\/ccoo.app\/ajuntamentbarcelona\/ultima-mesa-general-de-conveni-aclariments-i-modificacions-rellevants\/\">\u00daLTIMA MESA GENERAL DE CONVENI<\/a><time datetime=\"2026-01-16T12:49:24+01:00\" class=\"wp-block-latest-posts__post-date\">16 de gener de 2026<\/time><div class=\"wp-block-latest-posts__post-excerpt\">ACLARIMENTS PREVIS A LA SIGNATURA DEL NOU CONVENI AL PLE &#8230; <p class=\"read-more-container\"><a title=\"\u00daLTIMA MESA GENERAL DE CONVENI\" class=\"read-more button\" href=\"https:\/\/ccoo.app\/ajuntamentbarcelona\/ultima-mesa-general-de-conveni-aclariments-i-modificacions-rellevants\/#more-16843\" aria-label=\"M\u00e9s informaci\u00f3 sobre \u00daLTIMA MESA GENERAL DE CONVENI\">Llegeix-ne m\u00e9s \u00bb<\/a><\/p><\/div><\/li>\n<li><div class=\"wp-block-latest-posts__featured-image\"><img loading=\"lazy\" decoding=\"async\" width=\"300\" height=\"193\" src=\"https:\/\/ccoo.app\/ajuntamentbarcelona\/wp-content\/blogs.dir\/6\/files\/sites\/228\/2025\/12\/cobro-atrasos-300x193.jpg\" class=\"attachment-medium size-medium wp-post-image\" alt=\"\" style=\"\" srcset=\"https:\/\/ccoo.app\/ajuntamentbarcelona\/wp-content\/blogs.dir\/6\/files\/sites\/228\/2025\/12\/cobro-atrasos-300x193.jpg 300w, https:\/\/ccoo.app\/ajuntamentbarcelona\/wp-content\/blogs.dir\/6\/files\/sites\/228\/2025\/12\/cobro-atrasos.jpg 487w\" sizes=\"auto, (max-width: 300px) 100vw, 300px\" \/><\/div><a class=\"wp-block-latest-posts__post-title\" href=\"https:\/\/ccoo.app\/ajuntamentbarcelona\/aplicacio-de-lacord-estatal-signat-per-ccoo-al-febrer-cobrem-els-endarreriments\/\">APLICACI\u00d3 DE L\u2019ACORD ESTATAL SIGNAT PER CCOO: AL FEBRER COBREM ELS ENDARRERIMENTS!<\/a><time datetime=\"2025-12-10T09:09:13+01:00\" class=\"wp-block-latest-posts__post-date\">10 de desembre de 2025<\/time><div class=\"wp-block-latest-posts__post-excerpt\">Ahir, a la Mesa General, CCOO vam exigir a l\u2019Ajuntament &#8230; <p class=\"read-more-container\"><a title=\"APLICACI\u00d3 DE L\u2019ACORD ESTATAL SIGNAT PER CCOO: AL FEBRER COBREM ELS ENDARRERIMENTS!\" class=\"read-more button\" href=\"https:\/\/ccoo.app\/ajuntamentbarcelona\/aplicacio-de-lacord-estatal-signat-per-ccoo-al-febrer-cobrem-els-endarreriments\/#more-14283\" aria-label=\"M\u00e9s informaci\u00f3 sobre APLICACI\u00d3 DE L\u2019ACORD ESTATAL SIGNAT PER CCOO: AL FEBRER COBREM ELS ENDARRERIMENTS!\">Llegeix-ne m\u00e9s \u00bb<\/a><\/p><\/div><\/li>\n<li><div class=\"wp-block-latest-posts__featured-image\"><img loading=\"lazy\" decoding=\"async\" width=\"300\" height=\"170\" src=\"https:\/\/ccoo.app\/ajuntamentbarcelona\/wp-content\/blogs.dir\/6\/files\/sites\/228\/2025\/12\/I-Sal-300x170.jpg\" class=\"attachment-medium size-medium wp-post-image\" alt=\"\" style=\"\" srcset=\"https:\/\/ccoo.app\/ajuntamentbarcelona\/wp-content\/blogs.dir\/6\/files\/sites\/228\/2025\/12\/I-Sal-300x170.jpg 300w, https:\/\/ccoo.app\/ajuntamentbarcelona\/wp-content\/blogs.dir\/6\/files\/sites\/228\/2025\/12\/I-Sal.jpg 576w\" sizes=\"auto, (max-width: 300px) 100vw, 300px\" \/><\/div><a class=\"wp-block-latest-posts__post-title\" href=\"https:\/\/ccoo.app\/ajuntamentbarcelona\/ccoo-subscriu-lacord-de-millora-de-condicions-del-personal-public-2025-2028\/\">CCOO SUBSCRIU L\u2019ACORD DE MILLORA DE CONDICIONS DEL PERSONAL P\u00daBLIC 2025-2028<\/a><time datetime=\"2025-12-03T10:59:34+01:00\" class=\"wp-block-latest-posts__post-date\">3 de desembre de 2025<\/time><div class=\"wp-block-latest-posts__post-excerpt\">Us informem que CCOO ha subscrit un nou acord plurianual &#8230; <p class=\"read-more-container\"><a title=\"CCOO SUBSCRIU L\u2019ACORD DE MILLORA DE CONDICIONS DEL PERSONAL P\u00daBLIC 2025-2028\" class=\"read-more button\" href=\"https:\/\/ccoo.app\/ajuntamentbarcelona\/ccoo-subscriu-lacord-de-millora-de-condicions-del-personal-public-2025-2028\/#more-14280\" aria-label=\"M\u00e9s informaci\u00f3 sobre CCOO SUBSCRIU L\u2019ACORD DE MILLORA DE CONDICIONS DEL PERSONAL P\u00daBLIC 2025-2028\">Llegeix-ne m\u00e9s \u00bb<\/a><\/p><\/div><\/li>\n<\/ul>\n\n\n<div style=\"height:25px\" aria-hidden=\"true\" class=\"wp-block-spacer\"><\/div>\n\n\n<div class=\"wp-block-image\">\n<figure class=\"aligncenter size-large\"><img loading=\"lazy\" decoding=\"async\" width=\"1024\" height=\"341\" src=\"http:\/\/ccoo.app\/ajuntamentbarcelona\/wp-content\/blogs.dir\/6\/files\/sites\/228\/2023\/06\/WEB-BANNER-PEU-BOMBERS-1024x341.png\" alt=\"\" class=\"wp-image-10710\" srcset=\"https:\/\/ccoo.app\/ajuntamentbarcelona\/wp-content\/blogs.dir\/6\/files\/sites\/228\/2023\/06\/WEB-BANNER-PEU-BOMBERS-1024x341.png 1024w, https:\/\/ccoo.app\/ajuntamentbarcelona\/wp-content\/blogs.dir\/6\/files\/sites\/228\/2023\/06\/WEB-BANNER-PEU-BOMBERS-300x100.png 300w, https:\/\/ccoo.app\/ajuntamentbarcelona\/wp-content\/blogs.dir\/6\/files\/sites\/228\/2023\/06\/WEB-BANNER-PEU-BOMBERS-768x256.png 768w, https:\/\/ccoo.app\/ajuntamentbarcelona\/wp-content\/blogs.dir\/6\/files\/sites\/228\/2023\/06\/WEB-BANNER-PEU-BOMBERS.png 1200w\" sizes=\"auto, (max-width: 1024px) 100vw, 1024px\" \/><\/figure>\n<\/div>","protected":false},"excerpt":{"rendered":"<p>Aquest espai est\u00e0 concebut com el teu canal directe d&#8217;informaci\u00f3, on trobar\u00e0s de manera r\u00e0pida i actualitzada totes les novetats, els darrers comunicats i l&#8217;actualitat sindical que afecta la plantilla &#8230; <\/p>\n<p class=\"read-more-container\"><a title=\"Bombers i bomberes\" class=\"read-more button\" href=\"https:\/\/ccoo.app\/ajuntamentbarcelona\/bombers\/#more-7847\" aria-label=\"M\u00e9s informaci\u00f3 sobre Bombers i bomberes\">Llegeix-ne m\u00e9s \u00bb<\/a><\/p>\n","protected":false},"author":97114,"featured_media":0,"parent":0,"menu_order":200,"comment_status":"closed","ping_status":"closed","template":"","meta":{"footnotes":""},"class_list":["post-7847","page","type-page","status-publish"],"_links":{"self":[{"href":"https:\/\/ccoo.app\/ajuntamentbarcelona\/wp-json\/wp\/v2\/pages\/7847","targetHints":{"allow":["GET"]}}],"collection":[{"href":"https:\/\/ccoo.app\/ajuntamentbarcelona\/wp-json\/wp\/v2\/pages"}],"about":[{"href":"https:\/\/ccoo.app\/ajuntamentbarcelona\/wp-json\/wp\/v2\/types\/page"}],"author":[{"embeddable":true,"href":"https:\/\/ccoo.app\/ajuntamentbarcelona\/wp-json\/wp\/v2\/users\/97114"}],"replies":[{"embeddable":true,"href":"https:\/\/ccoo.app\/ajuntamentbarcelona\/wp-json\/wp\/v2\/comments?post=7847"}],"version-history":[{"count":5,"href":"https:\/\/ccoo.app\/ajuntamentbarcelona\/wp-json\/wp\/v2\/pages\/7847\/revisions"}],"predecessor-version":[{"id":16963,"href":"https:\/\/ccoo.app\/ajuntamentbarcelona\/wp-json\/wp\/v2\/pages\/7847\/revisions\/16963"}],"wp:attachment":[{"href":"https:\/\/ccoo.app\/ajuntamentbarcelona\/wp-json\/wp\/v2\/media?parent=7847"}],"curies":[{"name":"wp","href":"https:\/\/api.w.org\/{rel}","templated":true}]}}