{"id":5670,"date":"2020-04-11T16:42:03","date_gmt":"2020-04-11T15:42:03","guid":{"rendered":"https:\/\/ccoo.app\/ajuntamentbarcelona\/?page_id=5670"},"modified":"2020-04-11T16:42:03","modified_gmt":"2020-04-11T15:42:03","slug":"informacio-rellevant-pels-delegats-i-delegades-sobre-el-covid-19","status":"publish","type":"page","link":"https:\/\/ccoo.app\/ajuntamentbarcelona\/ccooajtbcn\/salut-laboral\/informacio-rellevant-pels-delegats-i-delegades-sobre-el-covid-19\/","title":{"rendered":"Informaci\u00f3 rellevant pels delegats i delegades sobre el COVID-19"},"content":{"rendered":"<p><img loading=\"lazy\" decoding=\"async\" class=\"size-full wp-image-5671 aligncenter\" src=\"http:\/\/ccoo.app\/ajuntamentbarcelona\/wp-content\/blogs.dir\/6\/files\/sites\/228\/2020\/04\/covid-19-4987804_640.jpg\" alt=\"\" width=\"640\" height=\"427\" srcset=\"https:\/\/ccoo.app\/ajuntamentbarcelona\/wp-content\/blogs.dir\/6\/files\/sites\/228\/2020\/04\/covid-19-4987804_640.jpg 640w, https:\/\/ccoo.app\/ajuntamentbarcelona\/wp-content\/blogs.dir\/6\/files\/sites\/228\/2020\/04\/covid-19-4987804_640-300x200.jpg 300w\" sizes=\"auto, (max-width: 640px) 100vw, 640px\" \/><\/p>\n<p>&nbsp;<\/p>\n<p>Informaci\u00f3 rellevant pels delegats i delegades de la secci\u00f3 sindical de Comissions Obreres a l&#8217;Ajuntamnet de Barcelona sobre el COVID-19:<\/p>\n<p>&nbsp;<\/p>\n<p><strong>GOBIERNO DE ESPA\u00d1A<\/strong><\/p>\n<ul>\n<li id=\"estado\">[17\/03\/2020]<a href=\"http:\/\/noticias.juridicas.com\/base_datos\/Fiscal\/662116-rd-ley-8-2020-de-17-mar-medidas-urgentes-extraordinarias-para-hacer-frente.html\" target=\"_blank\" rel=\"noopener noreferrer\"> Real Decreto-ley 8\/2020, de 17 de marzo, de medidas urgentes extraordinarias para hacer frente al impacto econ\u00f3mico y social del COVID-19<\/a><\/li>\n<li>[27\/03\/2020]<a href=\"http:\/\/noticias.juridicas.com\/base_datos\/Laboral\/662749-real-decreto-ley-9-2020-de-27-de-marzo-por-el-que-se-adoptan-medidas-complementarias.html\" target=\"_blank\" rel=\"noopener noreferrer\"> Real Decreto-ley 9\/2020, de 27 de marzo, por el que se adoptan medidas complementarias, en el \u00e1mbito laboral, para paliar los efectos derivados del COVID-19<\/a><\/li>\n<li>[21\/04\/2020] <a href=\"http:\/\/noticias.juridicas.com\/base_datos\/Fiscal\/663969-real-decreto-ley-15-2020-de-21-de-abril-de-medidas-urgentes-complementarias.html\" target=\"_blank\" rel=\"noopener noreferrer\">Real Decreto-ley 15\/2020, de 21 de abril, de medidas urgentes complementarias para apoyar la econom\u00eda y el empleo<\/a><\/li>\n<\/ul>\n<p>&nbsp;<\/p>\n<p><strong>CCOO<\/strong><\/p>\n<ol>\n<li>[08\/04\/2020] <strong>Secretaria de Salud Laboral<\/strong> <a href=\"http:\/\/ccoo.app\/ajuntamentbarcelona\/wp-content\/blogs.dir\/6\/files\/sites\/228\/2020\/04\/012-2020-Comunicado-Procedimiento-actuacion-SP-8-abril.pdf\">PROCEDIMIENTO DE ACTUACI\u00d3N PARA LOS SERVICIOS DE PREVENCI\u00d3N DE RIESGOS LABORALES FRENTE A LA EXPOSICI\u00d3N AL CORONAVIRUS (SARS-COV-2) <\/a><\/li>\n<li>[09\/04\/2020] <a href=\"http:\/\/ccoo.app\/ajuntamentbarcelona\/wp-content\/blogs.dir\/6\/files\/sites\/228\/2020\/04\/criteris_sindicals_represa_activitat_segura.pdf\">CRITERIS D&#8217;INTERVENCI\u00d3 SINDICAL DAVANT LA REPRESA ESGLAONADA DE L&#8217;ACTIVITAT EN LES EMPRESES. COVID19.<\/a><\/li>\n<li>[09\/04\/2020] <a href=\"http:\/\/ccoo.app\/ajuntamentbarcelona\/wp-content\/blogs.dir\/6\/files\/sites\/228\/2020\/04\/orientacions_sindicals_permis_retribuit_recuperable.pdf\">ORIENTACIONS SINDICALS PER A LA NEGOCIACI\u00d3 A LES EMPRESES LA RECUPERACI\u00d3 DEL PERM\u00cdS RETRIBU\u00cfT RECUPERABLE DEL RD 10\/2020<\/a><\/li>\n<li>[23\/04\/2020] <a href=\"http:\/\/ccoo.app\/ajuntamentbarcelona\/wp-content\/blogs.dir\/6\/files\/sites\/228\/2020\/04\/Decalogo-retorno-no-esenciales.pdf\" target=\"_blank\" rel=\"noopener noreferrer\">DEC\u00c1LOGO ANTE EL RETORNO AL TRABAJO DE ACTIVIDADES NO ESENCIALES<\/a><\/li>\n<li>[24\/04\/2020] <a href=\"http:\/\/ccoo.app\/ajuntamentbarcelona\/wp-content\/blogs.dir\/6\/files\/sites\/228\/2020\/04\/pres_RDL-15_2020.pdf\" target=\"_blank\" rel=\"noopener noreferrer\">Real Decreto ley 15\/2020, de 21 de abril, de medidas urgentes complementarias<\/a><br \/>\npara apoyar la econom\u00eda y el empleo. (modifica i amplia RDL 8\/2020 y RDL 9\/2020)<\/li>\n<\/ol>\n<p>&nbsp;<\/p>\n<p><strong>Ministerio de Sanidad<\/strong><\/p>\n<ol>\n<li>[08\/04\/2020] <a href=\"http:\/\/ccoo.app\/ajuntamentbarcelona\/wp-content\/blogs.dir\/6\/files\/sites\/228\/2020\/04\/PrevencionRRLL_COVID-19-8-abril-2020.pdf\">PROCEDIMIENTO DE ACTUACI\u00d3N PARA LOS SERVICIOS DE PREVENCION DE RIESGOS LABORALES FRENTE A LA EXPOSICI\u00d3N AL SARS-CoV-2<\/a><\/li>\n<li>[08\/04\/2020] <a href=\"http:\/\/ccoo.app\/ajuntamentbarcelona\/wp-content\/blogs.dir\/6\/files\/sites\/228\/2020\/04\/NOTA_INTERPRETATIVA_TABLA_1_PROCEDIMIENTO_SPRL-8-abril-2020.pdf\" target=\"_blank\" rel=\"noopener noreferrer\">NOTA INTERPRETATIVA DE LOS ESCENARIOS DE RIESGO DE EXPOSICI\u00d3N ESTABLECIDOS EN EL PROCEDIMIENTO DE ACTUACI\u00d3N PARA LOS SERVICIOS DE PREVENCI\u00d3N DE RIESGOS LABORALES FRENTE A LA EXPOSICI\u00d3N AL NUEVO CORONAVIRUS (SARS-COV-2)<\/a><\/li>\n<li>[08\/04\/2020] <strong><span style=\"text-decoration: underline\">Directr\u00edces para centros de trabajo:<\/span><\/strong> <a href=\"http:\/\/ccoo.app\/ajuntamentbarcelona\/wp-content\/blogs.dir\/6\/files\/sites\/228\/2020\/04\/DIRECTRICES-PARA-CENTROS-DE-TRABAJO-COVID-19.pdf.pdf\">Los pr\u00f3ximos lunes y martes, 13 y 14 de abril, habr\u00e1 personal de Protecci\u00f3n Civil en las estaciones de Metro y Cercan\u00edas de las grandes ciudades para proporcionar mascarillas a las personas que las necesiten.<\/a><\/li>\n<\/ol>\n<p>&nbsp;<\/p>\n<p><strong>Ministerio de Trabajo y Econ\u00f3mia Social<\/strong><\/p>\n<ol>\n<li>[09\/04\/2020] <a href=\"http:\/\/ccoo.app\/ajuntamentbarcelona\/wp-content\/blogs.dir\/6\/files\/sites\/228\/2020\/04\/Medidas-preventivas-generales-para-garantizar-la-separacion-entre-trabajadores-frente-a-COVID-19.pdf.pdf\">MEDIDAS PREVENTIVAS GENERALES PARA GARANTIZAR LA SEPARACI\u00d3N ENTRE TRABAJADORES FRENTE A COVID-19<\/a><\/li>\n<\/ol>\n<p>&nbsp;<\/p>\n<p><strong>Ministerio de Pol\u00edtica Territorial y Funci\u00f3n P\u00fablica<\/strong><\/p>\n<ol>\n<li>&nbsp;[23\/04\/2020] <a href=\"http:\/\/ccoo.app\/ajuntamentbarcelona\/wp-content\/blogs.dir\/6\/files\/sites\/228\/2020\/04\/Instruccion-SGFP-reincorporacion-personal-220420.pdf-1.pdf\" target=\"_blank\" rel=\"noopener noreferrer\">MEDIDAS Y L\u00cdNEAS DE ACTUACI\u00d3N EN MATERIA DE PREVENCI\u00d3N DE RIESGOS LABORALES FRENTE AL COVID-19 DE CARA A LA REINCORPORACI\u00d3N PRESENCIAL DEL PERSONAL.<\/a><\/li>\n<\/ol>\n<p>&nbsp;<\/p>\n","protected":false},"excerpt":{"rendered":"<p>&nbsp; Informaci\u00f3 rellevant pels delegats i delegades de la secci\u00f3 sindical de Comissions Obreres a l&#8217;Ajuntamnet de Barcelona sobre el COVID-19: &nbsp; GOBIERNO DE ESPA\u00d1A [17\/03\/2020] Real Decreto-ley 8\/2020, de &#8230; <\/p>\n<p class=\"read-more-container\"><a title=\"Informaci\u00f3 rellevant pels delegats i delegades sobre el COVID-19\" class=\"read-more button\" href=\"https:\/\/ccoo.app\/ajuntamentbarcelona\/ccooajtbcn\/salut-laboral\/informacio-rellevant-pels-delegats-i-delegades-sobre-el-covid-19\/#more-5670\" aria-label=\"M\u00e9s informaci\u00f3 sobre Informaci\u00f3 rellevant pels delegats i delegades sobre el COVID-19\">Llegeix-ne m\u00e9s \u00bb<\/a><\/p>\n","protected":false},"author":97112,"featured_media":5671,"parent":465,"menu_order":5,"comment_status":"closed","ping_status":"closed","template":"","meta":{"footnotes":""},"class_list":["post-5670","page","type-page","status-publish","has-post-thumbnail"],"_links":{"self":[{"href":"https:\/\/ccoo.app\/ajuntamentbarcelona\/wp-json\/wp\/v2\/pages\/5670","targetHints":{"allow":["GET"]}}],"collection":[{"href":"https:\/\/ccoo.app\/ajuntamentbarcelona\/wp-json\/wp\/v2\/pages"}],"about":[{"href":"https:\/\/ccoo.app\/ajuntamentbarcelona\/wp-json\/wp\/v2\/types\/page"}],"author":[{"embeddable":true,"href":"https:\/\/ccoo.app\/ajuntamentbarcelona\/wp-json\/wp\/v2\/users\/97112"}],"replies":[{"embeddable":true,"href":"https:\/\/ccoo.app\/ajuntamentbarcelona\/wp-json\/wp\/v2\/comments?post=5670"}],"version-history":[{"count":0,"href":"https:\/\/ccoo.app\/ajuntamentbarcelona\/wp-json\/wp\/v2\/pages\/5670\/revisions"}],"up":[{"embeddable":true,"href":"https:\/\/ccoo.app\/ajuntamentbarcelona\/wp-json\/wp\/v2\/pages\/465"}],"wp:featuredmedia":[{"embeddable":true,"href":"https:\/\/ccoo.app\/ajuntamentbarcelona\/wp-json\/wp\/v2\/media\/5671"}],"wp:attachment":[{"href":"https:\/\/ccoo.app\/ajuntamentbarcelona\/wp-json\/wp\/v2\/media?parent=5670"}],"curies":[{"name":"wp","href":"https:\/\/api.w.org\/{rel}","templated":true}]}}