{"id":25,"date":"2020-02-13T13:17:50","date_gmt":"2020-02-13T18:17:50","guid":{"rendered":"https:\/\/gpsites.co\/read\/?page_id=25"},"modified":"2026-02-20T13:52:42","modified_gmt":"2026-02-20T12:52:42","slug":"home","status":"publish","type":"page","link":"https:\/\/ccoo.app\/ajuntamentbarcelona\/","title":{"rendered":"Inici"},"content":{"rendered":"\n<div class=\"wp-block-cover alignfull is-light\" style=\"min-height:400px;aspect-ratio:unset;\"><img loading=\"lazy\" decoding=\"async\" width=\"1440\" height=\"400\" class=\"wp-block-cover__image-background wp-image-2637\" alt=\"\" src=\"http:\/\/ccoo.app\/plantilla\/wp-content\/blogs.dir\/6\/files\/sites\/8\/2021\/02\/fond-cabecera-ccoo-1-1.jpg\" data-object-fit=\"cover\" srcset=\"https:\/\/ccoo.app\/ajuntamentbarcelona\/wp-content\/blogs.dir\/6\/files\/sites\/228\/2021\/02\/fond-cabecera-ccoo-1-1.jpg 1440w, https:\/\/ccoo.app\/ajuntamentbarcelona\/wp-content\/blogs.dir\/6\/files\/sites\/228\/2021\/02\/fond-cabecera-ccoo-1-1-300x83.jpg 300w, https:\/\/ccoo.app\/ajuntamentbarcelona\/wp-content\/blogs.dir\/6\/files\/sites\/228\/2021\/02\/fond-cabecera-ccoo-1-1-1024x284.jpg 1024w, https:\/\/ccoo.app\/ajuntamentbarcelona\/wp-content\/blogs.dir\/6\/files\/sites\/228\/2021\/02\/fond-cabecera-ccoo-1-1-768x213.jpg 768w\" sizes=\"auto, (max-width: 1440px) 100vw, 1440px\" \/><span aria-hidden=\"true\" class=\"wp-block-cover__background has-background-dim-0 has-background-dim\"><\/span><div class=\"wp-block-cover__inner-container is-layout-flow wp-block-cover-is-layout-flow\">\n<h1 class=\"wp-block-heading has-text-align-center has-black-color has-text-color\" id=\"seccion-sindical\" style=\"font-size:44px\">CCOO a l&#8217;Ajuntament de Barcelona<\/h1>\n\n\n<div class=\"wp-block-image\">\n<figure class=\"aligncenter size-large\"><a href=\"https:\/\/ccoo.app\/ajuntamentbarcelona\/conveni\/\"><img loading=\"lazy\" decoding=\"async\" width=\"1024\" height=\"270\" src=\"https:\/\/ccoo.app\/ajuntamentbarcelona\/wp-content\/blogs.dir\/6\/files\/sites\/228\/2026\/02\/signat-conveni-collectiu-1024x270.jpg\" alt=\"\" class=\"wp-image-17151\" srcset=\"https:\/\/ccoo.app\/ajuntamentbarcelona\/wp-content\/blogs.dir\/6\/files\/sites\/228\/2026\/02\/signat-conveni-collectiu-1024x270.jpg 1024w, https:\/\/ccoo.app\/ajuntamentbarcelona\/wp-content\/blogs.dir\/6\/files\/sites\/228\/2026\/02\/signat-conveni-collectiu-300x79.jpg 300w, https:\/\/ccoo.app\/ajuntamentbarcelona\/wp-content\/blogs.dir\/6\/files\/sites\/228\/2026\/02\/signat-conveni-collectiu-768x203.jpg 768w, https:\/\/ccoo.app\/ajuntamentbarcelona\/wp-content\/blogs.dir\/6\/files\/sites\/228\/2026\/02\/signat-conveni-collectiu-1536x406.jpg 1536w, https:\/\/ccoo.app\/ajuntamentbarcelona\/wp-content\/blogs.dir\/6\/files\/sites\/228\/2026\/02\/signat-conveni-collectiu-2048x541.jpg 2048w\" sizes=\"auto, (max-width: 1024px) 100vw, 1024px\" \/><\/a><\/figure>\n<\/div>\n\n\n<div class=\"wp-block-group alignwide is-vertical is-content-justification-center is-layout-flex wp-container-core-group-is-layout-4b2eccd6 wp-block-group-is-layout-flex\">\n<div style=\"height:0px\" aria-hidden=\"true\" class=\"wp-block-spacer wp-container-content-1ac3d91d\"><\/div>\n\n\n\n<div class=\"wp-block-buttons is-layout-flex wp-block-buttons-is-layout-flex\">\n<div class=\"wp-block-button\"><a class=\"wp-block-button__link wp-element-button\" href=\"https:\/\/ccoo.cat\/afiliat\" target=\"_blank\" rel=\"noreferrer noopener\">Afilia&#8217;t \u00bb<\/a><\/div>\n\n\n\n<div class=\"wp-block-button\"><a class=\"wp-block-button__link has-contrast-background-color has-background wp-element-button\" href=\"https:\/\/ccoo.app\/ajuntamentbarcelona\/contacta\/\">Contacta \u00bb<\/a><\/div>\n<\/div>\n\n\n\n<div style=\"height:0px\" aria-hidden=\"true\" class=\"wp-block-spacer wp-container-content-1ac3d91d\"><\/div>\n<\/div>\n<\/div><\/div>\n\n\n\n<div style=\"height:20px\" aria-hidden=\"true\" class=\"wp-block-spacer\"><\/div>\n\n\n\n<div class=\"wp-block-columns is-layout-flex wp-container-core-columns-is-layout-9d6595d7 wp-block-columns-is-layout-flex\">\n<div class=\"wp-block-column is-layout-flow wp-block-column-is-layout-flow\">\n<figure class=\"wp-block-image size-large\"><a href=\"https:\/\/ccoo.app\/ajuntamentbarcelona\/category\/ajuntament\/\"><img loading=\"lazy\" decoding=\"async\" width=\"1024\" height=\"1024\" src=\"https:\/\/ccoo.app\/ajuntamentbarcelona\/wp-content\/blogs.dir\/6\/files\/sites\/228\/2026\/02\/icon-altres-1024x1024.png\" alt=\"\" class=\"wp-image-16941\" srcset=\"https:\/\/ccoo.app\/ajuntamentbarcelona\/wp-content\/blogs.dir\/6\/files\/sites\/228\/2026\/02\/icon-altres-1024x1024.png 1024w, https:\/\/ccoo.app\/ajuntamentbarcelona\/wp-content\/blogs.dir\/6\/files\/sites\/228\/2026\/02\/icon-altres-300x300.png 300w, https:\/\/ccoo.app\/ajuntamentbarcelona\/wp-content\/blogs.dir\/6\/files\/sites\/228\/2026\/02\/icon-altres-150x150.png 150w, https:\/\/ccoo.app\/ajuntamentbarcelona\/wp-content\/blogs.dir\/6\/files\/sites\/228\/2026\/02\/icon-altres-768x768.png 768w, https:\/\/ccoo.app\/ajuntamentbarcelona\/wp-content\/blogs.dir\/6\/files\/sites\/228\/2026\/02\/icon-altres.png 1134w\" sizes=\"auto, (max-width: 1024px) 100vw, 1024px\" \/><\/a><\/figure>\n<\/div>\n\n\n\n<div class=\"wp-block-column is-layout-flow wp-block-column-is-layout-flow\">\n<figure class=\"wp-block-image size-full\"><a href=\"https:\/\/ccoo.app\/ajuntamentbarcelona\/category\/guardia-urbana\/\"><img loading=\"lazy\" decoding=\"async\" width=\"400\" height=\"400\" src=\"https:\/\/ccoo.app\/ajuntamentbarcelona\/wp-content\/blogs.dir\/6\/files\/sites\/228\/2026\/02\/icon-guardia-urbana.png\" alt=\"\" class=\"wp-image-16938\" srcset=\"https:\/\/ccoo.app\/ajuntamentbarcelona\/wp-content\/blogs.dir\/6\/files\/sites\/228\/2026\/02\/icon-guardia-urbana.png 400w, https:\/\/ccoo.app\/ajuntamentbarcelona\/wp-content\/blogs.dir\/6\/files\/sites\/228\/2026\/02\/icon-guardia-urbana-300x300.png 300w, https:\/\/ccoo.app\/ajuntamentbarcelona\/wp-content\/blogs.dir\/6\/files\/sites\/228\/2026\/02\/icon-guardia-urbana-150x150.png 150w\" sizes=\"auto, (max-width: 400px) 100vw, 400px\" \/><\/a><\/figure>\n<\/div>\n\n\n\n<div class=\"wp-block-column is-layout-flow wp-block-column-is-layout-flow\">\n<figure class=\"wp-block-image size-large\"><a href=\"https:\/\/ccoo.app\/ajuntamentbarcelona\/category\/080\/\"><img loading=\"lazy\" decoding=\"async\" width=\"1024\" height=\"1024\" src=\"https:\/\/ccoo.app\/ajuntamentbarcelona\/wp-content\/blogs.dir\/6\/files\/sites\/228\/2026\/02\/icon-bombers-1024x1024.png\" alt=\"\" class=\"wp-image-16939\" srcset=\"https:\/\/ccoo.app\/ajuntamentbarcelona\/wp-content\/blogs.dir\/6\/files\/sites\/228\/2026\/02\/icon-bombers-1024x1024.png 1024w, https:\/\/ccoo.app\/ajuntamentbarcelona\/wp-content\/blogs.dir\/6\/files\/sites\/228\/2026\/02\/icon-bombers-300x300.png 300w, https:\/\/ccoo.app\/ajuntamentbarcelona\/wp-content\/blogs.dir\/6\/files\/sites\/228\/2026\/02\/icon-bombers-150x150.png 150w, https:\/\/ccoo.app\/ajuntamentbarcelona\/wp-content\/blogs.dir\/6\/files\/sites\/228\/2026\/02\/icon-bombers-768x768.png 768w, https:\/\/ccoo.app\/ajuntamentbarcelona\/wp-content\/blogs.dir\/6\/files\/sites\/228\/2026\/02\/icon-bombers.png 1134w\" sizes=\"auto, (max-width: 1024px) 100vw, 1024px\" \/><\/a><\/figure>\n<\/div>\n\n\n\n<div class=\"wp-block-column is-layout-flow wp-block-column-is-layout-flow\">\n<figure class=\"wp-block-image size-large\"><a href=\"https:\/\/www.ccoo.cat\/educacio\/ajuntament-de-barcelona\/\" target=\"_blank\" rel=\" noreferrer noopener\"><img loading=\"lazy\" decoding=\"async\" width=\"1024\" height=\"1024\" src=\"https:\/\/ccoo.app\/ajuntamentbarcelona\/wp-content\/blogs.dir\/6\/files\/sites\/228\/2026\/02\/icon-educacio-1024x1024.png\" alt=\"\" class=\"wp-image-16940\" srcset=\"https:\/\/ccoo.app\/ajuntamentbarcelona\/wp-content\/blogs.dir\/6\/files\/sites\/228\/2026\/02\/icon-educacio-1024x1024.png 1024w, https:\/\/ccoo.app\/ajuntamentbarcelona\/wp-content\/blogs.dir\/6\/files\/sites\/228\/2026\/02\/icon-educacio-300x300.png 300w, https:\/\/ccoo.app\/ajuntamentbarcelona\/wp-content\/blogs.dir\/6\/files\/sites\/228\/2026\/02\/icon-educacio-150x150.png 150w, https:\/\/ccoo.app\/ajuntamentbarcelona\/wp-content\/blogs.dir\/6\/files\/sites\/228\/2026\/02\/icon-educacio-768x768.png 768w, https:\/\/ccoo.app\/ajuntamentbarcelona\/wp-content\/blogs.dir\/6\/files\/sites\/228\/2026\/02\/icon-educacio.png 1134w\" sizes=\"auto, (max-width: 1024px) 100vw, 1024px\" \/><\/a><\/figure>\n<\/div>\n<\/div>\n\n\n\n<h2 class=\"wp-block-heading titulo-noticias has-black-color has-text-color\" id=\"descubre-nuestrasultimas-noticias\"><br>Descobreix les \u00faltimes not\u00edcies<\/h2>\n\n\n\n<figure class=\"wp-block-image size-large is-resized barra-decoracion\"><img decoding=\"async\" src=\"https:\/\/ccoo.app\/wp-content\/blogs.dir\/6\/files\/2021\/01\/Rectangle-126.svg\" alt=\"\" class=\"wp-image-2357\" style=\"width:281px;height:6px\"\/><\/figure>\n\n\n<ul class=\"wp-block-latest-posts__list has-dates wp-block-latest-posts\"><li><div class=\"wp-block-latest-posts__featured-image aligncenter\"><img loading=\"lazy\" decoding=\"async\" width=\"300\" height=\"200\" src=\"https:\/\/ccoo.app\/ajuntamentbarcelona\/wp-content\/blogs.dir\/6\/files\/sites\/228\/2026\/04\/comissio_seguiment_acord-300x200.png\" class=\"attachment-medium size-medium wp-post-image\" alt=\"comissio seguiment acord\" style=\"\" srcset=\"https:\/\/ccoo.app\/ajuntamentbarcelona\/wp-content\/blogs.dir\/6\/files\/sites\/228\/2026\/04\/comissio_seguiment_acord-300x200.png 300w, https:\/\/ccoo.app\/ajuntamentbarcelona\/wp-content\/blogs.dir\/6\/files\/sites\/228\/2026\/04\/comissio_seguiment_acord-1024x683.png 1024w, https:\/\/ccoo.app\/ajuntamentbarcelona\/wp-content\/blogs.dir\/6\/files\/sites\/228\/2026\/04\/comissio_seguiment_acord-768x512.png 768w, https:\/\/ccoo.app\/ajuntamentbarcelona\/wp-content\/blogs.dir\/6\/files\/sites\/228\/2026\/04\/comissio_seguiment_acord.png 1536w\" sizes=\"auto, (max-width: 300px) 100vw, 300px\" \/><\/div><a class=\"wp-block-latest-posts__post-title\" href=\"https:\/\/ccoo.app\/ajuntamentbarcelona\/comissio-de-seguiment-acord-2025-2028-20-marc\/\">Comissi\u00f3 de Seguiment, Acord 2025-2028, 20 de mar\u00e7<\/a><time datetime=\"2026-04-21T10:56:45+02:00\" class=\"wp-block-latest-posts__post-date\">21 d&#8217;abril de 2026<\/time><\/li>\n<li><div class=\"wp-block-latest-posts__featured-image aligncenter\"><img loading=\"lazy\" decoding=\"async\" width=\"300\" height=\"170\" src=\"https:\/\/ccoo.app\/ajuntamentbarcelona\/wp-content\/blogs.dir\/6\/files\/sites\/228\/2026\/04\/habitatge_seu_gub-300x170.jpg\" class=\"attachment-medium size-medium wp-post-image\" alt=\"\" style=\"\" srcset=\"https:\/\/ccoo.app\/ajuntamentbarcelona\/wp-content\/blogs.dir\/6\/files\/sites\/228\/2026\/04\/habitatge_seu_gub-300x170.jpg 300w, https:\/\/ccoo.app\/ajuntamentbarcelona\/wp-content\/blogs.dir\/6\/files\/sites\/228\/2026\/04\/habitatge_seu_gub.jpg 528w\" sizes=\"auto, (max-width: 300px) 100vw, 300px\" \/><\/div><a class=\"wp-block-latest-posts__post-title\" href=\"https:\/\/ccoo.app\/ajuntamentbarcelona\/ccoo-aconsegueix-servei-de-seguretat-urgent-a-loficina-dhabitatge-de-sant-andreu\/\">CCOO aconsegueix servei de seguretat urgent a l\u2019oficina d\u2019habitatge de sant andreu<\/a><time datetime=\"2026-04-20T09:43:52+02:00\" class=\"wp-block-latest-posts__post-date\">20 d&#8217;abril de 2026<\/time><\/li>\n<li><div class=\"wp-block-latest-posts__featured-image aligncenter\"><img loading=\"lazy\" decoding=\"async\" width=\"200\" height=\"300\" src=\"https:\/\/ccoo.app\/ajuntamentbarcelona\/wp-content\/blogs.dir\/6\/files\/sites\/228\/2026\/04\/20260416_INFOGRAFIA_COMPUT_JORNADA-200x300.jpeg\" class=\"attachment-medium size-medium wp-post-image\" alt=\"infografia\" style=\"\" srcset=\"https:\/\/ccoo.app\/ajuntamentbarcelona\/wp-content\/blogs.dir\/6\/files\/sites\/228\/2026\/04\/20260416_INFOGRAFIA_COMPUT_JORNADA-200x300.jpeg 200w, https:\/\/ccoo.app\/ajuntamentbarcelona\/wp-content\/blogs.dir\/6\/files\/sites\/228\/2026\/04\/20260416_INFOGRAFIA_COMPUT_JORNADA-683x1024.jpeg 683w, https:\/\/ccoo.app\/ajuntamentbarcelona\/wp-content\/blogs.dir\/6\/files\/sites\/228\/2026\/04\/20260416_INFOGRAFIA_COMPUT_JORNADA-768x1152.jpeg 768w, https:\/\/ccoo.app\/ajuntamentbarcelona\/wp-content\/blogs.dir\/6\/files\/sites\/228\/2026\/04\/20260416_INFOGRAFIA_COMPUT_JORNADA.jpeg 1024w\" sizes=\"auto, (max-width: 200px) 100vw, 200px\" \/><\/div><a class=\"wp-block-latest-posts__post-title\" href=\"https:\/\/ccoo.app\/ajuntamentbarcelona\/calcul-de-la-jornada-anual-efectiva-de-treball-don-surten-les-1-519-hores\/\">C\u00e0lcul de la jornada anual efectiva de treball: d\u2019on surten les 1.519 hores?<\/a><time datetime=\"2026-04-17T12:20:01+02:00\" class=\"wp-block-latest-posts__post-date\">17 d&#8217;abril de 2026<\/time><\/li>\n<li><div class=\"wp-block-latest-posts__featured-image aligncenter\"><img loading=\"lazy\" decoding=\"async\" width=\"300\" height=\"300\" src=\"https:\/\/ccoo.app\/ajuntamentbarcelona\/wp-content\/blogs.dir\/6\/files\/sites\/228\/2026\/04\/cursos_oposiciones-300x300.jpg\" class=\"attachment-medium size-medium wp-post-image\" alt=\"cursos_oposiciones ajuntament barcelona oferta publica de empleo\" style=\"\" srcset=\"https:\/\/ccoo.app\/ajuntamentbarcelona\/wp-content\/blogs.dir\/6\/files\/sites\/228\/2026\/04\/cursos_oposiciones-300x300.jpg 300w, https:\/\/ccoo.app\/ajuntamentbarcelona\/wp-content\/blogs.dir\/6\/files\/sites\/228\/2026\/04\/cursos_oposiciones-1024x1024.jpg 1024w, https:\/\/ccoo.app\/ajuntamentbarcelona\/wp-content\/blogs.dir\/6\/files\/sites\/228\/2026\/04\/cursos_oposiciones-150x150.jpg 150w, https:\/\/ccoo.app\/ajuntamentbarcelona\/wp-content\/blogs.dir\/6\/files\/sites\/228\/2026\/04\/cursos_oposiciones-768x768.jpg 768w, https:\/\/ccoo.app\/ajuntamentbarcelona\/wp-content\/blogs.dir\/6\/files\/sites\/228\/2026\/04\/cursos_oposiciones-1536x1536.jpg 1536w, https:\/\/ccoo.app\/ajuntamentbarcelona\/wp-content\/blogs.dir\/6\/files\/sites\/228\/2026\/04\/cursos_oposiciones.jpg 2048w\" sizes=\"auto, (max-width: 300px) 100vw, 300px\" \/><\/div><a class=\"wp-block-latest-posts__post-title\" href=\"https:\/\/ccoo.app\/ajuntamentbarcelona\/cursos-preparacio-oferta-publica-ajuntament-de-barcelona\/\">Cursos preparaci\u00f3 oferta p\u00fablica &#8211; Ajuntament de Barcelona<\/a><time datetime=\"2026-04-09T10:37:49+02:00\" class=\"wp-block-latest-posts__post-date\">9 d&#8217;abril de 2026<\/time><\/li>\n<li><div class=\"wp-block-latest-posts__featured-image aligncenter\"><img loading=\"lazy\" decoding=\"async\" width=\"300\" height=\"300\" src=\"https:\/\/ccoo.app\/ajuntamentbarcelona\/wp-content\/blogs.dir\/6\/files\/sites\/228\/2026\/04\/ChatGPT-Image-8-abr-2026-14_20_20-300x300.png\" class=\"attachment-medium size-medium wp-post-image\" alt=\"\" style=\"\" srcset=\"https:\/\/ccoo.app\/ajuntamentbarcelona\/wp-content\/blogs.dir\/6\/files\/sites\/228\/2026\/04\/ChatGPT-Image-8-abr-2026-14_20_20-300x300.png 300w, https:\/\/ccoo.app\/ajuntamentbarcelona\/wp-content\/blogs.dir\/6\/files\/sites\/228\/2026\/04\/ChatGPT-Image-8-abr-2026-14_20_20-150x150.png 150w, https:\/\/ccoo.app\/ajuntamentbarcelona\/wp-content\/blogs.dir\/6\/files\/sites\/228\/2026\/04\/ChatGPT-Image-8-abr-2026-14_20_20-768x768.png 768w, https:\/\/ccoo.app\/ajuntamentbarcelona\/wp-content\/blogs.dir\/6\/files\/sites\/228\/2026\/04\/ChatGPT-Image-8-abr-2026-14_20_20.png 1024w\" sizes=\"auto, (max-width: 300px) 100vw, 300px\" \/><\/div><a class=\"wp-block-latest-posts__post-title\" href=\"https:\/\/ccoo.app\/ajuntamentbarcelona\/nova-sentencia-clau-oferta-ocupacio-publica\/\">Nova sent\u00e8ncia clau per a l&#8217;ocupaci\u00f3 p\u00fablica<\/a><time datetime=\"2026-04-08T14:10:52+02:00\" class=\"wp-block-latest-posts__post-date\">8 d&#8217;abril de 2026<\/time><\/li>\n<li><div class=\"wp-block-latest-posts__featured-image aligncenter\"><img loading=\"lazy\" decoding=\"async\" width=\"300\" height=\"200\" src=\"https:\/\/ccoo.app\/ajuntamentbarcelona\/wp-content\/blogs.dir\/6\/files\/sites\/228\/2026\/04\/CCOO_IMSS_cartell-300x200.jpg\" class=\"attachment-medium size-medium wp-post-image\" alt=\"\" style=\"\" srcset=\"https:\/\/ccoo.app\/ajuntamentbarcelona\/wp-content\/blogs.dir\/6\/files\/sites\/228\/2026\/04\/CCOO_IMSS_cartell-300x200.jpg 300w, https:\/\/ccoo.app\/ajuntamentbarcelona\/wp-content\/blogs.dir\/6\/files\/sites\/228\/2026\/04\/CCOO_IMSS_cartell-1024x683.jpg 1024w, https:\/\/ccoo.app\/ajuntamentbarcelona\/wp-content\/blogs.dir\/6\/files\/sites\/228\/2026\/04\/CCOO_IMSS_cartell-768x512.jpg 768w, https:\/\/ccoo.app\/ajuntamentbarcelona\/wp-content\/blogs.dir\/6\/files\/sites\/228\/2026\/04\/CCOO_IMSS_cartell-1536x1024.jpg 1536w, https:\/\/ccoo.app\/ajuntamentbarcelona\/wp-content\/blogs.dir\/6\/files\/sites\/228\/2026\/04\/CCOO_IMSS_cartell.jpg 2048w\" sizes=\"auto, (max-width: 300px) 100vw, 300px\" \/><\/div><a class=\"wp-block-latest-posts__post-title\" href=\"https:\/\/ccoo.app\/ajuntamentbarcelona\/ccoo-reclama-la-cobertura-de-baixes-millor-resposta-a-les-adaptacions-laborals-i-la-proteccio-preventiva-del-personal\/\">CCOO reclama la cobertura de baixes, millor resposta a les adaptacions laborals i la protecci\u00f3 preventiva del personal alComit\u00e8 de Seguretat i Salut Laboral de l\u2019IMSS<\/a><time datetime=\"2026-04-07T09:49:05+02:00\" class=\"wp-block-latest-posts__post-date\">7 d&#8217;abril de 2026<\/time><\/li>\n<\/ul>","protected":false},"excerpt":{"rendered":"<p>Descobreix les \u00faltimes not\u00edcies<\/p>\n","protected":false},"author":6,"featured_media":0,"parent":0,"menu_order":0,"comment_status":"closed","ping_status":"closed","template":"","meta":{"footnotes":""},"class_list":["post-25","page","type-page","status-publish"],"_links":{"self":[{"href":"https:\/\/ccoo.app\/ajuntamentbarcelona\/wp-json\/wp\/v2\/pages\/25","targetHints":{"allow":["GET"]}}],"collection":[{"href":"https:\/\/ccoo.app\/ajuntamentbarcelona\/wp-json\/wp\/v2\/pages"}],"about":[{"href":"https:\/\/ccoo.app\/ajuntamentbarcelona\/wp-json\/wp\/v2\/types\/page"}],"author":[{"embeddable":true,"href":"https:\/\/ccoo.app\/ajuntamentbarcelona\/wp-json\/wp\/v2\/users\/6"}],"replies":[{"embeddable":true,"href":"https:\/\/ccoo.app\/ajuntamentbarcelona\/wp-json\/wp\/v2\/comments?post=25"}],"version-history":[{"count":5,"href":"https:\/\/ccoo.app\/ajuntamentbarcelona\/wp-json\/wp\/v2\/pages\/25\/revisions"}],"predecessor-version":[{"id":17166,"href":"https:\/\/ccoo.app\/ajuntamentbarcelona\/wp-json\/wp\/v2\/pages\/25\/revisions\/17166"}],"wp:attachment":[{"href":"https:\/\/ccoo.app\/ajuntamentbarcelona\/wp-json\/wp\/v2\/media?parent=25"}],"curies":[{"name":"wp","href":"https:\/\/api.w.org\/{rel}","templated":true}]}}