{"id":17351,"date":"2026-04-16T09:30:39","date_gmt":"2026-04-16T07:30:39","guid":{"rendered":"https:\/\/ccoo.app\/ajuntamentbarcelona\/?page_id=17351"},"modified":"2026-04-16T13:11:32","modified_gmt":"2026-04-16T11:11:32","slug":"11a-conferencia-seccio-sindical-ajuntament-barcelona","status":"publish","type":"page","link":"https:\/\/ccoo.app\/ajuntamentbarcelona\/11a-conferencia-seccio-sindical-ajuntament-barcelona\/","title":{"rendered":"11a confer\u00e8ncia de la secci\u00f3 sindical de l&#8217;Ajuntament de Barcelona"},"content":{"rendered":"\n<p>La Comissi\u00f3 Executiva de la FSC de Catalunya en la seva reuni\u00f3 de data 13 d\u2019abril de 2026, va aprovar les Normes i calendari de l\u201911a Confer\u00e8ncia de la Secci\u00f3 Sindical de l\u2019Ajuntament de Barcelona.<\/p>\n\n\n\n<p>En aquestes normes es regula el marc normatiu del desenvolupament de la Confer\u00e8ncia, que es celebrar\u00e0 el dia 27 de maig de 2026, aix\u00ed com de les assemblees sectorials que formen part de la secci\u00f3 sindical, que se celebraran el 29 d\u2019abril de 2026 de manera<br>conjunta.<\/p>\n\n\n\n<p><\/p>\n\n\n\n<div data-wp-interactive=\"core\/file\" class=\"wp-block-file\"><object data-wp-bind--hidden=\"!state.hasPdfPreview\" hidden class=\"wp-block-file__embed\" data=\"https:\/\/ccoo.app\/ajuntamentbarcelona\/wp-content\/blogs.dir\/6\/files\/sites\/228\/2026\/04\/V3-12-04-26-NORMES-XIa-CONFERENCIA-DE-LA-SS-AJ-BARCELONA-3.pdf\" type=\"application\/pdf\" style=\"width:100%;height:600px\" aria-label=\"Incrustaci\u00f3 del fitxer 11a conferencia de la seccio sindical.\"><\/object><a style=\"color:#ffffff\" href=\"https:\/\/ccoo.app\/ajuntamentbarcelona\/wp-content\/blogs.dir\/6\/files\/sites\/228\/2026\/04\/V3-12-04-26-NORMES-XIa-CONFERENCIA-DE-LA-SS-AJ-BARCELONA-3.pdf\" class=\"wp-block-file__button wp-element-button\" download aria-describedby=\"wp-block-file--media-5e5bc80e-f238-476a-bfc2-0538aff55ef5\">Descarregar<\/a><\/div>\n\n\n\n<p><\/p>\n\n\n<p>El pr\u00f2xim dimecres <b>27 de maig de 2026<\/b>, a la sala d\u2019actes de la <b>seu de CCOO de la Via Laietana<\/b>, 16 de Barcelona,  tindr\u00e0 lloc l\u201911a Confer\u00e8ncia de la nostra Secci\u00f3 Sindical.<\/p>\n\n\n\n<p>Aquest proc\u00e9s \u00e9s un dels esdeveniments m\u00e9s importants de la nostra <b>Secci\u00f3 Sindical<\/b>, ja que decidirem quines seran les propostes sindicals a treballar els pr\u00f2xims quatre anys i escollirem els \u00f2rgans de direcci\u00f3 que tindran la responsabilitat de posar-les en marxa.<\/p>\n\n\n\n<p><\/p>\n\n\n\n<div data-wp-interactive=\"core\/file\" class=\"wp-block-file\"><object data-wp-bind--hidden=\"!state.hasPdfPreview\" hidden class=\"wp-block-file__embed\" data=\"https:\/\/ccoo.app\/ajuntamentbarcelona\/wp-content\/blogs.dir\/6\/files\/sites\/228\/2026\/04\/CARTA-CONVOCATORIA-XIa-CONFERENCCIA-AJ-BARCELONA_signed.pdf\" type=\"application\/pdf\" style=\"width:100%;height:600px\" aria-label=\"Incrustaci\u00f3 del fitxer 11a conferencia de la seccio sindical.\"><\/object><a style=\"color:#ffffff\" href=\"https:\/\/ccoo.app\/ajuntamentbarcelona\/wp-content\/blogs.dir\/6\/files\/sites\/228\/2026\/04\/CARTA-CONVOCATORIA-XIa-CONFERENCCIA-AJ-BARCELONA_signed.pdf\" class=\"wp-block-file__button wp-element-button\" download aria-describedby=\"wp-block-file--media-5e5bc80e-f238-476a-bfc2-0538aff55ef5\">Descarregar<\/a><\/div>\n\n\n<p><\/p>\n","protected":false},"excerpt":{"rendered":"<p>La Comissi\u00f3 Executiva de la FSC de Catalunya en la seva reuni\u00f3 de data 13 d\u2019abril de 2026, va aprovar les Normes i calendari de l\u201911a Confer\u00e8ncia de la Secci\u00f3 &#8230; <\/p>\n<p class=\"read-more-container\"><a title=\"11a confer\u00e8ncia de la secci\u00f3 sindical de l&#8217;Ajuntament de Barcelona\" class=\"read-more button\" href=\"https:\/\/ccoo.app\/ajuntamentbarcelona\/11a-conferencia-seccio-sindical-ajuntament-barcelona\/#more-17351\" aria-label=\"M\u00e9s informaci\u00f3 sobre 11a confer\u00e8ncia de la secci\u00f3 sindical de l&#8217;Ajuntament de Barcelona\">Llegeix-ne m\u00e9s \u00bb<\/a><\/p>\n","protected":false},"author":97141,"featured_media":0,"parent":0,"menu_order":200,"comment_status":"closed","ping_status":"closed","template":"","meta":{"footnotes":""},"class_list":["post-17351","page","type-page","status-publish"],"_links":{"self":[{"href":"https:\/\/ccoo.app\/ajuntamentbarcelona\/wp-json\/wp\/v2\/pages\/17351","targetHints":{"allow":["GET"]}}],"collection":[{"href":"https:\/\/ccoo.app\/ajuntamentbarcelona\/wp-json\/wp\/v2\/pages"}],"about":[{"href":"https:\/\/ccoo.app\/ajuntamentbarcelona\/wp-json\/wp\/v2\/types\/page"}],"author":[{"embeddable":true,"href":"https:\/\/ccoo.app\/ajuntamentbarcelona\/wp-json\/wp\/v2\/users\/97141"}],"replies":[{"embeddable":true,"href":"https:\/\/ccoo.app\/ajuntamentbarcelona\/wp-json\/wp\/v2\/comments?post=17351"}],"version-history":[{"count":5,"href":"https:\/\/ccoo.app\/ajuntamentbarcelona\/wp-json\/wp\/v2\/pages\/17351\/revisions"}],"predecessor-version":[{"id":17366,"href":"https:\/\/ccoo.app\/ajuntamentbarcelona\/wp-json\/wp\/v2\/pages\/17351\/revisions\/17366"}],"wp:attachment":[{"href":"https:\/\/ccoo.app\/ajuntamentbarcelona\/wp-json\/wp\/v2\/media?parent=17351"}],"curies":[{"name":"wp","href":"https:\/\/api.w.org\/{rel}","templated":true}]}}