{"id":17140,"date":"2026-02-20T11:38:46","date_gmt":"2026-02-20T10:38:46","guid":{"rendered":"https:\/\/ccoo.app\/ajuntamentbarcelona\/?page_id=17140"},"modified":"2026-02-20T11:38:47","modified_gmt":"2026-02-20T10:38:47","slug":"ajuntament","status":"publish","type":"page","link":"https:\/\/ccoo.app\/ajuntamentbarcelona\/ajuntament\/","title":{"rendered":"Ajuntament"},"content":{"rendered":"\n<div class=\"wp-block-columns is-layout-flex wp-container-core-columns-is-layout-9d6595d7 wp-block-columns-is-layout-flex\">\n<div class=\"wp-block-column is-layout-flow wp-block-column-is-layout-flow\" style=\"flex-basis:25%\"><div class=\"wp-block-image\">\n<figure class=\"aligncenter size-full\"><img loading=\"lazy\" decoding=\"async\" width=\"1134\" height=\"1134\" src=\"http:\/\/ccoo.app\/ajuntamentbarcelona\/wp-content\/blogs.dir\/6\/files\/sites\/228\/2026\/02\/icon-altres.png\" alt=\"\" class=\"wp-image-16941\" srcset=\"https:\/\/ccoo.app\/ajuntamentbarcelona\/wp-content\/blogs.dir\/6\/files\/sites\/228\/2026\/02\/icon-altres.png 1134w, https:\/\/ccoo.app\/ajuntamentbarcelona\/wp-content\/blogs.dir\/6\/files\/sites\/228\/2026\/02\/icon-altres-300x300.png 300w, https:\/\/ccoo.app\/ajuntamentbarcelona\/wp-content\/blogs.dir\/6\/files\/sites\/228\/2026\/02\/icon-altres-1024x1024.png 1024w, https:\/\/ccoo.app\/ajuntamentbarcelona\/wp-content\/blogs.dir\/6\/files\/sites\/228\/2026\/02\/icon-altres-150x150.png 150w, https:\/\/ccoo.app\/ajuntamentbarcelona\/wp-content\/blogs.dir\/6\/files\/sites\/228\/2026\/02\/icon-altres-768x768.png 768w\" sizes=\"auto, (max-width: 1134px) 100vw, 1134px\" \/><\/figure>\n<\/div><\/div>\n\n\n\n<div class=\"wp-block-column is-vertically-aligned-center is-layout-flow wp-block-column-is-layout-flow\" style=\"flex-basis:75%\">\n<p>Aquest espai est\u00e0 concebut com el teu canal directe d&#8217;informaci\u00f3, on trobar\u00e0s de manera r\u00e0pida i actualitzada totes les <strong>novetats<\/strong>, els darrers comunicats i l&#8217;actualitat sindical que afecta la plantilla de l&#8217;<strong>Ajuntament de Barcelona<\/strong>. T&#8217;oferim un punt de consulta \u00e0gil per fer seguiment dels aven\u00e7os en els nostres drets laborals i tota aquella documentaci\u00f3 pr\u00e0ctica per estar sempre al corrent d&#8217;all\u00f2 que impacta directament en el nostre dia a dia al cos.<\/p>\n<\/div>\n<\/div>\n\n\n\n<div style=\"height:25px\" aria-hidden=\"true\" class=\"wp-block-spacer\"><\/div>\n\n\n\n<h2 class=\"wp-block-heading\">Not\u00edcies<\/h2>\n\n\n<ul class=\"wp-block-latest-posts__list is-grid columns-3 has-dates wp-block-latest-posts\"><li><div class=\"wp-block-latest-posts__featured-image\"><img loading=\"lazy\" decoding=\"async\" width=\"300\" height=\"225\" src=\"https:\/\/ccoo.app\/ajuntamentbarcelona\/wp-content\/blogs.dir\/6\/files\/sites\/228\/2026\/05\/reclamacio_descompte_paga-300x225.png\" class=\"attachment-medium size-medium wp-post-image\" alt=\"\" style=\"\" srcset=\"https:\/\/ccoo.app\/ajuntamentbarcelona\/wp-content\/blogs.dir\/6\/files\/sites\/228\/2026\/05\/reclamacio_descompte_paga-300x225.png 300w, https:\/\/ccoo.app\/ajuntamentbarcelona\/wp-content\/blogs.dir\/6\/files\/sites\/228\/2026\/05\/reclamacio_descompte_paga-1024x768.png 1024w, https:\/\/ccoo.app\/ajuntamentbarcelona\/wp-content\/blogs.dir\/6\/files\/sites\/228\/2026\/05\/reclamacio_descompte_paga-768x576.png 768w, https:\/\/ccoo.app\/ajuntamentbarcelona\/wp-content\/blogs.dir\/6\/files\/sites\/228\/2026\/05\/reclamacio_descompte_paga.png 1448w\" sizes=\"auto, (max-width: 300px) 100vw, 300px\" \/><\/div><a class=\"wp-block-latest-posts__post-title\" href=\"https:\/\/ccoo.app\/ajuntamentbarcelona\/reclamacio-del-descompte-per-incapacitat-temporal\/\">Reclamaci\u00f3 del descompte per incapacitat temporal<\/a><time datetime=\"2026-05-07T09:59:17+02:00\" class=\"wp-block-latest-posts__post-date\">7 de maig de 2026<\/time><div class=\"wp-block-latest-posts__post-excerpt\">Secci\u00f3 sindical de CCOO a l\u2019Ajuntament de Barcelona 7 de &#8230; <p class=\"read-more-container\"><a title=\"Reclamaci\u00f3 del descompte per incapacitat temporal\" class=\"read-more button\" href=\"https:\/\/ccoo.app\/ajuntamentbarcelona\/reclamacio-del-descompte-per-incapacitat-temporal\/#more-17504\" aria-label=\"M\u00e9s informaci\u00f3 sobre Reclamaci\u00f3 del descompte per incapacitat temporal\">Llegeix-ne m\u00e9s \u00bb<\/a><\/p><\/div><\/li>\n<li><div class=\"wp-block-latest-posts__featured-image\"><img loading=\"lazy\" decoding=\"async\" width=\"300\" height=\"200\" src=\"https:\/\/ccoo.app\/ajuntamentbarcelona\/wp-content\/blogs.dir\/6\/files\/sites\/228\/2026\/05\/comissio_seguiment_5_maig-300x200.png\" class=\"attachment-medium size-medium wp-post-image\" alt=\"\" style=\"\" srcset=\"https:\/\/ccoo.app\/ajuntamentbarcelona\/wp-content\/blogs.dir\/6\/files\/sites\/228\/2026\/05\/comissio_seguiment_5_maig-300x200.png 300w, https:\/\/ccoo.app\/ajuntamentbarcelona\/wp-content\/blogs.dir\/6\/files\/sites\/228\/2026\/05\/comissio_seguiment_5_maig-1024x683.png 1024w, https:\/\/ccoo.app\/ajuntamentbarcelona\/wp-content\/blogs.dir\/6\/files\/sites\/228\/2026\/05\/comissio_seguiment_5_maig-768x512.png 768w, https:\/\/ccoo.app\/ajuntamentbarcelona\/wp-content\/blogs.dir\/6\/files\/sites\/228\/2026\/05\/comissio_seguiment_5_maig.png 1536w\" sizes=\"auto, (max-width: 300px) 100vw, 300px\" \/><\/div><a class=\"wp-block-latest-posts__post-title\" href=\"https:\/\/ccoo.app\/ajuntamentbarcelona\/comissio-de-seguiment-de-lacord-2025-2028-principals-reclamacions-de-ccoo\/\">Comissi\u00f3 de Seguiment de l\u2019Acord 2025-2028: principals reclamacions de CCOO<\/a><time datetime=\"2026-05-06T11:58:44+02:00\" class=\"wp-block-latest-posts__post-date\">6 de maig de 2026<\/time><div class=\"wp-block-latest-posts__post-excerpt\">Pla de relleu: pendent de concreci\u00f3 definitiva Durant la reuni\u00f3 &#8230; <p class=\"read-more-container\"><a title=\"Comissi\u00f3 de Seguiment de l\u2019Acord 2025-2028: principals reclamacions de CCOO\" class=\"read-more button\" href=\"https:\/\/ccoo.app\/ajuntamentbarcelona\/comissio-de-seguiment-de-lacord-2025-2028-principals-reclamacions-de-ccoo\/#more-17500\" aria-label=\"M\u00e9s informaci\u00f3 sobre Comissi\u00f3 de Seguiment de l\u2019Acord 2025-2028: principals reclamacions de CCOO\">Llegeix-ne m\u00e9s \u00bb<\/a><\/p><\/div><\/li>\n<li><div class=\"wp-block-latest-posts__featured-image\"><img loading=\"lazy\" decoding=\"async\" width=\"300\" height=\"200\" src=\"https:\/\/ccoo.app\/ajuntamentbarcelona\/wp-content\/blogs.dir\/6\/files\/sites\/228\/2026\/04\/calendario_abril_ccoo-300x200.png\" class=\"attachment-medium size-medium wp-post-image\" alt=\"\" style=\"\" srcset=\"https:\/\/ccoo.app\/ajuntamentbarcelona\/wp-content\/blogs.dir\/6\/files\/sites\/228\/2026\/04\/calendario_abril_ccoo-300x200.png 300w, https:\/\/ccoo.app\/ajuntamentbarcelona\/wp-content\/blogs.dir\/6\/files\/sites\/228\/2026\/04\/calendario_abril_ccoo-1024x681.png 1024w, https:\/\/ccoo.app\/ajuntamentbarcelona\/wp-content\/blogs.dir\/6\/files\/sites\/228\/2026\/04\/calendario_abril_ccoo-768x511.png 768w, https:\/\/ccoo.app\/ajuntamentbarcelona\/wp-content\/blogs.dir\/6\/files\/sites\/228\/2026\/04\/calendario_abril_ccoo.png 1076w\" sizes=\"auto, (max-width: 300px) 100vw, 300px\" \/><\/div><a class=\"wp-block-latest-posts__post-title\" href=\"https:\/\/ccoo.app\/ajuntamentbarcelona\/seccio-sindical-de-ccoo-a-lajuntament-de-barcelona-28-dabril-de-2026\/\">Secci\u00f3 sindical de CCOO a l\u2019Ajuntament de Barcelona 28 d\u2019abril de 2026<\/a><time datetime=\"2026-04-30T09:20:00+02:00\" class=\"wp-block-latest-posts__post-date\">30 d&#8217;abril de 2026<\/time><div class=\"wp-block-latest-posts__post-excerpt\">\u2261 COMUNICAT SINDICAL \u2261 MESA GENERAL I COMISSI\u00d3 DE SEGUIMENT &#8230; <p class=\"read-more-container\"><a title=\"Secci\u00f3 sindical de CCOO a l\u2019Ajuntament de Barcelona 28 d\u2019abril de 2026\" class=\"read-more button\" href=\"https:\/\/ccoo.app\/ajuntamentbarcelona\/seccio-sindical-de-ccoo-a-lajuntament-de-barcelona-28-dabril-de-2026\/#more-17467\" aria-label=\"M\u00e9s informaci\u00f3 sobre Secci\u00f3 sindical de CCOO a l\u2019Ajuntament de Barcelona 28 d\u2019abril de 2026\">Llegeix-ne m\u00e9s \u00bb<\/a><\/p><\/div><\/li>\n<li><div class=\"wp-block-latest-posts__featured-image\"><img loading=\"lazy\" decoding=\"async\" width=\"300\" height=\"200\" src=\"https:\/\/ccoo.app\/ajuntamentbarcelona\/wp-content\/blogs.dir\/6\/files\/sites\/228\/2026\/04\/prevencio_dret_tothom-300x200.png\" class=\"attachment-medium size-medium wp-post-image\" alt=\"\" style=\"\" srcset=\"https:\/\/ccoo.app\/ajuntamentbarcelona\/wp-content\/blogs.dir\/6\/files\/sites\/228\/2026\/04\/prevencio_dret_tothom-300x200.png 300w, https:\/\/ccoo.app\/ajuntamentbarcelona\/wp-content\/blogs.dir\/6\/files\/sites\/228\/2026\/04\/prevencio_dret_tothom-1024x683.png 1024w, https:\/\/ccoo.app\/ajuntamentbarcelona\/wp-content\/blogs.dir\/6\/files\/sites\/228\/2026\/04\/prevencio_dret_tothom-768x512.png 768w, https:\/\/ccoo.app\/ajuntamentbarcelona\/wp-content\/blogs.dir\/6\/files\/sites\/228\/2026\/04\/prevencio_dret_tothom.png 1536w\" sizes=\"auto, (max-width: 300px) 100vw, 300px\" \/><\/div><a class=\"wp-block-latest-posts__post-title\" href=\"https:\/\/ccoo.app\/ajuntamentbarcelona\/dia-internacional-de-la-seguretat-i-la-salut-en-el-treball\/\">Dia Internacional de la Seguretat i la Salut en el Treball<\/a><time datetime=\"2026-04-28T10:26:03+02:00\" class=\"wp-block-latest-posts__post-date\">28 d&#8217;abril de 2026<\/time><div class=\"wp-block-latest-posts__post-excerpt\">Per a CCOO, cada dia \u00e9s el dia de la &#8230; <p class=\"read-more-container\"><a title=\"Dia Internacional de la Seguretat i la Salut en el Treball\" class=\"read-more button\" href=\"https:\/\/ccoo.app\/ajuntamentbarcelona\/dia-internacional-de-la-seguretat-i-la-salut-en-el-treball\/#more-17451\" aria-label=\"M\u00e9s informaci\u00f3 sobre Dia Internacional de la Seguretat i la Salut en el Treball\">Llegeix-ne m\u00e9s \u00bb<\/a><\/p><\/div><\/li>\n<li><div class=\"wp-block-latest-posts__featured-image\"><img loading=\"lazy\" decoding=\"async\" width=\"300\" height=\"200\" src=\"https:\/\/ccoo.app\/ajuntamentbarcelona\/wp-content\/blogs.dir\/6\/files\/sites\/228\/2026\/04\/comissio_seguiment_a_abril_de_2026-300x200.png\" class=\"attachment-medium size-medium wp-post-image\" alt=\"\" style=\"\" srcset=\"https:\/\/ccoo.app\/ajuntamentbarcelona\/wp-content\/blogs.dir\/6\/files\/sites\/228\/2026\/04\/comissio_seguiment_a_abril_de_2026-300x200.png 300w, https:\/\/ccoo.app\/ajuntamentbarcelona\/wp-content\/blogs.dir\/6\/files\/sites\/228\/2026\/04\/comissio_seguiment_a_abril_de_2026-1024x683.png 1024w, https:\/\/ccoo.app\/ajuntamentbarcelona\/wp-content\/blogs.dir\/6\/files\/sites\/228\/2026\/04\/comissio_seguiment_a_abril_de_2026-768x512.png 768w, https:\/\/ccoo.app\/ajuntamentbarcelona\/wp-content\/blogs.dir\/6\/files\/sites\/228\/2026\/04\/comissio_seguiment_a_abril_de_2026.png 1536w\" sizes=\"auto, (max-width: 300px) 100vw, 300px\" \/><\/div><a class=\"wp-block-latest-posts__post-title\" href=\"https:\/\/ccoo.app\/ajuntamentbarcelona\/comissions-de-seguiment-22-dabril-de-2026\/\">Comissions de seguiment \u2013 22 d\u2019abril de 2026<\/a><time datetime=\"2026-04-23T13:07:35+02:00\" class=\"wp-block-latest-posts__post-date\">23 d&#8217;abril de 2026<\/time><div class=\"wp-block-latest-posts__post-excerpt\">Des de CCOO us informem de les dues reunions de &#8230; <p class=\"read-more-container\"><a title=\"Comissions de seguiment \u2013 22 d\u2019abril de 2026\" class=\"read-more button\" href=\"https:\/\/ccoo.app\/ajuntamentbarcelona\/comissions-de-seguiment-22-dabril-de-2026\/#more-17442\" aria-label=\"M\u00e9s informaci\u00f3 sobre Comissions de seguiment \u2013 22 d\u2019abril de 2026\">Llegeix-ne m\u00e9s \u00bb<\/a><\/p><\/div><\/li>\n<li><div class=\"wp-block-latest-posts__featured-image\"><img loading=\"lazy\" decoding=\"async\" width=\"300\" height=\"200\" src=\"https:\/\/ccoo.app\/ajuntamentbarcelona\/wp-content\/blogs.dir\/6\/files\/sites\/228\/2026\/04\/2026_abril_comissio_seguiment-300x200.jpeg\" class=\"attachment-medium size-medium wp-post-image\" alt=\"\" style=\"\" srcset=\"https:\/\/ccoo.app\/ajuntamentbarcelona\/wp-content\/blogs.dir\/6\/files\/sites\/228\/2026\/04\/2026_abril_comissio_seguiment-300x200.jpeg 300w, https:\/\/ccoo.app\/ajuntamentbarcelona\/wp-content\/blogs.dir\/6\/files\/sites\/228\/2026\/04\/2026_abril_comissio_seguiment-1024x683.jpeg 1024w, https:\/\/ccoo.app\/ajuntamentbarcelona\/wp-content\/blogs.dir\/6\/files\/sites\/228\/2026\/04\/2026_abril_comissio_seguiment-768x512.jpeg 768w, https:\/\/ccoo.app\/ajuntamentbarcelona\/wp-content\/blogs.dir\/6\/files\/sites\/228\/2026\/04\/2026_abril_comissio_seguiment.jpeg 1264w\" sizes=\"auto, (max-width: 300px) 100vw, 300px\" \/><\/div><a class=\"wp-block-latest-posts__post-title\" href=\"https:\/\/ccoo.app\/ajuntamentbarcelona\/desbordament-als-serveis-datencio-a-la-ciutadania-oficines-dhabitatge-i-serveis-socials\/\">Desbordament als serveis d\u2019Atenci\u00f3 a la Ciutadania, Oficines d\u2019Habitatge i Serveis Socials<\/a><time datetime=\"2026-04-23T11:38:37+02:00\" class=\"wp-block-latest-posts__post-date\">23 d&#8217;abril de 2026<\/time><div class=\"wp-block-latest-posts__post-excerpt\">Des de CCOO denunciem la manca de previsi\u00f3 de personal &#8230; <p class=\"read-more-container\"><a title=\"Desbordament als serveis d\u2019Atenci\u00f3 a la Ciutadania, Oficines d\u2019Habitatge i Serveis Socials\" class=\"read-more button\" href=\"https:\/\/ccoo.app\/ajuntamentbarcelona\/desbordament-als-serveis-datencio-a-la-ciutadania-oficines-dhabitatge-i-serveis-socials\/#more-17434\" aria-label=\"M\u00e9s informaci\u00f3 sobre Desbordament als serveis d\u2019Atenci\u00f3 a la Ciutadania, Oficines d\u2019Habitatge i Serveis Socials\">Llegeix-ne m\u00e9s \u00bb<\/a><\/p><\/div><\/li>\n<li><div class=\"wp-block-latest-posts__featured-image\"><img loading=\"lazy\" decoding=\"async\" width=\"300\" height=\"200\" src=\"https:\/\/ccoo.app\/ajuntamentbarcelona\/wp-content\/blogs.dir\/6\/files\/sites\/228\/2026\/04\/comissio_seguiment_acord-300x200.png\" class=\"attachment-medium size-medium wp-post-image\" alt=\"comissio seguiment acord\" style=\"\" srcset=\"https:\/\/ccoo.app\/ajuntamentbarcelona\/wp-content\/blogs.dir\/6\/files\/sites\/228\/2026\/04\/comissio_seguiment_acord-300x200.png 300w, https:\/\/ccoo.app\/ajuntamentbarcelona\/wp-content\/blogs.dir\/6\/files\/sites\/228\/2026\/04\/comissio_seguiment_acord-1024x683.png 1024w, https:\/\/ccoo.app\/ajuntamentbarcelona\/wp-content\/blogs.dir\/6\/files\/sites\/228\/2026\/04\/comissio_seguiment_acord-768x512.png 768w, https:\/\/ccoo.app\/ajuntamentbarcelona\/wp-content\/blogs.dir\/6\/files\/sites\/228\/2026\/04\/comissio_seguiment_acord.png 1536w\" sizes=\"auto, (max-width: 300px) 100vw, 300px\" \/><\/div><a class=\"wp-block-latest-posts__post-title\" href=\"https:\/\/ccoo.app\/ajuntamentbarcelona\/comissio-de-seguiment-acord-2025-2028-20-marc\/\">Comissi\u00f3 de Seguiment, Acord 2025-2028, 20 de mar\u00e7<\/a><time datetime=\"2026-04-21T10:56:45+02:00\" class=\"wp-block-latest-posts__post-date\">21 d&#8217;abril de 2026<\/time><div class=\"wp-block-latest-posts__post-excerpt\">Calendari de processos Des de CCOO us informem que avui, &#8230; <p class=\"read-more-container\"><a title=\"Comissi\u00f3 de Seguiment, Acord 2025-2028, 20 de mar\u00e7\" class=\"read-more button\" href=\"https:\/\/ccoo.app\/ajuntamentbarcelona\/comissio-de-seguiment-acord-2025-2028-20-marc\/#more-17418\" aria-label=\"M\u00e9s informaci\u00f3 sobre Comissi\u00f3 de Seguiment, Acord 2025-2028, 20 de mar\u00e7\">Llegeix-ne m\u00e9s \u00bb<\/a><\/p><\/div><\/li>\n<li><div class=\"wp-block-latest-posts__featured-image\"><img loading=\"lazy\" decoding=\"async\" width=\"300\" height=\"170\" src=\"https:\/\/ccoo.app\/ajuntamentbarcelona\/wp-content\/blogs.dir\/6\/files\/sites\/228\/2026\/04\/habitatge_seu_gub-300x170.jpg\" class=\"attachment-medium size-medium wp-post-image\" alt=\"\" style=\"\" srcset=\"https:\/\/ccoo.app\/ajuntamentbarcelona\/wp-content\/blogs.dir\/6\/files\/sites\/228\/2026\/04\/habitatge_seu_gub-300x170.jpg 300w, https:\/\/ccoo.app\/ajuntamentbarcelona\/wp-content\/blogs.dir\/6\/files\/sites\/228\/2026\/04\/habitatge_seu_gub.jpg 528w\" sizes=\"auto, (max-width: 300px) 100vw, 300px\" \/><\/div><a class=\"wp-block-latest-posts__post-title\" href=\"https:\/\/ccoo.app\/ajuntamentbarcelona\/ccoo-aconsegueix-servei-de-seguretat-urgent-a-loficina-dhabitatge-de-sant-andreu\/\">CCOO aconsegueix servei de seguretat urgent a l\u2019oficina d\u2019habitatge de sant andreu<\/a><time datetime=\"2026-04-20T09:43:52+02:00\" class=\"wp-block-latest-posts__post-date\">20 d&#8217;abril de 2026<\/time><div class=\"wp-block-latest-posts__post-excerpt\">Ens complau comunicar-vos que, gr\u00e0cies a la tasca persistent de &#8230; <p class=\"read-more-container\"><a title=\"CCOO aconsegueix servei de seguretat urgent a l\u2019oficina d\u2019habitatge de sant andreu\" class=\"read-more button\" href=\"https:\/\/ccoo.app\/ajuntamentbarcelona\/ccoo-aconsegueix-servei-de-seguretat-urgent-a-loficina-dhabitatge-de-sant-andreu\/#more-17410\" aria-label=\"M\u00e9s informaci\u00f3 sobre CCOO aconsegueix servei de seguretat urgent a l\u2019oficina d\u2019habitatge de sant andreu\">Llegeix-ne m\u00e9s \u00bb<\/a><\/p><\/div><\/li>\n<li><div class=\"wp-block-latest-posts__featured-image\"><img loading=\"lazy\" decoding=\"async\" width=\"200\" height=\"300\" src=\"https:\/\/ccoo.app\/ajuntamentbarcelona\/wp-content\/blogs.dir\/6\/files\/sites\/228\/2026\/04\/20260416_INFOGRAFIA_COMPUT_JORNADA-200x300.jpeg\" class=\"attachment-medium size-medium wp-post-image\" alt=\"infografia\" style=\"\" srcset=\"https:\/\/ccoo.app\/ajuntamentbarcelona\/wp-content\/blogs.dir\/6\/files\/sites\/228\/2026\/04\/20260416_INFOGRAFIA_COMPUT_JORNADA-200x300.jpeg 200w, https:\/\/ccoo.app\/ajuntamentbarcelona\/wp-content\/blogs.dir\/6\/files\/sites\/228\/2026\/04\/20260416_INFOGRAFIA_COMPUT_JORNADA-683x1024.jpeg 683w, https:\/\/ccoo.app\/ajuntamentbarcelona\/wp-content\/blogs.dir\/6\/files\/sites\/228\/2026\/04\/20260416_INFOGRAFIA_COMPUT_JORNADA-768x1152.jpeg 768w, https:\/\/ccoo.app\/ajuntamentbarcelona\/wp-content\/blogs.dir\/6\/files\/sites\/228\/2026\/04\/20260416_INFOGRAFIA_COMPUT_JORNADA.jpeg 1024w\" sizes=\"auto, (max-width: 200px) 100vw, 200px\" \/><\/div><a class=\"wp-block-latest-posts__post-title\" href=\"https:\/\/ccoo.app\/ajuntamentbarcelona\/calcul-de-la-jornada-anual-efectiva-de-treball-don-surten-les-1-519-hores\/\">C\u00e0lcul de la jornada anual efectiva de treball: d\u2019on surten les 1.519 hores?<\/a><time datetime=\"2026-04-17T12:20:01+02:00\" class=\"wp-block-latest-posts__post-date\">17 d&#8217;abril de 2026<\/time><div class=\"wp-block-latest-posts__post-excerpt\">Hem rebut diverses consultes d\u2019afiliats i afiliades preguntant-nos si els &#8230; <p class=\"read-more-container\"><a title=\"C\u00e0lcul de la jornada anual efectiva de treball: d\u2019on surten les 1.519 hores?\" class=\"read-more button\" href=\"https:\/\/ccoo.app\/ajuntamentbarcelona\/calcul-de-la-jornada-anual-efectiva-de-treball-don-surten-les-1-519-hores\/#more-17368\" aria-label=\"M\u00e9s informaci\u00f3 sobre C\u00e0lcul de la jornada anual efectiva de treball: d\u2019on surten les 1.519 hores?\">Llegeix-ne m\u00e9s \u00bb<\/a><\/p><\/div><\/li>\n<\/ul>\n\n\n<div style=\"height:25px\" aria-hidden=\"true\" class=\"wp-block-spacer\"><\/div>\n","protected":false},"excerpt":{"rendered":"<p>Aquest espai est\u00e0 concebut com el teu canal directe d&#8217;informaci\u00f3, on trobar\u00e0s de manera r\u00e0pida i actualitzada totes les novetats, els darrers comunicats i l&#8217;actualitat sindical que afecta la plantilla &#8230; <\/p>\n<p class=\"read-more-container\"><a title=\"Ajuntament\" class=\"read-more button\" href=\"https:\/\/ccoo.app\/ajuntamentbarcelona\/ajuntament\/#more-17140\" aria-label=\"M\u00e9s informaci\u00f3 sobre Ajuntament\">Llegeix-ne m\u00e9s \u00bb<\/a><\/p>\n","protected":false},"author":6,"featured_media":0,"parent":0,"menu_order":200,"comment_status":"closed","ping_status":"closed","template":"","meta":{"footnotes":""},"class_list":["post-17140","page","type-page","status-publish"],"_links":{"self":[{"href":"https:\/\/ccoo.app\/ajuntamentbarcelona\/wp-json\/wp\/v2\/pages\/17140","targetHints":{"allow":["GET"]}}],"collection":[{"href":"https:\/\/ccoo.app\/ajuntamentbarcelona\/wp-json\/wp\/v2\/pages"}],"about":[{"href":"https:\/\/ccoo.app\/ajuntamentbarcelona\/wp-json\/wp\/v2\/types\/page"}],"author":[{"embeddable":true,"href":"https:\/\/ccoo.app\/ajuntamentbarcelona\/wp-json\/wp\/v2\/users\/6"}],"replies":[{"embeddable":true,"href":"https:\/\/ccoo.app\/ajuntamentbarcelona\/wp-json\/wp\/v2\/comments?post=17140"}],"version-history":[{"count":1,"href":"https:\/\/ccoo.app\/ajuntamentbarcelona\/wp-json\/wp\/v2\/pages\/17140\/revisions"}],"predecessor-version":[{"id":17141,"href":"https:\/\/ccoo.app\/ajuntamentbarcelona\/wp-json\/wp\/v2\/pages\/17140\/revisions\/17141"}],"wp:attachment":[{"href":"https:\/\/ccoo.app\/ajuntamentbarcelona\/wp-json\/wp\/v2\/media?parent=17140"}],"curies":[{"name":"wp","href":"https:\/\/api.w.org\/{rel}","templated":true}]}}