{"id":16945,"date":"2026-02-20T08:54:11","date_gmt":"2026-02-20T07:54:11","guid":{"rendered":"https:\/\/ccoo.app\/ajuntamentbarcelona\/?page_id=16945"},"modified":"2026-02-20T09:40:15","modified_gmt":"2026-02-20T08:40:15","slug":"guardia-urbana","status":"publish","type":"page","link":"https:\/\/ccoo.app\/ajuntamentbarcelona\/guardia-urbana\/","title":{"rendered":"Gu\u00e0rdia Urbana"},"content":{"rendered":"\n<div class=\"wp-block-columns is-layout-flex wp-container-core-columns-is-layout-9d6595d7 wp-block-columns-is-layout-flex\">\n<div class=\"wp-block-column is-layout-flow wp-block-column-is-layout-flow\" style=\"flex-basis:25%\"><div class=\"wp-block-image\">\n<figure class=\"aligncenter size-full\"><img loading=\"lazy\" decoding=\"async\" width=\"400\" height=\"400\" src=\"http:\/\/ccoo.app\/ajuntamentbarcelona\/wp-content\/blogs.dir\/6\/files\/sites\/228\/2026\/02\/icon-guardia-urbana.png\" alt=\"\" class=\"wp-image-16938\" srcset=\"https:\/\/ccoo.app\/ajuntamentbarcelona\/wp-content\/blogs.dir\/6\/files\/sites\/228\/2026\/02\/icon-guardia-urbana.png 400w, https:\/\/ccoo.app\/ajuntamentbarcelona\/wp-content\/blogs.dir\/6\/files\/sites\/228\/2026\/02\/icon-guardia-urbana-300x300.png 300w, https:\/\/ccoo.app\/ajuntamentbarcelona\/wp-content\/blogs.dir\/6\/files\/sites\/228\/2026\/02\/icon-guardia-urbana-150x150.png 150w\" sizes=\"auto, (max-width: 400px) 100vw, 400px\" \/><\/figure>\n<\/div><\/div>\n\n\n\n<div class=\"wp-block-column is-vertically-aligned-center is-layout-flow wp-block-column-is-layout-flow\" style=\"flex-basis:75%\">\n<p>Aquest espai est\u00e0 concebut com el teu canal directe d&#8217;informaci\u00f3, on trobar\u00e0s de manera r\u00e0pida i actualitzada totes les <strong>novetats<\/strong>, els darrers comunicats i l&#8217;actualitat sindical que afecta la plantilla de la <strong>Gu\u00e0rdia Urbana de Barcelona<\/strong>. T&#8217;oferim un punt de consulta \u00e0gil per fer seguiment dels aven\u00e7os en els nostres drets laborals i tota aquella documentaci\u00f3 pr\u00e0ctica per estar sempre al corrent d&#8217;all\u00f2 que impacta directament en el nostre dia a dia al cos.<\/p>\n<\/div>\n<\/div>\n\n\n\n<h2 class=\"wp-block-heading\">Escolta <em>La Transpar\u00e8ncia!<\/em><\/h2>\n\n\n\n<figure class=\"wp-block-image size-large\"><a href=\"https:\/\/open.spotify.com\/show\/5frJN8QbNOpQsteI3cmap9?uid=122afcd108452e2c1376&amp;uri=spotify%3Aepisode%3A2zUzoCR5pLKd7FdnsbfLs8\" target=\"_blank\" rel=\" noreferrer noopener\"><img loading=\"lazy\" decoding=\"async\" width=\"1024\" height=\"254\" src=\"https:\/\/ccoo.app\/ajuntamentbarcelona\/wp-content\/blogs.dir\/6\/files\/sites\/228\/2026\/02\/baner-la-transparencia-1024x254.png\" alt=\"\" class=\"wp-image-16949\" srcset=\"https:\/\/ccoo.app\/ajuntamentbarcelona\/wp-content\/blogs.dir\/6\/files\/sites\/228\/2026\/02\/baner-la-transparencia-1024x254.png 1024w, https:\/\/ccoo.app\/ajuntamentbarcelona\/wp-content\/blogs.dir\/6\/files\/sites\/228\/2026\/02\/baner-la-transparencia-300x74.png 300w, https:\/\/ccoo.app\/ajuntamentbarcelona\/wp-content\/blogs.dir\/6\/files\/sites\/228\/2026\/02\/baner-la-transparencia-768x191.png 768w, https:\/\/ccoo.app\/ajuntamentbarcelona\/wp-content\/blogs.dir\/6\/files\/sites\/228\/2026\/02\/baner-la-transparencia.png 1310w\" sizes=\"auto, (max-width: 1024px) 100vw, 1024px\" \/><\/a><\/figure>\n\n\n\n<div style=\"height:25px\" aria-hidden=\"true\" class=\"wp-block-spacer\"><\/div>\n\n\n\n<h2 class=\"wp-block-heading\">Not\u00edcies<\/h2>\n\n\n<ul class=\"wp-block-latest-posts__list is-grid columns-3 has-dates wp-block-latest-posts\"><li><div class=\"wp-block-latest-posts__featured-image\"><img loading=\"lazy\" decoding=\"async\" width=\"300\" height=\"200\" src=\"https:\/\/ccoo.app\/ajuntamentbarcelona\/wp-content\/blogs.dir\/6\/files\/sites\/228\/2024\/11\/PATRULLAGUBCCOO1001-scaled-1-300x200.jpeg\" class=\"attachment-medium size-medium wp-post-image\" alt=\"\" style=\"\" srcset=\"https:\/\/ccoo.app\/ajuntamentbarcelona\/wp-content\/blogs.dir\/6\/files\/sites\/228\/2024\/11\/PATRULLAGUBCCOO1001-scaled-1-300x200.jpeg 300w, https:\/\/ccoo.app\/ajuntamentbarcelona\/wp-content\/blogs.dir\/6\/files\/sites\/228\/2024\/11\/PATRULLAGUBCCOO1001-scaled-1-1024x684.jpeg 1024w, https:\/\/ccoo.app\/ajuntamentbarcelona\/wp-content\/blogs.dir\/6\/files\/sites\/228\/2024\/11\/PATRULLAGUBCCOO1001-scaled-1-768x513.jpeg 768w, https:\/\/ccoo.app\/ajuntamentbarcelona\/wp-content\/blogs.dir\/6\/files\/sites\/228\/2024\/11\/PATRULLAGUBCCOO1001-scaled-1-1536x1025.jpeg 1536w, https:\/\/ccoo.app\/ajuntamentbarcelona\/wp-content\/blogs.dir\/6\/files\/sites\/228\/2024\/11\/PATRULLAGUBCCOO1001-scaled-1-2048x1367.jpeg 2048w\" sizes=\"auto, (max-width: 300px) 100vw, 300px\" \/><\/div><a class=\"wp-block-latest-posts__post-title\" href=\"https:\/\/ccoo.app\/ajuntamentbarcelona\/comissio-de-seguiment-gub-19-marc-2026\/\">Comissi\u00f3 de Seguiment GUB 19 mar\u00e7 2026<\/a><time datetime=\"2026-03-20T11:46:39+01:00\" class=\"wp-block-latest-posts__post-date\">20 de mar\u00e7 de 2026<\/time><div class=\"wp-block-latest-posts__post-excerpt\">Ordre del dia del 19 de mar\u00e7 de 2026: Pl\u00e0 &#8230; <p class=\"read-more-container\"><a title=\"Comissi\u00f3 de Seguiment GUB 19 mar\u00e7 2026\" class=\"read-more button\" href=\"https:\/\/ccoo.app\/ajuntamentbarcelona\/comissio-de-seguiment-gub-19-marc-2026\/#more-17288\" aria-label=\"M\u00e9s informaci\u00f3 sobre Comissi\u00f3 de Seguiment GUB 19 mar\u00e7 2026\">Llegeix-ne m\u00e9s \u00bb<\/a><\/p><\/div><\/li>\n<li><div class=\"wp-block-latest-posts__featured-image\"><img loading=\"lazy\" decoding=\"async\" width=\"300\" height=\"200\" src=\"https:\/\/ccoo.app\/ajuntamentbarcelona\/wp-content\/blogs.dir\/6\/files\/sites\/228\/2023\/11\/GUB_20231120-scaled-1-300x200.jpg\" class=\"attachment-medium size-medium wp-post-image\" alt=\"\" style=\"\" srcset=\"https:\/\/ccoo.app\/ajuntamentbarcelona\/wp-content\/blogs.dir\/6\/files\/sites\/228\/2023\/11\/GUB_20231120-scaled-1-300x200.jpg 300w, https:\/\/ccoo.app\/ajuntamentbarcelona\/wp-content\/blogs.dir\/6\/files\/sites\/228\/2023\/11\/GUB_20231120-scaled-1-1024x683.jpg 1024w, https:\/\/ccoo.app\/ajuntamentbarcelona\/wp-content\/blogs.dir\/6\/files\/sites\/228\/2023\/11\/GUB_20231120-scaled-1-768x512.jpg 768w, https:\/\/ccoo.app\/ajuntamentbarcelona\/wp-content\/blogs.dir\/6\/files\/sites\/228\/2023\/11\/GUB_20231120-scaled-1-1536x1024.jpg 1536w, https:\/\/ccoo.app\/ajuntamentbarcelona\/wp-content\/blogs.dir\/6\/files\/sites\/228\/2023\/11\/GUB_20231120-scaled-1-2048x1366.jpg 2048w\" sizes=\"auto, (max-width: 300px) 100vw, 300px\" \/><\/div><a class=\"wp-block-latest-posts__post-title\" href=\"https:\/\/ccoo.app\/ajuntamentbarcelona\/conveni-2025-2028-gub\/\">Conveni 2025-2028 GUB<\/a><time datetime=\"2026-03-18T10:35:46+01:00\" class=\"wp-block-latest-posts__post-date\">18 de mar\u00e7 de 2026<\/time><div class=\"wp-block-latest-posts__post-excerpt\">Quines s\u00f3n les novetats del nou conveni per la Gu\u00e0rdia &#8230; <p class=\"read-more-container\"><a title=\"Conveni 2025-2028 GUB\" class=\"read-more button\" href=\"https:\/\/ccoo.app\/ajuntamentbarcelona\/conveni-2025-2028-gub\/#more-17238\" aria-label=\"M\u00e9s informaci\u00f3 sobre Conveni 2025-2028 GUB\">Llegeix-ne m\u00e9s \u00bb<\/a><\/p><\/div><\/li>\n<li><div class=\"wp-block-latest-posts__featured-image\"><img loading=\"lazy\" decoding=\"async\" width=\"240\" height=\"300\" src=\"https:\/\/ccoo.app\/ajuntamentbarcelona\/wp-content\/blogs.dir\/6\/files\/sites\/228\/2026\/03\/Sense-titol-Publicacio-dInstagram-45-240x300.png\" class=\"attachment-medium size-medium wp-post-image\" alt=\"\" style=\"\" srcset=\"https:\/\/ccoo.app\/ajuntamentbarcelona\/wp-content\/blogs.dir\/6\/files\/sites\/228\/2026\/03\/Sense-titol-Publicacio-dInstagram-45-240x300.png 240w, https:\/\/ccoo.app\/ajuntamentbarcelona\/wp-content\/blogs.dir\/6\/files\/sites\/228\/2026\/03\/Sense-titol-Publicacio-dInstagram-45-819x1024.png 819w, https:\/\/ccoo.app\/ajuntamentbarcelona\/wp-content\/blogs.dir\/6\/files\/sites\/228\/2026\/03\/Sense-titol-Publicacio-dInstagram-45-768x960.png 768w, https:\/\/ccoo.app\/ajuntamentbarcelona\/wp-content\/blogs.dir\/6\/files\/sites\/228\/2026\/03\/Sense-titol-Publicacio-dInstagram-45.png 1080w\" sizes=\"auto, (max-width: 240px) 100vw, 240px\" \/><\/div><a class=\"wp-block-latest-posts__post-title\" href=\"https:\/\/ccoo.app\/ajuntamentbarcelona\/revisio-de-la-prestacio-per-naixement-adopcio-arran-dels-endarreriments-2025-2026\/\">Revisi\u00f3 de la prestaci\u00f3 per naixement\/adopci\u00f3 arran dels endarreriments 2025-2026<\/a><time datetime=\"2026-03-04T09:47:13+01:00\" class=\"wp-block-latest-posts__post-date\">4 de mar\u00e7 de 2026<\/time><div class=\"wp-block-latest-posts__post-excerpt\">Des de CCOO us volem informar de com fer la &#8230; <p class=\"read-more-container\"><a title=\"Revisi\u00f3 de la prestaci\u00f3 per naixement\/adopci\u00f3 arran dels endarreriments 2025-2026\" class=\"read-more button\" href=\"https:\/\/ccoo.app\/ajuntamentbarcelona\/revisio-de-la-prestacio-per-naixement-adopcio-arran-dels-endarreriments-2025-2026\/#more-17195\" aria-label=\"M\u00e9s informaci\u00f3 sobre Revisi\u00f3 de la prestaci\u00f3 per naixement\/adopci\u00f3 arran dels endarreriments 2025-2026\">Llegeix-ne m\u00e9s \u00bb<\/a><\/p><\/div><\/li>\n<li><div class=\"wp-block-latest-posts__featured-image\"><img loading=\"lazy\" decoding=\"async\" width=\"240\" height=\"300\" src=\"https:\/\/ccoo.app\/ajuntamentbarcelona\/wp-content\/blogs.dir\/6\/files\/sites\/228\/2026\/02\/8M-IG-240x300.jpeg\" class=\"attachment-medium size-medium wp-post-image\" alt=\"\" style=\"\" srcset=\"https:\/\/ccoo.app\/ajuntamentbarcelona\/wp-content\/blogs.dir\/6\/files\/sites\/228\/2026\/02\/8M-IG-240x300.jpeg 240w, https:\/\/ccoo.app\/ajuntamentbarcelona\/wp-content\/blogs.dir\/6\/files\/sites\/228\/2026\/02\/8M-IG-819x1024.jpeg 819w, https:\/\/ccoo.app\/ajuntamentbarcelona\/wp-content\/blogs.dir\/6\/files\/sites\/228\/2026\/02\/8M-IG-768x960.jpeg 768w, https:\/\/ccoo.app\/ajuntamentbarcelona\/wp-content\/blogs.dir\/6\/files\/sites\/228\/2026\/02\/8M-IG-e1771849503109.jpeg 500w\" sizes=\"auto, (max-width: 240px) 100vw, 240px\" \/><\/div><a class=\"wp-block-latest-posts__post-title\" href=\"https:\/\/ccoo.app\/ajuntamentbarcelona\/8-de-marc-reivindicacio-compromis-i-accio-sindical-per-la-igualtat-real\/\">8 de mar\u00e7: reivindicaci\u00f3, comprom\u00eds i acci\u00f3 sindical per la igualtat real<\/a><time datetime=\"2026-02-27T12:05:21+01:00\" class=\"wp-block-latest-posts__post-date\">27 de febrer de 2026<\/time><div class=\"wp-block-latest-posts__post-excerpt\">Dia Internacional de les Dones El 8 de mar\u00e7 \u00e9s &#8230; <p class=\"read-more-container\"><a title=\"8 de mar\u00e7: reivindicaci\u00f3, comprom\u00eds i acci\u00f3 sindical per la igualtat real\" class=\"read-more button\" href=\"https:\/\/ccoo.app\/ajuntamentbarcelona\/8-de-marc-reivindicacio-compromis-i-accio-sindical-per-la-igualtat-real\/#more-17168\" aria-label=\"M\u00e9s informaci\u00f3 sobre 8 de mar\u00e7: reivindicaci\u00f3, comprom\u00eds i acci\u00f3 sindical per la igualtat real\">Llegeix-ne m\u00e9s \u00bb<\/a><\/p><\/div><\/li>\n<li><div class=\"wp-block-latest-posts__featured-image\"><img loading=\"lazy\" decoding=\"async\" width=\"300\" height=\"265\" src=\"https:\/\/ccoo.app\/ajuntamentbarcelona\/wp-content\/blogs.dir\/6\/files\/sites\/228\/2026\/02\/test-300x265.jpeg\" class=\"attachment-medium size-medium wp-post-image\" alt=\"\" style=\"\" srcset=\"https:\/\/ccoo.app\/ajuntamentbarcelona\/wp-content\/blogs.dir\/6\/files\/sites\/228\/2026\/02\/test-300x265.jpeg 300w, https:\/\/ccoo.app\/ajuntamentbarcelona\/wp-content\/blogs.dir\/6\/files\/sites\/228\/2026\/02\/test-1024x904.jpeg 1024w, https:\/\/ccoo.app\/ajuntamentbarcelona\/wp-content\/blogs.dir\/6\/files\/sites\/228\/2026\/02\/test-768x678.jpeg 768w, https:\/\/ccoo.app\/ajuntamentbarcelona\/wp-content\/blogs.dir\/6\/files\/sites\/228\/2026\/02\/test.jpeg 1088w\" sizes=\"auto, (max-width: 300px) 100vw, 300px\" \/><\/div><a class=\"wp-block-latest-posts__post-title\" href=\"https:\/\/ccoo.app\/ajuntamentbarcelona\/pujades-salarials-a-la-gub\/\">PUJADES SALARIALS A LA GUB<\/a><time datetime=\"2026-02-26T11:44:08+01:00\" class=\"wp-block-latest-posts__post-date\">26 de febrer de 2026<\/time><div class=\"wp-block-latest-posts__post-excerpt\">Publiquem el document amb el detall dels augments salarials derivats &#8230; <p class=\"read-more-container\"><a title=\"PUJADES SALARIALS A LA GUB\" class=\"read-more button\" href=\"https:\/\/ccoo.app\/ajuntamentbarcelona\/pujades-salarials-a-la-gub\/#more-17191\" aria-label=\"M\u00e9s informaci\u00f3 sobre PUJADES SALARIALS A LA GUB\">Llegeix-ne m\u00e9s \u00bb<\/a><\/p><\/div><\/li>\n<li><div class=\"wp-block-latest-posts__featured-image\"><img loading=\"lazy\" decoding=\"async\" width=\"300\" height=\"203\" src=\"https:\/\/ccoo.app\/ajuntamentbarcelona\/wp-content\/blogs.dir\/6\/files\/sites\/228\/2026\/02\/Ajuda-6-fills-menors-300x203.jpg\" class=\"attachment-medium size-medium wp-post-image\" alt=\"\" style=\"\" srcset=\"https:\/\/ccoo.app\/ajuntamentbarcelona\/wp-content\/blogs.dir\/6\/files\/sites\/228\/2026\/02\/Ajuda-6-fills-menors-300x203.jpg 300w, https:\/\/ccoo.app\/ajuntamentbarcelona\/wp-content\/blogs.dir\/6\/files\/sites\/228\/2026\/02\/Ajuda-6-fills-menors-768x520.jpg 768w, https:\/\/ccoo.app\/ajuntamentbarcelona\/wp-content\/blogs.dir\/6\/files\/sites\/228\/2026\/02\/Ajuda-6-fills-menors.jpg 858w\" sizes=\"auto, (max-width: 300px) 100vw, 300px\" \/><\/div><a class=\"wp-block-latest-posts__post-title\" href=\"https:\/\/ccoo.app\/ajuntamentbarcelona\/nou-ajut-per-a-menors-fins-a-13-anys\/\">NOU AJUT PER A MENORS FINS A 13 ANYS<\/a><time datetime=\"2026-02-25T11:27:12+01:00\" class=\"wp-block-latest-posts__post-date\">25 de febrer de 2026<\/time><div class=\"wp-block-latest-posts__post-excerpt\">Substituci\u00f3 de la bonificaci\u00f3 del 6% Des de Comissions Obreres &#8230; <p class=\"read-more-container\"><a title=\"NOU AJUT PER A MENORS FINS A 13 ANYS\" class=\"read-more button\" href=\"https:\/\/ccoo.app\/ajuntamentbarcelona\/nou-ajut-per-a-menors-fins-a-13-anys\/#more-17177\" aria-label=\"M\u00e9s informaci\u00f3 sobre NOU AJUT PER A MENORS FINS A 13 ANYS\">Llegeix-ne m\u00e9s \u00bb<\/a><\/p><\/div><\/li>\n<li><div class=\"wp-block-latest-posts__featured-image\"><img loading=\"lazy\" decoding=\"async\" width=\"300\" height=\"199\" src=\"https:\/\/ccoo.app\/ajuntamentbarcelona\/wp-content\/blogs.dir\/6\/files\/sites\/228\/2026\/01\/document-428331_1280-300x199.jpg\" class=\"attachment-medium size-medium wp-post-image\" alt=\"\" style=\"\" srcset=\"https:\/\/ccoo.app\/ajuntamentbarcelona\/wp-content\/blogs.dir\/6\/files\/sites\/228\/2026\/01\/document-428331_1280-300x199.jpg 300w, https:\/\/ccoo.app\/ajuntamentbarcelona\/wp-content\/blogs.dir\/6\/files\/sites\/228\/2026\/01\/document-428331_1280-1024x681.jpg 1024w, https:\/\/ccoo.app\/ajuntamentbarcelona\/wp-content\/blogs.dir\/6\/files\/sites\/228\/2026\/01\/document-428331_1280-768x511.jpg 768w, https:\/\/ccoo.app\/ajuntamentbarcelona\/wp-content\/blogs.dir\/6\/files\/sites\/228\/2026\/01\/document-428331_1280.jpg 1280w\" sizes=\"auto, (max-width: 300px) 100vw, 300px\" \/><\/div><a class=\"wp-block-latest-posts__post-title\" href=\"https:\/\/ccoo.app\/ajuntamentbarcelona\/aclariments-sobre-el-nou-conveni\/\">ACLARIMENTS SOBRE EL NOU CONVENI<\/a><time datetime=\"2026-01-28T13:09:01+01:00\" class=\"wp-block-latest-posts__post-date\">28 de gener de 2026<\/time><div class=\"wp-block-latest-posts__post-excerpt\">Des de CCOO, com ja us vam explicar en l\u2019\u00faltim &#8230; <p class=\"read-more-container\"><a title=\"ACLARIMENTS SOBRE EL NOU CONVENI\" class=\"read-more button\" href=\"https:\/\/ccoo.app\/ajuntamentbarcelona\/aclariments-sobre-el-nou-conveni\/#more-16851\" aria-label=\"M\u00e9s informaci\u00f3 sobre ACLARIMENTS SOBRE EL NOU CONVENI\">Llegeix-ne m\u00e9s \u00bb<\/a><\/p><\/div><\/li>\n<li><div class=\"wp-block-latest-posts__featured-image\"><img loading=\"lazy\" decoding=\"async\" width=\"300\" height=\"169\" src=\"https:\/\/ccoo.app\/ajuntamentbarcelona\/wp-content\/blogs.dir\/6\/files\/sites\/228\/2026\/01\/Diseno-sin-titulo-300x169.jpg\" class=\"attachment-medium size-medium wp-post-image\" alt=\"\" style=\"\" srcset=\"https:\/\/ccoo.app\/ajuntamentbarcelona\/wp-content\/blogs.dir\/6\/files\/sites\/228\/2026\/01\/Diseno-sin-titulo-300x169.jpg 300w, https:\/\/ccoo.app\/ajuntamentbarcelona\/wp-content\/blogs.dir\/6\/files\/sites\/228\/2026\/01\/Diseno-sin-titulo-1024x576.jpg 1024w, https:\/\/ccoo.app\/ajuntamentbarcelona\/wp-content\/blogs.dir\/6\/files\/sites\/228\/2026\/01\/Diseno-sin-titulo-768x432.jpg 768w, https:\/\/ccoo.app\/ajuntamentbarcelona\/wp-content\/blogs.dir\/6\/files\/sites\/228\/2026\/01\/Diseno-sin-titulo-1536x864.jpg 1536w, https:\/\/ccoo.app\/ajuntamentbarcelona\/wp-content\/blogs.dir\/6\/files\/sites\/228\/2026\/01\/Diseno-sin-titulo.jpg 1920w\" sizes=\"auto, (max-width: 300px) 100vw, 300px\" \/><\/div><a class=\"wp-block-latest-posts__post-title\" href=\"https:\/\/ccoo.app\/ajuntamentbarcelona\/ultima-mesa-general-de-conveni-aclariments-i-modificacions-rellevants\/\">\u00daLTIMA MESA GENERAL DE CONVENI<\/a><time datetime=\"2026-01-16T12:49:24+01:00\" class=\"wp-block-latest-posts__post-date\">16 de gener de 2026<\/time><div class=\"wp-block-latest-posts__post-excerpt\">ACLARIMENTS PREVIS A LA SIGNATURA DEL NOU CONVENI AL PLE &#8230; <p class=\"read-more-container\"><a title=\"\u00daLTIMA MESA GENERAL DE CONVENI\" class=\"read-more button\" href=\"https:\/\/ccoo.app\/ajuntamentbarcelona\/ultima-mesa-general-de-conveni-aclariments-i-modificacions-rellevants\/#more-16843\" aria-label=\"M\u00e9s informaci\u00f3 sobre \u00daLTIMA MESA GENERAL DE CONVENI\">Llegeix-ne m\u00e9s \u00bb<\/a><\/p><\/div><\/li>\n<li><div class=\"wp-block-latest-posts__featured-image\"><img loading=\"lazy\" decoding=\"async\" width=\"300\" height=\"193\" src=\"https:\/\/ccoo.app\/ajuntamentbarcelona\/wp-content\/blogs.dir\/6\/files\/sites\/228\/2025\/12\/cobro-atrasos-300x193.jpg\" class=\"attachment-medium size-medium wp-post-image\" alt=\"\" style=\"\" srcset=\"https:\/\/ccoo.app\/ajuntamentbarcelona\/wp-content\/blogs.dir\/6\/files\/sites\/228\/2025\/12\/cobro-atrasos-300x193.jpg 300w, https:\/\/ccoo.app\/ajuntamentbarcelona\/wp-content\/blogs.dir\/6\/files\/sites\/228\/2025\/12\/cobro-atrasos.jpg 487w\" sizes=\"auto, (max-width: 300px) 100vw, 300px\" \/><\/div><a class=\"wp-block-latest-posts__post-title\" href=\"https:\/\/ccoo.app\/ajuntamentbarcelona\/aplicacio-de-lacord-estatal-signat-per-ccoo-al-febrer-cobrem-els-endarreriments\/\">APLICACI\u00d3 DE L\u2019ACORD ESTATAL SIGNAT PER CCOO: AL FEBRER COBREM ELS ENDARRERIMENTS!<\/a><time datetime=\"2025-12-10T09:09:13+01:00\" class=\"wp-block-latest-posts__post-date\">10 de desembre de 2025<\/time><div class=\"wp-block-latest-posts__post-excerpt\">Ahir, a la Mesa General, CCOO vam exigir a l\u2019Ajuntament &#8230; <p class=\"read-more-container\"><a title=\"APLICACI\u00d3 DE L\u2019ACORD ESTATAL SIGNAT PER CCOO: AL FEBRER COBREM ELS ENDARRERIMENTS!\" class=\"read-more button\" href=\"https:\/\/ccoo.app\/ajuntamentbarcelona\/aplicacio-de-lacord-estatal-signat-per-ccoo-al-febrer-cobrem-els-endarreriments\/#more-14283\" aria-label=\"M\u00e9s informaci\u00f3 sobre APLICACI\u00d3 DE L\u2019ACORD ESTATAL SIGNAT PER CCOO: AL FEBRER COBREM ELS ENDARRERIMENTS!\">Llegeix-ne m\u00e9s \u00bb<\/a><\/p><\/div><\/li>\n<\/ul>\n\n\n<div style=\"height:0px\" aria-hidden=\"true\" class=\"wp-block-spacer\"><\/div>\n\n\n<div class=\"wp-block-image\">\n<figure class=\"aligncenter size-large is-resized\"><img loading=\"lazy\" decoding=\"async\" width=\"1024\" height=\"171\" src=\"http:\/\/ccoo.app\/ajuntamentbarcelona\/wp-content\/blogs.dir\/6\/files\/sites\/228\/2023\/04\/2023-GUBCCOO-Peu-Pagina-WEB1-1024x171.png\" alt=\"\" class=\"wp-image-9049\" style=\"width:1314px\" srcset=\"https:\/\/ccoo.app\/ajuntamentbarcelona\/wp-content\/blogs.dir\/6\/files\/sites\/228\/2023\/04\/2023-GUBCCOO-Peu-Pagina-WEB1-1024x171.png 1024w, https:\/\/ccoo.app\/ajuntamentbarcelona\/wp-content\/blogs.dir\/6\/files\/sites\/228\/2023\/04\/2023-GUBCCOO-Peu-Pagina-WEB1-300x50.png 300w, https:\/\/ccoo.app\/ajuntamentbarcelona\/wp-content\/blogs.dir\/6\/files\/sites\/228\/2023\/04\/2023-GUBCCOO-Peu-Pagina-WEB1-768x128.png 768w, https:\/\/ccoo.app\/ajuntamentbarcelona\/wp-content\/blogs.dir\/6\/files\/sites\/228\/2023\/04\/2023-GUBCCOO-Peu-Pagina-WEB1.png 1500w\" sizes=\"auto, (max-width: 1024px) 100vw, 1024px\" \/><\/figure>\n<\/div>","protected":false},"excerpt":{"rendered":"<p>Aquest espai est\u00e0 concebut com el teu canal directe d&#8217;informaci\u00f3, on trobar\u00e0s de manera r\u00e0pida i actualitzada totes les novetats, els darrers comunicats i l&#8217;actualitat sindical que afecta la plantilla &#8230; <\/p>\n<p class=\"read-more-container\"><a title=\"Gu\u00e0rdia Urbana\" class=\"read-more button\" href=\"https:\/\/ccoo.app\/ajuntamentbarcelona\/guardia-urbana\/#more-16945\" aria-label=\"M\u00e9s informaci\u00f3 sobre Gu\u00e0rdia Urbana\">Llegeix-ne m\u00e9s \u00bb<\/a><\/p>\n","protected":false},"author":6,"featured_media":0,"parent":0,"menu_order":4,"comment_status":"closed","ping_status":"closed","template":"","meta":{"footnotes":""},"class_list":["post-16945","page","type-page","status-publish"],"_links":{"self":[{"href":"https:\/\/ccoo.app\/ajuntamentbarcelona\/wp-json\/wp\/v2\/pages\/16945","targetHints":{"allow":["GET"]}}],"collection":[{"href":"https:\/\/ccoo.app\/ajuntamentbarcelona\/wp-json\/wp\/v2\/pages"}],"about":[{"href":"https:\/\/ccoo.app\/ajuntamentbarcelona\/wp-json\/wp\/v2\/types\/page"}],"author":[{"embeddable":true,"href":"https:\/\/ccoo.app\/ajuntamentbarcelona\/wp-json\/wp\/v2\/users\/6"}],"replies":[{"embeddable":true,"href":"https:\/\/ccoo.app\/ajuntamentbarcelona\/wp-json\/wp\/v2\/comments?post=16945"}],"version-history":[{"count":4,"href":"https:\/\/ccoo.app\/ajuntamentbarcelona\/wp-json\/wp\/v2\/pages\/16945\/revisions"}],"predecessor-version":[{"id":16970,"href":"https:\/\/ccoo.app\/ajuntamentbarcelona\/wp-json\/wp\/v2\/pages\/16945\/revisions\/16970"}],"wp:attachment":[{"href":"https:\/\/ccoo.app\/ajuntamentbarcelona\/wp-json\/wp\/v2\/media?parent=16945"}],"curies":[{"name":"wp","href":"https:\/\/api.w.org\/{rel}","templated":true}]}}