{"id":16863,"date":"2026-02-19T15:33:17","date_gmt":"2026-02-19T14:33:17","guid":{"rendered":"https:\/\/ccoo.app\/ajuntamentbarcelona\/?page_id=16863"},"modified":"2026-03-20T13:27:14","modified_gmt":"2026-03-20T12:27:14","slug":"conveni","status":"publish","type":"page","link":"https:\/\/ccoo.app\/ajuntamentbarcelona\/conveni\/","title":{"rendered":"Conveni"},"content":{"rendered":"\n<div class=\"wp-block-columns is-layout-flex wp-container-core-columns-is-layout-9d6595d7 wp-block-columns-is-layout-flex\">\n<div class=\"wp-block-column is-layout-flow wp-block-column-is-layout-flow\"><div class=\"wp-block-image\">\n<figure class=\"aligncenter size-full\"><img loading=\"lazy\" decoding=\"async\" width=\"1024\" height=\"576\" src=\"https:\/\/ccoo.app\/ajuntamentbarcelona\/wp-content\/blogs.dir\/6\/files\/sites\/228\/2026\/02\/personal-ajuntament-barcelona.jpg\" alt=\"\" class=\"wp-image-16933\" srcset=\"https:\/\/ccoo.app\/ajuntamentbarcelona\/wp-content\/blogs.dir\/6\/files\/sites\/228\/2026\/02\/personal-ajuntament-barcelona.jpg 1024w, https:\/\/ccoo.app\/ajuntamentbarcelona\/wp-content\/blogs.dir\/6\/files\/sites\/228\/2026\/02\/personal-ajuntament-barcelona-300x169.jpg 300w, https:\/\/ccoo.app\/ajuntamentbarcelona\/wp-content\/blogs.dir\/6\/files\/sites\/228\/2026\/02\/personal-ajuntament-barcelona-768x432.jpg 768w\" sizes=\"auto, (max-width: 1024px) 100vw, 1024px\" \/><\/figure>\n<\/div><\/div>\n\n\n\n<div class=\"wp-block-column is-vertically-aligned-center is-layout-flow wp-block-column-is-layout-flow\">\n<h2 class=\"wp-block-heading\">Conveni 2025-2028<\/h2>\n\n\n\n<p>El <strong>Conveni Col\u00b7lectiu de l\u2019Ajuntament de Barcelona<\/strong> <strong>2025-2028<\/strong> \u00e9s l\u2019acord que regula les condicions laborals del personal municipal. Aquest document estableix aspectes com la jornada i horaris de treball, retribucions, permisos i llic\u00e8ncies, vacances, conciliaci\u00f3, formaci\u00f3, salut laboral i drets sindicals.<\/p>\n\n\n\n<div class=\"wp-block-buttons is-layout-flex wp-block-buttons-is-layout-flex\">\n<div class=\"wp-block-button\"><a class=\"wp-block-button__link wp-element-button\" href=\"http:\/\/ccoo.app\/ajuntamentbarcelona\/wp-content\/blogs.dir\/6\/files\/sites\/228\/2026\/02\/acord-conveni-2025-2028.pdf\">Descarrega el conveni \u00bb<\/a><\/div>\n<\/div>\n<\/div>\n<\/div>\n\n\n\n<div style=\"height:25px\" aria-hidden=\"true\" class=\"wp-block-spacer\"><\/div>\n\n\n\n<div class=\"wp-block-columns is-layout-flex wp-container-core-columns-is-layout-9d6595d7 wp-block-columns-is-layout-flex\">\n<div class=\"wp-block-column blocconveni is-layout-flow wp-block-column-is-layout-flow\" style=\"flex-basis:100%\"><div class=\"gb-container gb-container-3716e3a5\">\n<div class=\"gb-container gb-container-009ac9ce\">\n\n<div class=\"wp-block-columns is-layout-flex wp-container-core-columns-is-layout-9d6595d7 wp-block-columns-is-layout-flex\">\n<div class=\"wp-block-column is-layout-flow wp-block-column-is-layout-flow\">\n<h2 class=\"wp-block-heading\">NO UNIFORMATS<\/h2>\n\n\n\n<p><\/p>\n\n\n<div class=\"wp-block-image\">\n<figure class=\"aligncenter size-full\"><a href=\"https:\/\/ccoo.app\/ajuntamentbarcelona\/conveni-2025-2028-ajuntament\/\"><img loading=\"lazy\" decoding=\"async\" width=\"1024\" height=\"1024\" src=\"http:\/\/ccoo.app\/ajuntamentbarcelona\/wp-content\/blogs.dir\/6\/files\/sites\/228\/2026\/03\/nouniformat.jpg\" alt=\"\" class=\"wp-image-17224\" srcset=\"https:\/\/ccoo.app\/ajuntamentbarcelona\/wp-content\/blogs.dir\/6\/files\/sites\/228\/2026\/03\/nouniformat.jpg 1024w, https:\/\/ccoo.app\/ajuntamentbarcelona\/wp-content\/blogs.dir\/6\/files\/sites\/228\/2026\/03\/nouniformat-300x300.jpg 300w, https:\/\/ccoo.app\/ajuntamentbarcelona\/wp-content\/blogs.dir\/6\/files\/sites\/228\/2026\/03\/nouniformat-150x150.jpg 150w, https:\/\/ccoo.app\/ajuntamentbarcelona\/wp-content\/blogs.dir\/6\/files\/sites\/228\/2026\/03\/nouniformat-768x768.jpg 768w\" sizes=\"auto, (max-width: 1024px) 100vw, 1024px\" \/><\/a><\/figure>\n<\/div>\n\n\n<p><\/p>\n\n\n\n<p><strong>Consulta la informaci\u00f3 espec\u00edfica del teu \u00e0mbit<\/strong><br>Tot el que recull el conveni i t\u2019afecta en el teu dia a dia laboral<\/p>\n<\/div>\n\n\n\n<div class=\"wp-block-column is-layout-flow wp-block-column-is-layout-flow\">\n<h2 class=\"wp-block-heading\">SPCPEIS<\/h2>\n\n\n\n<p><\/p>\n\n\n<div class=\"wp-block-image\">\n<figure class=\"aligncenter size-full\"><a href=\"https:\/\/ccoo.app\/ajuntamentbarcelona\/conveni-2025-2028-spcpeis\/\"><img loading=\"lazy\" decoding=\"async\" width=\"1024\" height=\"1024\" src=\"http:\/\/ccoo.app\/ajuntamentbarcelona\/wp-content\/blogs.dir\/6\/files\/sites\/228\/2026\/03\/speis.jpg\" alt=\"\" class=\"wp-image-17225\" srcset=\"https:\/\/ccoo.app\/ajuntamentbarcelona\/wp-content\/blogs.dir\/6\/files\/sites\/228\/2026\/03\/speis.jpg 1024w, https:\/\/ccoo.app\/ajuntamentbarcelona\/wp-content\/blogs.dir\/6\/files\/sites\/228\/2026\/03\/speis-300x300.jpg 300w, https:\/\/ccoo.app\/ajuntamentbarcelona\/wp-content\/blogs.dir\/6\/files\/sites\/228\/2026\/03\/speis-150x150.jpg 150w, https:\/\/ccoo.app\/ajuntamentbarcelona\/wp-content\/blogs.dir\/6\/files\/sites\/228\/2026\/03\/speis-768x768.jpg 768w\" sizes=\"auto, (max-width: 1024px) 100vw, 1024px\" \/><\/a><\/figure>\n<\/div>\n\n\n<p><\/p>\n\n\n\n<p><strong>Consulta la informaci\u00f3 espec\u00edfica per a Bombers<\/strong><br>Tot el que regula el conveni per al servei, les condicions i l\u2019organitzaci\u00f3 del col\u00b7lectiu<\/p>\n<\/div>\n\n\n\n<div class=\"wp-block-column is-layout-flow wp-block-column-is-layout-flow\">\n<h2 class=\"wp-block-heading\">GUB<\/h2>\n\n\n\n<p><\/p>\n\n\n<div class=\"wp-block-image\">\n<figure class=\"aligncenter size-full\"><a href=\"https:\/\/ccoo.app\/ajuntamentbarcelona\/conveni-2025-2028-gub\/\"><img loading=\"lazy\" decoding=\"async\" width=\"1024\" height=\"1024\" src=\"http:\/\/ccoo.app\/ajuntamentbarcelona\/wp-content\/blogs.dir\/6\/files\/sites\/228\/2026\/03\/gub.jpg\" alt=\"\" class=\"wp-image-17226\" srcset=\"https:\/\/ccoo.app\/ajuntamentbarcelona\/wp-content\/blogs.dir\/6\/files\/sites\/228\/2026\/03\/gub.jpg 1024w, https:\/\/ccoo.app\/ajuntamentbarcelona\/wp-content\/blogs.dir\/6\/files\/sites\/228\/2026\/03\/gub-300x300.jpg 300w, https:\/\/ccoo.app\/ajuntamentbarcelona\/wp-content\/blogs.dir\/6\/files\/sites\/228\/2026\/03\/gub-150x150.jpg 150w, https:\/\/ccoo.app\/ajuntamentbarcelona\/wp-content\/blogs.dir\/6\/files\/sites\/228\/2026\/03\/gub-768x768.jpg 768w\" sizes=\"auto, (max-width: 1024px) 100vw, 1024px\" \/><\/a><\/figure>\n<\/div>\n\n\n<p><\/p>\n\n\n\n<p><strong>Consulta la informaci\u00f3 espec\u00edfica per a la GUB<\/strong><br>Condicions, millores i aspectes del conveni que impacten directament en el servei i la plantilla<\/p>\n<\/div>\n<\/div>\n\n<\/div>\n<\/div><\/div>\n<\/div>\n\n\n\n<h2 class=\"wp-block-heading\">Not\u00edcies<\/h2>\n\n\n<ul class=\"wp-block-latest-posts__list is-grid columns-3 has-dates wp-block-latest-posts\"><li><div class=\"wp-block-latest-posts__featured-image\"><img loading=\"lazy\" decoding=\"async\" width=\"300\" height=\"225\" src=\"https:\/\/ccoo.app\/ajuntamentbarcelona\/wp-content\/blogs.dir\/6\/files\/sites\/228\/2026\/05\/reunions_2_maig_2026-300x225.png\" class=\"attachment-medium size-medium wp-post-image\" alt=\"Reunions 12 de maig de 2026, comissio de seguiment conveni\" style=\"\" srcset=\"https:\/\/ccoo.app\/ajuntamentbarcelona\/wp-content\/blogs.dir\/6\/files\/sites\/228\/2026\/05\/reunions_2_maig_2026-300x225.png 300w, https:\/\/ccoo.app\/ajuntamentbarcelona\/wp-content\/blogs.dir\/6\/files\/sites\/228\/2026\/05\/reunions_2_maig_2026-1024x768.png 1024w, https:\/\/ccoo.app\/ajuntamentbarcelona\/wp-content\/blogs.dir\/6\/files\/sites\/228\/2026\/05\/reunions_2_maig_2026-768x576.png 768w, https:\/\/ccoo.app\/ajuntamentbarcelona\/wp-content\/blogs.dir\/6\/files\/sites\/228\/2026\/05\/reunions_2_maig_2026.png 1448w\" sizes=\"auto, (max-width: 300px) 100vw, 300px\" \/><\/div><a class=\"wp-block-latest-posts__post-title\" href=\"https:\/\/ccoo.app\/ajuntamentbarcelona\/reunions-12-de-maig-de-2026\/\">Reunions 12 de maig de 2026<\/a><time datetime=\"2026-05-13T09:25:04+02:00\" class=\"wp-block-latest-posts__post-date\">13 de maig de 2026<\/time><div class=\"wp-block-latest-posts__post-excerpt\">Des de CCOO us informem que avui s\u2019han celebrat dues &#8230; <p class=\"read-more-container\"><a title=\"Reunions 12 de maig de 2026\" class=\"read-more button\" href=\"https:\/\/ccoo.app\/ajuntamentbarcelona\/reunions-12-de-maig-de-2026\/#more-17516\" aria-label=\"M\u00e9s informaci\u00f3 sobre Reunions 12 de maig de 2026\">Llegeix-ne m\u00e9s \u00bb<\/a><\/p><\/div><\/li>\n<li><div class=\"wp-block-latest-posts__featured-image\"><img loading=\"lazy\" decoding=\"async\" width=\"200\" height=\"300\" src=\"https:\/\/ccoo.app\/ajuntamentbarcelona\/wp-content\/blogs.dir\/6\/files\/sites\/228\/2026\/05\/20260507_Cap_de_Torn-200x300.png\" class=\"attachment-medium size-medium wp-post-image\" alt=\"\" style=\"\" srcset=\"https:\/\/ccoo.app\/ajuntamentbarcelona\/wp-content\/blogs.dir\/6\/files\/sites\/228\/2026\/05\/20260507_Cap_de_Torn-200x300.png 200w, https:\/\/ccoo.app\/ajuntamentbarcelona\/wp-content\/blogs.dir\/6\/files\/sites\/228\/2026\/05\/20260507_Cap_de_Torn-682x1024.png 682w, https:\/\/ccoo.app\/ajuntamentbarcelona\/wp-content\/blogs.dir\/6\/files\/sites\/228\/2026\/05\/20260507_Cap_de_Torn-768x1154.png 768w, https:\/\/ccoo.app\/ajuntamentbarcelona\/wp-content\/blogs.dir\/6\/files\/sites\/228\/2026\/05\/20260507_Cap_de_Torn.png 1023w\" sizes=\"auto, (max-width: 200px) 100vw, 200px\" \/><\/div><a class=\"wp-block-latest-posts__post-title\" href=\"https:\/\/ccoo.app\/ajuntamentbarcelona\/comunicat-ccoo-compensacio-cap-de-torn\/\">Comunicat CCOO &#8211; Compensaci\u00f3 Cap de torn<\/a><time datetime=\"2026-05-11T13:19:43+02:00\" class=\"wp-block-latest-posts__post-date\">11 de maig de 2026<\/time><div class=\"wp-block-latest-posts__post-excerpt\">L\u2019Administraci\u00f3, amb conniv\u00e8ncia de la Prefectura, ens informa que les &#8230; <p class=\"read-more-container\"><a title=\"Comunicat CCOO &#8211; Compensaci\u00f3 Cap de torn\" class=\"read-more button\" href=\"https:\/\/ccoo.app\/ajuntamentbarcelona\/comunicat-ccoo-compensacio-cap-de-torn\/#more-17509\" aria-label=\"M\u00e9s informaci\u00f3 sobre Comunicat CCOO &#8211; Compensaci\u00f3 Cap de torn\">Llegeix-ne m\u00e9s \u00bb<\/a><\/p><\/div><\/li>\n<li><div class=\"wp-block-latest-posts__featured-image\"><img loading=\"lazy\" decoding=\"async\" width=\"300\" height=\"225\" src=\"https:\/\/ccoo.app\/ajuntamentbarcelona\/wp-content\/blogs.dir\/6\/files\/sites\/228\/2026\/05\/reclamacio_descompte_paga-300x225.png\" class=\"attachment-medium size-medium wp-post-image\" alt=\"\" style=\"\" srcset=\"https:\/\/ccoo.app\/ajuntamentbarcelona\/wp-content\/blogs.dir\/6\/files\/sites\/228\/2026\/05\/reclamacio_descompte_paga-300x225.png 300w, https:\/\/ccoo.app\/ajuntamentbarcelona\/wp-content\/blogs.dir\/6\/files\/sites\/228\/2026\/05\/reclamacio_descompte_paga-1024x768.png 1024w, https:\/\/ccoo.app\/ajuntamentbarcelona\/wp-content\/blogs.dir\/6\/files\/sites\/228\/2026\/05\/reclamacio_descompte_paga-768x576.png 768w, https:\/\/ccoo.app\/ajuntamentbarcelona\/wp-content\/blogs.dir\/6\/files\/sites\/228\/2026\/05\/reclamacio_descompte_paga.png 1448w\" sizes=\"auto, (max-width: 300px) 100vw, 300px\" \/><\/div><a class=\"wp-block-latest-posts__post-title\" href=\"https:\/\/ccoo.app\/ajuntamentbarcelona\/reclamacio-del-descompte-per-incapacitat-temporal\/\">Reclamaci\u00f3 del descompte per incapacitat temporal<\/a><time datetime=\"2026-05-07T09:59:17+02:00\" class=\"wp-block-latest-posts__post-date\">7 de maig de 2026<\/time><div class=\"wp-block-latest-posts__post-excerpt\">Secci\u00f3 sindical de CCOO a l\u2019Ajuntament de Barcelona 7 de &#8230; <p class=\"read-more-container\"><a title=\"Reclamaci\u00f3 del descompte per incapacitat temporal\" class=\"read-more button\" href=\"https:\/\/ccoo.app\/ajuntamentbarcelona\/reclamacio-del-descompte-per-incapacitat-temporal\/#more-17504\" aria-label=\"M\u00e9s informaci\u00f3 sobre Reclamaci\u00f3 del descompte per incapacitat temporal\">Llegeix-ne m\u00e9s \u00bb<\/a><\/p><\/div><\/li>\n<li><div class=\"wp-block-latest-posts__featured-image\"><img loading=\"lazy\" decoding=\"async\" width=\"300\" height=\"200\" src=\"https:\/\/ccoo.app\/ajuntamentbarcelona\/wp-content\/blogs.dir\/6\/files\/sites\/228\/2026\/05\/comissio_seguiment_5_maig-300x200.png\" class=\"attachment-medium size-medium wp-post-image\" alt=\"\" style=\"\" srcset=\"https:\/\/ccoo.app\/ajuntamentbarcelona\/wp-content\/blogs.dir\/6\/files\/sites\/228\/2026\/05\/comissio_seguiment_5_maig-300x200.png 300w, https:\/\/ccoo.app\/ajuntamentbarcelona\/wp-content\/blogs.dir\/6\/files\/sites\/228\/2026\/05\/comissio_seguiment_5_maig-1024x683.png 1024w, https:\/\/ccoo.app\/ajuntamentbarcelona\/wp-content\/blogs.dir\/6\/files\/sites\/228\/2026\/05\/comissio_seguiment_5_maig-768x512.png 768w, https:\/\/ccoo.app\/ajuntamentbarcelona\/wp-content\/blogs.dir\/6\/files\/sites\/228\/2026\/05\/comissio_seguiment_5_maig.png 1536w\" sizes=\"auto, (max-width: 300px) 100vw, 300px\" \/><\/div><a class=\"wp-block-latest-posts__post-title\" href=\"https:\/\/ccoo.app\/ajuntamentbarcelona\/comissio-de-seguiment-de-lacord-2025-2028-principals-reclamacions-de-ccoo\/\">Comissi\u00f3 de Seguiment de l\u2019Acord 2025-2028: principals reclamacions de CCOO<\/a><time datetime=\"2026-05-06T11:58:44+02:00\" class=\"wp-block-latest-posts__post-date\">6 de maig de 2026<\/time><div class=\"wp-block-latest-posts__post-excerpt\">Pla de relleu: pendent de concreci\u00f3 definitiva Durant la reuni\u00f3 &#8230; <p class=\"read-more-container\"><a title=\"Comissi\u00f3 de Seguiment de l\u2019Acord 2025-2028: principals reclamacions de CCOO\" class=\"read-more button\" href=\"https:\/\/ccoo.app\/ajuntamentbarcelona\/comissio-de-seguiment-de-lacord-2025-2028-principals-reclamacions-de-ccoo\/#more-17500\" aria-label=\"M\u00e9s informaci\u00f3 sobre Comissi\u00f3 de Seguiment de l\u2019Acord 2025-2028: principals reclamacions de CCOO\">Llegeix-ne m\u00e9s \u00bb<\/a><\/p><\/div><\/li>\n<li><div class=\"wp-block-latest-posts__featured-image\"><img loading=\"lazy\" decoding=\"async\" width=\"300\" height=\"200\" src=\"https:\/\/ccoo.app\/ajuntamentbarcelona\/wp-content\/blogs.dir\/6\/files\/sites\/228\/2026\/04\/calendario_abril_ccoo-300x200.png\" class=\"attachment-medium size-medium wp-post-image\" alt=\"\" style=\"\" srcset=\"https:\/\/ccoo.app\/ajuntamentbarcelona\/wp-content\/blogs.dir\/6\/files\/sites\/228\/2026\/04\/calendario_abril_ccoo-300x200.png 300w, https:\/\/ccoo.app\/ajuntamentbarcelona\/wp-content\/blogs.dir\/6\/files\/sites\/228\/2026\/04\/calendario_abril_ccoo-1024x681.png 1024w, https:\/\/ccoo.app\/ajuntamentbarcelona\/wp-content\/blogs.dir\/6\/files\/sites\/228\/2026\/04\/calendario_abril_ccoo-768x511.png 768w, https:\/\/ccoo.app\/ajuntamentbarcelona\/wp-content\/blogs.dir\/6\/files\/sites\/228\/2026\/04\/calendario_abril_ccoo.png 1076w\" sizes=\"auto, (max-width: 300px) 100vw, 300px\" \/><\/div><a class=\"wp-block-latest-posts__post-title\" href=\"https:\/\/ccoo.app\/ajuntamentbarcelona\/seccio-sindical-de-ccoo-a-lajuntament-de-barcelona-28-dabril-de-2026\/\">Secci\u00f3 sindical de CCOO a l\u2019Ajuntament de Barcelona 28 d\u2019abril de 2026<\/a><time datetime=\"2026-04-30T09:20:00+02:00\" class=\"wp-block-latest-posts__post-date\">30 d&#8217;abril de 2026<\/time><div class=\"wp-block-latest-posts__post-excerpt\">\u2261 COMUNICAT SINDICAL \u2261 MESA GENERAL I COMISSI\u00d3 DE SEGUIMENT &#8230; <p class=\"read-more-container\"><a title=\"Secci\u00f3 sindical de CCOO a l\u2019Ajuntament de Barcelona 28 d\u2019abril de 2026\" class=\"read-more button\" href=\"https:\/\/ccoo.app\/ajuntamentbarcelona\/seccio-sindical-de-ccoo-a-lajuntament-de-barcelona-28-dabril-de-2026\/#more-17467\" aria-label=\"M\u00e9s informaci\u00f3 sobre Secci\u00f3 sindical de CCOO a l\u2019Ajuntament de Barcelona 28 d\u2019abril de 2026\">Llegeix-ne m\u00e9s \u00bb<\/a><\/p><\/div><\/li>\n<li><div class=\"wp-block-latest-posts__featured-image\"><img loading=\"lazy\" decoding=\"async\" width=\"300\" height=\"200\" src=\"https:\/\/ccoo.app\/ajuntamentbarcelona\/wp-content\/blogs.dir\/6\/files\/sites\/228\/2026\/04\/tes_bombers_barcelona-300x200.png\" class=\"attachment-medium size-medium wp-post-image\" alt=\"tes, bombers barcelona\" style=\"\" srcset=\"https:\/\/ccoo.app\/ajuntamentbarcelona\/wp-content\/blogs.dir\/6\/files\/sites\/228\/2026\/04\/tes_bombers_barcelona-300x200.png 300w, https:\/\/ccoo.app\/ajuntamentbarcelona\/wp-content\/blogs.dir\/6\/files\/sites\/228\/2026\/04\/tes_bombers_barcelona-1024x683.png 1024w, https:\/\/ccoo.app\/ajuntamentbarcelona\/wp-content\/blogs.dir\/6\/files\/sites\/228\/2026\/04\/tes_bombers_barcelona-768x512.png 768w, https:\/\/ccoo.app\/ajuntamentbarcelona\/wp-content\/blogs.dir\/6\/files\/sites\/228\/2026\/04\/tes_bombers_barcelona.png 1536w\" sizes=\"auto, (max-width: 300px) 100vw, 300px\" \/><\/div><a class=\"wp-block-latest-posts__post-title\" href=\"https:\/\/ccoo.app\/ajuntamentbarcelona\/novetats-rellevants-en-relacio-amb-la-categoria-de-tecnic-a-demergencies-sanitaries-tes\/\">Novetats rellevants en relaci\u00f3 amb la categoria de t\u00e8cnic\/a d\u2019emerg\u00e8ncies sanit\u00e0ries (TES)<\/a><time datetime=\"2026-04-29T12:29:26+02:00\" class=\"wp-block-latest-posts__post-date\">29 d&#8217;abril de 2026<\/time><div class=\"wp-block-latest-posts__post-excerpt\">BOMBERS DE BARCELONA | T\u00c8CNIC\/A D\u2019EMERG\u00c8NCIES SANIT\u00c0RIES (TES) En el &#8230; <p class=\"read-more-container\"><a title=\"Novetats rellevants en relaci\u00f3 amb la categoria de t\u00e8cnic\/a d\u2019emerg\u00e8ncies sanit\u00e0ries (TES)\" class=\"read-more button\" href=\"https:\/\/ccoo.app\/ajuntamentbarcelona\/novetats-rellevants-en-relacio-amb-la-categoria-de-tecnic-a-demergencies-sanitaries-tes\/#more-17461\" aria-label=\"M\u00e9s informaci\u00f3 sobre Novetats rellevants en relaci\u00f3 amb la categoria de t\u00e8cnic\/a d\u2019emerg\u00e8ncies sanit\u00e0ries (TES)\">Llegeix-ne m\u00e9s \u00bb<\/a><\/p><\/div><\/li>\n<li><div class=\"wp-block-latest-posts__featured-image\"><img loading=\"lazy\" decoding=\"async\" width=\"300\" height=\"200\" src=\"https:\/\/ccoo.app\/ajuntamentbarcelona\/wp-content\/blogs.dir\/6\/files\/sites\/228\/2026\/04\/seguiment_abril_2_conveni_gub-300x200.png\" class=\"attachment-medium size-medium wp-post-image\" alt=\"\" style=\"\" srcset=\"https:\/\/ccoo.app\/ajuntamentbarcelona\/wp-content\/blogs.dir\/6\/files\/sites\/228\/2026\/04\/seguiment_abril_2_conveni_gub-300x200.png 300w, https:\/\/ccoo.app\/ajuntamentbarcelona\/wp-content\/blogs.dir\/6\/files\/sites\/228\/2026\/04\/seguiment_abril_2_conveni_gub-1024x683.png 1024w, https:\/\/ccoo.app\/ajuntamentbarcelona\/wp-content\/blogs.dir\/6\/files\/sites\/228\/2026\/04\/seguiment_abril_2_conveni_gub-768x512.png 768w, https:\/\/ccoo.app\/ajuntamentbarcelona\/wp-content\/blogs.dir\/6\/files\/sites\/228\/2026\/04\/seguiment_abril_2_conveni_gub.png 1536w\" sizes=\"auto, (max-width: 300px) 100vw, 300px\" \/><\/div><a class=\"wp-block-latest-posts__post-title\" href=\"https:\/\/ccoo.app\/ajuntamentbarcelona\/comissio-de-seguiment-27-dabril-2026-gub\/\">Comissi\u00f3 de seguiment 27 d\u2019abril 2026, GUB<\/a><time datetime=\"2026-04-28T11:18:52+02:00\" class=\"wp-block-latest-posts__post-date\">28 d&#8217;abril de 2026<\/time><div class=\"wp-block-latest-posts__post-excerpt\">CCOO torna a reclamar que es tiri endavant el P.O. &#8230; <p class=\"read-more-container\"><a title=\"Comissi\u00f3 de seguiment 27 d\u2019abril 2026, GUB\" class=\"read-more button\" href=\"https:\/\/ccoo.app\/ajuntamentbarcelona\/comissio-de-seguiment-27-dabril-2026-gub\/#more-17455\" aria-label=\"M\u00e9s informaci\u00f3 sobre Comissi\u00f3 de seguiment 27 d\u2019abril 2026, GUB\">Llegeix-ne m\u00e9s \u00bb<\/a><\/p><\/div><\/li>\n<li><div class=\"wp-block-latest-posts__featured-image\"><img loading=\"lazy\" decoding=\"async\" width=\"300\" height=\"200\" src=\"https:\/\/ccoo.app\/ajuntamentbarcelona\/wp-content\/blogs.dir\/6\/files\/sites\/228\/2026\/04\/prevencio_dret_tothom-300x200.png\" class=\"attachment-medium size-medium wp-post-image\" alt=\"\" style=\"\" srcset=\"https:\/\/ccoo.app\/ajuntamentbarcelona\/wp-content\/blogs.dir\/6\/files\/sites\/228\/2026\/04\/prevencio_dret_tothom-300x200.png 300w, https:\/\/ccoo.app\/ajuntamentbarcelona\/wp-content\/blogs.dir\/6\/files\/sites\/228\/2026\/04\/prevencio_dret_tothom-1024x683.png 1024w, https:\/\/ccoo.app\/ajuntamentbarcelona\/wp-content\/blogs.dir\/6\/files\/sites\/228\/2026\/04\/prevencio_dret_tothom-768x512.png 768w, https:\/\/ccoo.app\/ajuntamentbarcelona\/wp-content\/blogs.dir\/6\/files\/sites\/228\/2026\/04\/prevencio_dret_tothom.png 1536w\" sizes=\"auto, (max-width: 300px) 100vw, 300px\" \/><\/div><a class=\"wp-block-latest-posts__post-title\" href=\"https:\/\/ccoo.app\/ajuntamentbarcelona\/dia-internacional-de-la-seguretat-i-la-salut-en-el-treball\/\">Dia Internacional de la Seguretat i la Salut en el Treball<\/a><time datetime=\"2026-04-28T10:26:03+02:00\" class=\"wp-block-latest-posts__post-date\">28 d&#8217;abril de 2026<\/time><div class=\"wp-block-latest-posts__post-excerpt\">Per a CCOO, cada dia \u00e9s el dia de la &#8230; <p class=\"read-more-container\"><a title=\"Dia Internacional de la Seguretat i la Salut en el Treball\" class=\"read-more button\" href=\"https:\/\/ccoo.app\/ajuntamentbarcelona\/dia-internacional-de-la-seguretat-i-la-salut-en-el-treball\/#more-17451\" aria-label=\"M\u00e9s informaci\u00f3 sobre Dia Internacional de la Seguretat i la Salut en el Treball\">Llegeix-ne m\u00e9s \u00bb<\/a><\/p><\/div><\/li>\n<li><div class=\"wp-block-latest-posts__featured-image\"><img loading=\"lazy\" decoding=\"async\" width=\"300\" height=\"200\" src=\"https:\/\/ccoo.app\/ajuntamentbarcelona\/wp-content\/blogs.dir\/6\/files\/sites\/228\/2026\/04\/comissio_seguiment_a_abril_de_2026-300x200.png\" class=\"attachment-medium size-medium wp-post-image\" alt=\"\" style=\"\" srcset=\"https:\/\/ccoo.app\/ajuntamentbarcelona\/wp-content\/blogs.dir\/6\/files\/sites\/228\/2026\/04\/comissio_seguiment_a_abril_de_2026-300x200.png 300w, https:\/\/ccoo.app\/ajuntamentbarcelona\/wp-content\/blogs.dir\/6\/files\/sites\/228\/2026\/04\/comissio_seguiment_a_abril_de_2026-1024x683.png 1024w, https:\/\/ccoo.app\/ajuntamentbarcelona\/wp-content\/blogs.dir\/6\/files\/sites\/228\/2026\/04\/comissio_seguiment_a_abril_de_2026-768x512.png 768w, https:\/\/ccoo.app\/ajuntamentbarcelona\/wp-content\/blogs.dir\/6\/files\/sites\/228\/2026\/04\/comissio_seguiment_a_abril_de_2026.png 1536w\" sizes=\"auto, (max-width: 300px) 100vw, 300px\" \/><\/div><a class=\"wp-block-latest-posts__post-title\" href=\"https:\/\/ccoo.app\/ajuntamentbarcelona\/comissions-de-seguiment-22-dabril-de-2026\/\">Comissions de seguiment \u2013 22 d\u2019abril de 2026<\/a><time datetime=\"2026-04-23T13:07:35+02:00\" class=\"wp-block-latest-posts__post-date\">23 d&#8217;abril de 2026<\/time><div class=\"wp-block-latest-posts__post-excerpt\">Des de CCOO us informem de les dues reunions de &#8230; <p class=\"read-more-container\"><a title=\"Comissions de seguiment \u2013 22 d\u2019abril de 2026\" class=\"read-more button\" href=\"https:\/\/ccoo.app\/ajuntamentbarcelona\/comissions-de-seguiment-22-dabril-de-2026\/#more-17442\" aria-label=\"M\u00e9s informaci\u00f3 sobre Comissions de seguiment \u2013 22 d\u2019abril de 2026\">Llegeix-ne m\u00e9s \u00bb<\/a><\/p><\/div><\/li>\n<\/ul>","protected":false},"excerpt":{"rendered":"<p>Conveni 2025-2028 El Conveni Col\u00b7lectiu de l\u2019Ajuntament de Barcelona 2025-2028 \u00e9s l\u2019acord que regula les condicions laborals del personal municipal. Aquest document estableix aspectes com la jornada i horaris de &#8230; <\/p>\n<p class=\"read-more-container\"><a title=\"Conveni\" class=\"read-more button\" href=\"https:\/\/ccoo.app\/ajuntamentbarcelona\/conveni\/#more-16863\" aria-label=\"M\u00e9s informaci\u00f3 sobre Conveni\">Llegeix-ne m\u00e9s \u00bb<\/a><\/p>\n","protected":false},"author":6,"featured_media":0,"parent":0,"menu_order":4,"comment_status":"closed","ping_status":"closed","template":"","meta":{"footnotes":""},"class_list":["post-16863","page","type-page","status-publish"],"_links":{"self":[{"href":"https:\/\/ccoo.app\/ajuntamentbarcelona\/wp-json\/wp\/v2\/pages\/16863","targetHints":{"allow":["GET"]}}],"collection":[{"href":"https:\/\/ccoo.app\/ajuntamentbarcelona\/wp-json\/wp\/v2\/pages"}],"about":[{"href":"https:\/\/ccoo.app\/ajuntamentbarcelona\/wp-json\/wp\/v2\/types\/page"}],"author":[{"embeddable":true,"href":"https:\/\/ccoo.app\/ajuntamentbarcelona\/wp-json\/wp\/v2\/users\/6"}],"replies":[{"embeddable":true,"href":"https:\/\/ccoo.app\/ajuntamentbarcelona\/wp-json\/wp\/v2\/comments?post=16863"}],"version-history":[{"count":5,"href":"https:\/\/ccoo.app\/ajuntamentbarcelona\/wp-json\/wp\/v2\/pages\/16863\/revisions"}],"predecessor-version":[{"id":17302,"href":"https:\/\/ccoo.app\/ajuntamentbarcelona\/wp-json\/wp\/v2\/pages\/16863\/revisions\/17302"}],"wp:attachment":[{"href":"https:\/\/ccoo.app\/ajuntamentbarcelona\/wp-json\/wp\/v2\/media?parent=16863"}],"curies":[{"name":"wp","href":"https:\/\/api.w.org\/{rel}","templated":true}]}}