{"id":25,"date":"2020-02-13T13:17:50","date_gmt":"2020-02-13T12:17:50","guid":{"rendered":"https:\/\/gpsites.co\/read\/?page_id=25"},"modified":"2022-07-22T13:47:42","modified_gmt":"2022-07-22T11:47:42","slug":"home","status":"publish","type":"page","link":"https:\/\/ccoo.app\/ajuntament-santa-perpetua-de-mogoda\/","title":{"rendered":"Inici"},"content":{"rendered":"\n<div class=\"wp-block-cover alignfull is-light is-style-default\" style=\"min-height:400px;aspect-ratio:unset;\" id=\"http:\/\/ccoo.app\/ajuntament-santa-perpetua-de-mogoda\/wp-content\/blogs.dir\/6\/files\/sites\/178\/2021\/01\/imagen-prueba-entradas.jpg\"><span aria-hidden=\"true\" class=\"wp-block-cover__background has-background-dim-0 has-background-dim\"><\/span><img loading=\"lazy\" decoding=\"async\" width=\"320\" height=\"187\" class=\"wp-block-cover__image-background wp-image-3310\" alt=\"Imatgecapcalera2 2\" src=\"https:\/\/ccoo.app\/ajuntament-santa-perpetua-de-mogoda\/wp-content\/blogs.dir\/6\/files\/sites\/180\/2022\/07\/imatgecapcalera2-2.png\" style=\"object-position:21% 51%\" data-object-fit=\"cover\" data-object-position=\"21% 51%\" srcset=\"https:\/\/ccoo.app\/ajuntament-santa-perpetua-de-mogoda\/wp-content\/blogs.dir\/6\/files\/sites\/180\/2022\/07\/imatgecapcalera2-2.png 320w, https:\/\/ccoo.app\/ajuntament-santa-perpetua-de-mogoda\/wp-content\/blogs.dir\/6\/files\/sites\/180\/2022\/07\/imatgecapcalera2-2-300x175.png 300w\" sizes=\"auto, (max-width: 320px) 100vw, 320px\" \/><div class=\"wp-block-cover__inner-container is-layout-flow wp-block-cover-is-layout-flow\">\n<div class=\"wp-block-cover\" style=\"min-height:300px;aspect-ratio:unset;\"><span aria-hidden=\"true\" class=\"wp-block-cover__background has-background-dim-0 has-background-dim\"><\/span><img decoding=\"async\" class=\"wp-block-cover__image-background wp-image-2343\" alt=\"\" src=\"http:\/\/ccoo.app\/wp-content\/blogs.dir\/6\/files\/2021\/01\/Elementos-CCOO-cabecera.png\" data-object-fit=\"cover\" \/><div class=\"wp-block-cover__inner-container is-layout-flow wp-block-cover-is-layout-flow\">\n<div class=\"wp-block-group\"><div class=\"wp-block-group__inner-container is-layout-flow wp-block-group-is-layout-flow\">\n<h1 class=\"has-text-align-center has-black-color has-text-color wp-block-heading\" id=\"seccion-sindical\" style=\"font-size:44px\">Secci\u00f3 Sindical <\/h1>\n\n\n\n<h1 class=\"has-text-align-center has-black-color has-text-color wp-block-heading\" id=\"seccion-sindical\" style=\"font-size:44px\">Ajuntament Santa Perp\u00e8tua de Mogoda<\/h1>\n\n\n\n<div class=\"wp-block-columns is-layout-flex wp-container-core-columns-is-layout-9d6595d7 wp-block-columns-is-layout-flex\">\n<div class=\"wp-block-column is-layout-flow wp-block-column-is-layout-flow\" style=\"flex-basis:15%\"><\/div>\n\n\n\n<div class=\"wp-block-column is-layout-flow wp-block-column-is-layout-flow\" style=\"flex-basis:70%\">\n<p>Treballadors i treballadores, i especialment Afiliats i Afiliades a CCOO, us donem la benvinguda a la nostra web, amb informaci\u00f3 del vostre inter\u00e8s i de la forma m\u00e9s \u00fatil, d\u2019acord amb el vostre perfil i que us permetr\u00e0 participar.<br>Nous temps, noves necessitats, noves vies i les CCOO de sempre, ara en la teva butxaca.<\/p>\n<\/div>\n\n\n\n<div class=\"wp-block-column is-layout-flow wp-block-column-is-layout-flow\" style=\"flex-basis:15%\"><\/div>\n<\/div>\n<\/div><\/div>\n<\/div><\/div>\n<\/div><\/div>\n\n\n\n<div style=\"height:42px\" aria-hidden=\"true\" class=\"wp-block-spacer\"><\/div>\n\n\n<ul class=\"wp-block-latest-posts__list is-grid columns-3 wp-block-latest-posts\"><li><a class=\"wp-block-latest-posts__post-title\" href=\"https:\/\/ccoo.app\/ajuntament-santa-perpetua-de-mogoda\/gracies-jero\/\">Gr\u00e0cies Jero<\/a><div class=\"wp-block-latest-posts__post-excerpt\">El company Jero Pazo Begines a renunciar el passat mes de novembre a les seves funcions com a delegat de &#8230; <a title=\"Gr\u00e0cies Jero\" class=\"read-more\" href=\"https:\/\/ccoo.app\/ajuntament-santa-perpetua-de-mogoda\/gracies-jero\/\" aria-label=\"Leer m\u00e1s sobre Gr\u00e0cies Jero\">Leer m\u00e1s<\/a><\/div><\/li>\n<li><a class=\"wp-block-latest-posts__post-title\" href=\"https:\/\/ccoo.app\/ajuntament-santa-perpetua-de-mogoda\/reconeixement-per-25-anys-afiliacio\/\">Reconeixement per 25 anys afiliaci\u00f3<\/a><div class=\"wp-block-latest-posts__post-excerpt\">En la darrera secci\u00f3 sindical del 2025, les persones afiliades amb 25 anys d&#8217;antiguitat van rebre el reconeixement per part &#8230; <a title=\"Reconeixement per 25 anys afiliaci\u00f3\" class=\"read-more\" href=\"https:\/\/ccoo.app\/ajuntament-santa-perpetua-de-mogoda\/reconeixement-per-25-anys-afiliacio\/\" aria-label=\"Leer m\u00e1s sobre Reconeixement per 25 anys afiliaci\u00f3\">Leer m\u00e1s<\/a><\/div><\/li>\n<li><a class=\"wp-block-latest-posts__post-title\" href=\"https:\/\/ccoo.app\/ajuntament-santa-perpetua-de-mogoda\/darrera-seccio-sindical-ccoo-spm-de-2025\/\">Darrera secci\u00f3 sindical CCOO SPM de 2025<\/a><div class=\"wp-block-latest-posts__post-excerpt\">El passat 16 de desembre vam tenir la darrera secci\u00f3 sindical de 2025. En la mateixa vam informar de l&#8217;estat &#8230; <a title=\"Darrera secci\u00f3 sindical CCOO SPM de 2025\" class=\"read-more\" href=\"https:\/\/ccoo.app\/ajuntament-santa-perpetua-de-mogoda\/darrera-seccio-sindical-ccoo-spm-de-2025\/\" aria-label=\"Leer m\u00e1s sobre Darrera secci\u00f3 sindical CCOO SPM de 2025\">Leer m\u00e1s<\/a><\/div><\/li>\n<li><a class=\"wp-block-latest-posts__post-title\" href=\"https:\/\/ccoo.app\/ajuntament-santa-perpetua-de-mogoda\/acord-de-valoracio\/\">ACORD DE VALORACI\u00d3<\/a><div class=\"wp-block-latest-posts__post-excerpt\">Des de la secci\u00f3 sindical de CCOO tenim molt clar que cal defensar l\u2019acord de valoraci\u00f3 de llocs de treball. &#8230; <a title=\"ACORD DE VALORACI\u00d3\" class=\"read-more\" href=\"https:\/\/ccoo.app\/ajuntament-santa-perpetua-de-mogoda\/acord-de-valoracio\/\" aria-label=\"Leer m\u00e1s sobre ACORD DE VALORACI\u00d3\">Leer m\u00e1s<\/a><\/div><\/li>\n<li><a class=\"wp-block-latest-posts__post-title\" href=\"https:\/\/ccoo.app\/ajuntament-santa-perpetua-de-mogoda\/primer-de-maig-2024-plena-ocupacio-salaris-dignes-i-sostre-per-a-tothom\/\">Primer de maig 2024. Plena ocupaci\u00f3, salaris dignes i sostre per a tothom!<\/a><div class=\"wp-block-latest-posts__post-excerpt\">Aquest 1 de maig sortim al carrer a demanar la plena ocupaci\u00f3, salaris dignes i sostre per a tothom. CCOO &#8230; <a title=\"Primer de maig 2024. Plena ocupaci\u00f3, salaris dignes i sostre per a tothom!\" class=\"read-more\" href=\"https:\/\/ccoo.app\/ajuntament-santa-perpetua-de-mogoda\/primer-de-maig-2024-plena-ocupacio-salaris-dignes-i-sostre-per-a-tothom\/\" aria-label=\"Leer m\u00e1s sobre Primer de maig 2024. Plena ocupaci\u00f3, salaris dignes i sostre per a tothom!\">Leer m\u00e1s<\/a><\/div><\/li>\n<li><a class=\"wp-block-latest-posts__post-title\" href=\"https:\/\/ccoo.app\/ajuntament-santa-perpetua-de-mogoda\/05-dincrement-al-salari-base-i-complement-de-desti\/\">0,5% d&#8217;increment al salari base i complement de dest\u00ed<\/a><div class=\"wp-block-latest-posts__post-excerpt\">El passat dia 28 de setembre de 2023, va tenir lloc reuni\u00f3 de la Comissi\u00f3 de seguiment de l\u2019Acord marc &#8230; <a title=\"0,5% d&#8217;increment al salari base i complement de dest\u00ed\" class=\"read-more\" href=\"https:\/\/ccoo.app\/ajuntament-santa-perpetua-de-mogoda\/05-dincrement-al-salari-base-i-complement-de-desti\/\" aria-label=\"Leer m\u00e1s sobre 0,5% d&#8217;increment al salari base i complement de dest\u00ed\">Leer m\u00e1s<\/a><\/div><\/li>\n<\/ul>\n\n\n<div class=\"wp-block-cover alignfull is-light\" style=\"min-height:689px;aspect-ratio:unset;\"><span aria-hidden=\"true\" class=\"wp-block-cover__background has-background-dim-0 has-background-dim\"><\/span><img decoding=\"async\" class=\"wp-block-cover__image-background wp-image-2356\" alt=\"\" src=\"https:\/\/ccoo.app\/wp-content\/blogs.dir\/6\/files\/2021\/01\/fond-hero.svg\" data-object-fit=\"cover\" \/><div class=\"wp-block-cover__inner-container is-layout-flow wp-block-cover-is-layout-flow\">\n<div class=\"wp-block-group\"><div class=\"wp-block-group__inner-container is-layout-flow wp-block-group-is-layout-flow\">\n<div class=\"wp-block-columns is-layout-flex wp-container-core-columns-is-layout-9d6595d7 wp-block-columns-is-layout-flex\">\n<div class=\"wp-block-column is-layout-flow wp-block-column-is-layout-flow\"><div class=\"wp-block-image\">\n<figure class=\"aligncenter size-large is-resized\"><img loading=\"lazy\" decoding=\"async\" src=\"https:\/\/ccoo.app\/wp-content\/blogs.dir\/6\/files\/2021\/01\/noticias-ccoo.jpg\" alt=\"\" class=\"wp-image-2358\" width=\"397\" height=\"313\" \/><\/figure>\n<\/div><\/div>\n\n\n\n<div class=\"wp-block-column is-layout-flow wp-block-column-is-layout-flow\">\n<p><\/p>\n\n\n\n<h2 class=\"wp-block-heading\">Descobreix altres not\u00edcies<\/h2>\n\n\n\n<figure class=\"wp-block-image size-large is-resized barra-decoracion\"><img loading=\"lazy\" decoding=\"async\" src=\"https:\/\/ccoo.app\/wp-content\/blogs.dir\/6\/files\/2021\/01\/Rectangle-126.svg\" alt=\"\" class=\"wp-image-2357\" width=\"281\" height=\"6\" \/><\/figure>\n\n\n\n<p class=\"has-black-color has-text-color\">\u00daltimes not\u00edcies dels sectors de la Federaci\u00f3 de Serveis a la Ciutadania<\/p>\n\n\n\n<div class=\"wp-block-buttons is-layout-flex wp-block-buttons-is-layout-flex\">\n<div class=\"wp-block-button\"><a class=\"wp-block-button__link has-white-color has-black-background-color has-text-color has-background no-border-radius\" href=\"https:\/\/www.ccoo.cat\/fsc\/noticies\/\" target=\"_blank\" rel=\"noreferrer noopener\">ACTUALIDAD<\/a><\/div>\n<\/div>\n\n\n\n<p class=\"has-black-color has-text-color\"><br><\/p>\n<\/div>\n<\/div>\n<\/div><\/div>\n<\/div><\/div>\n\n\n\n<p><\/p>\n\n\n\n<figure class=\"wp-block-embed is-type-rich is-provider-twitter wp-block-embed-twitter has-mobile-text-align-left\"><div class=\"wp-block-embed__wrapper\">\n<a class=\"twitter-timeline\" data-width=\"1200\" data-height=\"1000\" data-dnt=\"true\" href=\"https:\/\/twitter.com\/CCOOSPM?ref_src=twsrc%5Etfw\">Tweets by CCOOSPM<\/a><script async src=\"https:\/\/platform.twitter.com\/widgets.js\" charset=\"utf-8\"><\/script>\n<\/div><\/figure>\n\n\n\n<div style=\"height:40px\" aria-hidden=\"true\" class=\"wp-block-spacer\"><\/div>\n","protected":false},"excerpt":{"rendered":"","protected":false},"author":6,"featured_media":0,"parent":0,"menu_order":0,"comment_status":"closed","ping_status":"closed","template":"","meta":{"footnotes":""},"class_list":["post-25","page","type-page","status-publish"],"_links":{"self":[{"href":"https:\/\/ccoo.app\/ajuntament-santa-perpetua-de-mogoda\/wp-json\/wp\/v2\/pages\/25","targetHints":{"allow":["GET"]}}],"collection":[{"href":"https:\/\/ccoo.app\/ajuntament-santa-perpetua-de-mogoda\/wp-json\/wp\/v2\/pages"}],"about":[{"href":"https:\/\/ccoo.app\/ajuntament-santa-perpetua-de-mogoda\/wp-json\/wp\/v2\/types\/page"}],"author":[{"embeddable":true,"href":"https:\/\/ccoo.app\/ajuntament-santa-perpetua-de-mogoda\/wp-json\/wp\/v2\/users\/6"}],"replies":[{"embeddable":true,"href":"https:\/\/ccoo.app\/ajuntament-santa-perpetua-de-mogoda\/wp-json\/wp\/v2\/comments?post=25"}],"version-history":[{"count":5,"href":"https:\/\/ccoo.app\/ajuntament-santa-perpetua-de-mogoda\/wp-json\/wp\/v2\/pages\/25\/revisions"}],"predecessor-version":[{"id":3341,"href":"https:\/\/ccoo.app\/ajuntament-santa-perpetua-de-mogoda\/wp-json\/wp\/v2\/pages\/25\/revisions\/3341"}],"wp:attachment":[{"href":"https:\/\/ccoo.app\/ajuntament-santa-perpetua-de-mogoda\/wp-json\/wp\/v2\/media?parent=25"}],"curies":[{"name":"wp","href":"https:\/\/api.w.org\/{rel}","templated":true}]}}