{"id":8299,"date":"2026-03-31T08:49:28","date_gmt":"2026-03-31T06:49:28","guid":{"rendered":"https:\/\/ccoo.app\/ajuntament-sant-boi-de-llobregat\/?page_id=8299"},"modified":"2026-03-31T08:57:13","modified_gmt":"2026-03-31T06:57:13","slug":"posat-26032026","status":"publish","type":"page","link":"https:\/\/ccoo.app\/ajuntament-sant-boi-de-llobregat\/posat-26032026\/","title":{"rendered":"Posa&#8217;t al dia en 2 minuts (26-03-2026)"},"content":{"rendered":"\n<p class=\"has-text-color has-link-color wp-elements-aadd6bd6b2c6a36b4e7d9536fa8d4af0\" style=\"color:#000000\"><strong>Data:<\/strong> 26 de mar\u00e7 del 2026<\/p>\n\n\n\n<div class=\"wp-block-columns is-layout-flex wp-container-core-columns-is-layout-9d6595d7 wp-block-columns-is-layout-flex\">\n<div class=\"wp-block-column is-layout-flow wp-block-column-is-layout-flow\">\n<figure class=\"gb-block-image gb-block-image-34ddd7b5\"><a href=\"https:\/\/ccoo.app\/ajuntament-sant-boi-de-llobregat\/wp-content\/blogs.dir\/6\/files\/sites\/246\/2026\/03\/26032026.jpg\"><img loading=\"lazy\" decoding=\"async\" width=\"1265\" height=\"2546\" class=\"gb-image gb-image-34ddd7b5\" src=\"https:\/\/ccoo.app\/ajuntament-sant-boi-de-llobregat\/wp-content\/blogs.dir\/6\/files\/sites\/246\/2026\/03\/26032026.jpg\" alt=\"\" title=\"26032026\" srcset=\"https:\/\/ccoo.app\/ajuntament-sant-boi-de-llobregat\/wp-content\/blogs.dir\/6\/files\/sites\/246\/2026\/03\/26032026.jpg 1265w, https:\/\/ccoo.app\/ajuntament-sant-boi-de-llobregat\/wp-content\/blogs.dir\/6\/files\/sites\/246\/2026\/03\/26032026-149x300.jpg 149w, https:\/\/ccoo.app\/ajuntament-sant-boi-de-llobregat\/wp-content\/blogs.dir\/6\/files\/sites\/246\/2026\/03\/26032026-509x1024.jpg 509w, https:\/\/ccoo.app\/ajuntament-sant-boi-de-llobregat\/wp-content\/blogs.dir\/6\/files\/sites\/246\/2026\/03\/26032026-768x1546.jpg 768w, https:\/\/ccoo.app\/ajuntament-sant-boi-de-llobregat\/wp-content\/blogs.dir\/6\/files\/sites\/246\/2026\/03\/26032026-763x1536.jpg 763w, https:\/\/ccoo.app\/ajuntament-sant-boi-de-llobregat\/wp-content\/blogs.dir\/6\/files\/sites\/246\/2026\/03\/26032026-1018x2048.jpg 1018w\" sizes=\"auto, (max-width: 1265px) 100vw, 1265px\" \/><\/a><\/figure>\n<\/div>\n\n\n\n<div class=\"wp-block-column is-layout-flow wp-block-column-is-layout-flow\">\n<h3 class=\"wp-block-heading has-text-color has-link-color wp-elements-2e1d416ee4d29b0e4a0f5a05666187aa\" style=\"color:#000000\"><strong>Ja hi ha data d\u2019examen d\u2019Administratius\/ves (i m\u00e9s moviments en marxa\u2026)<\/strong><\/h3>\n\n\n\n<p class=\"has-text-color has-link-color wp-elements-a85c520e9ae117f42ac2cf667ed92f19\" style=\"color:#000000\">Hi ha novetats importants\u00a0<strong>en diversos processos selectius de l\u2019Ajuntament\u2026\u00a0<\/strong>per\u00f2 potser no totes arriben a tothom. Algunes ja estan publicades fa dies, d\u2019altres acaben de sortir, i fins i tot d&#8217;altres que avancen sense fer gaire soroll. Si est\u00e0s pendent d\u2019algun proc\u00e9s (o simplement vols estar al dia) et recomanem fer-hi un cop d\u2019ull, perqu\u00e8 hi ha informaci\u00f3 clau que et pot afectar directament.<\/p>\n\n\n\n<div class=\"wp-block-buttons is-layout-flex wp-block-buttons-is-layout-flex\">\n<div class=\"wp-block-button\"><a class=\"wp-block-button__link wp-element-button\" href=\"https:\/\/ccoo.app\/ajuntament-sant-boi-de-llobregat\/data-examen-administratiu\/\">Llegir aquesta noticia<\/a><\/div>\n<\/div>\n\n\n\n<hr class=\"wp-block-separator has-alpha-channel-opacity\" \/>\n\n\n\n<h3 class=\"wp-block-heading has-text-color has-link-color wp-elements-0698086a781ccdd8e9e5565d4648b31d\" style=\"color:#000000\"><strong>S\u2019obre el proc\u00e9s d\u2019avaluaci\u00f3 psicosocial: participar no \u00e9s opcional si volem millores reals<\/strong><\/h3>\n\n\n\n<p class=\"has-text-color has-link-color wp-elements-b1d7b2e6d26808a4d704ad2d725bbbbc\" style=\"color:#000000\">S\u2019ha obert un proc\u00e9s que pot semblar un tr\u00e0mit m\u00e9s\u2026 per\u00f2 no ho \u00e9s. Darrere d\u2019aquesta avaluaci\u00f3 de riscos psicosocials hi ha una oportunitat real\u00a0<strong>de posar sobre la taula com treballem, qu\u00e8 ens afecta i qu\u00e8 creiem que s\u2019ha de millorar al nostre lloc de treball.<\/strong>\u00a0Ara b\u00e9, nom\u00e9s servir\u00e0 si hi participem de veritat. Si vols entendre b\u00e9 en qu\u00e8 consisteix tot aquest proc\u00e9s i quines garanties t\u00e9,\u00a0<strong>t\u2019animem a assistir a alguna de les sessions informatives,<\/strong>\u00a0ja sigui en format presencial o telem\u00e0tic, i poder resoldre qualsevol dubte.\u00a0<\/p>\n\n\n\n<div class=\"wp-block-buttons is-layout-flex wp-block-buttons-is-layout-flex\">\n<div class=\"wp-block-button\"><a class=\"wp-block-button__link wp-element-button\" href=\"https:\/\/ccoo.app\/ajuntament-sant-boi-de-llobregat\/sessions-informatives-avaluacio-psicosocial\/\">Llegir aquesta noticia<\/a><\/div>\n<\/div>\n\n\n\n<hr class=\"wp-block-separator has-alpha-channel-opacity\" \/>\n\n\n\n<h3 class=\"wp-block-heading has-text-color has-link-color wp-elements-dbf8bf6faee3ac657ef1c107229e2219\" style=\"color:#000000\"><strong>Els sous pugen\u2026 per\u00f2 no per a tothom de la mateixa manera: la bretxa salarial entre nivells continua creixent\u00a0<\/strong><\/h3>\n\n\n\n<p class=\"has-text-color has-link-color wp-elements-565c515aa3c174b87ca7bb127b980bde\" style=\"color:#000000\">Ens diuen que la pujada \u00e9s igual per a tothom. Per\u00f2\u2026 ho \u00e9s realment? Quan posem els n\u00fameros sobre la taula, la realitat \u00e9s molt diferent del que sembla a simple vista.\u00a0<strong>Hi ha nivells on l\u2019increment gaireb\u00e9 passa desapercebut, mentre que en altres l\u2019impacte \u00e9s molt m\u00e9s notable.<\/strong>\u00a0I aix\u00f2 t\u00e9 conseq\u00fc\u00e8ncies directes en com evoluciona la nostra corva salarial dins de l\u2019Ajuntament. Cal mirar m\u00e9s enll\u00e0 i entendre qu\u00e8 est\u00e0 passant realment amb els nostres salaris, amb una visi\u00f3 global.<\/p>\n\n\n\n<div class=\"wp-block-buttons is-layout-flex wp-block-buttons-is-layout-flex\">\n<div class=\"wp-block-button\"><a class=\"wp-block-button__link wp-element-button\" href=\"https:\/\/ccoo.app\/ajuntament-sant-boi-de-llobregat\/bretxa-salarial-sous\/\">Llegir aquesta noticia<\/a><\/div>\n<\/div>\n\n\n\n<hr class=\"wp-block-separator has-alpha-channel-opacity\" \/>\n\n\n\n<h3 class=\"wp-block-heading has-text-color has-link-color wp-elements-d05ee391aafb0b7319acd21ec764fadc\" style=\"color:#000000\"><strong>La tecnologia no \u00e9s neutra. Hi ha un impacte real en salaris i condicions<\/strong><\/h3>\n\n\n\n<p class=\"has-text-color has-link-color wp-elements-699ef2ae96bf8b9d9492e8edc19ab2fa\" style=\"color:#000000\">Cada vegada treballem m\u00e9s amb eines digitals, aplicacions, automatitzacions\u2026 i, sense adonar-nos, la manera de fer la nostra feina est\u00e0 canviant. Processos que abans requerien temps ara s\u00f3n immediats, apareixen noves tasques vinculades a aquestes eines i, en paral\u00b7lel, tamb\u00e9 canvien les responsabilitats i les exig\u00e8ncies dels llocs de treball.\u00a0<strong>Per\u00f2,<\/strong>\u00a0<strong>aquests canvis estan impactant igual a tothom?<\/strong>\u00a0La realitat \u00e9s que no sempre \u00e9s aix\u00ed, i aix\u00f2 ens afecta m\u00e9s del que pot semblar, tamb\u00e9 dins del nostre propi entorn laboral. T&#8217;ho expliquem.<\/p>\n\n\n\n<div class=\"wp-block-buttons is-layout-flex wp-block-buttons-is-layout-flex\">\n<div class=\"wp-block-button\"><a class=\"wp-block-button__link wp-element-button\" href=\"https:\/\/ccoo.app\/ajuntament-sant-boi-de-llobregat\/quan-tecnologia-no-es-neutra\/\">Llegir aquesta noticia<\/a><\/div>\n<\/div>\n\n\n\n<hr class=\"wp-block-separator has-alpha-channel-opacity\" \/>\n\n\n\n<p class=\"has-text-color has-link-color wp-elements-3abfe1ece0ff83616991c8059d250295\" style=\"color:#000000\"><strong>\u00abAMB LES COSES DE MENJAR, NO S\u2019HI JUGA\u00bb<\/strong><\/p>\n\n\n\n<p class=\"has-text-color has-link-color wp-elements-941c899b691ba701c0698c88c328a60f\" style=\"color:#000000\">\ud83d\udcaa <strong>La for\u00e7a del sindicat sou vosaltres!<\/strong><\/p>\n\n\n\n<p class=\"has-text-color has-link-color wp-elements-ae7bf9b56ad3b0bed176b42c093f3694\" style=\"color:#000000\">CCOO \u2013 Ajuntament de Sant Boi de Llobregat<\/p>\n<\/div>\n<\/div>\n\n\n\n<p><\/p>\n","protected":false},"excerpt":{"rendered":"<p>Data: 26 de mar\u00e7 del 2026 Ja hi ha data d\u2019examen d\u2019Administratius\/ves (i m\u00e9s moviments en marxa\u2026) Hi ha novetats importants\u00a0en diversos processos selectius de l\u2019Ajuntament\u2026\u00a0per\u00f2 potser no totes arriben &#8230; <a title=\"Posa&#8217;t al dia en 2 minuts (26-03-2026)\" class=\"read-more\" href=\"https:\/\/ccoo.app\/ajuntament-sant-boi-de-llobregat\/posat-26032026\/\" aria-label=\"Leer m\u00e1s sobre Posa&#8217;t al dia en 2 minuts (26-03-2026)\">Leer m\u00e1s<\/a><\/p>\n","protected":false},"author":97111,"featured_media":0,"parent":0,"menu_order":0,"comment_status":"closed","ping_status":"closed","template":"","meta":{"footnotes":""},"class_list":["post-8299","page","type-page","status-publish"],"_links":{"self":[{"href":"https:\/\/ccoo.app\/ajuntament-sant-boi-de-llobregat\/wp-json\/wp\/v2\/pages\/8299","targetHints":{"allow":["GET"]}}],"collection":[{"href":"https:\/\/ccoo.app\/ajuntament-sant-boi-de-llobregat\/wp-json\/wp\/v2\/pages"}],"about":[{"href":"https:\/\/ccoo.app\/ajuntament-sant-boi-de-llobregat\/wp-json\/wp\/v2\/types\/page"}],"author":[{"embeddable":true,"href":"https:\/\/ccoo.app\/ajuntament-sant-boi-de-llobregat\/wp-json\/wp\/v2\/users\/97111"}],"replies":[{"embeddable":true,"href":"https:\/\/ccoo.app\/ajuntament-sant-boi-de-llobregat\/wp-json\/wp\/v2\/comments?post=8299"}],"version-history":[{"count":3,"href":"https:\/\/ccoo.app\/ajuntament-sant-boi-de-llobregat\/wp-json\/wp\/v2\/pages\/8299\/revisions"}],"predecessor-version":[{"id":8304,"href":"https:\/\/ccoo.app\/ajuntament-sant-boi-de-llobregat\/wp-json\/wp\/v2\/pages\/8299\/revisions\/8304"}],"wp:attachment":[{"href":"https:\/\/ccoo.app\/ajuntament-sant-boi-de-llobregat\/wp-json\/wp\/v2\/media?parent=8299"}],"curies":[{"name":"wp","href":"https:\/\/api.w.org\/{rel}","templated":true}]}}